{"id":8637,"date":"2016-02-29T02:22:45","date_gmt":"2016-02-29T02:22:45","guid":{"rendered":"https:\/\/www.transcultures.com\/fr\/?page_id=8637"},"modified":"2016-02-29T02:23:50","modified_gmt":"2016-02-29T02:23:50","slug":"traduction-technique-specialisee","status":"publish","type":"page","link":"https:\/\/www.transcultures.com\/fr\/traduction-technique-specialisee\/","title":{"rendered":"Traduction Technique Sp\u00e9cialis\u00e9e"},"content":{"rendered":"<p>[holo_full_width_section background_color=&#8221;#ffffff&#8221;]<\/p>\n<h2>\u00a0Traduction Technique Sp\u00e9cialis\u00e9e<\/h2>\n<p style=\"text-align: justify;\">TransCultures fournit des services de traduction technique sp\u00e9cialis\u00e9e pour les clients globaux.\u00a0 Nos traducteurs techniques traduisent certains des documents les plus importants du monde: Manuels techniques, rapports, brevets, contrats&#8230; TransCultures fournit un \u00e9ventail de services linguistiques pour aider nos clients exceller au niveau mondial dans les domaines suivants:<\/p>\n<p>[holo_columns_wrapper]<br \/>\n[holo_one_sixth_column][holo_list size=&#8221;small&#8221;]<br \/>\n[holo_list_item icon=&#8221;&#8221;]Agriculture[\/holo_list_item]<br \/>\n[holo_list_item icon=&#8221;&#8221;]Appels d&#8217;offres[\/holo_list_item]<br \/>\n[holo_list_item icon=&#8221;&#8221;]Architecture[\/holo_list_item]<br \/>\n[holo_list_item icon=&#8221;&#8221;]Arts[\/holo_list_item]<br \/>\n[holo_list_item icon=&#8221;&#8221;]Assurance[\/holo_list_item]<br \/>\n[holo_list_item icon=&#8221;&#8221;]Astronomie[\/holo_list_item]<br \/>\n[holo_list_item icon=&#8221;&#8221;]Audit[\/holo_list_item]<br \/>\n[holo_list_item icon=&#8221;&#8221;]Aviation[\/holo_list_item]<br \/>\n[holo_list_item icon=&#8221;&#8221;]Biologie[\/holo_list_item]<br \/>\n[holo_list_item icon=&#8221;&#8221;]Botanique[\/holo_list_item]<br \/>\n[holo_list_item icon=&#8221;&#8221;]Communications[\/holo_list_item]<br \/>\n[holo_list_item icon=&#8221;&#8221;]Commerce[\/holo_list_item]<\/p>\n<p>[\/holo_list]<\/p>\n<p>[\/holo_one_sixth_column]<\/p>\n<p>[holo_one_sixth_column][holo_list size=&#8221;small&#8221;]<\/p>\n<p>[holo_list_item icon=&#8221;&#8221;]Comptabilit\u00e9[\/holo_list_item]<br \/>\n[holo_list_item icon=&#8221;&#8221;]Contrats[\/holo_list_item]<br \/>\n[holo_list_item icon=&#8221;&#8221;]Copyright[\/holo_list_item]<br \/>\n[holo_list_item icon=&#8221;&#8221;]Cosm\u00e9tiques[\/holo_list_item]<br \/>\n[holo_list_item icon=&#8221;&#8221;]Criminologie[\/holo_list_item]<br \/>\n[holo_list_item icon=&#8221;&#8221;]D\u00e9fense[\/holo_list_item]<br \/>\n[holo_list_item icon=&#8221;&#8221;]D\u00e9mographie[\/holo_list_item]<br \/>\n[holo_list_item icon=&#8221;&#8221;]D\u00e9veloppement International[\/holo_list_item]<br \/>\n[holo_list_item icon=&#8221;&#8221;]Droit[\/holo_list_item]<br \/>\n[holo_list_item icon=&#8221;&#8221;]Droit International[\/holo_list_item]<br \/>\n[holo_list_item icon=&#8221;&#8221;]\u00c9cologie[\/holo_list_item]<\/p>\n<p>[\/holo_list][\/holo_one_sixth_column]<\/p>\n<p>[holo_one_sixth_column][holo_list size=&#8221;small&#8221;]<br \/>\n[holo_list_item icon=&#8221;&#8221;]\u00c9conomie[\/holo_list_item]<br \/>\n[holo_list_item icon=&#8221;&#8221;]\u00c9dition[\/holo_list_item]<br \/>\n[holo_list_item icon=&#8221;&#8221;]\u00c9ducation[\/holo_list_item]<br \/>\n[holo_list_item icon=&#8221;&#8221;]\u00c9lections[\/holo_list_item]<br \/>\n[holo_list_item icon=&#8221;&#8221;]\u00c9nergie[\/holo_list_item]<br \/>\n[holo_list_item icon=&#8221;&#8221;]Entreprise[\/holo_list_item]<br \/>\n[holo_list_item icon=&#8221;&#8221;]\u00c9tude de march\u00e9[\/holo_list_item]<br \/>\n[holo_list_item icon=&#8221;&#8221;]Exploitation mini\u00e8re[\/holo_list_item]<br \/>\n[holo_list_item icon=&#8221;&#8221;]Film [\/holo_list_item]<br \/>\n[holo_list_item icon=&#8221;&#8221;]Finances[\/holo_list_item]<br \/>\n[holo_list_item icon=&#8221;&#8221;]Fusions &amp; Acquisitions[\/holo_list_item]<br \/>\n[holo_list_item icon=&#8221;&#8221;]Gestion[\/holo_list_item]<\/p>\n<p>[\/holo_list][\/holo_one_sixth_column]<\/p>\n<p>[holo_one_sixth_column][holo_list size=&#8221;small&#8221;]<br \/>\n[holo_list_item icon=&#8221;&#8221;]Gestion des d\u00e9chets[\/holo_list_item]<br \/>\n[holo_list_item icon=&#8221;&#8221;]Hospitalit\u00e9[\/holo_list_item]<br \/>\n[holo_list_item icon=&#8221;&#8221;]Immigration[\/holo_list_item]<br \/>\n[holo_list_item icon=&#8221;&#8221;]Informations[\/holo_list_item]<br \/>\n[holo_list_item icon=&#8221;&#8221;]Ing\u00e9nierie[\/holo_list_item]<br \/>\n[holo_list_item icon=&#8221;&#8221;]Litt\u00e9rature[\/holo_list_item]<br \/>\n[holo_list_item icon=&#8221;&#8221;]Marketing[\/holo_list_item]<br \/>\n[holo_list_item icon=&#8221;&#8221;]Marques d\u00e9pos\u00e9es[\/holo_list_item]<br \/>\n[holo_list_item icon=&#8221;&#8221;]Media[\/holo_list_item]<br \/>\n[holo_list_item icon=&#8221;&#8221;]P\u00e9trole et gaz[\/holo_list_item]<br \/>\n[holo_list_item icon=&#8221;&#8221;]Planification urbaine[\/holo_list_item]<br \/>\n[\/holo_list][\/holo_one_sixth_column]<\/p>\n<p>[holo_one_sixth_column][holo_list size=&#8221;small&#8221;]<br \/>\n[holo_list_item icon=&#8221;&#8221;]Produits pharmaceutiques[\/holo_list_item]<br \/>\n[holo_list_item icon=&#8221;&#8221;]Publicit\u00e9[\/holo_list_item]<br \/>\n[holo_list_item icon=&#8221;&#8221;]Relations publiques[\/holo_list_item]<br \/>\n[holo_list_item icon=&#8221;&#8221;]Science de l&#8217;alimentation[\/holo_list_item]<br \/>\n[holo_list_item icon=&#8221;&#8221;]Sciences V\u00e9t\u00e9rinaires[\/holo_list_item]<br \/>\n[holo_list_item icon=&#8221;&#8221;]Services bancaires[\/holo_list_item]<br \/>\n[holo_list_item icon=&#8221;&#8221;]Soins de sant\u00e9[\/holo_list_item]<br \/>\n[holo_list_item icon=&#8221;&#8221;]Sp\u00e9cialit\u00e9s culinaires[\/holo_list_item]<br \/>\n[holo_list_item icon=&#8221;&#8221;]Sports[\/holo_list_item]<br \/>\n[holo_list_item icon=&#8221;&#8221;]Technique[\/holo_list_item]<br \/>\n[holo_list_item icon=&#8221;&#8221;]Technologie[\/holo_list_item]<br \/>\n[holo_list_item icon=&#8221;&#8221;]Tourisme[holo_list_item]<\/p>\n<p>[\/holo_list][\/holo_one_sixth_column]<\/p>\n<p>[holo_one_sixth_column]<\/p>\n<p><a class=\"translation_btn\" style=\"color: #fff;\" title=\"Traduction\" href=\"https:\/\/www.transcultures.com\/fr\/traduction-interpretation\/traduction\/ \">TRADUCTION<\/a><\/p>\n<p><a class=\"certfiedt_btn\" style=\"color: #fff;\" title=\"TRADUCTION CERTIFIEE\" href=\"https:\/\/www.transcultures.com\/fr\/traduction-interpretation\/traduction-certifiee\/\">TRADUCTION CERTIFIEE<\/a><\/p>\n<p><a class=\"translation_btn\" style=\"color: #fff;\" title=\"Localisation\" href=\"https:\/\/www.transcultures.com\/fr\/traduction-interpretation\/localisation\/ \">LOCALISATION<\/a><\/p>\n<p><a class=\"interpretation_btn\" style=\"color: #fff;\" title=\"L\u2019interpr\u00e9tariat\" href=\" https:\/\/www.transcultures.com\/fr\/traduction-interpretation\/linterpretariat\/\">L&#8217;INTERPR\u00c8TARIAT<\/a><\/p>\n<p><a class=\"mulimedia_btn\" style=\"color: #fff;\" title=\"TRADUCTION MULTIMEDIA\" href=\"https:\/\/www.transcultures.com\/fr\/traduction-interpretation\/traduction-multimedia\/\">TRADUCTION MULTIMEDIA<\/a><\/p>\n<p><a class=\"transcription_btn\" style=\"color: #fff;\" title=\"Transcription\" href=\"https:\/\/www.transcultures.com\/fr\/traduction-interpretation\/transcription\/\">TRANSCRIPTION<\/a><br \/>\n[\/holo_one_sixth_column]<br \/>\n[\/holo_columns_wrapper]<\/p>\n<h3><em>To get a quote please contact our translation division:<\/em><\/h3>\n<p><a href=\"mailto:translation@transcultures.com\">Translation@TransCultures.com<\/a><\/p>\n<p>[\/holo_full_width_section]<\/p>\n","protected":false},"excerpt":{"rendered":"<p>[holo_full_width_section background_color=&#8221;#ffffff&#8221;] \u00a0Traduction Technique Sp\u00e9cialis\u00e9e TransCultures fournit des services de traduction technique sp\u00e9cialis\u00e9e pour les clients globaux.\u00a0 Nos traducteurs techniques traduisent certains des documents les plus importants du monde: Manuels techniques, rapports, brevets, contrats&#8230; TransCultures fournit un \u00e9ventail de services linguistiques pour aider nos clients exceller au niveau mondial dans les domaines suivants: [holo_columns_wrapper] [holo_one_sixth_column][holo_list &hellip;<\/p>\n<p class=\"read-more\"> <a class=\"\" href=\"https:\/\/www.transcultures.com\/fr\/traduction-technique-specialisee\/\"> <span class=\"screen-reader-text\">Traduction Technique Sp\u00e9cialis\u00e9e<\/span> Read More \u00bb<\/a><\/p>\n","protected":false},"author":1,"featured_media":0,"parent":0,"menu_order":0,"comment_status":"closed","ping_status":"open","template":"","meta":{"site-sidebar-layout":"default","site-content-layout":"default","ast-global-header-display":"","ast-main-header-display":"","ast-hfb-above-header-display":"","ast-hfb-below-header-display":"","ast-hfb-mobile-header-display":"","site-post-title":"","ast-breadcrumbs-content":"","ast-featured-img":"","footer-sml-layout":"","theme-transparent-header-meta":"default","adv-header-id-meta":"","stick-header-meta":"","header-above-stick-meta":"","header-main-stick-meta":"","header-below-stick-meta":""},"categories":[],"tags":[],"yoast_head":"<!-- This site is optimized with the Yoast SEO plugin v20.2.1 - https:\/\/yoast.com\/wordpress\/plugins\/seo\/ -->\n<title>Traduction Technique Sp\u00e9cialis\u00e9e &bull; TransCultures<\/title>\n<meta name=\"robots\" content=\"index, follow, max-snippet:-1, max-image-preview:large, max-video-preview:-1\" \/>\n<link rel=\"canonical\" href=\"https:\/\/www.transcultures.com\/fr\/traduction-technique-specialisee\/\" \/>\n<meta property=\"og:locale\" content=\"fr_FR\" \/>\n<meta property=\"og:type\" content=\"article\" \/>\n<meta property=\"og:title\" content=\"Traduction Technique Sp\u00e9cialis\u00e9e &bull; TransCultures\" \/>\n<meta property=\"og:description\" content=\"[holo_full_width_section background_color=&#8221;#ffffff&#8221;] \u00a0Traduction Technique Sp\u00e9cialis\u00e9e TransCultures fournit des services de traduction technique sp\u00e9cialis\u00e9e pour les clients globaux.\u00a0 Nos traducteurs techniques traduisent certains des documents les plus importants du monde: Manuels techniques, rapports, brevets, contrats&#8230; TransCultures fournit un \u00e9ventail de services linguistiques pour aider nos clients exceller au niveau mondial dans les domaines suivants: [holo_columns_wrapper] [holo_one_sixth_column][holo_list &hellip; Traduction Technique Sp\u00e9cialis\u00e9e Read More \u00bb\" \/>\n<meta property=\"og:url\" content=\"https:\/\/www.transcultures.com\/fr\/traduction-technique-specialisee\/\" \/>\n<meta property=\"og:site_name\" content=\"TransCultures\" \/>\n<meta property=\"article:publisher\" content=\"http:\/\/www.facebook.com\/TransCulturesLLC\" \/>\n<meta property=\"article:modified_time\" content=\"2016-02-29T02:23:50+00:00\" \/>\n<meta name=\"twitter:label1\" content=\"Est. reading time\" \/>\n\t<meta name=\"twitter:data1\" content=\"3 minutes\" \/>\n<script type=\"application\/ld+json\" class=\"yoast-schema-graph\">{\"@context\":\"https:\/\/schema.org\",\"@graph\":[{\"@type\":\"WebPage\",\"@id\":\"https:\/\/www.transcultures.com\/fr\/traduction-technique-specialisee\/\",\"url\":\"https:\/\/www.transcultures.com\/fr\/traduction-technique-specialisee\/\",\"name\":\"Traduction Technique Sp\u00e9cialis\u00e9e &bull; TransCultures\",\"isPartOf\":{\"@id\":\"https:\/\/www.transcultures.com\/fr\/#website\"},\"datePublished\":\"2016-02-29T02:22:45+00:00\",\"dateModified\":\"2016-02-29T02:23:50+00:00\",\"breadcrumb\":{\"@id\":\"https:\/\/www.transcultures.com\/fr\/traduction-technique-specialisee\/#breadcrumb\"},\"inLanguage\":\"FR-FR\",\"potentialAction\":[{\"@type\":\"ReadAction\",\"target\":[\"https:\/\/www.transcultures.com\/fr\/traduction-technique-specialisee\/\"]}]},{\"@type\":\"BreadcrumbList\",\"@id\":\"https:\/\/www.transcultures.com\/fr\/traduction-technique-specialisee\/#breadcrumb\",\"itemListElement\":[{\"@type\":\"ListItem\",\"position\":1,\"name\":\"Home\",\"item\":\"https:\/\/www.transcultures.com\/fr\/\"},{\"@type\":\"ListItem\",\"position\":2,\"name\":\"Traduction Technique Sp\u00e9cialis\u00e9e\"}]},{\"@type\":\"WebSite\",\"@id\":\"https:\/\/www.transcultures.com\/fr\/#website\",\"url\":\"https:\/\/www.transcultures.com\/fr\/\",\"name\":\"TransCultures\",\"description\":\"Translation Interpretation Formation Consulting Languages\",\"publisher\":{\"@id\":\"https:\/\/www.transcultures.com\/fr\/#organization\"},\"potentialAction\":[{\"@type\":\"SearchAction\",\"target\":{\"@type\":\"EntryPoint\",\"urlTemplate\":\"https:\/\/www.transcultures.com\/fr\/?s={search_term_string}\"},\"query-input\":\"required name=search_term_string\"}],\"inLanguage\":\"FR-FR\"},{\"@type\":\"Organization\",\"@id\":\"https:\/\/www.transcultures.com\/fr\/#organization\",\"name\":\"TransCultures\",\"url\":\"https:\/\/www.transcultures.com\/fr\/\",\"logo\":{\"@type\":\"ImageObject\",\"inLanguage\":\"FR-FR\",\"@id\":\"https:\/\/www.transcultures.com\/fr\/#\/schema\/logo\/image\/\",\"url\":\"https:\/\/www.transcultures.com\/wp-content\/uploads\/2015\/01\/TransCultures_Logo2.png\",\"contentUrl\":\"https:\/\/www.transcultures.com\/wp-content\/uploads\/2015\/01\/TransCultures_Logo2.png\",\"width\":347,\"height\":100,\"caption\":\"TransCultures\"},\"image\":{\"@id\":\"https:\/\/www.transcultures.com\/fr\/#\/schema\/logo\/image\/\"},\"sameAs\":[\"http:\/\/www.facebook.com\/TransCulturesLLC\",\"https:\/\/twitter.com\/TransCultures\"]}]}<\/script>\n<!-- \/ Yoast SEO plugin. -->","yoast_head_json":{"title":"Traduction Technique Sp\u00e9cialis\u00e9e &bull; TransCultures","robots":{"index":"index","follow":"follow","max-snippet":"max-snippet:-1","max-image-preview":"max-image-preview:large","max-video-preview":"max-video-preview:-1"},"canonical":"https:\/\/www.transcultures.com\/fr\/traduction-technique-specialisee\/","og_locale":"fr_FR","og_type":"article","og_title":"Traduction Technique Sp\u00e9cialis\u00e9e &bull; TransCultures","og_description":"[holo_full_width_section background_color=&#8221;#ffffff&#8221;] \u00a0Traduction Technique Sp\u00e9cialis\u00e9e TransCultures fournit des services de traduction technique sp\u00e9cialis\u00e9e pour les clients globaux.\u00a0 Nos traducteurs techniques traduisent certains des documents les plus importants du monde: Manuels techniques, rapports, brevets, contrats&#8230; TransCultures fournit un \u00e9ventail de services linguistiques pour aider nos clients exceller au niveau mondial dans les domaines suivants: [holo_columns_wrapper] [holo_one_sixth_column][holo_list &hellip; Traduction Technique Sp\u00e9cialis\u00e9e Read More \u00bb","og_url":"https:\/\/www.transcultures.com\/fr\/traduction-technique-specialisee\/","og_site_name":"TransCultures","article_publisher":"http:\/\/www.facebook.com\/TransCulturesLLC","article_modified_time":"2016-02-29T02:23:50+00:00","twitter_misc":{"Est. reading time":"3 minutes"},"schema":{"@context":"https:\/\/schema.org","@graph":[{"@type":"WebPage","@id":"https:\/\/www.transcultures.com\/fr\/traduction-technique-specialisee\/","url":"https:\/\/www.transcultures.com\/fr\/traduction-technique-specialisee\/","name":"Traduction Technique Sp\u00e9cialis\u00e9e &bull; TransCultures","isPartOf":{"@id":"https:\/\/www.transcultures.com\/fr\/#website"},"datePublished":"2016-02-29T02:22:45+00:00","dateModified":"2016-02-29T02:23:50+00:00","breadcrumb":{"@id":"https:\/\/www.transcultures.com\/fr\/traduction-technique-specialisee\/#breadcrumb"},"inLanguage":"FR-FR","potentialAction":[{"@type":"ReadAction","target":["https:\/\/www.transcultures.com\/fr\/traduction-technique-specialisee\/"]}]},{"@type":"BreadcrumbList","@id":"https:\/\/www.transcultures.com\/fr\/traduction-technique-specialisee\/#breadcrumb","itemListElement":[{"@type":"ListItem","position":1,"name":"Home","item":"https:\/\/www.transcultures.com\/fr\/"},{"@type":"ListItem","position":2,"name":"Traduction Technique Sp\u00e9cialis\u00e9e"}]},{"@type":"WebSite","@id":"https:\/\/www.transcultures.com\/fr\/#website","url":"https:\/\/www.transcultures.com\/fr\/","name":"TransCultures","description":"Translation Interpretation Formation Consulting Languages","publisher":{"@id":"https:\/\/www.transcultures.com\/fr\/#organization"},"potentialAction":[{"@type":"SearchAction","target":{"@type":"EntryPoint","urlTemplate":"https:\/\/www.transcultures.com\/fr\/?s={search_term_string}"},"query-input":"required name=search_term_string"}],"inLanguage":"FR-FR"},{"@type":"Organization","@id":"https:\/\/www.transcultures.com\/fr\/#organization","name":"TransCultures","url":"https:\/\/www.transcultures.com\/fr\/","logo":{"@type":"ImageObject","inLanguage":"FR-FR","@id":"https:\/\/www.transcultures.com\/fr\/#\/schema\/logo\/image\/","url":"https:\/\/www.transcultures.com\/wp-content\/uploads\/2015\/01\/TransCultures_Logo2.png","contentUrl":"https:\/\/www.transcultures.com\/wp-content\/uploads\/2015\/01\/TransCultures_Logo2.png","width":347,"height":100,"caption":"TransCultures"},"image":{"@id":"https:\/\/www.transcultures.com\/fr\/#\/schema\/logo\/image\/"},"sameAs":["http:\/\/www.facebook.com\/TransCulturesLLC","https:\/\/twitter.com\/TransCultures"]}]}},"_links":{"self":[{"href":"https:\/\/www.transcultures.com\/fr\/wp-json\/wp\/v2\/pages\/8637"}],"collection":[{"href":"https:\/\/www.transcultures.com\/fr\/wp-json\/wp\/v2\/pages"}],"about":[{"href":"https:\/\/www.transcultures.com\/fr\/wp-json\/wp\/v2\/types\/page"}],"author":[{"embeddable":true,"href":"https:\/\/www.transcultures.com\/fr\/wp-json\/wp\/v2\/users\/1"}],"replies":[{"embeddable":true,"href":"https:\/\/www.transcultures.com\/fr\/wp-json\/wp\/v2\/comments?post=8637"}],"version-history":[{"count":0,"href":"https:\/\/www.transcultures.com\/fr\/wp-json\/wp\/v2\/pages\/8637\/revisions"}],"wp:attachment":[{"href":"https:\/\/www.transcultures.com\/fr\/wp-json\/wp\/v2\/media?parent=8637"}],"wp:term":[{"taxonomy":"category","embeddable":true,"href":"https:\/\/www.transcultures.com\/fr\/wp-json\/wp\/v2\/categories?post=8637"},{"taxonomy":"post_tag","embeddable":true,"href":"https:\/\/www.transcultures.com\/fr\/wp-json\/wp\/v2\/tags?post=8637"}],"curies":[{"name":"wp","href":"https:\/\/api.w.org\/{rel}","templated":true}]}}