{"id":5754,"date":"2014-04-22T18:32:05","date_gmt":"2014-04-22T18:32:05","guid":{"rendered":"https:\/\/www.transcultures.com\/?page_id=5754"},"modified":"2014-04-22T18:32:05","modified_gmt":"2014-04-22T18:32:05","slug":"conditions-dutilisation","status":"publish","type":"page","link":"https:\/\/www.transcultures.com\/fr\/conditions-dutilisation\/","title":{"rendered":"Conditions d&#8217;utilisation"},"content":{"rendered":"<p>[holo_full_width_section background_color=&#8221;#ffffff&#8221;]<br \/>\nS&#8217;il vous pla\u00eet lire les termes et conditions suivantes attentivement . Les visiteurs de ce site et de son<br \/>\nlogiciel connexe sont tenus d&#8217;accepter ces termes et conditions . TransCultrures LLC se r\u00e9serve le droit<br \/>\nde changer ou modifier ce site ou de tout contenu sur ce sujet \u00e0 sa propre discr\u00e9tion, sans pr\u00e9avis et \u00e0<br \/>\ntout moment.<\/p>\n<h4>Utilisation du contenu<\/h4>\n<p>Le site web TransCultrures LLC et toutes les ressources sur le Web et les sites appartenant \u00e0<br \/>\nTransCultrures LLC visent informatifs et personnels ( non &#8211; commercial) seulement.<\/p>\n<p>\u00ab Contenu\u00bb, pour les fins des pr\u00e9sentes Conditions g\u00e9n\u00e9rales, comprend mais ne se limite pas \u00e0 toutes<br \/>\nles photos , images , graphiques, graphiques , illustrations , textes, audio , vid\u00e9o , des articles , et<br \/>\nt\u00e9l\u00e9chargeables fichiers . Tout le contenu sur ce site est la propri\u00e9t\u00e9 et \/ ou contr\u00f4l\u00e9 par TransCultrures<br \/>\nLLC ou de toute autre partie au cr\u00e9dit \u00e0 la propri\u00e9t\u00e9 ou que le fournisseur dudit contenu ou d&#8217;autres<br \/>\nmat\u00e9riaux . Tout le contenu sur TransCultrures LLC.com est prot\u00e9g\u00e9 par le droit d&#8217;auteur en tant<br \/>\nqu&#8217;\u0153uvre collective conform\u00e9ment aux lois am\u00e9ricaines , les conventions internationales et autres lois<br \/>\ndu copyright.<\/p>\n<p>Petites s\u00e9lections de contenu peuvent \u00eatre t\u00e9l\u00e9charg\u00e9s ou enregistr\u00e9s , y compris tout contenu que le<br \/>\nsite offre implicitement et annonce est disponible pour le t\u00e9l\u00e9chargement , pour un usage personnel<br \/>\nseulement. Vous n&#8217;\u00eates pas autoris\u00e9 \u00e0 enregistrer ou stocker des parties importantes ou grandes du<br \/>\ncontenu de ce site sans l&#8217;autorisation \u00e9crite expresse de TransCultrures LLC , ou pour tout usage autre<br \/>\nque personnel et non commercial .<\/p>\n<p>Vous ne pouvez pas modifier, distribuer , transmettre, publier , copier, reproduire, afficher, licence ,<br \/>\ncr\u00e9er des \u0153uvres d\u00e9riv\u00e9es , transf\u00e9rer, diffuser dans les m\u00e9dias , ou exploiter de quelque fa\u00e7on tout le<br \/>\ncontenu , le mat\u00e9riel ou le logiciel , en tout ou en partie .<\/p>\n<h4>D\u00e9ni de responsabilit\u00e9 et la responsabilit\u00e9<\/h4>\n<p>En utilisant ce site , vous vous engagez \u00e0 utiliser le site et tous les services et les logiciels contenus dans le \u00e0 vos propres risques . Ni TransCultrures LLC ni aucune autre partie impliqu\u00e9e dans la production , la cr\u00e9ation ou la livraison du site Web seront responsables de tout dommage direct , sp\u00e9cial , indirect,<br \/>\naccessoire ou punitif ou dommages r\u00e9sultant de l&#8217;utilisation de ce site ou les services ou logiciels<br \/>\nconnect\u00e9s pour elle , ou tout autre site externe ou d&#8217;un service li\u00e9 \u00e0 ce site . Cela inclut, mais n&#8217;est pas limit\u00e9 \u00e0 la perte ou l&#8217;endommagement des donn\u00e9es , de profits, d&#8217;utilisation, ou de marchandises .<br \/>\nTransCultrures LLC ne garantit pas que le fonctionnement du site sera sans erreur , sans interruption ,<br \/>\nou que le site ou le serveur qui l&#8217;h\u00e9berge sont exempts de virus ou d&#8217;autres \u00e9l\u00e9ments nuisibles \u00e0 tout<br \/>\nmoment .<br \/>\nToutes les informations et le contenu de TransCultrures LLC ou d&#8217;un tiers sont fournis sur ce site sur un \u00ab<br \/>\ntel quel\u00bb . Nous ne faisons aucune repr\u00e9sentation ou garantie d&#8217;aucune sorte , expresse ou implicite,<br \/>\nquant \u00e0 la disponibilit\u00e9, la fiabilit\u00e9 , l&#8217;exhaustivit\u00e9 , la pertinence ou l&#8217;exactitude par rapport au site ou de l&#8217;information , des services , des logiciels ou des vid\u00e9os et des graphiques sur le site Web connexes .<\/p>\n<p>Alors que nous nous effor\u00e7ons de limiter les fonctionnalit\u00e9s de ce site et les syst\u00e8mes qui livrent cela<br \/>\nfonctionne correctement, nous ne prenons aucune responsabilit\u00e9 pour le site ou tout service ou logiciel<br \/>\nqu&#8217;il contient \u00e9tant indisponible en raison de probl\u00e8mes techniques ind\u00e9pendants de notre contr\u00f4le .<br \/>\nNous allons \u00e9galement pas \u00eatre tenu responsable de tout inconv\u00e9nient , perte ou dommages r\u00e9sultant<br \/>\nde ces questions techniques.<\/p>\n<h4>Liens externes<\/h4>\n<p>Liens vers des tiers fournisseurs ou de liens externes sont fournis par TransCultrures LLC comme une<br \/>\ncommodit\u00e9, les utilisateurs de ce site et de son logiciel et de mat\u00e9riel connexe. La pr\u00e9sence de ces liens<br \/>\nne constitue pas ou n&#8217;implique pas que TransCultrures LLC approuve des mat\u00e9riaux , des produits ou des<br \/>\nvues qu&#8217;on y trouve . Aussi , TransCultrures LLC ne garantit pas l&#8217;acc\u00e8s \u00e0 tous les sites ou emplacements<br \/>\nexternes , ni s il responsable de l&#8217;exactitude ou la fiabilit\u00e9 du contenu , des logiciels ou mat\u00e9riels , \u00e0 des endroits ext\u00e9rieurs.<\/p>\n<h4>Droit<\/h4>\n<p>Ce site TransCultrures LLC est contr\u00f4l\u00e9e par TransCultrures LLC partir de son si\u00e8ge \u00e0 Chicago , IL . Tous<br \/>\nles litiges ou des griefs li\u00e9s \u00e0 des questions plus l&#8217;acc\u00e8s ou l&#8217;utilisation de ce site seront r\u00e9gies par le droit f\u00e9d\u00e9ral am\u00e9ricain ou les lois de l&#8217;\u00c9tat de l&#8217;Illinois . En utilisant ce site et son logiciel associ\u00e9, vous acceptez de reporter toutes les questions juridiques \u00e0 ces juridictions.<\/p>\n<h4>Marques de commerce et droits d&#8217;auteur<\/h4>\n<p>Toutes les marques de commerce, marques de service et logos (les \u00ab marques de commerce\u00bb collectivement ) qui apparaissent sur \u200b\u200ble site web TransCultrures LLC et tous les logiciels li\u00e9s sont la propri\u00e9t\u00e9 exclusive de , TransCultures LLC , ou d&#8217;autres parties . Tout le contenu autre que celui appartenant \u00e0 TransCultrures LLC est utilis\u00e9 sur la base de l&#8217;autorisation exclusive accord\u00e9e \u00e0 TransCultrures LLC pour une telle utilisation . Tous les droits de ces mat\u00e9riaux sont r\u00e9serv\u00e9s aux propri\u00e9taires respectifs . Aucune information contenue sur le site TransCultrures LLC doit \u00eatre interpr\u00e9t\u00e9e comme accordant le droit d&#8217;utiliser une marque de commerce ou une licence sans l&#8217;autorisation \u00e9crite pr\u00e9alable de la partie qui d\u00e9tient la marque .<\/p>\n<h4>Utilisation Illicite<\/h4>\n<p>Vous ne pouvez pas acc\u00e8s, l&#8217;utilisation , ou de t\u00e9l\u00e9charger du contenu , des logiciels , des produits ou des mat\u00e9riaux contenus dans le site TransCultrures LLC ou son logiciel connexe en violation des lois ou<br \/>\nr\u00e8glements aux \u00c9tats-Unis , ou en violation des lois ou r\u00e8glements applicables . Vous ne pouvez pas<br \/>\nl&#8217;acc\u00e8s , l&#8217;utilisation, ou t\u00e9l\u00e9charger n&#8217;importe quel de ces informations ou le contenu d&#8217;une mani\u00e8re qui<br \/>\npourrait endommager, nuire , ou de d\u00e9sactiver le site TransCultrures LLC ou de son logiciel associ\u00e9. En<br \/>\noutre, vous ne pouvez pas tenter d&#8217;obtenir un acc\u00e8s non autoris\u00e9 \u00e0 toute partie de ce site, son logiciel<br \/>\nou de services connexes , ou une base de donn\u00e9es ou un r\u00e9seau d\u00e9tenu et \/ ou exploit\u00e9 par TransCultrures LLC , par le biais de mots de passe , le piratage , ou tout autre moyen .<\/p>\n<p>[\/holo_full_width_section]<\/p>\n","protected":false},"excerpt":{"rendered":"<p>[holo_full_width_section background_color=&#8221;#ffffff&#8221;] S&#8217;il vous pla\u00eet lire les termes et conditions suivantes attentivement . Les visiteurs de ce site et de son logiciel connexe sont tenus d&#8217;accepter ces termes et conditions . TransCultrures LLC se r\u00e9serve le droit de changer ou modifier ce site ou de tout contenu sur ce sujet \u00e0 sa propre discr\u00e9tion, sans &hellip;<\/p>\n<p class=\"read-more\"> <a class=\"\" href=\"https:\/\/www.transcultures.com\/fr\/conditions-dutilisation\/\"> <span class=\"screen-reader-text\">Conditions d&#8217;utilisation<\/span> Read More \u00bb<\/a><\/p>\n","protected":false},"author":1,"featured_media":0,"parent":0,"menu_order":0,"comment_status":"closed","ping_status":"open","template":"","meta":{"site-sidebar-layout":"default","site-content-layout":"default","ast-global-header-display":"","ast-main-header-display":"","ast-hfb-above-header-display":"","ast-hfb-below-header-display":"","ast-hfb-mobile-header-display":"","site-post-title":"","ast-breadcrumbs-content":"","ast-featured-img":"","footer-sml-layout":"","theme-transparent-header-meta":"default","adv-header-id-meta":"","stick-header-meta":"","header-above-stick-meta":"","header-main-stick-meta":"","header-below-stick-meta":""},"categories":[],"tags":[],"yoast_head":"<!-- This site is optimized with the Yoast SEO plugin v20.2.1 - https:\/\/yoast.com\/wordpress\/plugins\/seo\/ -->\n<title>Conditions d&#039;utilisation &bull; TransCultures<\/title>\n<meta name=\"robots\" content=\"index, follow, max-snippet:-1, max-image-preview:large, max-video-preview:-1\" \/>\n<link rel=\"canonical\" href=\"https:\/\/www.transcultures.com\/fr\/conditions-dutilisation\/\" \/>\n<meta property=\"og:locale\" content=\"fr_FR\" \/>\n<meta property=\"og:type\" content=\"article\" \/>\n<meta property=\"og:title\" content=\"Conditions d&#039;utilisation &bull; TransCultures\" \/>\n<meta property=\"og:description\" content=\"[holo_full_width_section background_color=&#8221;#ffffff&#8221;] S&#8217;il vous pla\u00eet lire les termes et conditions suivantes attentivement . Les visiteurs de ce site et de son logiciel connexe sont tenus d&#8217;accepter ces termes et conditions . TransCultrures LLC se r\u00e9serve le droit de changer ou modifier ce site ou de tout contenu sur ce sujet \u00e0 sa propre discr\u00e9tion, sans &hellip; Conditions d&#8217;utilisation Read More \u00bb\" \/>\n<meta property=\"og:url\" content=\"https:\/\/www.transcultures.com\/fr\/conditions-dutilisation\/\" \/>\n<meta property=\"og:site_name\" content=\"TransCultures\" \/>\n<meta property=\"article:publisher\" content=\"http:\/\/www.facebook.com\/TransCulturesLLC\" \/>\n<meta name=\"twitter:label1\" content=\"Est. reading time\" \/>\n\t<meta name=\"twitter:data1\" content=\"5 minutes\" \/>\n<script type=\"application\/ld+json\" class=\"yoast-schema-graph\">{\"@context\":\"https:\/\/schema.org\",\"@graph\":[{\"@type\":\"WebPage\",\"@id\":\"https:\/\/www.transcultures.com\/fr\/conditions-dutilisation\/\",\"url\":\"https:\/\/www.transcultures.com\/fr\/conditions-dutilisation\/\",\"name\":\"Conditions d'utilisation &bull; TransCultures\",\"isPartOf\":{\"@id\":\"https:\/\/www.transcultures.com\/fr\/#website\"},\"datePublished\":\"2014-04-22T18:32:05+00:00\",\"dateModified\":\"2014-04-22T18:32:05+00:00\",\"breadcrumb\":{\"@id\":\"https:\/\/www.transcultures.com\/fr\/conditions-dutilisation\/#breadcrumb\"},\"inLanguage\":\"FR-FR\",\"potentialAction\":[{\"@type\":\"ReadAction\",\"target\":[\"https:\/\/www.transcultures.com\/fr\/conditions-dutilisation\/\"]}]},{\"@type\":\"BreadcrumbList\",\"@id\":\"https:\/\/www.transcultures.com\/fr\/conditions-dutilisation\/#breadcrumb\",\"itemListElement\":[{\"@type\":\"ListItem\",\"position\":1,\"name\":\"Home\",\"item\":\"https:\/\/www.transcultures.com\/fr\/\"},{\"@type\":\"ListItem\",\"position\":2,\"name\":\"Conditions d&#8217;utilisation\"}]},{\"@type\":\"WebSite\",\"@id\":\"https:\/\/www.transcultures.com\/fr\/#website\",\"url\":\"https:\/\/www.transcultures.com\/fr\/\",\"name\":\"TransCultures\",\"description\":\"Translation Interpretation Formation Consulting Languages\",\"publisher\":{\"@id\":\"https:\/\/www.transcultures.com\/fr\/#organization\"},\"potentialAction\":[{\"@type\":\"SearchAction\",\"target\":{\"@type\":\"EntryPoint\",\"urlTemplate\":\"https:\/\/www.transcultures.com\/fr\/?s={search_term_string}\"},\"query-input\":\"required name=search_term_string\"}],\"inLanguage\":\"FR-FR\"},{\"@type\":\"Organization\",\"@id\":\"https:\/\/www.transcultures.com\/fr\/#organization\",\"name\":\"TransCultures\",\"url\":\"https:\/\/www.transcultures.com\/fr\/\",\"logo\":{\"@type\":\"ImageObject\",\"inLanguage\":\"FR-FR\",\"@id\":\"https:\/\/www.transcultures.com\/fr\/#\/schema\/logo\/image\/\",\"url\":\"https:\/\/www.transcultures.com\/wp-content\/uploads\/2015\/01\/TransCultures_Logo2.png\",\"contentUrl\":\"https:\/\/www.transcultures.com\/wp-content\/uploads\/2015\/01\/TransCultures_Logo2.png\",\"width\":347,\"height\":100,\"caption\":\"TransCultures\"},\"image\":{\"@id\":\"https:\/\/www.transcultures.com\/fr\/#\/schema\/logo\/image\/\"},\"sameAs\":[\"http:\/\/www.facebook.com\/TransCulturesLLC\",\"https:\/\/twitter.com\/TransCultures\"]}]}<\/script>\n<!-- \/ Yoast SEO plugin. -->","yoast_head_json":{"title":"Conditions d'utilisation &bull; TransCultures","robots":{"index":"index","follow":"follow","max-snippet":"max-snippet:-1","max-image-preview":"max-image-preview:large","max-video-preview":"max-video-preview:-1"},"canonical":"https:\/\/www.transcultures.com\/fr\/conditions-dutilisation\/","og_locale":"fr_FR","og_type":"article","og_title":"Conditions d'utilisation &bull; TransCultures","og_description":"[holo_full_width_section background_color=&#8221;#ffffff&#8221;] S&#8217;il vous pla\u00eet lire les termes et conditions suivantes attentivement . Les visiteurs de ce site et de son logiciel connexe sont tenus d&#8217;accepter ces termes et conditions . TransCultrures LLC se r\u00e9serve le droit de changer ou modifier ce site ou de tout contenu sur ce sujet \u00e0 sa propre discr\u00e9tion, sans &hellip; Conditions d&#8217;utilisation Read More \u00bb","og_url":"https:\/\/www.transcultures.com\/fr\/conditions-dutilisation\/","og_site_name":"TransCultures","article_publisher":"http:\/\/www.facebook.com\/TransCulturesLLC","twitter_misc":{"Est. reading time":"5 minutes"},"schema":{"@context":"https:\/\/schema.org","@graph":[{"@type":"WebPage","@id":"https:\/\/www.transcultures.com\/fr\/conditions-dutilisation\/","url":"https:\/\/www.transcultures.com\/fr\/conditions-dutilisation\/","name":"Conditions d'utilisation &bull; TransCultures","isPartOf":{"@id":"https:\/\/www.transcultures.com\/fr\/#website"},"datePublished":"2014-04-22T18:32:05+00:00","dateModified":"2014-04-22T18:32:05+00:00","breadcrumb":{"@id":"https:\/\/www.transcultures.com\/fr\/conditions-dutilisation\/#breadcrumb"},"inLanguage":"FR-FR","potentialAction":[{"@type":"ReadAction","target":["https:\/\/www.transcultures.com\/fr\/conditions-dutilisation\/"]}]},{"@type":"BreadcrumbList","@id":"https:\/\/www.transcultures.com\/fr\/conditions-dutilisation\/#breadcrumb","itemListElement":[{"@type":"ListItem","position":1,"name":"Home","item":"https:\/\/www.transcultures.com\/fr\/"},{"@type":"ListItem","position":2,"name":"Conditions d&#8217;utilisation"}]},{"@type":"WebSite","@id":"https:\/\/www.transcultures.com\/fr\/#website","url":"https:\/\/www.transcultures.com\/fr\/","name":"TransCultures","description":"Translation Interpretation Formation Consulting Languages","publisher":{"@id":"https:\/\/www.transcultures.com\/fr\/#organization"},"potentialAction":[{"@type":"SearchAction","target":{"@type":"EntryPoint","urlTemplate":"https:\/\/www.transcultures.com\/fr\/?s={search_term_string}"},"query-input":"required name=search_term_string"}],"inLanguage":"FR-FR"},{"@type":"Organization","@id":"https:\/\/www.transcultures.com\/fr\/#organization","name":"TransCultures","url":"https:\/\/www.transcultures.com\/fr\/","logo":{"@type":"ImageObject","inLanguage":"FR-FR","@id":"https:\/\/www.transcultures.com\/fr\/#\/schema\/logo\/image\/","url":"https:\/\/www.transcultures.com\/wp-content\/uploads\/2015\/01\/TransCultures_Logo2.png","contentUrl":"https:\/\/www.transcultures.com\/wp-content\/uploads\/2015\/01\/TransCultures_Logo2.png","width":347,"height":100,"caption":"TransCultures"},"image":{"@id":"https:\/\/www.transcultures.com\/fr\/#\/schema\/logo\/image\/"},"sameAs":["http:\/\/www.facebook.com\/TransCulturesLLC","https:\/\/twitter.com\/TransCultures"]}]}},"_links":{"self":[{"href":"https:\/\/www.transcultures.com\/fr\/wp-json\/wp\/v2\/pages\/5754"}],"collection":[{"href":"https:\/\/www.transcultures.com\/fr\/wp-json\/wp\/v2\/pages"}],"about":[{"href":"https:\/\/www.transcultures.com\/fr\/wp-json\/wp\/v2\/types\/page"}],"author":[{"embeddable":true,"href":"https:\/\/www.transcultures.com\/fr\/wp-json\/wp\/v2\/users\/1"}],"replies":[{"embeddable":true,"href":"https:\/\/www.transcultures.com\/fr\/wp-json\/wp\/v2\/comments?post=5754"}],"version-history":[{"count":0,"href":"https:\/\/www.transcultures.com\/fr\/wp-json\/wp\/v2\/pages\/5754\/revisions"}],"wp:attachment":[{"href":"https:\/\/www.transcultures.com\/fr\/wp-json\/wp\/v2\/media?parent=5754"}],"wp:term":[{"taxonomy":"category","embeddable":true,"href":"https:\/\/www.transcultures.com\/fr\/wp-json\/wp\/v2\/categories?post=5754"},{"taxonomy":"post_tag","embeddable":true,"href":"https:\/\/www.transcultures.com\/fr\/wp-json\/wp\/v2\/tags?post=5754"}],"curies":[{"name":"wp","href":"https:\/\/api.w.org\/{rel}","templated":true}]}}