{"id":5750,"date":"2014-04-22T17:37:04","date_gmt":"2014-04-22T17:37:04","guid":{"rendered":"https:\/\/www.transcultures.com\/?page_id=5750"},"modified":"2017-09-25T22:34:46","modified_gmt":"2017-09-25T22:34:46","slug":"partenaires-strategiques","status":"publish","type":"page","link":"https:\/\/www.transcultures.com\/fr\/partenaires-strategiques\/","title":{"rendered":"PARTENAIRES STRAT\u00c9GIQUES"},"content":{"rendered":"<p>[holo_full_width_section background_color=&#8221;#ffffff&#8221;]<\/p>\n<p>Afin de mieux servir nos clients \u00e0 travers le monde, TransCultures a d\u00e9velopp\u00e9 un excellent partenariats\u00a0strat\u00e9giques de travail avec de nombreuses entreprises mondiales dans les industries de la langue et de services culturels. Nous combinons nos services pour d\u00e9velopper des \u00e9quipes de projets qui peuvent\u00a0mieux servir nos clients et de cr\u00e9er des solutions sur mesure pour aider les entreprises \u00e0 se mondialiser.\u00a0Si votre entreprise a une r\u00e9putation pour les capacit\u00e9s de partenariat de qualit\u00e9 sup\u00e9rieure, la proposition\u00a0de valeur, les ant\u00e9c\u00e9dents de gestion et une culture de l&#8217;innovation et souhaite collaborer avec nous. S&#8217;il\u00a0vous pla\u00eet envoyez-nous un profil complet de votre entreprise. Notre \u00e9quipe de direction \u00e9valuera votre\u00a0proposition, et si il ya un ajustement strat\u00e9gique, nous vous enverrons une demande pour devenir un\u00a0partenaire strat\u00e9gique.<\/p>\n<p>&nbsp;<\/p>\n<p>&nbsp;<\/p>\n<p>&nbsp;<\/p>\n<p>Vous pouvez envoyer votre profil d&#8217;entreprise \u00e0: <a href=\"mailto:partners@TransCultures.com\">partners@TransCultures.com<\/a><br \/>\n[\/holo_full_width_section]<\/p>\n","protected":false},"excerpt":{"rendered":"<p>[holo_full_width_section background_color=&#8221;#ffffff&#8221;] Afin de mieux servir nos clients \u00e0 travers le monde, TransCultures a d\u00e9velopp\u00e9 un excellent partenariats\u00a0strat\u00e9giques de travail avec de nombreuses entreprises mondiales dans les industries de la langue et de services culturels. Nous combinons nos services pour d\u00e9velopper des \u00e9quipes de projets qui peuvent\u00a0mieux servir nos clients et de cr\u00e9er des solutions &hellip;<\/p>\n<p class=\"read-more\"> <a class=\"\" href=\"https:\/\/www.transcultures.com\/fr\/partenaires-strategiques\/\"> <span class=\"screen-reader-text\">PARTENAIRES STRAT\u00c9GIQUES<\/span> Read More \u00bb<\/a><\/p>\n","protected":false},"author":1,"featured_media":0,"parent":0,"menu_order":0,"comment_status":"closed","ping_status":"open","template":"","meta":{"site-sidebar-layout":"default","site-content-layout":"default","ast-global-header-display":"","ast-main-header-display":"","ast-hfb-above-header-display":"","ast-hfb-below-header-display":"","ast-hfb-mobile-header-display":"","site-post-title":"","ast-breadcrumbs-content":"","ast-featured-img":"","footer-sml-layout":"","theme-transparent-header-meta":"default","adv-header-id-meta":"","stick-header-meta":"","header-above-stick-meta":"","header-main-stick-meta":"","header-below-stick-meta":""},"categories":[],"tags":[],"yoast_head":"<!-- This site is optimized with the Yoast SEO plugin v20.2.1 - https:\/\/yoast.com\/wordpress\/plugins\/seo\/ -->\n<title>PARTENAIRES STRAT\u00c9GIQUES &bull; TransCultures<\/title>\n<meta name=\"robots\" content=\"index, follow, max-snippet:-1, max-image-preview:large, max-video-preview:-1\" \/>\n<link rel=\"canonical\" href=\"https:\/\/www.transcultures.com\/fr\/partenaires-strategiques\/\" \/>\n<meta property=\"og:locale\" content=\"fr_FR\" \/>\n<meta property=\"og:type\" content=\"article\" \/>\n<meta property=\"og:title\" content=\"PARTENAIRES STRAT\u00c9GIQUES &bull; TransCultures\" \/>\n<meta property=\"og:description\" content=\"[holo_full_width_section background_color=&#8221;#ffffff&#8221;] Afin de mieux servir nos clients \u00e0 travers le monde, TransCultures a d\u00e9velopp\u00e9 un excellent partenariats\u00a0strat\u00e9giques de travail avec de nombreuses entreprises mondiales dans les industries de la langue et de services culturels. Nous combinons nos services pour d\u00e9velopper des \u00e9quipes de projets qui peuvent\u00a0mieux servir nos clients et de cr\u00e9er des solutions &hellip; PARTENAIRES STRAT\u00c9GIQUES Read More \u00bb\" \/>\n<meta property=\"og:url\" content=\"https:\/\/www.transcultures.com\/fr\/partenaires-strategiques\/\" \/>\n<meta property=\"og:site_name\" content=\"TransCultures\" \/>\n<meta property=\"article:publisher\" content=\"http:\/\/www.facebook.com\/TransCulturesLLC\" \/>\n<meta property=\"article:modified_time\" content=\"2017-09-25T22:34:46+00:00\" \/>\n<meta name=\"twitter:label1\" content=\"Est. reading time\" \/>\n\t<meta name=\"twitter:data1\" content=\"1 minute\" \/>\n<script type=\"application\/ld+json\" class=\"yoast-schema-graph\">{\"@context\":\"https:\/\/schema.org\",\"@graph\":[{\"@type\":\"WebPage\",\"@id\":\"https:\/\/www.transcultures.com\/fr\/partenaires-strategiques\/\",\"url\":\"https:\/\/www.transcultures.com\/fr\/partenaires-strategiques\/\",\"name\":\"PARTENAIRES STRAT\u00c9GIQUES &bull; TransCultures\",\"isPartOf\":{\"@id\":\"https:\/\/www.transcultures.com\/fr\/#website\"},\"datePublished\":\"2014-04-22T17:37:04+00:00\",\"dateModified\":\"2017-09-25T22:34:46+00:00\",\"breadcrumb\":{\"@id\":\"https:\/\/www.transcultures.com\/fr\/partenaires-strategiques\/#breadcrumb\"},\"inLanguage\":\"FR-FR\",\"potentialAction\":[{\"@type\":\"ReadAction\",\"target\":[\"https:\/\/www.transcultures.com\/fr\/partenaires-strategiques\/\"]}]},{\"@type\":\"BreadcrumbList\",\"@id\":\"https:\/\/www.transcultures.com\/fr\/partenaires-strategiques\/#breadcrumb\",\"itemListElement\":[{\"@type\":\"ListItem\",\"position\":1,\"name\":\"Home\",\"item\":\"https:\/\/www.transcultures.com\/fr\/\"},{\"@type\":\"ListItem\",\"position\":2,\"name\":\"PARTENAIRES STRAT\u00c9GIQUES\"}]},{\"@type\":\"WebSite\",\"@id\":\"https:\/\/www.transcultures.com\/fr\/#website\",\"url\":\"https:\/\/www.transcultures.com\/fr\/\",\"name\":\"TransCultures\",\"description\":\"Translation Interpretation Formation Consulting Languages\",\"publisher\":{\"@id\":\"https:\/\/www.transcultures.com\/fr\/#organization\"},\"potentialAction\":[{\"@type\":\"SearchAction\",\"target\":{\"@type\":\"EntryPoint\",\"urlTemplate\":\"https:\/\/www.transcultures.com\/fr\/?s={search_term_string}\"},\"query-input\":\"required name=search_term_string\"}],\"inLanguage\":\"FR-FR\"},{\"@type\":\"Organization\",\"@id\":\"https:\/\/www.transcultures.com\/fr\/#organization\",\"name\":\"TransCultures\",\"url\":\"https:\/\/www.transcultures.com\/fr\/\",\"logo\":{\"@type\":\"ImageObject\",\"inLanguage\":\"FR-FR\",\"@id\":\"https:\/\/www.transcultures.com\/fr\/#\/schema\/logo\/image\/\",\"url\":\"https:\/\/www.transcultures.com\/wp-content\/uploads\/2015\/01\/TransCultures_Logo2.png\",\"contentUrl\":\"https:\/\/www.transcultures.com\/wp-content\/uploads\/2015\/01\/TransCultures_Logo2.png\",\"width\":347,\"height\":100,\"caption\":\"TransCultures\"},\"image\":{\"@id\":\"https:\/\/www.transcultures.com\/fr\/#\/schema\/logo\/image\/\"},\"sameAs\":[\"http:\/\/www.facebook.com\/TransCulturesLLC\",\"https:\/\/twitter.com\/TransCultures\"]}]}<\/script>\n<!-- \/ Yoast SEO plugin. -->","yoast_head_json":{"title":"PARTENAIRES STRAT\u00c9GIQUES &bull; TransCultures","robots":{"index":"index","follow":"follow","max-snippet":"max-snippet:-1","max-image-preview":"max-image-preview:large","max-video-preview":"max-video-preview:-1"},"canonical":"https:\/\/www.transcultures.com\/fr\/partenaires-strategiques\/","og_locale":"fr_FR","og_type":"article","og_title":"PARTENAIRES STRAT\u00c9GIQUES &bull; TransCultures","og_description":"[holo_full_width_section background_color=&#8221;#ffffff&#8221;] Afin de mieux servir nos clients \u00e0 travers le monde, TransCultures a d\u00e9velopp\u00e9 un excellent partenariats\u00a0strat\u00e9giques de travail avec de nombreuses entreprises mondiales dans les industries de la langue et de services culturels. Nous combinons nos services pour d\u00e9velopper des \u00e9quipes de projets qui peuvent\u00a0mieux servir nos clients et de cr\u00e9er des solutions &hellip; PARTENAIRES STRAT\u00c9GIQUES Read More \u00bb","og_url":"https:\/\/www.transcultures.com\/fr\/partenaires-strategiques\/","og_site_name":"TransCultures","article_publisher":"http:\/\/www.facebook.com\/TransCulturesLLC","article_modified_time":"2017-09-25T22:34:46+00:00","twitter_misc":{"Est. reading time":"1 minute"},"schema":{"@context":"https:\/\/schema.org","@graph":[{"@type":"WebPage","@id":"https:\/\/www.transcultures.com\/fr\/partenaires-strategiques\/","url":"https:\/\/www.transcultures.com\/fr\/partenaires-strategiques\/","name":"PARTENAIRES STRAT\u00c9GIQUES &bull; TransCultures","isPartOf":{"@id":"https:\/\/www.transcultures.com\/fr\/#website"},"datePublished":"2014-04-22T17:37:04+00:00","dateModified":"2017-09-25T22:34:46+00:00","breadcrumb":{"@id":"https:\/\/www.transcultures.com\/fr\/partenaires-strategiques\/#breadcrumb"},"inLanguage":"FR-FR","potentialAction":[{"@type":"ReadAction","target":["https:\/\/www.transcultures.com\/fr\/partenaires-strategiques\/"]}]},{"@type":"BreadcrumbList","@id":"https:\/\/www.transcultures.com\/fr\/partenaires-strategiques\/#breadcrumb","itemListElement":[{"@type":"ListItem","position":1,"name":"Home","item":"https:\/\/www.transcultures.com\/fr\/"},{"@type":"ListItem","position":2,"name":"PARTENAIRES STRAT\u00c9GIQUES"}]},{"@type":"WebSite","@id":"https:\/\/www.transcultures.com\/fr\/#website","url":"https:\/\/www.transcultures.com\/fr\/","name":"TransCultures","description":"Translation Interpretation Formation Consulting Languages","publisher":{"@id":"https:\/\/www.transcultures.com\/fr\/#organization"},"potentialAction":[{"@type":"SearchAction","target":{"@type":"EntryPoint","urlTemplate":"https:\/\/www.transcultures.com\/fr\/?s={search_term_string}"},"query-input":"required name=search_term_string"}],"inLanguage":"FR-FR"},{"@type":"Organization","@id":"https:\/\/www.transcultures.com\/fr\/#organization","name":"TransCultures","url":"https:\/\/www.transcultures.com\/fr\/","logo":{"@type":"ImageObject","inLanguage":"FR-FR","@id":"https:\/\/www.transcultures.com\/fr\/#\/schema\/logo\/image\/","url":"https:\/\/www.transcultures.com\/wp-content\/uploads\/2015\/01\/TransCultures_Logo2.png","contentUrl":"https:\/\/www.transcultures.com\/wp-content\/uploads\/2015\/01\/TransCultures_Logo2.png","width":347,"height":100,"caption":"TransCultures"},"image":{"@id":"https:\/\/www.transcultures.com\/fr\/#\/schema\/logo\/image\/"},"sameAs":["http:\/\/www.facebook.com\/TransCulturesLLC","https:\/\/twitter.com\/TransCultures"]}]}},"_links":{"self":[{"href":"https:\/\/www.transcultures.com\/fr\/wp-json\/wp\/v2\/pages\/5750"}],"collection":[{"href":"https:\/\/www.transcultures.com\/fr\/wp-json\/wp\/v2\/pages"}],"about":[{"href":"https:\/\/www.transcultures.com\/fr\/wp-json\/wp\/v2\/types\/page"}],"author":[{"embeddable":true,"href":"https:\/\/www.transcultures.com\/fr\/wp-json\/wp\/v2\/users\/1"}],"replies":[{"embeddable":true,"href":"https:\/\/www.transcultures.com\/fr\/wp-json\/wp\/v2\/comments?post=5750"}],"version-history":[{"count":0,"href":"https:\/\/www.transcultures.com\/fr\/wp-json\/wp\/v2\/pages\/5750\/revisions"}],"wp:attachment":[{"href":"https:\/\/www.transcultures.com\/fr\/wp-json\/wp\/v2\/media?parent=5750"}],"wp:term":[{"taxonomy":"category","embeddable":true,"href":"https:\/\/www.transcultures.com\/fr\/wp-json\/wp\/v2\/categories?post=5750"},{"taxonomy":"post_tag","embeddable":true,"href":"https:\/\/www.transcultures.com\/fr\/wp-json\/wp\/v2\/tags?post=5750"}],"curies":[{"name":"wp","href":"https:\/\/api.w.org\/{rel}","templated":true}]}}