{"id":5577,"date":"2014-04-11T20:53:38","date_gmt":"2014-04-11T20:53:38","guid":{"rendered":"https:\/\/www.transcultures.com\/?page_id=5577"},"modified":"2021-05-09T17:00:45","modified_gmt":"2021-05-09T17:00:45","slug":"consulting","status":"publish","type":"page","link":"https:\/\/www.transcultures.com\/fr\/consulting\/","title":{"rendered":"LE CONSULTING"},"content":{"rendered":"\n<p>TransCultures est le premier fournisseur au monde de services linguistiques et culturels pour les secteurs priv\u00e9 et public. TransCultures aide les organisations \u00e0 cr\u00e9er et maintenir des ressources d&#8217;informations multilingues pour appuyer leurs op\u00e9rations commerciales dans le monde entier. Nous fournissons des services de consultance adapt\u00e9s \u00e0 la mondialisation que les organisations doivent comprendre pour r\u00e9ussir sur tous les march\u00e9s du monde entier. L&#8217;utilisation des ressources dans les pays de consultation du r\u00e9seau international de TransCultures vous garantit la pertinence culturelle dans chaque pays cible. Nos \u00e9quipes de sp\u00e9cialistes de la gestion et de conseil sont exp\u00e9riment\u00e9es et reconnues \u00e0 l&#8217;\u00e9chelle internationale. C\u2019est parce qu\u2019elles fournissent aux entreprises publiques et priv\u00e9es des pistes de r\u00e9flexion pour r\u00e9\u00e9valuer la fa\u00e7on dont elles op\u00e8rent au niveau mondial. Notre \u00e9quipe vous guidera dans toutes les \u00e9tapes du processus de la mondialisation pour mettre en \u0153uvre des solutions multilingues qui vous assureront une v\u00e9ritable excellence mondiale. En abordant des questions commerciales mondiales \u00e0 l&#8217;\u00e9tape de la planification, TransCultures garantit que les entreprises vont \u00e9viter des erreurs co\u00fbteuses. Ce qui leur permet de r\u00e9duire le temps et le co\u00fbt de leurs op\u00e9rations sur les march\u00e9s multiculturels et multilingues du monde. Gr\u00e2ce \u00e0 un ensemble de services tels que la recherche culturelle, la transcr\u00e9ation, les services de localisation et de v\u00e9rifications de la langue, TransCultures est bien plac\u00e9 pour aider votre organisation \u00e0 atteindre tout son potentiel mondial, et livrer votre marque pour les consommateurs mondiaux.<\/p>\n\n\n\n<div class=\"wp-block-image\"><figure class=\"aligncenter\"><a href=\"http:\/\/www.transcultures.com\/wp-content\/uploads\/2013\/09\/gray-logo.jpg\"><img decoding=\"async\" loading=\"lazy\" width=\"300\" height=\"73\" src=\"http:\/\/www.transcultures.com\/wp-content\/uploads\/2013\/09\/gray-logo-300x73.jpg\" alt=\"gray-logo\" class=\"wp-image-7121\" srcset=\"https:\/\/www.transcultures.com\/wp-content\/uploads\/2013\/09\/gray-logo-300x73.jpg 300w, https:\/\/www.transcultures.com\/wp-content\/uploads\/2013\/09\/gray-logo.jpg 414w\" sizes=\"(max-width: 300px) 100vw, 300px\" \/><\/a><\/figure><\/div>\n","protected":false},"excerpt":{"rendered":"<p>TransCultures est le premier fournisseur au monde de services linguistiques et culturels pour les secteurs priv\u00e9 et public. TransCultures aide les organisations \u00e0 cr\u00e9er et maintenir des ressources d&#8217;informations multilingues pour appuyer leurs op\u00e9rations commerciales dans le monde entier. Nous fournissons des services de consultance adapt\u00e9s \u00e0 la mondialisation que les organisations doivent comprendre pour &hellip;<\/p>\n<p class=\"read-more\"> <a class=\"\" href=\"https:\/\/www.transcultures.com\/fr\/consulting\/\"> <span class=\"screen-reader-text\">LE CONSULTING<\/span> Read More \u00bb<\/a><\/p>\n","protected":false},"author":1,"featured_media":7715,"parent":0,"menu_order":0,"comment_status":"closed","ping_status":"open","template":"","meta":{"site-sidebar-layout":"default","site-content-layout":"default","ast-global-header-display":"","ast-main-header-display":"","ast-hfb-above-header-display":"","ast-hfb-below-header-display":"","ast-hfb-mobile-header-display":"","site-post-title":"","ast-breadcrumbs-content":"","ast-featured-img":"","footer-sml-layout":"","theme-transparent-header-meta":"default","adv-header-id-meta":"","stick-header-meta":"default","header-above-stick-meta":"","header-main-stick-meta":"","header-below-stick-meta":""},"categories":[116],"tags":[],"yoast_head":"<!-- This site is optimized with the Yoast SEO plugin v20.2.1 - https:\/\/yoast.com\/wordpress\/plugins\/seo\/ -->\n<title>LE CONSULTING &bull; TransCultures<\/title>\n<meta name=\"description\" content=\"Consulting: Traduction Interpretariat, Langues, SEO, Recherche, sondage multilingue, Etude de Marches Paris, Marakech, Casablanca\" \/>\n<meta name=\"robots\" content=\"index, follow, max-snippet:-1, max-image-preview:large, max-video-preview:-1\" \/>\n<link rel=\"canonical\" href=\"https:\/\/www.transcultures.com\/fr\/consulting\/\" \/>\n<meta property=\"og:locale\" content=\"fr_FR\" \/>\n<meta property=\"og:type\" content=\"article\" \/>\n<meta property=\"og:title\" content=\"LE CONSULTING &bull; TransCultures\" \/>\n<meta property=\"og:description\" content=\"Consulting: Traduction Interpretariat, Langues, SEO, Recherche, sondage multilingue, Etude de Marches Paris, Marakech, Casablanca\" \/>\n<meta property=\"og:url\" content=\"https:\/\/www.transcultures.com\/fr\/consulting\/\" \/>\n<meta property=\"og:site_name\" content=\"TransCultures\" \/>\n<meta property=\"article:publisher\" content=\"http:\/\/www.facebook.com\/TransCulturesLLC\" \/>\n<meta property=\"article:modified_time\" content=\"2021-05-09T17:00:45+00:00\" \/>\n<meta property=\"og:image\" content=\"https:\/\/www.transcultures.com\/wp-content\/uploads\/2013\/09\/Cultural-Consulting-PR-Public-Relations.png\" \/>\n\t<meta property=\"og:image:width\" content=\"1170\" \/>\n\t<meta property=\"og:image:height\" content=\"365\" \/>\n\t<meta property=\"og:image:type\" content=\"image\/png\" \/>\n<meta name=\"twitter:label1\" content=\"Est. reading time\" \/>\n\t<meta name=\"twitter:data1\" content=\"2 minutes\" \/>\n<script type=\"application\/ld+json\" class=\"yoast-schema-graph\">{\"@context\":\"https:\/\/schema.org\",\"@graph\":[{\"@type\":\"WebPage\",\"@id\":\"https:\/\/www.transcultures.com\/fr\/consulting\/\",\"url\":\"https:\/\/www.transcultures.com\/fr\/consulting\/\",\"name\":\"LE CONSULTING &bull; TransCultures\",\"isPartOf\":{\"@id\":\"https:\/\/www.transcultures.com\/fr\/#website\"},\"datePublished\":\"2014-04-11T20:53:38+00:00\",\"dateModified\":\"2021-05-09T17:00:45+00:00\",\"description\":\"Consulting: Traduction Interpretariat, Langues, SEO, Recherche, sondage multilingue, Etude de Marches Paris, Marakech, Casablanca\",\"breadcrumb\":{\"@id\":\"https:\/\/www.transcultures.com\/fr\/consulting\/#breadcrumb\"},\"inLanguage\":\"FR-FR\",\"potentialAction\":[{\"@type\":\"ReadAction\",\"target\":[\"https:\/\/www.transcultures.com\/fr\/consulting\/\"]}]},{\"@type\":\"BreadcrumbList\",\"@id\":\"https:\/\/www.transcultures.com\/fr\/consulting\/#breadcrumb\",\"itemListElement\":[{\"@type\":\"ListItem\",\"position\":1,\"name\":\"Home\",\"item\":\"https:\/\/www.transcultures.com\/fr\/\"},{\"@type\":\"ListItem\",\"position\":2,\"name\":\"LE CONSULTING\"}]},{\"@type\":\"WebSite\",\"@id\":\"https:\/\/www.transcultures.com\/fr\/#website\",\"url\":\"https:\/\/www.transcultures.com\/fr\/\",\"name\":\"TransCultures\",\"description\":\"Translation Interpretation Formation Consulting Languages\",\"publisher\":{\"@id\":\"https:\/\/www.transcultures.com\/fr\/#organization\"},\"potentialAction\":[{\"@type\":\"SearchAction\",\"target\":{\"@type\":\"EntryPoint\",\"urlTemplate\":\"https:\/\/www.transcultures.com\/fr\/?s={search_term_string}\"},\"query-input\":\"required name=search_term_string\"}],\"inLanguage\":\"FR-FR\"},{\"@type\":\"Organization\",\"@id\":\"https:\/\/www.transcultures.com\/fr\/#organization\",\"name\":\"TransCultures\",\"url\":\"https:\/\/www.transcultures.com\/fr\/\",\"logo\":{\"@type\":\"ImageObject\",\"inLanguage\":\"FR-FR\",\"@id\":\"https:\/\/www.transcultures.com\/fr\/#\/schema\/logo\/image\/\",\"url\":\"https:\/\/www.transcultures.com\/wp-content\/uploads\/2015\/01\/TransCultures_Logo2.png\",\"contentUrl\":\"https:\/\/www.transcultures.com\/wp-content\/uploads\/2015\/01\/TransCultures_Logo2.png\",\"width\":347,\"height\":100,\"caption\":\"TransCultures\"},\"image\":{\"@id\":\"https:\/\/www.transcultures.com\/fr\/#\/schema\/logo\/image\/\"},\"sameAs\":[\"http:\/\/www.facebook.com\/TransCulturesLLC\",\"https:\/\/twitter.com\/TransCultures\"]}]}<\/script>\n<!-- \/ Yoast SEO plugin. -->","yoast_head_json":{"title":"LE CONSULTING &bull; TransCultures","description":"Consulting: Traduction Interpretariat, Langues, SEO, Recherche, sondage multilingue, Etude de Marches Paris, Marakech, Casablanca","robots":{"index":"index","follow":"follow","max-snippet":"max-snippet:-1","max-image-preview":"max-image-preview:large","max-video-preview":"max-video-preview:-1"},"canonical":"https:\/\/www.transcultures.com\/fr\/consulting\/","og_locale":"fr_FR","og_type":"article","og_title":"LE CONSULTING &bull; TransCultures","og_description":"Consulting: Traduction Interpretariat, Langues, SEO, Recherche, sondage multilingue, Etude de Marches Paris, Marakech, Casablanca","og_url":"https:\/\/www.transcultures.com\/fr\/consulting\/","og_site_name":"TransCultures","article_publisher":"http:\/\/www.facebook.com\/TransCulturesLLC","article_modified_time":"2021-05-09T17:00:45+00:00","og_image":[{"width":1170,"height":365,"url":"https:\/\/www.transcultures.com\/wp-content\/uploads\/2013\/09\/Cultural-Consulting-PR-Public-Relations.png","type":"image\/png"}],"twitter_misc":{"Est. reading time":"2 minutes"},"schema":{"@context":"https:\/\/schema.org","@graph":[{"@type":"WebPage","@id":"https:\/\/www.transcultures.com\/fr\/consulting\/","url":"https:\/\/www.transcultures.com\/fr\/consulting\/","name":"LE CONSULTING &bull; TransCultures","isPartOf":{"@id":"https:\/\/www.transcultures.com\/fr\/#website"},"datePublished":"2014-04-11T20:53:38+00:00","dateModified":"2021-05-09T17:00:45+00:00","description":"Consulting: Traduction Interpretariat, Langues, SEO, Recherche, sondage multilingue, Etude de Marches Paris, Marakech, Casablanca","breadcrumb":{"@id":"https:\/\/www.transcultures.com\/fr\/consulting\/#breadcrumb"},"inLanguage":"FR-FR","potentialAction":[{"@type":"ReadAction","target":["https:\/\/www.transcultures.com\/fr\/consulting\/"]}]},{"@type":"BreadcrumbList","@id":"https:\/\/www.transcultures.com\/fr\/consulting\/#breadcrumb","itemListElement":[{"@type":"ListItem","position":1,"name":"Home","item":"https:\/\/www.transcultures.com\/fr\/"},{"@type":"ListItem","position":2,"name":"LE CONSULTING"}]},{"@type":"WebSite","@id":"https:\/\/www.transcultures.com\/fr\/#website","url":"https:\/\/www.transcultures.com\/fr\/","name":"TransCultures","description":"Translation Interpretation Formation Consulting Languages","publisher":{"@id":"https:\/\/www.transcultures.com\/fr\/#organization"},"potentialAction":[{"@type":"SearchAction","target":{"@type":"EntryPoint","urlTemplate":"https:\/\/www.transcultures.com\/fr\/?s={search_term_string}"},"query-input":"required name=search_term_string"}],"inLanguage":"FR-FR"},{"@type":"Organization","@id":"https:\/\/www.transcultures.com\/fr\/#organization","name":"TransCultures","url":"https:\/\/www.transcultures.com\/fr\/","logo":{"@type":"ImageObject","inLanguage":"FR-FR","@id":"https:\/\/www.transcultures.com\/fr\/#\/schema\/logo\/image\/","url":"https:\/\/www.transcultures.com\/wp-content\/uploads\/2015\/01\/TransCultures_Logo2.png","contentUrl":"https:\/\/www.transcultures.com\/wp-content\/uploads\/2015\/01\/TransCultures_Logo2.png","width":347,"height":100,"caption":"TransCultures"},"image":{"@id":"https:\/\/www.transcultures.com\/fr\/#\/schema\/logo\/image\/"},"sameAs":["http:\/\/www.facebook.com\/TransCulturesLLC","https:\/\/twitter.com\/TransCultures"]}]}},"_links":{"self":[{"href":"https:\/\/www.transcultures.com\/fr\/wp-json\/wp\/v2\/pages\/5577"}],"collection":[{"href":"https:\/\/www.transcultures.com\/fr\/wp-json\/wp\/v2\/pages"}],"about":[{"href":"https:\/\/www.transcultures.com\/fr\/wp-json\/wp\/v2\/types\/page"}],"author":[{"embeddable":true,"href":"https:\/\/www.transcultures.com\/fr\/wp-json\/wp\/v2\/users\/1"}],"replies":[{"embeddable":true,"href":"https:\/\/www.transcultures.com\/fr\/wp-json\/wp\/v2\/comments?post=5577"}],"version-history":[{"count":0,"href":"https:\/\/www.transcultures.com\/fr\/wp-json\/wp\/v2\/pages\/5577\/revisions"}],"wp:featuredmedia":[{"embeddable":true,"href":"https:\/\/www.transcultures.com\/fr\/wp-json\/wp\/v2\/media\/7715"}],"wp:attachment":[{"href":"https:\/\/www.transcultures.com\/fr\/wp-json\/wp\/v2\/media?parent=5577"}],"wp:term":[{"taxonomy":"category","embeddable":true,"href":"https:\/\/www.transcultures.com\/fr\/wp-json\/wp\/v2\/categories?post=5577"},{"taxonomy":"post_tag","embeddable":true,"href":"https:\/\/www.transcultures.com\/fr\/wp-json\/wp\/v2\/tags?post=5577"}],"curies":[{"name":"wp","href":"https:\/\/api.w.org\/{rel}","templated":true}]}}