{"id":5572,"date":"2014-04-11T20:37:10","date_gmt":"2014-04-11T20:37:10","guid":{"rendered":"https:\/\/www.transcultures.com\/?page_id=5572"},"modified":"2021-05-09T16:58:16","modified_gmt":"2021-05-09T16:58:16","slug":"service-des-soins-internationaux","status":"publish","type":"page","link":"https:\/\/www.transcultures.com\/fr\/service-des-soins-internationaux\/","title":{"rendered":"SERVICE DES PATIENTS INTERNATIONAUX"},"content":{"rendered":"<p>TransCultures travaille en \u00e9troite collaboration avec les principaux \u00e9tablissements de sant\u00e9 dans le monde entier pour d\u00e9velopper leurs programmes de soins de sant\u00e9 internationaux. Nous offrons une gamme vari\u00e9e de solutions pour r\u00e9pondre aux besoins croissants des h\u00f4pitaux et des \u00e9tablissements de soins de sant\u00e9 pour attirer des patients \u00e9trangers et d\u00e9velopper avec succ\u00e8s des programmes de soins de sant\u00e9 internationaux. Prendre en consid\u00e9ration la culture est essentielle pour la r\u00e9ussite des programmes de soins de sant\u00e9 internationaux. Les programmes des patients internationaux sont des solutions pour les principaux \u00e9tablissements de sant\u00e9 \u00e0 travers un large \u00e9ventail de services qui comprennent:<\/p>\n<p>&#8211; Le d\u00e9veloppement de programmes<br \/>\n&#8211; La strat\u00e9gie globale de marketing<br \/>\n&#8211; des conf\u00e9rences, ateliers et diverses formations<br \/>\n&#8211; La formation du personnel aux relations interculturelles<br \/>\n&#8211; des services de traduction et d&#8217;interpr\u00e9tation<\/p>\n<p style=\"text-align: justify;\">TransCultures con\u00e7oit et met en \u0153uvre des solutions pour r\u00e9pondre sp\u00e9cifiquement aux besoins croissants dans le domaine international des h\u00f4pitaux et autres fournisseurs de soins de sant\u00e9 dans l&#8217;\u00e9laboration de programmes de soins de sant\u00e9 internationaux avec succ\u00e8s. Nous offrons des ateliers et des solutions de pointe dont les fournisseurs et \u00e9tablissements de sant\u00e9 ont besoin pour r\u00e9pondre plus rapidement \u00e0 la demande croissante de l\u2019industrie<\/p>\n<p style=\"text-align: justify;\">TransCultures con\u00e7oit et r\u00e9alise des programmes de formation et des ateliers destin\u00e9s \u00e0 r\u00e9pondre aux besoins des h\u00f4pitaux et autres fournisseurs de sant\u00e9. Ses ateliers de conformit\u00e9 proposent les solutions de pointe et les derni\u00e8res mises \u00e0 jour, dont les \u00e9tablissements et fournisseurs de soins ont besoin pour aborder les normes de soins de sant\u00e9 internationaux.<\/p>\n<h2>La formation \u00ab CLAS \u00bb<\/h2>\n<p>La formation de conformit\u00e9 des professionnels de sant\u00e9 aux normes \u00ab CLAS \u00bb est un atelier con\u00e7u pour r\u00e9pondre aux normes am\u00e9ricaines du D\u00e9partement de la Sant\u00e9 et des Services Humanitaires (HHS). Le bureau pour la sant\u00e9 des minorit\u00e9s de l\u2019HHS exige que tous les \u00e9tablissements et fournisseurs de sant\u00e9 soient conformes aux normes f\u00e9d\u00e9rales,et forment tous leurs personnels auxdites normes relatives aux Services Culturellement et Linguistiquement Appropri\u00e9s aux soins de sant\u00e9. Les formations aux normes \u00ab CLAS \u00bbpermettent de corriger les in\u00e9galit\u00e9s qui existent actuellement dans le secteur de la sant\u00e9, et d\u2019adapter les services de sant\u00e9 aux besoins personnels des patients. Ces normes sont ouvertes \u00e0 toutes les cultures, et elles ne se limitent \u00e0 aucun groupe de population en particulier. Mais elles sont surtout con\u00e7ues pour r\u00e9pondre aux besoins des groupes ethniques, linguistiques et raciaux qui rencontrent des difficult\u00e9s d\u2019acc\u00e8s aux services de sant\u00e9.<\/p>\n<p>L&#8217;objectif ultime de la norme \u00ab CLAS \u00bb est d\u2019\u00e9radiquer les disparit\u00e9s sanitaires d\u2019origine ethnic ou raciale et d\u2019am\u00e9liorer la sant\u00e9 de tous les Am\u00e9ricains. Dans ce sens,TransCultures travaille en \u00e9troite collaboration avec les fournisseurs de soins, afin de les aider, eux et leurs collaborateurs, \u00e0 se conformer aux directives f\u00e9d\u00e9rales. TransCultures con\u00e7oit \u00e0 travers tout le pays des ateliers de formation, afin que les \u00e9tablissements de sant\u00e9 soient en conformit\u00e9 avec les lignes directrices f\u00e9d\u00e9rales.<\/p>\n","protected":false},"excerpt":{"rendered":"<p>TransCultures travaille en \u00e9troite collaboration avec les principaux \u00e9tablissements de sant\u00e9 dans le monde entier pour d\u00e9velopper leurs programmes de soins de sant\u00e9 internationaux. Nous offrons une gamme vari\u00e9e de solutions pour r\u00e9pondre aux besoins croissants des h\u00f4pitaux et des \u00e9tablissements de soins de sant\u00e9 pour attirer des patients \u00e9trangers et d\u00e9velopper avec succ\u00e8s des &hellip;<\/p>\n<p class=\"read-more\"> <a class=\"\" href=\"https:\/\/www.transcultures.com\/fr\/service-des-soins-internationaux\/\"> <span class=\"screen-reader-text\">SERVICE DES PATIENTS INTERNATIONAUX<\/span> Read More \u00bb<\/a><\/p>\n","protected":false},"author":1,"featured_media":7664,"parent":0,"menu_order":0,"comment_status":"closed","ping_status":"open","template":"","meta":{"site-sidebar-layout":"default","site-content-layout":"default","ast-global-header-display":"","ast-main-header-display":"","ast-hfb-above-header-display":"","ast-hfb-below-header-display":"","ast-hfb-mobile-header-display":"","site-post-title":"","ast-breadcrumbs-content":"","ast-featured-img":"","footer-sml-layout":"","theme-transparent-header-meta":"default","adv-header-id-meta":"","stick-header-meta":"default","header-above-stick-meta":"","header-main-stick-meta":"","header-below-stick-meta":""},"categories":[121],"tags":[],"yoast_head":"<!-- This site is optimized with the Yoast SEO plugin v20.2.1 - https:\/\/yoast.com\/wordpress\/plugins\/seo\/ -->\n<title>SERVICE DES PATIENTS INTERNATIONAUX &bull; TransCultures<\/title>\n<meta name=\"description\" content=\"SERVICE DES PATIENTS INTERNATIONAUX multilingues:\u00a0H\u00f4pital Universitaire\u00a0Paris, Chicago, London.\u00a0\" \/>\n<meta name=\"robots\" content=\"index, follow, max-snippet:-1, max-image-preview:large, max-video-preview:-1\" \/>\n<link rel=\"canonical\" href=\"https:\/\/www.transcultures.com\/fr\/service-des-soins-internationaux\/\" \/>\n<meta property=\"og:locale\" content=\"fr_FR\" \/>\n<meta property=\"og:type\" content=\"article\" \/>\n<meta property=\"og:title\" content=\"SERVICE DES PATIENTS INTERNATIONAUX &bull; TransCultures\" \/>\n<meta property=\"og:description\" content=\"SERVICE DES PATIENTS INTERNATIONAUX multilingues:\u00a0H\u00f4pital Universitaire\u00a0Paris, Chicago, London.\u00a0\" \/>\n<meta property=\"og:url\" content=\"https:\/\/www.transcultures.com\/fr\/service-des-soins-internationaux\/\" \/>\n<meta property=\"og:site_name\" content=\"TransCultures\" \/>\n<meta property=\"article:publisher\" content=\"http:\/\/www.facebook.com\/TransCulturesLLC\" \/>\n<meta property=\"article:modified_time\" content=\"2021-05-09T16:58:16+00:00\" \/>\n<meta property=\"og:image\" content=\"https:\/\/www.transcultures.com\/wp-content\/uploads\/2013\/09\/TransCultures-International-Patient-Services.png\" \/>\n\t<meta property=\"og:image:width\" content=\"1170\" \/>\n\t<meta property=\"og:image:height\" content=\"365\" \/>\n\t<meta property=\"og:image:type\" content=\"image\/png\" \/>\n<meta name=\"twitter:label1\" content=\"Est. reading time\" \/>\n\t<meta name=\"twitter:data1\" content=\"3 minutes\" \/>\n<script type=\"application\/ld+json\" class=\"yoast-schema-graph\">{\"@context\":\"https:\/\/schema.org\",\"@graph\":[{\"@type\":\"WebPage\",\"@id\":\"https:\/\/www.transcultures.com\/fr\/service-des-soins-internationaux\/\",\"url\":\"https:\/\/www.transcultures.com\/fr\/service-des-soins-internationaux\/\",\"name\":\"SERVICE DES PATIENTS INTERNATIONAUX &bull; TransCultures\",\"isPartOf\":{\"@id\":\"https:\/\/www.transcultures.com\/fr\/#website\"},\"datePublished\":\"2014-04-11T20:37:10+00:00\",\"dateModified\":\"2021-05-09T16:58:16+00:00\",\"description\":\"SERVICE DES PATIENTS INTERNATIONAUX multilingues:\u00a0H\u00f4pital Universitaire\u00a0Paris, Chicago, London.\u00a0\",\"breadcrumb\":{\"@id\":\"https:\/\/www.transcultures.com\/fr\/service-des-soins-internationaux\/#breadcrumb\"},\"inLanguage\":\"FR-FR\",\"potentialAction\":[{\"@type\":\"ReadAction\",\"target\":[\"https:\/\/www.transcultures.com\/fr\/service-des-soins-internationaux\/\"]}]},{\"@type\":\"BreadcrumbList\",\"@id\":\"https:\/\/www.transcultures.com\/fr\/service-des-soins-internationaux\/#breadcrumb\",\"itemListElement\":[{\"@type\":\"ListItem\",\"position\":1,\"name\":\"Home\",\"item\":\"https:\/\/www.transcultures.com\/fr\/\"},{\"@type\":\"ListItem\",\"position\":2,\"name\":\"SERVICE DES PATIENTS INTERNATIONAUX\"}]},{\"@type\":\"WebSite\",\"@id\":\"https:\/\/www.transcultures.com\/fr\/#website\",\"url\":\"https:\/\/www.transcultures.com\/fr\/\",\"name\":\"TransCultures\",\"description\":\"Translation Interpretation Formation Consulting Languages\",\"publisher\":{\"@id\":\"https:\/\/www.transcultures.com\/fr\/#organization\"},\"potentialAction\":[{\"@type\":\"SearchAction\",\"target\":{\"@type\":\"EntryPoint\",\"urlTemplate\":\"https:\/\/www.transcultures.com\/fr\/?s={search_term_string}\"},\"query-input\":\"required name=search_term_string\"}],\"inLanguage\":\"FR-FR\"},{\"@type\":\"Organization\",\"@id\":\"https:\/\/www.transcultures.com\/fr\/#organization\",\"name\":\"TransCultures\",\"url\":\"https:\/\/www.transcultures.com\/fr\/\",\"logo\":{\"@type\":\"ImageObject\",\"inLanguage\":\"FR-FR\",\"@id\":\"https:\/\/www.transcultures.com\/fr\/#\/schema\/logo\/image\/\",\"url\":\"https:\/\/www.transcultures.com\/wp-content\/uploads\/2015\/01\/TransCultures_Logo2.png\",\"contentUrl\":\"https:\/\/www.transcultures.com\/wp-content\/uploads\/2015\/01\/TransCultures_Logo2.png\",\"width\":347,\"height\":100,\"caption\":\"TransCultures\"},\"image\":{\"@id\":\"https:\/\/www.transcultures.com\/fr\/#\/schema\/logo\/image\/\"},\"sameAs\":[\"http:\/\/www.facebook.com\/TransCulturesLLC\",\"https:\/\/twitter.com\/TransCultures\"]}]}<\/script>\n<!-- \/ Yoast SEO plugin. -->","yoast_head_json":{"title":"SERVICE DES PATIENTS INTERNATIONAUX &bull; TransCultures","description":"SERVICE DES PATIENTS INTERNATIONAUX multilingues:\u00a0H\u00f4pital Universitaire\u00a0Paris, Chicago, London.\u00a0","robots":{"index":"index","follow":"follow","max-snippet":"max-snippet:-1","max-image-preview":"max-image-preview:large","max-video-preview":"max-video-preview:-1"},"canonical":"https:\/\/www.transcultures.com\/fr\/service-des-soins-internationaux\/","og_locale":"fr_FR","og_type":"article","og_title":"SERVICE DES PATIENTS INTERNATIONAUX &bull; TransCultures","og_description":"SERVICE DES PATIENTS INTERNATIONAUX multilingues:\u00a0H\u00f4pital Universitaire\u00a0Paris, Chicago, London.\u00a0","og_url":"https:\/\/www.transcultures.com\/fr\/service-des-soins-internationaux\/","og_site_name":"TransCultures","article_publisher":"http:\/\/www.facebook.com\/TransCulturesLLC","article_modified_time":"2021-05-09T16:58:16+00:00","og_image":[{"width":1170,"height":365,"url":"https:\/\/www.transcultures.com\/wp-content\/uploads\/2013\/09\/TransCultures-International-Patient-Services.png","type":"image\/png"}],"twitter_misc":{"Est. reading time":"3 minutes"},"schema":{"@context":"https:\/\/schema.org","@graph":[{"@type":"WebPage","@id":"https:\/\/www.transcultures.com\/fr\/service-des-soins-internationaux\/","url":"https:\/\/www.transcultures.com\/fr\/service-des-soins-internationaux\/","name":"SERVICE DES PATIENTS INTERNATIONAUX &bull; TransCultures","isPartOf":{"@id":"https:\/\/www.transcultures.com\/fr\/#website"},"datePublished":"2014-04-11T20:37:10+00:00","dateModified":"2021-05-09T16:58:16+00:00","description":"SERVICE DES PATIENTS INTERNATIONAUX multilingues:\u00a0H\u00f4pital Universitaire\u00a0Paris, Chicago, London.\u00a0","breadcrumb":{"@id":"https:\/\/www.transcultures.com\/fr\/service-des-soins-internationaux\/#breadcrumb"},"inLanguage":"FR-FR","potentialAction":[{"@type":"ReadAction","target":["https:\/\/www.transcultures.com\/fr\/service-des-soins-internationaux\/"]}]},{"@type":"BreadcrumbList","@id":"https:\/\/www.transcultures.com\/fr\/service-des-soins-internationaux\/#breadcrumb","itemListElement":[{"@type":"ListItem","position":1,"name":"Home","item":"https:\/\/www.transcultures.com\/fr\/"},{"@type":"ListItem","position":2,"name":"SERVICE DES PATIENTS INTERNATIONAUX"}]},{"@type":"WebSite","@id":"https:\/\/www.transcultures.com\/fr\/#website","url":"https:\/\/www.transcultures.com\/fr\/","name":"TransCultures","description":"Translation Interpretation Formation Consulting Languages","publisher":{"@id":"https:\/\/www.transcultures.com\/fr\/#organization"},"potentialAction":[{"@type":"SearchAction","target":{"@type":"EntryPoint","urlTemplate":"https:\/\/www.transcultures.com\/fr\/?s={search_term_string}"},"query-input":"required name=search_term_string"}],"inLanguage":"FR-FR"},{"@type":"Organization","@id":"https:\/\/www.transcultures.com\/fr\/#organization","name":"TransCultures","url":"https:\/\/www.transcultures.com\/fr\/","logo":{"@type":"ImageObject","inLanguage":"FR-FR","@id":"https:\/\/www.transcultures.com\/fr\/#\/schema\/logo\/image\/","url":"https:\/\/www.transcultures.com\/wp-content\/uploads\/2015\/01\/TransCultures_Logo2.png","contentUrl":"https:\/\/www.transcultures.com\/wp-content\/uploads\/2015\/01\/TransCultures_Logo2.png","width":347,"height":100,"caption":"TransCultures"},"image":{"@id":"https:\/\/www.transcultures.com\/fr\/#\/schema\/logo\/image\/"},"sameAs":["http:\/\/www.facebook.com\/TransCulturesLLC","https:\/\/twitter.com\/TransCultures"]}]}},"_links":{"self":[{"href":"https:\/\/www.transcultures.com\/fr\/wp-json\/wp\/v2\/pages\/5572"}],"collection":[{"href":"https:\/\/www.transcultures.com\/fr\/wp-json\/wp\/v2\/pages"}],"about":[{"href":"https:\/\/www.transcultures.com\/fr\/wp-json\/wp\/v2\/types\/page"}],"author":[{"embeddable":true,"href":"https:\/\/www.transcultures.com\/fr\/wp-json\/wp\/v2\/users\/1"}],"replies":[{"embeddable":true,"href":"https:\/\/www.transcultures.com\/fr\/wp-json\/wp\/v2\/comments?post=5572"}],"version-history":[{"count":0,"href":"https:\/\/www.transcultures.com\/fr\/wp-json\/wp\/v2\/pages\/5572\/revisions"}],"wp:featuredmedia":[{"embeddable":true,"href":"https:\/\/www.transcultures.com\/fr\/wp-json\/wp\/v2\/media\/7664"}],"wp:attachment":[{"href":"https:\/\/www.transcultures.com\/fr\/wp-json\/wp\/v2\/media?parent=5572"}],"wp:term":[{"taxonomy":"category","embeddable":true,"href":"https:\/\/www.transcultures.com\/fr\/wp-json\/wp\/v2\/categories?post=5572"},{"taxonomy":"post_tag","embeddable":true,"href":"https:\/\/www.transcultures.com\/fr\/wp-json\/wp\/v2\/tags?post=5572"}],"curies":[{"name":"wp","href":"https:\/\/api.w.org\/{rel}","templated":true}]}}