{"id":5566,"date":"2014-04-11T20:17:22","date_gmt":"2014-04-11T20:17:22","guid":{"rendered":"https:\/\/www.transcultures.com\/?page_id=5566"},"modified":"2021-05-29T19:25:42","modified_gmt":"2021-05-29T19:25:42","slug":"formation","status":"publish","type":"page","link":"https:\/\/www.transcultures.com\/fr\/formation\/","title":{"rendered":"FORMATION"},"content":{"rendered":"\n<p>TransCultures offre une vari\u00e9t\u00e9 de programmes de formations culturelles aux clients dans diverses industries. Nos formations culturelles sont des outils essentiels qui permettent aux professionnels d&#8217;\u00e9largir leurs connaissances et d&#8217;am\u00e9liorer leurs interactions avec les publics \u00e9trangers. Si vous voulez exceller dans la diplomatie, la vente \u00e0 de nouveaux clients, ou le traitement de nouveaux patients, les programmes culturels TransCultures vous aideront \u00e0 atteindre vos objectifs. Nos programmes de formation aident les organisations \u00e0 comprendre et \u00e0 tirer profit des perspectives culturelles en interagissant respectueusement avec le public \u00e9tranger et en communicant efficacement en vue d\u2019obtenir des r\u00e9sultats meilleurs.<\/p>\n\n\n\n<div class=\"wp-block-image\"><figure class=\"aligncenter\"><a href=\"http:\/\/www.transcultures.com\/wp-content\/uploads\/2013\/09\/orange-logo.jpg\"><img decoding=\"async\" loading=\"lazy\" width=\"300\" height=\"73\" src=\"http:\/\/www.transcultures.com\/wp-content\/uploads\/2013\/09\/orange-logo-300x73.jpg\" alt=\"orange-logo\" class=\"wp-image-7118\" srcset=\"https:\/\/www.transcultures.com\/wp-content\/uploads\/2013\/09\/orange-logo-300x73.jpg 300w, https:\/\/www.transcultures.com\/wp-content\/uploads\/2013\/09\/orange-logo.jpg 414w\" sizes=\"(max-width: 300px) 100vw, 300px\" \/><\/a><\/figure><\/div>\n","protected":false},"excerpt":{"rendered":"<p>TransCultures offre une vari\u00e9t\u00e9 de programmes de formations culturelles aux clients dans diverses industries. Nos formations culturelles sont des outils essentiels qui permettent aux professionnels d&#8217;\u00e9largir leurs connaissances et d&#8217;am\u00e9liorer leurs interactions avec les publics \u00e9trangers. Si vous voulez exceller dans la diplomatie, la vente \u00e0 de nouveaux clients, ou le traitement de nouveaux patients, &hellip;<\/p>\n<p class=\"read-more\"> <a class=\"\" href=\"https:\/\/www.transcultures.com\/fr\/formation\/\"> <span class=\"screen-reader-text\">FORMATION<\/span> Read More \u00bb<\/a><\/p>\n","protected":false},"author":1,"featured_media":7697,"parent":0,"menu_order":0,"comment_status":"closed","ping_status":"open","template":"","meta":{"site-sidebar-layout":"default","site-content-layout":"default","ast-global-header-display":"","ast-main-header-display":"","ast-hfb-above-header-display":"","ast-hfb-below-header-display":"","ast-hfb-mobile-header-display":"","site-post-title":"","ast-breadcrumbs-content":"","ast-featured-img":"","footer-sml-layout":"","theme-transparent-header-meta":"default","adv-header-id-meta":"","stick-header-meta":"default","header-above-stick-meta":"","header-main-stick-meta":"","header-below-stick-meta":""},"categories":[121],"tags":[],"yoast_head":"<!-- This site is optimized with the Yoast SEO plugin v20.2.1 - https:\/\/yoast.com\/wordpress\/plugins\/seo\/ -->\n<title>FORMATION &bull; TransCultures<\/title>\n<meta name=\"robots\" content=\"index, follow, max-snippet:-1, max-image-preview:large, max-video-preview:-1\" \/>\n<link rel=\"canonical\" href=\"https:\/\/www.transcultures.com\/fr\/formation\/\" \/>\n<meta property=\"og:locale\" content=\"fr_FR\" \/>\n<meta property=\"og:type\" content=\"article\" \/>\n<meta property=\"og:title\" content=\"FORMATION &bull; TransCultures\" \/>\n<meta property=\"og:description\" content=\"TransCultures offre une vari\u00e9t\u00e9 de programmes de formations culturelles aux clients dans diverses industries. Nos formations culturelles sont des outils essentiels qui permettent aux professionnels d&#8217;\u00e9largir leurs connaissances et d&#8217;am\u00e9liorer leurs interactions avec les publics \u00e9trangers. Si vous voulez exceller dans la diplomatie, la vente \u00e0 de nouveaux clients, ou le traitement de nouveaux patients, &hellip; FORMATION Read More \u00bb\" \/>\n<meta property=\"og:url\" content=\"https:\/\/www.transcultures.com\/fr\/formation\/\" \/>\n<meta property=\"og:site_name\" content=\"TransCultures\" \/>\n<meta property=\"article:publisher\" content=\"http:\/\/www.facebook.com\/TransCulturesLLC\" \/>\n<meta property=\"article:modified_time\" content=\"2021-05-29T19:25:42+00:00\" \/>\n<meta property=\"og:image\" content=\"https:\/\/www.transcultures.com\/wp-content\/uploads\/2013\/09\/TransCultures-Cross-Cultural-Training.png\" \/>\n\t<meta property=\"og:image:width\" content=\"1170\" \/>\n\t<meta property=\"og:image:height\" content=\"365\" \/>\n\t<meta property=\"og:image:type\" content=\"image\/png\" \/>\n<meta name=\"twitter:label1\" content=\"Est. reading time\" \/>\n\t<meta name=\"twitter:data1\" content=\"1 minute\" \/>\n<script type=\"application\/ld+json\" class=\"yoast-schema-graph\">{\"@context\":\"https:\/\/schema.org\",\"@graph\":[{\"@type\":\"WebPage\",\"@id\":\"https:\/\/www.transcultures.com\/fr\/formation\/\",\"url\":\"https:\/\/www.transcultures.com\/fr\/formation\/\",\"name\":\"FORMATION &bull; TransCultures\",\"isPartOf\":{\"@id\":\"https:\/\/www.transcultures.com\/fr\/#website\"},\"datePublished\":\"2014-04-11T20:17:22+00:00\",\"dateModified\":\"2021-05-29T19:25:42+00:00\",\"breadcrumb\":{\"@id\":\"https:\/\/www.transcultures.com\/fr\/formation\/#breadcrumb\"},\"inLanguage\":\"FR-FR\",\"potentialAction\":[{\"@type\":\"ReadAction\",\"target\":[\"https:\/\/www.transcultures.com\/fr\/formation\/\"]}]},{\"@type\":\"BreadcrumbList\",\"@id\":\"https:\/\/www.transcultures.com\/fr\/formation\/#breadcrumb\",\"itemListElement\":[{\"@type\":\"ListItem\",\"position\":1,\"name\":\"Home\",\"item\":\"https:\/\/www.transcultures.com\/fr\/\"},{\"@type\":\"ListItem\",\"position\":2,\"name\":\"FORMATION\"}]},{\"@type\":\"WebSite\",\"@id\":\"https:\/\/www.transcultures.com\/fr\/#website\",\"url\":\"https:\/\/www.transcultures.com\/fr\/\",\"name\":\"TransCultures\",\"description\":\"Translation Interpretation Formation Consulting Languages\",\"publisher\":{\"@id\":\"https:\/\/www.transcultures.com\/fr\/#organization\"},\"potentialAction\":[{\"@type\":\"SearchAction\",\"target\":{\"@type\":\"EntryPoint\",\"urlTemplate\":\"https:\/\/www.transcultures.com\/fr\/?s={search_term_string}\"},\"query-input\":\"required name=search_term_string\"}],\"inLanguage\":\"FR-FR\"},{\"@type\":\"Organization\",\"@id\":\"https:\/\/www.transcultures.com\/fr\/#organization\",\"name\":\"TransCultures\",\"url\":\"https:\/\/www.transcultures.com\/fr\/\",\"logo\":{\"@type\":\"ImageObject\",\"inLanguage\":\"FR-FR\",\"@id\":\"https:\/\/www.transcultures.com\/fr\/#\/schema\/logo\/image\/\",\"url\":\"https:\/\/www.transcultures.com\/wp-content\/uploads\/2015\/01\/TransCultures_Logo2.png\",\"contentUrl\":\"https:\/\/www.transcultures.com\/wp-content\/uploads\/2015\/01\/TransCultures_Logo2.png\",\"width\":347,\"height\":100,\"caption\":\"TransCultures\"},\"image\":{\"@id\":\"https:\/\/www.transcultures.com\/fr\/#\/schema\/logo\/image\/\"},\"sameAs\":[\"http:\/\/www.facebook.com\/TransCulturesLLC\",\"https:\/\/twitter.com\/TransCultures\"]}]}<\/script>\n<!-- \/ Yoast SEO plugin. -->","yoast_head_json":{"title":"FORMATION &bull; TransCultures","robots":{"index":"index","follow":"follow","max-snippet":"max-snippet:-1","max-image-preview":"max-image-preview:large","max-video-preview":"max-video-preview:-1"},"canonical":"https:\/\/www.transcultures.com\/fr\/formation\/","og_locale":"fr_FR","og_type":"article","og_title":"FORMATION &bull; TransCultures","og_description":"TransCultures offre une vari\u00e9t\u00e9 de programmes de formations culturelles aux clients dans diverses industries. Nos formations culturelles sont des outils essentiels qui permettent aux professionnels d&#8217;\u00e9largir leurs connaissances et d&#8217;am\u00e9liorer leurs interactions avec les publics \u00e9trangers. Si vous voulez exceller dans la diplomatie, la vente \u00e0 de nouveaux clients, ou le traitement de nouveaux patients, &hellip; FORMATION Read More \u00bb","og_url":"https:\/\/www.transcultures.com\/fr\/formation\/","og_site_name":"TransCultures","article_publisher":"http:\/\/www.facebook.com\/TransCulturesLLC","article_modified_time":"2021-05-29T19:25:42+00:00","og_image":[{"width":1170,"height":365,"url":"https:\/\/www.transcultures.com\/wp-content\/uploads\/2013\/09\/TransCultures-Cross-Cultural-Training.png","type":"image\/png"}],"twitter_misc":{"Est. reading time":"1 minute"},"schema":{"@context":"https:\/\/schema.org","@graph":[{"@type":"WebPage","@id":"https:\/\/www.transcultures.com\/fr\/formation\/","url":"https:\/\/www.transcultures.com\/fr\/formation\/","name":"FORMATION &bull; TransCultures","isPartOf":{"@id":"https:\/\/www.transcultures.com\/fr\/#website"},"datePublished":"2014-04-11T20:17:22+00:00","dateModified":"2021-05-29T19:25:42+00:00","breadcrumb":{"@id":"https:\/\/www.transcultures.com\/fr\/formation\/#breadcrumb"},"inLanguage":"FR-FR","potentialAction":[{"@type":"ReadAction","target":["https:\/\/www.transcultures.com\/fr\/formation\/"]}]},{"@type":"BreadcrumbList","@id":"https:\/\/www.transcultures.com\/fr\/formation\/#breadcrumb","itemListElement":[{"@type":"ListItem","position":1,"name":"Home","item":"https:\/\/www.transcultures.com\/fr\/"},{"@type":"ListItem","position":2,"name":"FORMATION"}]},{"@type":"WebSite","@id":"https:\/\/www.transcultures.com\/fr\/#website","url":"https:\/\/www.transcultures.com\/fr\/","name":"TransCultures","description":"Translation Interpretation Formation Consulting Languages","publisher":{"@id":"https:\/\/www.transcultures.com\/fr\/#organization"},"potentialAction":[{"@type":"SearchAction","target":{"@type":"EntryPoint","urlTemplate":"https:\/\/www.transcultures.com\/fr\/?s={search_term_string}"},"query-input":"required name=search_term_string"}],"inLanguage":"FR-FR"},{"@type":"Organization","@id":"https:\/\/www.transcultures.com\/fr\/#organization","name":"TransCultures","url":"https:\/\/www.transcultures.com\/fr\/","logo":{"@type":"ImageObject","inLanguage":"FR-FR","@id":"https:\/\/www.transcultures.com\/fr\/#\/schema\/logo\/image\/","url":"https:\/\/www.transcultures.com\/wp-content\/uploads\/2015\/01\/TransCultures_Logo2.png","contentUrl":"https:\/\/www.transcultures.com\/wp-content\/uploads\/2015\/01\/TransCultures_Logo2.png","width":347,"height":100,"caption":"TransCultures"},"image":{"@id":"https:\/\/www.transcultures.com\/fr\/#\/schema\/logo\/image\/"},"sameAs":["http:\/\/www.facebook.com\/TransCulturesLLC","https:\/\/twitter.com\/TransCultures"]}]}},"_links":{"self":[{"href":"https:\/\/www.transcultures.com\/fr\/wp-json\/wp\/v2\/pages\/5566"}],"collection":[{"href":"https:\/\/www.transcultures.com\/fr\/wp-json\/wp\/v2\/pages"}],"about":[{"href":"https:\/\/www.transcultures.com\/fr\/wp-json\/wp\/v2\/types\/page"}],"author":[{"embeddable":true,"href":"https:\/\/www.transcultures.com\/fr\/wp-json\/wp\/v2\/users\/1"}],"replies":[{"embeddable":true,"href":"https:\/\/www.transcultures.com\/fr\/wp-json\/wp\/v2\/comments?post=5566"}],"version-history":[{"count":1,"href":"https:\/\/www.transcultures.com\/fr\/wp-json\/wp\/v2\/pages\/5566\/revisions"}],"predecessor-version":[{"id":10138,"href":"https:\/\/www.transcultures.com\/fr\/wp-json\/wp\/v2\/pages\/5566\/revisions\/10138"}],"wp:featuredmedia":[{"embeddable":true,"href":"https:\/\/www.transcultures.com\/fr\/wp-json\/wp\/v2\/media\/7697"}],"wp:attachment":[{"href":"https:\/\/www.transcultures.com\/fr\/wp-json\/wp\/v2\/media?parent=5566"}],"wp:term":[{"taxonomy":"category","embeddable":true,"href":"https:\/\/www.transcultures.com\/fr\/wp-json\/wp\/v2\/categories?post=5566"},{"taxonomy":"post_tag","embeddable":true,"href":"https:\/\/www.transcultures.com\/fr\/wp-json\/wp\/v2\/tags?post=5566"}],"curies":[{"name":"wp","href":"https:\/\/api.w.org\/{rel}","templated":true}]}}