{"id":5564,"date":"2014-04-11T20:13:26","date_gmt":"2014-04-11T20:13:26","guid":{"rendered":"https:\/\/www.transcultures.com\/?page_id=5564"},"modified":"2021-05-07T19:46:44","modified_gmt":"2021-05-07T19:46:44","slug":"les-tests-de-competences-linguistiques","status":"publish","type":"page","link":"https:\/\/www.transcultures.com\/fr\/les-tests-de-competences-linguistiques\/","title":{"rendered":"LES TESTS DE COMPETENCES LINGUISTIQUES"},"content":{"rendered":"\n<p>TransCultures offre des tests de comp\u00e9tences linguistiques aux soci\u00e9t\u00e9s et aux organisations gouvernementales et non gouvernementales du monde entier. En raison de l&#8217;intensification du commerce international et de l&#8217;activit\u00e9 \u00e9conomique, des interactions diplomatiques et du processus d&#8217;int\u00e9gration politique, le besoin de proc\u00e9der \u00e0 des tests exacts et objectifs s\u2019est accru pour les professionnels multilingues. TransCultures met au point et applique des tests de comp\u00e9tences dans plus de 100 langues. Nos tests v\u00e9rifient l\u2019aptitude des employ\u00e9s \u00e0 effectuer avec comp\u00e9tence les t\u00e2ches li\u00e9es \u00e0 la langue cibl\u00e9e. Les professionnels qui interagissent avec des associ\u00e9s d&#8217;affaires et des partenaires internationaux dans une langue \u00e9trang\u00e8re sp\u00e9cifique ont besoin de comp\u00e9tences linguistiques propres \u00e0 leur champ d\u2019activit\u00e9, afin de communiquer au mieux avec leur milieu. Les tests de comp\u00e9tences linguistiques de TransCultures r\u00e9pondent aux normes nationales et internationales, que ce soit pour les universit\u00e9s, les entreprises et les gouvernements (telles que celles fix\u00e9es par le Conseil Am\u00e9ricain d\u2019Enseignement des Langues Etrang\u00e8res \u2013 l\u2019ACTFL \u2013 et le Defense Language Institute). Nous d\u00e9veloppons et adaptons constamment nos tests pour \u00eatre \u00e0 la pointe du secteur et pour r\u00e9pondre aux besoins croissants de nos clients dans le domaine des tests linguistiques.<\/p>\n\n\n\n<p><strong>Les tests de comp\u00e9tences linguistiques offrent les avantages suivants :<\/strong><\/p>\n\n\n\n<ul><li>Ils donnent aux employeurs l\u2019opportunit\u00e9 d\u2019\u00e9valuer avec pr\u00e9cision les comp\u00e9tences de leur personnel, afin de r\u00e9pondre aux besoins de leur soci\u00e9t\u00e9 ou organisation.<\/li><li>Ils aident les employeurs \u00e0 fixer des standards de recrutement, mettre en place des \u00e9valuations et mettre au point des descriptions de t\u00e2ches.<\/li><li>Ils cr\u00e9ent les cadres au sein desquels l\u2019am\u00e9lioration des comp\u00e9tences dans une langue \u00e9trang\u00e8re peut \u00eatre guid\u00e9e, suivie et accomplie.<\/li><li>Ils apportent aux fournisseurs de formation linguistique une vision pr\u00e9cise de la situation du personnel, de mani\u00e8re \u00e0 concevoir les cours appropri\u00e9s aux besoins des employeurs.<\/li><\/ul>\n","protected":false},"excerpt":{"rendered":"<p>TransCultures offre des tests de comp\u00e9tences linguistiques aux soci\u00e9t\u00e9s et aux organisations gouvernementales et non gouvernementales du monde entier. En raison de l&#8217;intensification du commerce international et de l&#8217;activit\u00e9 \u00e9conomique, des interactions diplomatiques et du processus d&#8217;int\u00e9gration politique, le besoin de proc\u00e9der \u00e0 des tests exacts et objectifs s\u2019est accru pour les professionnels multilingues. TransCultures &hellip;<\/p>\n<p class=\"read-more\"> <a class=\"\" href=\"https:\/\/www.transcultures.com\/fr\/les-tests-de-competences-linguistiques\/\"> <span class=\"screen-reader-text\">LES TESTS DE COMPETENCES LINGUISTIQUES<\/span> Read More \u00bb<\/a><\/p>\n","protected":false},"author":1,"featured_media":7706,"parent":0,"menu_order":0,"comment_status":"closed","ping_status":"open","template":"","meta":{"site-sidebar-layout":"default","site-content-layout":"default","ast-global-header-display":"","ast-main-header-display":"","ast-hfb-above-header-display":"","ast-hfb-below-header-display":"","ast-hfb-mobile-header-display":"","site-post-title":"","ast-breadcrumbs-content":"","ast-featured-img":"","footer-sml-layout":"","theme-transparent-header-meta":"default","adv-header-id-meta":"","stick-header-meta":"default","header-above-stick-meta":"","header-main-stick-meta":"","header-below-stick-meta":""},"categories":[118],"tags":[],"yoast_head":"<!-- This site is optimized with the Yoast SEO plugin v20.2.1 - https:\/\/yoast.com\/wordpress\/plugins\/seo\/ -->\n<title>LES TESTS DE COMPETENCES LINGUISTIQUES &bull; TransCultures<\/title>\n<meta name=\"robots\" content=\"index, follow, max-snippet:-1, max-image-preview:large, max-video-preview:-1\" \/>\n<link rel=\"canonical\" href=\"https:\/\/www.transcultures.com\/fr\/les-tests-de-competences-linguistiques\/\" \/>\n<meta property=\"og:locale\" content=\"fr_FR\" \/>\n<meta property=\"og:type\" content=\"article\" \/>\n<meta property=\"og:title\" content=\"LES TESTS DE COMPETENCES LINGUISTIQUES &bull; TransCultures\" \/>\n<meta property=\"og:description\" content=\"TransCultures offre des tests de comp\u00e9tences linguistiques aux soci\u00e9t\u00e9s et aux organisations gouvernementales et non gouvernementales du monde entier. En raison de l&#8217;intensification du commerce international et de l&#8217;activit\u00e9 \u00e9conomique, des interactions diplomatiques et du processus d&#8217;int\u00e9gration politique, le besoin de proc\u00e9der \u00e0 des tests exacts et objectifs s\u2019est accru pour les professionnels multilingues. TransCultures &hellip; LES TESTS DE COMPETENCES LINGUISTIQUES Read More \u00bb\" \/>\n<meta property=\"og:url\" content=\"https:\/\/www.transcultures.com\/fr\/les-tests-de-competences-linguistiques\/\" \/>\n<meta property=\"og:site_name\" content=\"TransCultures\" \/>\n<meta property=\"article:publisher\" content=\"http:\/\/www.facebook.com\/TransCulturesLLC\" \/>\n<meta property=\"article:modified_time\" content=\"2021-05-07T19:46:44+00:00\" \/>\n<meta property=\"og:image\" content=\"https:\/\/www.transcultures.com\/wp-content\/uploads\/2013\/09\/TransCultures-Language-ProficiencyTesting.png\" \/>\n\t<meta property=\"og:image:width\" content=\"1170\" \/>\n\t<meta property=\"og:image:height\" content=\"365\" \/>\n\t<meta property=\"og:image:type\" content=\"image\/png\" \/>\n<meta name=\"twitter:label1\" content=\"Est. reading time\" \/>\n\t<meta name=\"twitter:data1\" content=\"2 minutes\" \/>\n<script type=\"application\/ld+json\" class=\"yoast-schema-graph\">{\"@context\":\"https:\/\/schema.org\",\"@graph\":[{\"@type\":\"WebPage\",\"@id\":\"https:\/\/www.transcultures.com\/fr\/les-tests-de-competences-linguistiques\/\",\"url\":\"https:\/\/www.transcultures.com\/fr\/les-tests-de-competences-linguistiques\/\",\"name\":\"LES TESTS DE COMPETENCES LINGUISTIQUES &bull; TransCultures\",\"isPartOf\":{\"@id\":\"https:\/\/www.transcultures.com\/fr\/#website\"},\"datePublished\":\"2014-04-11T20:13:26+00:00\",\"dateModified\":\"2021-05-07T19:46:44+00:00\",\"breadcrumb\":{\"@id\":\"https:\/\/www.transcultures.com\/fr\/les-tests-de-competences-linguistiques\/#breadcrumb\"},\"inLanguage\":\"FR-FR\",\"potentialAction\":[{\"@type\":\"ReadAction\",\"target\":[\"https:\/\/www.transcultures.com\/fr\/les-tests-de-competences-linguistiques\/\"]}]},{\"@type\":\"BreadcrumbList\",\"@id\":\"https:\/\/www.transcultures.com\/fr\/les-tests-de-competences-linguistiques\/#breadcrumb\",\"itemListElement\":[{\"@type\":\"ListItem\",\"position\":1,\"name\":\"Home\",\"item\":\"https:\/\/www.transcultures.com\/fr\/\"},{\"@type\":\"ListItem\",\"position\":2,\"name\":\"LES TESTS DE COMPETENCES LINGUISTIQUES\"}]},{\"@type\":\"WebSite\",\"@id\":\"https:\/\/www.transcultures.com\/fr\/#website\",\"url\":\"https:\/\/www.transcultures.com\/fr\/\",\"name\":\"TransCultures\",\"description\":\"Translation Interpretation Formation Consulting Languages\",\"publisher\":{\"@id\":\"https:\/\/www.transcultures.com\/fr\/#organization\"},\"potentialAction\":[{\"@type\":\"SearchAction\",\"target\":{\"@type\":\"EntryPoint\",\"urlTemplate\":\"https:\/\/www.transcultures.com\/fr\/?s={search_term_string}\"},\"query-input\":\"required name=search_term_string\"}],\"inLanguage\":\"FR-FR\"},{\"@type\":\"Organization\",\"@id\":\"https:\/\/www.transcultures.com\/fr\/#organization\",\"name\":\"TransCultures\",\"url\":\"https:\/\/www.transcultures.com\/fr\/\",\"logo\":{\"@type\":\"ImageObject\",\"inLanguage\":\"FR-FR\",\"@id\":\"https:\/\/www.transcultures.com\/fr\/#\/schema\/logo\/image\/\",\"url\":\"https:\/\/www.transcultures.com\/wp-content\/uploads\/2015\/01\/TransCultures_Logo2.png\",\"contentUrl\":\"https:\/\/www.transcultures.com\/wp-content\/uploads\/2015\/01\/TransCultures_Logo2.png\",\"width\":347,\"height\":100,\"caption\":\"TransCultures\"},\"image\":{\"@id\":\"https:\/\/www.transcultures.com\/fr\/#\/schema\/logo\/image\/\"},\"sameAs\":[\"http:\/\/www.facebook.com\/TransCulturesLLC\",\"https:\/\/twitter.com\/TransCultures\"]}]}<\/script>\n<!-- \/ Yoast SEO plugin. -->","yoast_head_json":{"title":"LES TESTS DE COMPETENCES LINGUISTIQUES &bull; TransCultures","robots":{"index":"index","follow":"follow","max-snippet":"max-snippet:-1","max-image-preview":"max-image-preview:large","max-video-preview":"max-video-preview:-1"},"canonical":"https:\/\/www.transcultures.com\/fr\/les-tests-de-competences-linguistiques\/","og_locale":"fr_FR","og_type":"article","og_title":"LES TESTS DE COMPETENCES LINGUISTIQUES &bull; TransCultures","og_description":"TransCultures offre des tests de comp\u00e9tences linguistiques aux soci\u00e9t\u00e9s et aux organisations gouvernementales et non gouvernementales du monde entier. En raison de l&#8217;intensification du commerce international et de l&#8217;activit\u00e9 \u00e9conomique, des interactions diplomatiques et du processus d&#8217;int\u00e9gration politique, le besoin de proc\u00e9der \u00e0 des tests exacts et objectifs s\u2019est accru pour les professionnels multilingues. TransCultures &hellip; LES TESTS DE COMPETENCES LINGUISTIQUES Read More \u00bb","og_url":"https:\/\/www.transcultures.com\/fr\/les-tests-de-competences-linguistiques\/","og_site_name":"TransCultures","article_publisher":"http:\/\/www.facebook.com\/TransCulturesLLC","article_modified_time":"2021-05-07T19:46:44+00:00","og_image":[{"width":1170,"height":365,"url":"https:\/\/www.transcultures.com\/wp-content\/uploads\/2013\/09\/TransCultures-Language-ProficiencyTesting.png","type":"image\/png"}],"twitter_misc":{"Est. reading time":"2 minutes"},"schema":{"@context":"https:\/\/schema.org","@graph":[{"@type":"WebPage","@id":"https:\/\/www.transcultures.com\/fr\/les-tests-de-competences-linguistiques\/","url":"https:\/\/www.transcultures.com\/fr\/les-tests-de-competences-linguistiques\/","name":"LES TESTS DE COMPETENCES LINGUISTIQUES &bull; TransCultures","isPartOf":{"@id":"https:\/\/www.transcultures.com\/fr\/#website"},"datePublished":"2014-04-11T20:13:26+00:00","dateModified":"2021-05-07T19:46:44+00:00","breadcrumb":{"@id":"https:\/\/www.transcultures.com\/fr\/les-tests-de-competences-linguistiques\/#breadcrumb"},"inLanguage":"FR-FR","potentialAction":[{"@type":"ReadAction","target":["https:\/\/www.transcultures.com\/fr\/les-tests-de-competences-linguistiques\/"]}]},{"@type":"BreadcrumbList","@id":"https:\/\/www.transcultures.com\/fr\/les-tests-de-competences-linguistiques\/#breadcrumb","itemListElement":[{"@type":"ListItem","position":1,"name":"Home","item":"https:\/\/www.transcultures.com\/fr\/"},{"@type":"ListItem","position":2,"name":"LES TESTS DE COMPETENCES LINGUISTIQUES"}]},{"@type":"WebSite","@id":"https:\/\/www.transcultures.com\/fr\/#website","url":"https:\/\/www.transcultures.com\/fr\/","name":"TransCultures","description":"Translation Interpretation Formation Consulting Languages","publisher":{"@id":"https:\/\/www.transcultures.com\/fr\/#organization"},"potentialAction":[{"@type":"SearchAction","target":{"@type":"EntryPoint","urlTemplate":"https:\/\/www.transcultures.com\/fr\/?s={search_term_string}"},"query-input":"required name=search_term_string"}],"inLanguage":"FR-FR"},{"@type":"Organization","@id":"https:\/\/www.transcultures.com\/fr\/#organization","name":"TransCultures","url":"https:\/\/www.transcultures.com\/fr\/","logo":{"@type":"ImageObject","inLanguage":"FR-FR","@id":"https:\/\/www.transcultures.com\/fr\/#\/schema\/logo\/image\/","url":"https:\/\/www.transcultures.com\/wp-content\/uploads\/2015\/01\/TransCultures_Logo2.png","contentUrl":"https:\/\/www.transcultures.com\/wp-content\/uploads\/2015\/01\/TransCultures_Logo2.png","width":347,"height":100,"caption":"TransCultures"},"image":{"@id":"https:\/\/www.transcultures.com\/fr\/#\/schema\/logo\/image\/"},"sameAs":["http:\/\/www.facebook.com\/TransCulturesLLC","https:\/\/twitter.com\/TransCultures"]}]}},"_links":{"self":[{"href":"https:\/\/www.transcultures.com\/fr\/wp-json\/wp\/v2\/pages\/5564"}],"collection":[{"href":"https:\/\/www.transcultures.com\/fr\/wp-json\/wp\/v2\/pages"}],"about":[{"href":"https:\/\/www.transcultures.com\/fr\/wp-json\/wp\/v2\/types\/page"}],"author":[{"embeddable":true,"href":"https:\/\/www.transcultures.com\/fr\/wp-json\/wp\/v2\/users\/1"}],"replies":[{"embeddable":true,"href":"https:\/\/www.transcultures.com\/fr\/wp-json\/wp\/v2\/comments?post=5564"}],"version-history":[{"count":0,"href":"https:\/\/www.transcultures.com\/fr\/wp-json\/wp\/v2\/pages\/5564\/revisions"}],"wp:featuredmedia":[{"embeddable":true,"href":"https:\/\/www.transcultures.com\/fr\/wp-json\/wp\/v2\/media\/7706"}],"wp:attachment":[{"href":"https:\/\/www.transcultures.com\/fr\/wp-json\/wp\/v2\/media?parent=5564"}],"wp:term":[{"taxonomy":"category","embeddable":true,"href":"https:\/\/www.transcultures.com\/fr\/wp-json\/wp\/v2\/categories?post=5564"},{"taxonomy":"post_tag","embeddable":true,"href":"https:\/\/www.transcultures.com\/fr\/wp-json\/wp\/v2\/tags?post=5564"}],"curies":[{"name":"wp","href":"https:\/\/api.w.org\/{rel}","templated":true}]}}