{"id":5557,"date":"2014-04-11T20:01:50","date_gmt":"2014-04-11T20:01:50","guid":{"rendered":"https:\/\/www.transcultures.com\/?page_id=5557"},"modified":"2021-05-07T19:39:15","modified_gmt":"2021-05-07T19:39:15","slug":"formation-langues","status":"publish","type":"page","link":"https:\/\/www.transcultures.com\/fr\/formation-langues\/","title":{"rendered":"FORMATION PEDAGOGIQUE DES LANGUES"},"content":{"rendered":"\n<p>Bon nombre de programmes scolaires linguistiques classiques \u00e9chouent \u00e0 r\u00e9pondre aux attentes des \u00e9tudiants en termes d\u2019acquisition de langue \u00e9trang\u00e8re. Cela est particuli\u00e8rement vrai pour ceux qui se destinent \u00e0 utiliser une langue \u00e9trang\u00e8re dans le domaine des affaires ou dans un cadre officiel. Notre qualit\u00e9 d\u2019expertise, chez TransCultures, nous permet de cr\u00e9er des programmes linguistiques adapt\u00e9s aux besoins des hommes d\u2019affaires et des professionnels du gouvernement qui souhaitent ma\u00eetriser une langue \u00e9trang\u00e8re dans leur domaine de comp\u00e9tences.<\/p>\n\n\n\n<p>Gr\u00e2ce \u00e0 son partenariat avec les plus grandes \u00e9coles linguistiques du monde, TransCultures travaille \u00e9troitement avec ses clients du priv\u00e9 comme du public afin d\u2019adapter ses programmes linguistiques \u00e0 leurs besoins sp\u00e9cifiques. Nos bases de donn\u00e9es de langues \u00e9trang\u00e8res contiennent des millions de glossaires et de termes techniques (sp\u00e9cifiques \u00e0 l\u2019industrie, en particulier). Notre approche unique de l\u2019enseignement des langues permet aux formateurs et aux \u00e9coles sp\u00e9cialis\u00e9es d\u2019acc\u00e9der \u00e0 une base de donn\u00e9es constitu\u00e9e de termes techniques usuels ; ce qui produit des r\u00e9sultats remarquables pour les \u00e9tudiants qui se destinent \u00e0 utiliser une langue \u00e9trang\u00e8re dans le domaine de la n\u00e9gociation commerciale, du business international ou de la diplomatie. Cette approche permet aux professionnels de raccourcir leur processus d\u2019apprentissage, et aux \u00e9tudiants de d\u00e9tenir un savoir technique de premi\u00e8re main dans la langue \u00e9trang\u00e8re qu\u2019ils acqui\u00e8rent. En somme, elle produit les r\u00e9sultats escompt\u00e9s, \u00e0 savoir l\u2019apprentissage d\u2019une langue \u00e9trang\u00e8re \u00e0 telle ou telle fin professionnelle. Dans le m\u00eame sens, celle \u2013 ci donne aux \u00e9coles sp\u00e9cialis\u00e9es l\u2019opportunit\u00e9 d\u2019offrir \u00e0 leurs \u00e9tudiants des programmes structur\u00e9s, qui rencontrent leurs attentes et leurs besoins sp\u00e9cifiques. De solides r\u00e9sultats sont ainsi obtenus, tant dans le domaine du langage \u00e9conomique que dans celui de la communication politique.<\/p>\n","protected":false},"excerpt":{"rendered":"<p>Bon nombre de programmes scolaires linguistiques classiques \u00e9chouent \u00e0 r\u00e9pondre aux attentes des \u00e9tudiants en termes d\u2019acquisition de langue \u00e9trang\u00e8re. Cela est particuli\u00e8rement vrai pour ceux qui se destinent \u00e0 utiliser une langue \u00e9trang\u00e8re dans le domaine des affaires ou dans un cadre officiel. Notre qualit\u00e9 d\u2019expertise, chez TransCultures, nous permet de cr\u00e9er des programmes &hellip;<\/p>\n<p class=\"read-more\"> <a class=\"\" href=\"https:\/\/www.transcultures.com\/fr\/formation-langues\/\"> <span class=\"screen-reader-text\">FORMATION PEDAGOGIQUE DES LANGUES<\/span> Read More \u00bb<\/a><\/p>\n","protected":false},"author":1,"featured_media":8687,"parent":0,"menu_order":0,"comment_status":"closed","ping_status":"open","template":"","meta":{"site-sidebar-layout":"default","site-content-layout":"default","ast-global-header-display":"","ast-main-header-display":"","ast-hfb-above-header-display":"","ast-hfb-below-header-display":"","ast-hfb-mobile-header-display":"","site-post-title":"","ast-breadcrumbs-content":"","ast-featured-img":"","footer-sml-layout":"","theme-transparent-header-meta":"default","adv-header-id-meta":"","stick-header-meta":"default","header-above-stick-meta":"","header-main-stick-meta":"","header-below-stick-meta":""},"categories":[118],"tags":[],"yoast_head":"<!-- This site is optimized with the Yoast SEO plugin v20.2.1 - https:\/\/yoast.com\/wordpress\/plugins\/seo\/ -->\n<title>FORMATION PEDAGOGIQUE DES LANGUES &bull; TransCultures<\/title>\n<meta name=\"description\" content=\"Formation de l&#039;anglais, English Paris, TESOL, TOFEL, ESL, Chicago, Marrakech, Casablanca, Rabat\" \/>\n<meta name=\"robots\" content=\"index, follow, max-snippet:-1, max-image-preview:large, max-video-preview:-1\" \/>\n<link rel=\"canonical\" href=\"https:\/\/www.transcultures.com\/fr\/formation-langues\/\" \/>\n<meta property=\"og:locale\" content=\"fr_FR\" \/>\n<meta property=\"og:type\" content=\"article\" \/>\n<meta property=\"og:title\" content=\"FORMATION PEDAGOGIQUE DES LANGUES &bull; TransCultures\" \/>\n<meta property=\"og:description\" content=\"Formation de l&#039;anglais, English Paris, TESOL, TOFEL, ESL, Chicago, Marrakech, Casablanca, Rabat\" \/>\n<meta property=\"og:url\" content=\"https:\/\/www.transcultures.com\/fr\/formation-langues\/\" \/>\n<meta property=\"og:site_name\" content=\"TransCultures\" \/>\n<meta property=\"article:publisher\" content=\"http:\/\/www.facebook.com\/TransCulturesLLC\" \/>\n<meta property=\"article:modified_time\" content=\"2021-05-07T19:39:15+00:00\" \/>\n<meta property=\"og:image\" content=\"https:\/\/www.transcultures.com\/wp-content\/uploads\/2013\/02\/TransCultures_Strategic_Partners_Banner_Sample_01.png\" \/>\n\t<meta property=\"og:image:width\" content=\"1170\" \/>\n\t<meta property=\"og:image:height\" content=\"365\" \/>\n\t<meta property=\"og:image:type\" content=\"image\/png\" \/>\n<meta name=\"twitter:label1\" content=\"Est. reading time\" \/>\n\t<meta name=\"twitter:data1\" content=\"2 minutes\" \/>\n<script type=\"application\/ld+json\" class=\"yoast-schema-graph\">{\"@context\":\"https:\/\/schema.org\",\"@graph\":[{\"@type\":\"WebPage\",\"@id\":\"https:\/\/www.transcultures.com\/fr\/formation-langues\/\",\"url\":\"https:\/\/www.transcultures.com\/fr\/formation-langues\/\",\"name\":\"FORMATION PEDAGOGIQUE DES LANGUES &bull; TransCultures\",\"isPartOf\":{\"@id\":\"https:\/\/www.transcultures.com\/fr\/#website\"},\"datePublished\":\"2014-04-11T20:01:50+00:00\",\"dateModified\":\"2021-05-07T19:39:15+00:00\",\"description\":\"Formation de l'anglais, English Paris, TESOL, TOFEL, ESL, Chicago, Marrakech, Casablanca, Rabat\",\"breadcrumb\":{\"@id\":\"https:\/\/www.transcultures.com\/fr\/formation-langues\/#breadcrumb\"},\"inLanguage\":\"FR-FR\",\"potentialAction\":[{\"@type\":\"ReadAction\",\"target\":[\"https:\/\/www.transcultures.com\/fr\/formation-langues\/\"]}]},{\"@type\":\"BreadcrumbList\",\"@id\":\"https:\/\/www.transcultures.com\/fr\/formation-langues\/#breadcrumb\",\"itemListElement\":[{\"@type\":\"ListItem\",\"position\":1,\"name\":\"Home\",\"item\":\"https:\/\/www.transcultures.com\/fr\/\"},{\"@type\":\"ListItem\",\"position\":2,\"name\":\"FORMATION PEDAGOGIQUE DES LANGUES\"}]},{\"@type\":\"WebSite\",\"@id\":\"https:\/\/www.transcultures.com\/fr\/#website\",\"url\":\"https:\/\/www.transcultures.com\/fr\/\",\"name\":\"TransCultures\",\"description\":\"Translation Interpretation Formation Consulting Languages\",\"publisher\":{\"@id\":\"https:\/\/www.transcultures.com\/fr\/#organization\"},\"potentialAction\":[{\"@type\":\"SearchAction\",\"target\":{\"@type\":\"EntryPoint\",\"urlTemplate\":\"https:\/\/www.transcultures.com\/fr\/?s={search_term_string}\"},\"query-input\":\"required name=search_term_string\"}],\"inLanguage\":\"FR-FR\"},{\"@type\":\"Organization\",\"@id\":\"https:\/\/www.transcultures.com\/fr\/#organization\",\"name\":\"TransCultures\",\"url\":\"https:\/\/www.transcultures.com\/fr\/\",\"logo\":{\"@type\":\"ImageObject\",\"inLanguage\":\"FR-FR\",\"@id\":\"https:\/\/www.transcultures.com\/fr\/#\/schema\/logo\/image\/\",\"url\":\"https:\/\/www.transcultures.com\/wp-content\/uploads\/2015\/01\/TransCultures_Logo2.png\",\"contentUrl\":\"https:\/\/www.transcultures.com\/wp-content\/uploads\/2015\/01\/TransCultures_Logo2.png\",\"width\":347,\"height\":100,\"caption\":\"TransCultures\"},\"image\":{\"@id\":\"https:\/\/www.transcultures.com\/fr\/#\/schema\/logo\/image\/\"},\"sameAs\":[\"http:\/\/www.facebook.com\/TransCulturesLLC\",\"https:\/\/twitter.com\/TransCultures\"]}]}<\/script>\n<!-- \/ Yoast SEO plugin. -->","yoast_head_json":{"title":"FORMATION PEDAGOGIQUE DES LANGUES &bull; TransCultures","description":"Formation de l'anglais, English Paris, TESOL, TOFEL, ESL, Chicago, Marrakech, Casablanca, Rabat","robots":{"index":"index","follow":"follow","max-snippet":"max-snippet:-1","max-image-preview":"max-image-preview:large","max-video-preview":"max-video-preview:-1"},"canonical":"https:\/\/www.transcultures.com\/fr\/formation-langues\/","og_locale":"fr_FR","og_type":"article","og_title":"FORMATION PEDAGOGIQUE DES LANGUES &bull; TransCultures","og_description":"Formation de l'anglais, English Paris, TESOL, TOFEL, ESL, Chicago, Marrakech, Casablanca, Rabat","og_url":"https:\/\/www.transcultures.com\/fr\/formation-langues\/","og_site_name":"TransCultures","article_publisher":"http:\/\/www.facebook.com\/TransCulturesLLC","article_modified_time":"2021-05-07T19:39:15+00:00","og_image":[{"width":1170,"height":365,"url":"https:\/\/www.transcultures.com\/wp-content\/uploads\/2013\/02\/TransCultures_Strategic_Partners_Banner_Sample_01.png","type":"image\/png"}],"twitter_misc":{"Est. reading time":"2 minutes"},"schema":{"@context":"https:\/\/schema.org","@graph":[{"@type":"WebPage","@id":"https:\/\/www.transcultures.com\/fr\/formation-langues\/","url":"https:\/\/www.transcultures.com\/fr\/formation-langues\/","name":"FORMATION PEDAGOGIQUE DES LANGUES &bull; TransCultures","isPartOf":{"@id":"https:\/\/www.transcultures.com\/fr\/#website"},"datePublished":"2014-04-11T20:01:50+00:00","dateModified":"2021-05-07T19:39:15+00:00","description":"Formation de l'anglais, English Paris, TESOL, TOFEL, ESL, Chicago, Marrakech, Casablanca, Rabat","breadcrumb":{"@id":"https:\/\/www.transcultures.com\/fr\/formation-langues\/#breadcrumb"},"inLanguage":"FR-FR","potentialAction":[{"@type":"ReadAction","target":["https:\/\/www.transcultures.com\/fr\/formation-langues\/"]}]},{"@type":"BreadcrumbList","@id":"https:\/\/www.transcultures.com\/fr\/formation-langues\/#breadcrumb","itemListElement":[{"@type":"ListItem","position":1,"name":"Home","item":"https:\/\/www.transcultures.com\/fr\/"},{"@type":"ListItem","position":2,"name":"FORMATION PEDAGOGIQUE DES LANGUES"}]},{"@type":"WebSite","@id":"https:\/\/www.transcultures.com\/fr\/#website","url":"https:\/\/www.transcultures.com\/fr\/","name":"TransCultures","description":"Translation Interpretation Formation Consulting Languages","publisher":{"@id":"https:\/\/www.transcultures.com\/fr\/#organization"},"potentialAction":[{"@type":"SearchAction","target":{"@type":"EntryPoint","urlTemplate":"https:\/\/www.transcultures.com\/fr\/?s={search_term_string}"},"query-input":"required name=search_term_string"}],"inLanguage":"FR-FR"},{"@type":"Organization","@id":"https:\/\/www.transcultures.com\/fr\/#organization","name":"TransCultures","url":"https:\/\/www.transcultures.com\/fr\/","logo":{"@type":"ImageObject","inLanguage":"FR-FR","@id":"https:\/\/www.transcultures.com\/fr\/#\/schema\/logo\/image\/","url":"https:\/\/www.transcultures.com\/wp-content\/uploads\/2015\/01\/TransCultures_Logo2.png","contentUrl":"https:\/\/www.transcultures.com\/wp-content\/uploads\/2015\/01\/TransCultures_Logo2.png","width":347,"height":100,"caption":"TransCultures"},"image":{"@id":"https:\/\/www.transcultures.com\/fr\/#\/schema\/logo\/image\/"},"sameAs":["http:\/\/www.facebook.com\/TransCulturesLLC","https:\/\/twitter.com\/TransCultures"]}]}},"_links":{"self":[{"href":"https:\/\/www.transcultures.com\/fr\/wp-json\/wp\/v2\/pages\/5557"}],"collection":[{"href":"https:\/\/www.transcultures.com\/fr\/wp-json\/wp\/v2\/pages"}],"about":[{"href":"https:\/\/www.transcultures.com\/fr\/wp-json\/wp\/v2\/types\/page"}],"author":[{"embeddable":true,"href":"https:\/\/www.transcultures.com\/fr\/wp-json\/wp\/v2\/users\/1"}],"replies":[{"embeddable":true,"href":"https:\/\/www.transcultures.com\/fr\/wp-json\/wp\/v2\/comments?post=5557"}],"version-history":[{"count":0,"href":"https:\/\/www.transcultures.com\/fr\/wp-json\/wp\/v2\/pages\/5557\/revisions"}],"wp:featuredmedia":[{"embeddable":true,"href":"https:\/\/www.transcultures.com\/fr\/wp-json\/wp\/v2\/media\/8687"}],"wp:attachment":[{"href":"https:\/\/www.transcultures.com\/fr\/wp-json\/wp\/v2\/media?parent=5557"}],"wp:term":[{"taxonomy":"category","embeddable":true,"href":"https:\/\/www.transcultures.com\/fr\/wp-json\/wp\/v2\/categories?post=5557"},{"taxonomy":"post_tag","embeddable":true,"href":"https:\/\/www.transcultures.com\/fr\/wp-json\/wp\/v2\/tags?post=5557"}],"curies":[{"name":"wp","href":"https:\/\/api.w.org\/{rel}","templated":true}]}}