{"id":5553,"date":"2014-04-11T19:23:56","date_gmt":"2014-04-11T19:23:56","guid":{"rendered":"https:\/\/www.transcultures.com\/?page_id=5553"},"modified":"2021-05-06T03:38:46","modified_gmt":"2021-05-06T03:38:46","slug":"transcription","status":"publish","type":"page","link":"https:\/\/www.transcultures.com\/fr\/paris-traduction\/transcription\/","title":{"rendered":"Service de Transcription"},"content":{"rendered":"\n<p>TransCultures fournit des services multilingues de transcription, aussi bien aux clients du secteur public qu\u2019\u00e0 ceux du secteur priv\u00e9. Nos transcripteurs travaillent sur tous les types de supports audio et vid\u00e9o, mais aussi sur des supports \u00e9lectroniques tels que le MP3, les forums de discussion, Title III, les enregistrements c\u00e2bl\u00e9s, la surveillance (ou le monitoring?) et tous les autres types de mat\u00e9riaux audio et vid\u00e9o. Nos transcripteurs travaillent aux c\u00f4t\u00e9s d&#8217;un groupe de linguistes, afin d\u2019assurer la meilleure qualit\u00e9 de travail possible. Les transcriptions effectu\u00e9es par TransCultures concernent toutes les langues et tous les champs d&#8217;expertise sur lesquels la soci\u00e9t\u00e9 travaille.<\/p>\n\n\n\n<h3><span style=\"font-size: 18px;\">Pour obtenir une estimation du travail \u00e0 fournir, veuillez contacter notre service de traduction :<\/span><\/h3>\n\n\n\n<p class=\"has-text-align-center\"><a href=\"mailto:translation@transcultures.com\">Translation@TransCultures.com<\/a><\/p>\n","protected":false},"excerpt":{"rendered":"<p>TransCultures fournit des services multilingues de transcription, aussi bien aux clients du secteur public qu\u2019\u00e0 ceux du secteur priv\u00e9. Nos transcripteurs travaillent sur tous les types de supports audio et vid\u00e9o, mais aussi sur des supports \u00e9lectroniques tels que le MP3, les forums de discussion, Title III, les enregistrements c\u00e2bl\u00e9s, la surveillance (ou le monitoring?) &hellip;<\/p>\n<p class=\"read-more\"> <a class=\"\" href=\"https:\/\/www.transcultures.com\/fr\/paris-traduction\/transcription\/\"> <span class=\"screen-reader-text\">Service de Transcription<\/span> Read More \u00bb<\/a><\/p>\n","protected":false},"author":1,"featured_media":8679,"parent":5474,"menu_order":0,"comment_status":"closed","ping_status":"open","template":"","meta":{"site-sidebar-layout":"default","site-content-layout":"default","ast-global-header-display":"","ast-main-header-display":"","ast-hfb-above-header-display":"","ast-hfb-below-header-display":"","ast-hfb-mobile-header-display":"","site-post-title":"","ast-breadcrumbs-content":"","ast-featured-img":"","footer-sml-layout":"","theme-transparent-header-meta":"default","adv-header-id-meta":"","stick-header-meta":"default","header-above-stick-meta":"","header-main-stick-meta":"","header-below-stick-meta":""},"categories":[120],"tags":[],"yoast_head":"<!-- This site is optimized with the Yoast SEO plugin v20.2.1 - https:\/\/yoast.com\/wordpress\/plugins\/seo\/ -->\n<title>Service de Transcription<\/title>\n<meta name=\"description\" content=\"Service de Transcription multilingues TransCultures fournit des services multilingues de transcription \/ traduction de tout type de mat\u00e9riel audio ou vid\u00e9o.\" \/>\n<meta name=\"robots\" content=\"index, follow, max-snippet:-1, max-image-preview:large, max-video-preview:-1\" \/>\n<link rel=\"canonical\" href=\"https:\/\/www.transcultures.com\/fr\/paris-traduction\/transcription\/\" \/>\n<meta property=\"og:locale\" content=\"fr_FR\" \/>\n<meta property=\"og:type\" content=\"article\" \/>\n<meta property=\"og:title\" content=\"Service de Transcription\" \/>\n<meta property=\"og:description\" content=\"Service de Transcription multilingues TransCultures fournit des services multilingues de transcription \/ traduction de tout type de mat\u00e9riel audio ou vid\u00e9o.\" \/>\n<meta property=\"og:url\" content=\"https:\/\/www.transcultures.com\/fr\/paris-traduction\/transcription\/\" \/>\n<meta property=\"og:site_name\" content=\"TransCultures\" \/>\n<meta property=\"article:publisher\" content=\"http:\/\/www.facebook.com\/TransCulturesLLC\" \/>\n<meta property=\"article:modified_time\" content=\"2021-05-06T03:38:46+00:00\" \/>\n<meta property=\"og:image\" content=\"https:\/\/www.transcultures.com\/wp-content\/uploads\/2013\/02\/TransCultures_Transcription_Banner.png\" \/>\n\t<meta property=\"og:image:width\" content=\"1170\" \/>\n\t<meta property=\"og:image:height\" content=\"365\" \/>\n\t<meta property=\"og:image:type\" content=\"image\/png\" \/>\n<meta name=\"twitter:label1\" content=\"Est. reading time\" \/>\n\t<meta name=\"twitter:data1\" content=\"1 minute\" \/>\n<script type=\"application\/ld+json\" class=\"yoast-schema-graph\">{\"@context\":\"https:\/\/schema.org\",\"@graph\":[{\"@type\":\"WebPage\",\"@id\":\"https:\/\/www.transcultures.com\/fr\/paris-traduction\/transcription\/\",\"url\":\"https:\/\/www.transcultures.com\/fr\/paris-traduction\/transcription\/\",\"name\":\"Service de Transcription\",\"isPartOf\":{\"@id\":\"https:\/\/www.transcultures.com\/fr\/#website\"},\"datePublished\":\"2014-04-11T19:23:56+00:00\",\"dateModified\":\"2021-05-06T03:38:46+00:00\",\"description\":\"Service de Transcription multilingues TransCultures fournit des services multilingues de transcription \/ traduction de tout type de mat\u00e9riel audio ou vid\u00e9o.\",\"breadcrumb\":{\"@id\":\"https:\/\/www.transcultures.com\/fr\/paris-traduction\/transcription\/#breadcrumb\"},\"inLanguage\":\"FR-FR\",\"potentialAction\":[{\"@type\":\"ReadAction\",\"target\":[\"https:\/\/www.transcultures.com\/fr\/paris-traduction\/transcription\/\"]}]},{\"@type\":\"BreadcrumbList\",\"@id\":\"https:\/\/www.transcultures.com\/fr\/paris-traduction\/transcription\/#breadcrumb\",\"itemListElement\":[{\"@type\":\"ListItem\",\"position\":1,\"name\":\"Home\",\"item\":\"https:\/\/www.transcultures.com\/fr\/\"},{\"@type\":\"ListItem\",\"position\":2,\"name\":\"TRADUCTION\",\"item\":\"https:\/\/www.transcultures.com\/fr\/paris-traduction\/\"},{\"@type\":\"ListItem\",\"position\":3,\"name\":\"Service de Transcription\"}]},{\"@type\":\"WebSite\",\"@id\":\"https:\/\/www.transcultures.com\/fr\/#website\",\"url\":\"https:\/\/www.transcultures.com\/fr\/\",\"name\":\"TransCultures\",\"description\":\"Translation Interpretation Formation Consulting Languages\",\"publisher\":{\"@id\":\"https:\/\/www.transcultures.com\/fr\/#organization\"},\"potentialAction\":[{\"@type\":\"SearchAction\",\"target\":{\"@type\":\"EntryPoint\",\"urlTemplate\":\"https:\/\/www.transcultures.com\/fr\/?s={search_term_string}\"},\"query-input\":\"required name=search_term_string\"}],\"inLanguage\":\"FR-FR\"},{\"@type\":\"Organization\",\"@id\":\"https:\/\/www.transcultures.com\/fr\/#organization\",\"name\":\"TransCultures\",\"url\":\"https:\/\/www.transcultures.com\/fr\/\",\"logo\":{\"@type\":\"ImageObject\",\"inLanguage\":\"FR-FR\",\"@id\":\"https:\/\/www.transcultures.com\/fr\/#\/schema\/logo\/image\/\",\"url\":\"https:\/\/www.transcultures.com\/wp-content\/uploads\/2015\/01\/TransCultures_Logo2.png\",\"contentUrl\":\"https:\/\/www.transcultures.com\/wp-content\/uploads\/2015\/01\/TransCultures_Logo2.png\",\"width\":347,\"height\":100,\"caption\":\"TransCultures\"},\"image\":{\"@id\":\"https:\/\/www.transcultures.com\/fr\/#\/schema\/logo\/image\/\"},\"sameAs\":[\"http:\/\/www.facebook.com\/TransCulturesLLC\",\"https:\/\/twitter.com\/TransCultures\"]}]}<\/script>\n<!-- \/ Yoast SEO plugin. -->","yoast_head_json":{"title":"Service de Transcription","description":"Service de Transcription multilingues TransCultures fournit des services multilingues de transcription \/ traduction de tout type de mat\u00e9riel audio ou vid\u00e9o.","robots":{"index":"index","follow":"follow","max-snippet":"max-snippet:-1","max-image-preview":"max-image-preview:large","max-video-preview":"max-video-preview:-1"},"canonical":"https:\/\/www.transcultures.com\/fr\/paris-traduction\/transcription\/","og_locale":"fr_FR","og_type":"article","og_title":"Service de Transcription","og_description":"Service de Transcription multilingues TransCultures fournit des services multilingues de transcription \/ traduction de tout type de mat\u00e9riel audio ou vid\u00e9o.","og_url":"https:\/\/www.transcultures.com\/fr\/paris-traduction\/transcription\/","og_site_name":"TransCultures","article_publisher":"http:\/\/www.facebook.com\/TransCulturesLLC","article_modified_time":"2021-05-06T03:38:46+00:00","og_image":[{"width":1170,"height":365,"url":"https:\/\/www.transcultures.com\/wp-content\/uploads\/2013\/02\/TransCultures_Transcription_Banner.png","type":"image\/png"}],"twitter_misc":{"Est. reading time":"1 minute"},"schema":{"@context":"https:\/\/schema.org","@graph":[{"@type":"WebPage","@id":"https:\/\/www.transcultures.com\/fr\/paris-traduction\/transcription\/","url":"https:\/\/www.transcultures.com\/fr\/paris-traduction\/transcription\/","name":"Service de Transcription","isPartOf":{"@id":"https:\/\/www.transcultures.com\/fr\/#website"},"datePublished":"2014-04-11T19:23:56+00:00","dateModified":"2021-05-06T03:38:46+00:00","description":"Service de Transcription multilingues TransCultures fournit des services multilingues de transcription \/ traduction de tout type de mat\u00e9riel audio ou vid\u00e9o.","breadcrumb":{"@id":"https:\/\/www.transcultures.com\/fr\/paris-traduction\/transcription\/#breadcrumb"},"inLanguage":"FR-FR","potentialAction":[{"@type":"ReadAction","target":["https:\/\/www.transcultures.com\/fr\/paris-traduction\/transcription\/"]}]},{"@type":"BreadcrumbList","@id":"https:\/\/www.transcultures.com\/fr\/paris-traduction\/transcription\/#breadcrumb","itemListElement":[{"@type":"ListItem","position":1,"name":"Home","item":"https:\/\/www.transcultures.com\/fr\/"},{"@type":"ListItem","position":2,"name":"TRADUCTION","item":"https:\/\/www.transcultures.com\/fr\/paris-traduction\/"},{"@type":"ListItem","position":3,"name":"Service de Transcription"}]},{"@type":"WebSite","@id":"https:\/\/www.transcultures.com\/fr\/#website","url":"https:\/\/www.transcultures.com\/fr\/","name":"TransCultures","description":"Translation Interpretation Formation Consulting Languages","publisher":{"@id":"https:\/\/www.transcultures.com\/fr\/#organization"},"potentialAction":[{"@type":"SearchAction","target":{"@type":"EntryPoint","urlTemplate":"https:\/\/www.transcultures.com\/fr\/?s={search_term_string}"},"query-input":"required name=search_term_string"}],"inLanguage":"FR-FR"},{"@type":"Organization","@id":"https:\/\/www.transcultures.com\/fr\/#organization","name":"TransCultures","url":"https:\/\/www.transcultures.com\/fr\/","logo":{"@type":"ImageObject","inLanguage":"FR-FR","@id":"https:\/\/www.transcultures.com\/fr\/#\/schema\/logo\/image\/","url":"https:\/\/www.transcultures.com\/wp-content\/uploads\/2015\/01\/TransCultures_Logo2.png","contentUrl":"https:\/\/www.transcultures.com\/wp-content\/uploads\/2015\/01\/TransCultures_Logo2.png","width":347,"height":100,"caption":"TransCultures"},"image":{"@id":"https:\/\/www.transcultures.com\/fr\/#\/schema\/logo\/image\/"},"sameAs":["http:\/\/www.facebook.com\/TransCulturesLLC","https:\/\/twitter.com\/TransCultures"]}]}},"_links":{"self":[{"href":"https:\/\/www.transcultures.com\/fr\/wp-json\/wp\/v2\/pages\/5553"}],"collection":[{"href":"https:\/\/www.transcultures.com\/fr\/wp-json\/wp\/v2\/pages"}],"about":[{"href":"https:\/\/www.transcultures.com\/fr\/wp-json\/wp\/v2\/types\/page"}],"author":[{"embeddable":true,"href":"https:\/\/www.transcultures.com\/fr\/wp-json\/wp\/v2\/users\/1"}],"replies":[{"embeddable":true,"href":"https:\/\/www.transcultures.com\/fr\/wp-json\/wp\/v2\/comments?post=5553"}],"version-history":[{"count":0,"href":"https:\/\/www.transcultures.com\/fr\/wp-json\/wp\/v2\/pages\/5553\/revisions"}],"up":[{"embeddable":true,"href":"https:\/\/www.transcultures.com\/fr\/wp-json\/wp\/v2\/pages\/5474"}],"wp:featuredmedia":[{"embeddable":true,"href":"https:\/\/www.transcultures.com\/fr\/wp-json\/wp\/v2\/media\/8679"}],"wp:attachment":[{"href":"https:\/\/www.transcultures.com\/fr\/wp-json\/wp\/v2\/media?parent=5553"}],"wp:term":[{"taxonomy":"category","embeddable":true,"href":"https:\/\/www.transcultures.com\/fr\/wp-json\/wp\/v2\/categories?post=5553"},{"taxonomy":"post_tag","embeddable":true,"href":"https:\/\/www.transcultures.com\/fr\/wp-json\/wp\/v2\/tags?post=5553"}],"curies":[{"name":"wp","href":"https:\/\/api.w.org\/{rel}","templated":true}]}}