{"id":5545,"date":"2014-04-11T19:00:50","date_gmt":"2014-04-11T19:00:50","guid":{"rendered":"https:\/\/www.transcultures.com\/?page_id=5545"},"modified":"2021-05-06T02:26:35","modified_gmt":"2021-05-06T02:26:35","slug":"interpretation-medicale","status":"publish","type":"page","link":"https:\/\/www.transcultures.com\/fr\/maroc-interpretariat\/interpretation-medicale\/","title":{"rendered":"L\u2019interpr\u00e9tation M\u00e9dicale"},"content":{"rendered":"\n<p>L\u2019\u00e9quipe d&#8217;interpr\u00e8tes m\u00e9dicaux de TransCultures travaille \u00e9troitement avec les professionnels de la sant\u00e9, que ce soit dans les h\u00f4pitaux, les cliniques, les maisons de soins, ou bien dans les autres structures m\u00e9dicales, afin de les aider \u00e0 communiquer efficacement, et dans des termes pr\u00e9cis, avec des patients issus de milieux culturels et linguistiques diff\u00e9rents.<\/p>\n\n\n\n<p>Selon la loi, les \u00e9quipements de sant\u00e9 recevant des subsides f\u00e9d\u00e9raux doivent assurer a leurs patients une parfaite \u00e9galit\u00e9 d&#8217;acc\u00e8s aux soins ; a fortiori a ceux qui ne maitrisent que partiellement l&#8217;anglais. Voila pourquoi TransCultures offre ses services aux h\u00f4pitaux, \u00e9quipements et professionnels de sant\u00e9 qui se conforment au cadre f\u00e9d\u00e9ral.<\/p>\n\n\n\n<p>TransCultures s\u2019attache les services des linguistes les plus qualifi\u00e9s dans le domaine de la sant\u00e9, afin de contribuer a l&#8217;\u00e9galit\u00e9 d&#8217;acc\u00e8s aux soins et \u00e0 une communication ais\u00e9e entre les professionnels et leurs patients.<\/p>\n\n\n\n<p>Depuis leur jeunesse, voire leur naissance, nos interpr\u00e8tes m\u00e9dicaux parlent les deux langues cibles qu\u2019ils sont amen\u00e9s \u00e0 rapprocher. En outre, ils ont suivi une formation pouss\u00e9e dans le domaine tr\u00e8s technique de l\u2019interpr\u00e9tariat m\u00e9dical, et beaucoup ont des dipl\u00f4mes ou une exp\u00e9rience dans le secteur de la sant\u00e9 ; ce qui leur permet de fournir les meilleurs services. Ils int\u00e8grent pleinement leur fonction essentielle de vecteur linguistique et culturel, et respectent rigoureusement le devoir de confidentialit\u00e9 du aux patients. Ils jettent un pont qui enjambe les barri\u00e8res linguistiques et culturelles existant parfois entre professionnels de sant\u00e9 et patients.<\/p>\n\n\n\n<h3><em>Pour toute demande de service d\u2019interpr\u00e9tation, veuillez contacter notre service :<\/em><\/h3>\n\n\n\n<p><a href=\"mailto:translation@transcultures.com\">Interpretation@TransCultures.com<\/a><\/p>\n","protected":false},"excerpt":{"rendered":"<p>L\u2019\u00e9quipe d&#8217;interpr\u00e8tes m\u00e9dicaux de TransCultures travaille \u00e9troitement avec les professionnels de la sant\u00e9, que ce soit dans les h\u00f4pitaux, les cliniques, les maisons de soins, ou bien dans les autres structures m\u00e9dicales, afin de les aider \u00e0 communiquer efficacement, et dans des termes pr\u00e9cis, avec des patients issus de milieux culturels et linguistiques diff\u00e9rents. Selon &hellip;<\/p>\n<p class=\"read-more\"> <a class=\"\" href=\"https:\/\/www.transcultures.com\/fr\/maroc-interpretariat\/interpretation-medicale\/\"> <span class=\"screen-reader-text\">L\u2019interpr\u00e9tation M\u00e9dicale<\/span> Read More \u00bb<\/a><\/p>\n","protected":false},"author":1,"featured_media":7677,"parent":5495,"menu_order":0,"comment_status":"closed","ping_status":"open","template":"","meta":{"site-sidebar-layout":"default","site-content-layout":"default","ast-global-header-display":"","ast-main-header-display":"","ast-hfb-above-header-display":"","ast-hfb-below-header-display":"","ast-hfb-mobile-header-display":"","site-post-title":"","ast-breadcrumbs-content":"","ast-featured-img":"","footer-sml-layout":"","theme-transparent-header-meta":"default","adv-header-id-meta":"","stick-header-meta":"default","header-above-stick-meta":"","header-main-stick-meta":"","header-below-stick-meta":""},"categories":[119],"tags":[],"yoast_head":"<!-- This site is optimized with the Yoast SEO plugin v20.2.1 - https:\/\/yoast.com\/wordpress\/plugins\/seo\/ -->\n<title>L\u2019interpr\u00e9tation M\u00e9dicale &bull; TransCultures<\/title>\n<meta name=\"description\" content=\"L\u2019interpr\u00e9tation m\u00e9dicale, Traduction Medicale, Traduction Pharmaceutique\u00a0France\u00a0Paris, Maroc Marrakech, Casablanca,\u00a0\u00a0agence de\u00a0traduction\u00a0professionnelle\" \/>\n<meta name=\"robots\" content=\"index, follow, max-snippet:-1, max-image-preview:large, max-video-preview:-1\" \/>\n<link rel=\"canonical\" href=\"https:\/\/www.transcultures.com\/fr\/maroc-interpretariat\/interpretation-medicale\/\" \/>\n<meta property=\"og:locale\" content=\"fr_FR\" \/>\n<meta property=\"og:type\" content=\"article\" \/>\n<meta property=\"og:title\" content=\"L\u2019interpr\u00e9tation M\u00e9dicale &bull; TransCultures\" \/>\n<meta property=\"og:description\" content=\"L\u2019interpr\u00e9tation m\u00e9dicale, Traduction Medicale, Traduction Pharmaceutique\u00a0France\u00a0Paris, Maroc Marrakech, Casablanca,\u00a0\u00a0agence de\u00a0traduction\u00a0professionnelle\" \/>\n<meta property=\"og:url\" content=\"https:\/\/www.transcultures.com\/fr\/maroc-interpretariat\/interpretation-medicale\/\" \/>\n<meta property=\"og:site_name\" content=\"TransCultures\" \/>\n<meta property=\"article:publisher\" content=\"http:\/\/www.facebook.com\/TransCulturesLLC\" \/>\n<meta property=\"article:modified_time\" content=\"2021-05-06T02:26:35+00:00\" \/>\n<meta property=\"og:image\" content=\"https:\/\/www.transcultures.com\/wp-content\/uploads\/2013\/09\/TransCultures-Medical-Interpretation.png\" \/>\n\t<meta property=\"og:image:width\" content=\"1170\" \/>\n\t<meta property=\"og:image:height\" content=\"365\" \/>\n\t<meta property=\"og:image:type\" content=\"image\/png\" \/>\n<meta name=\"twitter:label1\" content=\"Est. reading time\" \/>\n\t<meta name=\"twitter:data1\" content=\"2 minutes\" \/>\n<script type=\"application\/ld+json\" class=\"yoast-schema-graph\">{\"@context\":\"https:\/\/schema.org\",\"@graph\":[{\"@type\":\"WebPage\",\"@id\":\"https:\/\/www.transcultures.com\/fr\/maroc-interpretariat\/interpretation-medicale\/\",\"url\":\"https:\/\/www.transcultures.com\/fr\/maroc-interpretariat\/interpretation-medicale\/\",\"name\":\"L\u2019interpr\u00e9tation M\u00e9dicale &bull; TransCultures\",\"isPartOf\":{\"@id\":\"https:\/\/www.transcultures.com\/fr\/#website\"},\"datePublished\":\"2014-04-11T19:00:50+00:00\",\"dateModified\":\"2021-05-06T02:26:35+00:00\",\"description\":\"L\u2019interpr\u00e9tation m\u00e9dicale, Traduction Medicale, Traduction Pharmaceutique\u00a0France\u00a0Paris, Maroc Marrakech, Casablanca,\u00a0\u00a0agence de\u00a0traduction\u00a0professionnelle\",\"breadcrumb\":{\"@id\":\"https:\/\/www.transcultures.com\/fr\/maroc-interpretariat\/interpretation-medicale\/#breadcrumb\"},\"inLanguage\":\"FR-FR\",\"potentialAction\":[{\"@type\":\"ReadAction\",\"target\":[\"https:\/\/www.transcultures.com\/fr\/maroc-interpretariat\/interpretation-medicale\/\"]}]},{\"@type\":\"BreadcrumbList\",\"@id\":\"https:\/\/www.transcultures.com\/fr\/maroc-interpretariat\/interpretation-medicale\/#breadcrumb\",\"itemListElement\":[{\"@type\":\"ListItem\",\"position\":1,\"name\":\"Home\",\"item\":\"https:\/\/www.transcultures.com\/fr\/\"},{\"@type\":\"ListItem\",\"position\":2,\"name\":\"L\u2019interpr\u00e9tariat\",\"item\":\"https:\/\/www.transcultures.com\/fr\/maroc-interpretariat\/\"},{\"@type\":\"ListItem\",\"position\":3,\"name\":\"L\u2019interpr\u00e9tation M\u00e9dicale\"}]},{\"@type\":\"WebSite\",\"@id\":\"https:\/\/www.transcultures.com\/fr\/#website\",\"url\":\"https:\/\/www.transcultures.com\/fr\/\",\"name\":\"TransCultures\",\"description\":\"Translation Interpretation Formation Consulting Languages\",\"publisher\":{\"@id\":\"https:\/\/www.transcultures.com\/fr\/#organization\"},\"potentialAction\":[{\"@type\":\"SearchAction\",\"target\":{\"@type\":\"EntryPoint\",\"urlTemplate\":\"https:\/\/www.transcultures.com\/fr\/?s={search_term_string}\"},\"query-input\":\"required name=search_term_string\"}],\"inLanguage\":\"FR-FR\"},{\"@type\":\"Organization\",\"@id\":\"https:\/\/www.transcultures.com\/fr\/#organization\",\"name\":\"TransCultures\",\"url\":\"https:\/\/www.transcultures.com\/fr\/\",\"logo\":{\"@type\":\"ImageObject\",\"inLanguage\":\"FR-FR\",\"@id\":\"https:\/\/www.transcultures.com\/fr\/#\/schema\/logo\/image\/\",\"url\":\"https:\/\/www.transcultures.com\/wp-content\/uploads\/2015\/01\/TransCultures_Logo2.png\",\"contentUrl\":\"https:\/\/www.transcultures.com\/wp-content\/uploads\/2015\/01\/TransCultures_Logo2.png\",\"width\":347,\"height\":100,\"caption\":\"TransCultures\"},\"image\":{\"@id\":\"https:\/\/www.transcultures.com\/fr\/#\/schema\/logo\/image\/\"},\"sameAs\":[\"http:\/\/www.facebook.com\/TransCulturesLLC\",\"https:\/\/twitter.com\/TransCultures\"]}]}<\/script>\n<!-- \/ Yoast SEO plugin. -->","yoast_head_json":{"title":"L\u2019interpr\u00e9tation M\u00e9dicale &bull; TransCultures","description":"L\u2019interpr\u00e9tation m\u00e9dicale, Traduction Medicale, Traduction Pharmaceutique\u00a0France\u00a0Paris, Maroc Marrakech, Casablanca,\u00a0\u00a0agence de\u00a0traduction\u00a0professionnelle","robots":{"index":"index","follow":"follow","max-snippet":"max-snippet:-1","max-image-preview":"max-image-preview:large","max-video-preview":"max-video-preview:-1"},"canonical":"https:\/\/www.transcultures.com\/fr\/maroc-interpretariat\/interpretation-medicale\/","og_locale":"fr_FR","og_type":"article","og_title":"L\u2019interpr\u00e9tation M\u00e9dicale &bull; TransCultures","og_description":"L\u2019interpr\u00e9tation m\u00e9dicale, Traduction Medicale, Traduction Pharmaceutique\u00a0France\u00a0Paris, Maroc Marrakech, Casablanca,\u00a0\u00a0agence de\u00a0traduction\u00a0professionnelle","og_url":"https:\/\/www.transcultures.com\/fr\/maroc-interpretariat\/interpretation-medicale\/","og_site_name":"TransCultures","article_publisher":"http:\/\/www.facebook.com\/TransCulturesLLC","article_modified_time":"2021-05-06T02:26:35+00:00","og_image":[{"width":1170,"height":365,"url":"https:\/\/www.transcultures.com\/wp-content\/uploads\/2013\/09\/TransCultures-Medical-Interpretation.png","type":"image\/png"}],"twitter_misc":{"Est. reading time":"2 minutes"},"schema":{"@context":"https:\/\/schema.org","@graph":[{"@type":"WebPage","@id":"https:\/\/www.transcultures.com\/fr\/maroc-interpretariat\/interpretation-medicale\/","url":"https:\/\/www.transcultures.com\/fr\/maroc-interpretariat\/interpretation-medicale\/","name":"L\u2019interpr\u00e9tation M\u00e9dicale &bull; TransCultures","isPartOf":{"@id":"https:\/\/www.transcultures.com\/fr\/#website"},"datePublished":"2014-04-11T19:00:50+00:00","dateModified":"2021-05-06T02:26:35+00:00","description":"L\u2019interpr\u00e9tation m\u00e9dicale, Traduction Medicale, Traduction Pharmaceutique\u00a0France\u00a0Paris, Maroc Marrakech, Casablanca,\u00a0\u00a0agence de\u00a0traduction\u00a0professionnelle","breadcrumb":{"@id":"https:\/\/www.transcultures.com\/fr\/maroc-interpretariat\/interpretation-medicale\/#breadcrumb"},"inLanguage":"FR-FR","potentialAction":[{"@type":"ReadAction","target":["https:\/\/www.transcultures.com\/fr\/maroc-interpretariat\/interpretation-medicale\/"]}]},{"@type":"BreadcrumbList","@id":"https:\/\/www.transcultures.com\/fr\/maroc-interpretariat\/interpretation-medicale\/#breadcrumb","itemListElement":[{"@type":"ListItem","position":1,"name":"Home","item":"https:\/\/www.transcultures.com\/fr\/"},{"@type":"ListItem","position":2,"name":"L\u2019interpr\u00e9tariat","item":"https:\/\/www.transcultures.com\/fr\/maroc-interpretariat\/"},{"@type":"ListItem","position":3,"name":"L\u2019interpr\u00e9tation M\u00e9dicale"}]},{"@type":"WebSite","@id":"https:\/\/www.transcultures.com\/fr\/#website","url":"https:\/\/www.transcultures.com\/fr\/","name":"TransCultures","description":"Translation Interpretation Formation Consulting Languages","publisher":{"@id":"https:\/\/www.transcultures.com\/fr\/#organization"},"potentialAction":[{"@type":"SearchAction","target":{"@type":"EntryPoint","urlTemplate":"https:\/\/www.transcultures.com\/fr\/?s={search_term_string}"},"query-input":"required name=search_term_string"}],"inLanguage":"FR-FR"},{"@type":"Organization","@id":"https:\/\/www.transcultures.com\/fr\/#organization","name":"TransCultures","url":"https:\/\/www.transcultures.com\/fr\/","logo":{"@type":"ImageObject","inLanguage":"FR-FR","@id":"https:\/\/www.transcultures.com\/fr\/#\/schema\/logo\/image\/","url":"https:\/\/www.transcultures.com\/wp-content\/uploads\/2015\/01\/TransCultures_Logo2.png","contentUrl":"https:\/\/www.transcultures.com\/wp-content\/uploads\/2015\/01\/TransCultures_Logo2.png","width":347,"height":100,"caption":"TransCultures"},"image":{"@id":"https:\/\/www.transcultures.com\/fr\/#\/schema\/logo\/image\/"},"sameAs":["http:\/\/www.facebook.com\/TransCulturesLLC","https:\/\/twitter.com\/TransCultures"]}]}},"_links":{"self":[{"href":"https:\/\/www.transcultures.com\/fr\/wp-json\/wp\/v2\/pages\/5545"}],"collection":[{"href":"https:\/\/www.transcultures.com\/fr\/wp-json\/wp\/v2\/pages"}],"about":[{"href":"https:\/\/www.transcultures.com\/fr\/wp-json\/wp\/v2\/types\/page"}],"author":[{"embeddable":true,"href":"https:\/\/www.transcultures.com\/fr\/wp-json\/wp\/v2\/users\/1"}],"replies":[{"embeddable":true,"href":"https:\/\/www.transcultures.com\/fr\/wp-json\/wp\/v2\/comments?post=5545"}],"version-history":[{"count":0,"href":"https:\/\/www.transcultures.com\/fr\/wp-json\/wp\/v2\/pages\/5545\/revisions"}],"up":[{"embeddable":true,"href":"https:\/\/www.transcultures.com\/fr\/wp-json\/wp\/v2\/pages\/5495"}],"wp:featuredmedia":[{"embeddable":true,"href":"https:\/\/www.transcultures.com\/fr\/wp-json\/wp\/v2\/media\/7677"}],"wp:attachment":[{"href":"https:\/\/www.transcultures.com\/fr\/wp-json\/wp\/v2\/media?parent=5545"}],"wp:term":[{"taxonomy":"category","embeddable":true,"href":"https:\/\/www.transcultures.com\/fr\/wp-json\/wp\/v2\/categories?post=5545"},{"taxonomy":"post_tag","embeddable":true,"href":"https:\/\/www.transcultures.com\/fr\/wp-json\/wp\/v2\/tags?post=5545"}],"curies":[{"name":"wp","href":"https:\/\/api.w.org\/{rel}","templated":true}]}}