{"id":5495,"date":"2014-04-10T20:14:51","date_gmt":"2014-04-10T20:14:51","guid":{"rendered":"https:\/\/www.transcultures.com\/?page_id=5495"},"modified":"2021-05-06T02:03:55","modified_gmt":"2021-05-06T02:03:55","slug":"maroc-interpretariat","status":"publish","type":"page","link":"https:\/\/www.transcultures.com\/fr\/maroc-interpretariat\/","title":{"rendered":"L\u2019interpr\u00e9tariat"},"content":{"rendered":"\n<h2>L\u2019interpr\u00e9tariat<\/h2>\n\n\n\n<p>L&#8217;interpr\u00e9tariat consiste \u00e0 transmettre de vive voix un message d&#8217;une langue dans une autre. En plus des qualifications linguistiques requises, le travail d\u2019interpr\u00e9tation exige une parfaite connaissance des r\u00e9f\u00e9rences culturelles inh\u00e9rentes aux langues concern\u00e9es. Cela permet d\u2019acc\u00e9der au sens profond du message transmis, tout en touchant au mieux le public vis\u00e9; de faciliter la communication en sachant saisir, et faire saisir \u00e0 ses auditeurs les nuances culturelles. TransCultures emploie des interpr\u00e8tes exp\u00e9riment\u00e9s, qui ont travaill\u00e9 dans des environnements aussi divers que des conf\u00e9rences, des tribunaux et des h\u00f4pitaux, en recourant \u00e0 des techniques vari\u00e9es.<\/p>\n\n\n\n<p><em>Pour obtenir une estimation du travail \u00e0 fournir, veuillez contacter notre service de traduction :<\/em><\/p>\n\n\n\n<p class=\"has-text-align-center\"><a href=\"mailto:translation@transcultures.com\">Interpretation@TransCultures.com<\/a><\/p>\n\n\n\n<h2>LANGUES<\/h2>\n\n\n\n<div class=\"wptb-table-container wptb-table-9887\"><div class=\"wptb-table-container-matrix\" id=\"wptb-table-id-9887\" data-wptb-version=\"1.4.8\" data-wptb-pro-status=\"false\"><table class=\"wptb-preview-table wptb-element-main-table_setting-9887 edit-active\" data-reconstraction=\"1\" style=\"border: 1px solid rgb(238, 238, 238);\" data-wptb-table-tds-sum-max-width=\"394\" data-wptb-cells-width-auto-count=\"3\" data-wptb-extra-styles=\"LyogRW50ZXIgeW91ciBjdXN0b20gQ1NTIHJ1bGVzIGhlcmUgKi8=\" role=\"table\" data-wptb-header-background-color=\"#00000000\" data-wptb-responsive-directives=\"eyJyZXNwb25zaXZlRW5hYmxlZCI6dHJ1ZSwicmVzcG9uc2l2ZU1vZGUiOiJhdXRvIiwicHJlc2VydmVSb3dDb2xvciI6ZmFsc2UsInJlbGF0aXZlV2lkdGgiOiJ3aW5kb3ciLCJoZWFkZXJGdWxseU1lcmdlZCI6ZmFsc2UsIm1vZGVPcHRpb25zIjp7ImF1dG8iOnsidG9wUm93QXNIZWFkZXIiOnsiZGVza3RvcCI6ZmFsc2UsInRhYmxldCI6dHJ1ZSwibW9iaWxlIjp0cnVlfSwicmVwZWF0TWVyZ2VkSGVhZGVyIjp7ImRlc2t0b3AiOnRydWUsInRhYmxldCI6dHJ1ZSwibW9iaWxlIjp0cnVlfSwic3RhdGljVG9wUm93Ijp7ImRlc2t0b3AiOmZhbHNlLCJ0YWJsZXQiOmZhbHNlLCJtb2JpbGUiOmZhbHNlfSwiY2VsbFN0YWNrRGlyZWN0aW9uIjp7ImRlc2t0b3AiOiJyb3ciLCJ0YWJsZXQiOiJjb2x1bW4iLCJtb2JpbGUiOiJyb3cifSwiY2VsbHNQZXJSb3ciOnsiZGVza3RvcCI6MSwidGFibGV0IjoxLCJtb2JpbGUiOjF9fX0sImJyZWFrcG9pbnRzIjp7ImRlc2t0b3AiOnsibmFtZSI6ImRlc2t0b3AiLCJ3aWR0aCI6MTAyNH0sInRhYmxldCI6eyJuYW1lIjoidGFibGV0Iiwid2lkdGgiOjcwMH0sIm1vYmlsZSI6eyJuYW1lIjoibW9iaWxlIiwid2lkdGgiOjMwMH19fQ==\" data-wptb-adaptive-table=\"0\" data-table-columns=\"3\"><tbody><tr class=\"wptb-row\" style=\"background-color: rgba(0, 0, 0, 0);\"><td class=\"wptb-cell\" data-y-index=\"0\" data-x-index=\"0\" style=\"border: 1px solid rgb(238, 238, 238);\" data-wptb-css-td-auto-width=\"true\" data-wptb-cell-vertical-alignment=\"top\"><div class=\"wptb-text-container wptb-ph-element wptb-element-text-1\"><div class=\"\" style=\"position: relative;\"><p>Afrikaans<br>Akan<br>Allemand<br>Arabe (tous les dialectes)<br>Arm&eacute;nien<br>Ashanti<br>Assamais<br>Az&eacute;ri<br>Bahasa<br>Bambara<br>Bandi<br>Basque<br>Belarusan<br>Bengali<br>Berb&egrave;re<br>Bhili<br>Bosnie<br>Bulgare<br>Birmans<br>Cambodgien<br>Catalan<br>Cantonais<br>Cobuano<br>Chinois (mandarin et cantonais<br>Chuvash<br>Cinghalais<br>Cor&eacute;en<br>Danois<br>Dari<br>Domari<br>Dutch<br>Edo<br>Espagnol<br>Estonien<br>&Eacute;thiopique<br>Ewe<br>Fanti<br>Farsi<br>Finnois<br>Fran&ccedil;ais<br>Fula<br>Fuzhou<br>Ga<br>Gan<br>Garifuna<br>Georgian<br>Allemand<br>Grebo<br><\/p><\/div><\/div><\/td><td class=\"wptb-cell\" data-y-index=\"0\" data-x-index=\"1\" style=\"border: 1px solid rgb(238, 238, 238);\" data-wptb-css-td-auto-width=\"true\" data-wptb-cell-vertical-alignment=\"top\"><div class=\"wptb-text-container wptb-ph-element wptb-element-text-2\"><div class=\"\" style=\"position: relative;\"><p><\/p><p><\/p><p>Grec<br>Gujarati<br>Cr&eacute;ole Ha&iuml;tien<br>Hakka<br>Haussa<br>H&eacute;breu<br>Hindi<br>Hoisanese<br>Hongrois<\/p><p>Igbo<br>Indon&eacute;sien<br>Italien<br>Japonais<br>Kannada<br>Kashmiri<br>Kazakh<br>Khandeshi<br>Khmer<br>Kinyarwanda<br>Kolami-Naiki<br>Kongo<br>Korean<br>Kunama<br>Kurde<br>Laotien<br>Letton<br>Lituanien<br>Mac&eacute;donien<br>Magyar<br>Maharati<br>Malgache<br>Malais<br>Malayalam<br>Mandarin<br>Mandingo<br>Marathi<br>Min<br>Mina<br>Mongol<br>Nama<br>Napolitain<br>N&eacute;palais<br>N&eacute;erlandais<br>Norv&eacute;gien<br>Occitan<br>Oriya<br>Ourdou<br>Pangasinan<br>Pachtou<br><\/p><\/div><\/div><\/td><td class=\"wptb-cell\" data-y-index=\"0\" data-x-index=\"2\" style=\"border: 1px solid rgb(238, 238, 238);\" data-wptb-css-td-auto-width=\"true\" data-wptb-cell-vertical-alignment=\"top\"><div class=\"wptb-text-container wptb-ph-element wptb-element-text-3\"><div class=\"\" style=\"position: relative;\"><p>Persan<br>Polonais<br>Portugais<br>Punjabi<\/p><p>Rajasthani<br>Romani<br>Roumain<br>Russe<br>Sango<br>Serbe<br>Shangainese<br>Shona<br>Siciliens<br>Sindhi<br>Sinhala<br>Slovaque<br>Slov&egrave;ne<br>Somali<br>Swahili<br>Su&eacute;dois<br>Tagalog<br>Ta&iuml;wanais<br>Tajik<br>Tamoul<br>Tatar<br>Tachlhit<br>Tch&egrave;que<br>Telugu<br>Tha&iuml;<br>Turc<br>Turkm&egrave;ne<br>Twi<br>Ukrainien<br>Umbundu<br>Uyghur<br>Uyghur<br>Ouzbek<br>Vietnamien<br>Wenzhou<br>Wolof<br>Wu<br>Xhosa<br>Xiang<br>Yi<br>Yiddish<br>Yoruba<br>Zulu<\/p><\/div><\/div><\/td><\/tr><\/tbody><\/table><\/div><\/div>\n\n\n\n\n<h2>SECTEURS D\u2019ACTIVIT\u00c9<\/h2>\n\n\n\n<div class=\"wptb-table-container wptb-table-9889\"><div class=\"wptb-table-container-matrix\" id=\"wptb-table-id-9889\" data-wptb-version=\"1.4.8\" data-wptb-pro-status=\"false\"><table class=\"wptb-preview-table wptb-element-main-table_setting-9889\" data-reconstraction=\"1\" style=\"border: 1px solid rgb(238, 238, 238);\" data-wptb-table-tds-sum-max-width=\"263\" data-wptb-cells-width-auto-count=\"2\" data-wptb-extra-styles=\"LyogRW50ZXIgeW91ciBjdXN0b20gQ1NTIHJ1bGVzIGhlcmUgKi8=\" role=\"table\" data-wptb-header-background-color=\"#00000000\" data-wptb-responsive-directives=\"eyJyZXNwb25zaXZlRW5hYmxlZCI6dHJ1ZSwicmVzcG9uc2l2ZU1vZGUiOiJhdXRvIiwicHJlc2VydmVSb3dDb2xvciI6ZmFsc2UsInJlbGF0aXZlV2lkdGgiOiJ3aW5kb3ciLCJoZWFkZXJGdWxseU1lcmdlZCI6ZmFsc2UsIm1vZGVPcHRpb25zIjp7ImF1dG8iOnsidG9wUm93QXNIZWFkZXIiOnsiZGVza3RvcCI6ZmFsc2UsInRhYmxldCI6dHJ1ZSwibW9iaWxlIjp0cnVlfSwicmVwZWF0TWVyZ2VkSGVhZGVyIjp7ImRlc2t0b3AiOnRydWUsInRhYmxldCI6dHJ1ZSwibW9iaWxlIjp0cnVlfSwic3RhdGljVG9wUm93Ijp7ImRlc2t0b3AiOmZhbHNlLCJ0YWJsZXQiOmZhbHNlLCJtb2JpbGUiOmZhbHNlfSwiY2VsbFN0YWNrRGlyZWN0aW9uIjp7ImRlc2t0b3AiOiJyb3ciLCJ0YWJsZXQiOiJjb2x1bW4iLCJtb2JpbGUiOiJyb3cifSwiY2VsbHNQZXJSb3ciOnsiZGVza3RvcCI6MSwidGFibGV0IjoxLCJtb2JpbGUiOjF9fX0sImJyZWFrcG9pbnRzIjp7ImRlc2t0b3AiOnsibmFtZSI6ImRlc2t0b3AiLCJ3aWR0aCI6MTAyNH0sInRhYmxldCI6eyJuYW1lIjoidGFibGV0Iiwid2lkdGgiOjcwMH0sIm1vYmlsZSI6eyJuYW1lIjoibW9iaWxlIiwid2lkdGgiOjMwMH19fQ==\" data-wptb-adaptive-table=\"0\" data-table-columns=\"2\"><tbody><tr class=\"wptb-row\" style=\"background-color: rgba(0, 0, 0, 0);\"><td class=\"wptb-cell\" data-y-index=\"0\" data-x-index=\"0\" style=\"border: 1px solid rgb(238, 238, 238);\" data-wptb-css-td-auto-width=\"true\" data-wptb-cell-vertical-alignment=\"top\"><div class=\"wptb-text-container wptb-ph-element wptb-element-text-1\"><div class=\"\" style=\"position: relative;\"><p>Agriculture<br>Appels d&rsquo;offres<br>Architecture<br>Arts<br>Assurance<br>Astronomie<br>Biologie<br>Botanique<br>Communications<br>Comptabilit&eacute;<br>Construction<br>Contrats<br>Copyright<br>Cosm&eacute;tiques<br>Criminologie<br>D&eacute;fense<br>D&eacute;mographie<br>D&eacute;veloppement International<br>Droit<br>Droit International<br>&Eacute;cologie<br>&Eacute;conomie<br>&Eacute;dition<br>&Eacute;ducation<br>&Eacute;lections<br>&Eacute;nergie Renouvelable<br>Entreprise<br>Etude de March&eacute;<br>Exploitation mini&egrave;re<\/p><p>Film<br><\/p><\/div><\/div><\/td><td class=\"wptb-cell\" data-y-index=\"0\" data-x-index=\"1\" style=\"border: 1px solid rgb(238, 238, 238);\" data-wptb-css-td-auto-width=\"true\" data-wptb-cell-vertical-alignment=\"top\"><div class=\"wptb-text-container wptb-ph-element wptb-element-text-2 edit-active\"><div class=\"\" style=\"position: relative;\"><p>Finances<br>Fusions &amp; Acquisitions<br>Gestion<br>Gestion des D&eacute;chets<br>Hospitalit&eacute;<br>Immigration<br>Informations<br>Ing&eacute;nierie<br>Litt&eacute;rature<br>Marketing<br>Marques d&eacute;pos&eacute;es<br>Media<br>P&eacute;trole et Gaz<br>Planification Urbaine<br>Produits Pharmaceutiques<br>Publicit&eacute;<br>Recherche<br>Relations Publiques<br>Science de l&rsquo;Alimentation<br>Sciences V&eacute;t&eacute;rinaires<br>Site Web<br>Services Bancaires<br>Soins de Sant&eacute;<br>Sp&eacute;cialit&eacute;s Culinaires<br>Sports<br>Technique<br>Technologie<br>Tourisme<br>Tourisme Equitable<\/p><\/div><\/div><\/td><\/tr><\/tbody><\/table><\/div><\/div>\n\n\n\n\n<div class=\"wp-block-image\"><figure class=\"aligncenter\"><a href=\"#\"><img decoding=\"async\" loading=\"lazy\" width=\"300\" height=\"73\" src=\"http:\/\/www.transcultures.com\/wp-content\/uploads\/2013\/09\/blue-logo-300x73.jpg\" alt=\"blue-logo\" class=\"wp-image-7112\" srcset=\"https:\/\/www.transcultures.com\/wp-content\/uploads\/2013\/09\/blue-logo-300x73.jpg 300w, https:\/\/www.transcultures.com\/wp-content\/uploads\/2013\/09\/blue-logo.jpg 414w\" sizes=\"(max-width: 300px) 100vw, 300px\" \/><\/a><\/figure><\/div>\n","protected":false},"excerpt":{"rendered":"<p>L\u2019interpr\u00e9tariat L&#8217;interpr\u00e9tariat consiste \u00e0 transmettre de vive voix un message d&#8217;une langue dans une autre. En plus des qualifications linguistiques requises, le travail d\u2019interpr\u00e9tation exige une parfaite connaissance des r\u00e9f\u00e9rences culturelles inh\u00e9rentes aux langues concern\u00e9es. Cela permet d\u2019acc\u00e9der au sens profond du message transmis, tout en touchant au mieux le public vis\u00e9; de faciliter la &hellip;<\/p>\n<p class=\"read-more\"> <a class=\"\" href=\"https:\/\/www.transcultures.com\/fr\/maroc-interpretariat\/\"> <span class=\"screen-reader-text\">L\u2019interpr\u00e9tariat<\/span> Read More \u00bb<\/a><\/p>\n","protected":false},"author":1,"featured_media":8375,"parent":0,"menu_order":0,"comment_status":"closed","ping_status":"open","template":"","meta":{"site-sidebar-layout":"default","site-content-layout":"default","ast-global-header-display":"","ast-main-header-display":"","ast-hfb-above-header-display":"","ast-hfb-below-header-display":"","ast-hfb-mobile-header-display":"","site-post-title":"","ast-breadcrumbs-content":"","ast-featured-img":"","footer-sml-layout":"","theme-transparent-header-meta":"default","adv-header-id-meta":"","stick-header-meta":"default","header-above-stick-meta":"","header-main-stick-meta":"","header-below-stick-meta":""},"categories":[119],"tags":[],"yoast_head":"<!-- This site is optimized with the Yoast SEO plugin v20.2.1 - https:\/\/yoast.com\/wordpress\/plugins\/seo\/ -->\n<title>Maroc Interpr\u00e9tariat Interpr\u00e8tes Conf\u00e9rence, Arabic, Fran\u00e7ais, English, Berber<\/title>\n<meta name=\"description\" content=\"Maroc interpr\u00e9tariat: Services\u00a0Interpretation\u00a0interpr\u00e9tariat de conf\u00e9rence: France, Maroc, l\u2019interpr\u00e9tariat Paris, Marrakech, Casablanca, Rabat, Traduction\" \/>\n<meta name=\"robots\" content=\"index, follow, max-snippet:-1, max-image-preview:large, max-video-preview:-1\" \/>\n<link rel=\"canonical\" href=\"https:\/\/www.transcultures.com\/fr\/maroc-interpretariat\/\" \/>\n<meta property=\"og:locale\" content=\"fr_FR\" \/>\n<meta property=\"og:type\" content=\"article\" \/>\n<meta property=\"og:title\" content=\"Maroc Interpr\u00e9tariat Interpr\u00e8tes Conf\u00e9rence, Arabic, Fran\u00e7ais, English, Berber\" \/>\n<meta property=\"og:description\" content=\"Maroc interpr\u00e9tariat: Services\u00a0Interpretation\u00a0interpr\u00e9tariat de conf\u00e9rence: France, Maroc, l\u2019interpr\u00e9tariat Paris, Marrakech, Casablanca, Rabat, Traduction\" \/>\n<meta property=\"og:url\" content=\"https:\/\/www.transcultures.com\/fr\/maroc-interpretariat\/\" \/>\n<meta property=\"og:site_name\" content=\"TransCultures\" \/>\n<meta property=\"article:publisher\" content=\"http:\/\/www.facebook.com\/TransCulturesLLC\" \/>\n<meta property=\"article:modified_time\" content=\"2021-05-06T02:03:55+00:00\" \/>\n<meta property=\"og:image\" content=\"https:\/\/www.transcultures.com\/wp-content\/uploads\/2014\/07\/TransCultures_Interpretation_Services_Banner.png\" \/>\n\t<meta property=\"og:image:width\" content=\"1170\" \/>\n\t<meta property=\"og:image:height\" content=\"365\" \/>\n\t<meta property=\"og:image:type\" content=\"image\/png\" \/>\n<meta name=\"twitter:label1\" content=\"Est. reading time\" \/>\n\t<meta name=\"twitter:data1\" content=\"1 minute\" \/>\n<script type=\"application\/ld+json\" class=\"yoast-schema-graph\">{\"@context\":\"https:\/\/schema.org\",\"@graph\":[{\"@type\":\"WebPage\",\"@id\":\"https:\/\/www.transcultures.com\/fr\/maroc-interpretariat\/\",\"url\":\"https:\/\/www.transcultures.com\/fr\/maroc-interpretariat\/\",\"name\":\"Maroc Interpr\u00e9tariat Interpr\u00e8tes Conf\u00e9rence, Arabic, Fran\u00e7ais, English, Berber\",\"isPartOf\":{\"@id\":\"https:\/\/www.transcultures.com\/fr\/#website\"},\"datePublished\":\"2014-04-10T20:14:51+00:00\",\"dateModified\":\"2021-05-06T02:03:55+00:00\",\"description\":\"Maroc interpr\u00e9tariat: Services\u00a0Interpretation\u00a0interpr\u00e9tariat de conf\u00e9rence: France, Maroc, l\u2019interpr\u00e9tariat Paris, Marrakech, Casablanca, Rabat, Traduction\",\"breadcrumb\":{\"@id\":\"https:\/\/www.transcultures.com\/fr\/maroc-interpretariat\/#breadcrumb\"},\"inLanguage\":\"FR-FR\",\"potentialAction\":[{\"@type\":\"ReadAction\",\"target\":[\"https:\/\/www.transcultures.com\/fr\/maroc-interpretariat\/\"]}]},{\"@type\":\"BreadcrumbList\",\"@id\":\"https:\/\/www.transcultures.com\/fr\/maroc-interpretariat\/#breadcrumb\",\"itemListElement\":[{\"@type\":\"ListItem\",\"position\":1,\"name\":\"Home\",\"item\":\"https:\/\/www.transcultures.com\/fr\/\"},{\"@type\":\"ListItem\",\"position\":2,\"name\":\"L\u2019interpr\u00e9tariat\"}]},{\"@type\":\"WebSite\",\"@id\":\"https:\/\/www.transcultures.com\/fr\/#website\",\"url\":\"https:\/\/www.transcultures.com\/fr\/\",\"name\":\"TransCultures\",\"description\":\"Translation Interpretation Formation Consulting Languages\",\"publisher\":{\"@id\":\"https:\/\/www.transcultures.com\/fr\/#organization\"},\"potentialAction\":[{\"@type\":\"SearchAction\",\"target\":{\"@type\":\"EntryPoint\",\"urlTemplate\":\"https:\/\/www.transcultures.com\/fr\/?s={search_term_string}\"},\"query-input\":\"required name=search_term_string\"}],\"inLanguage\":\"FR-FR\"},{\"@type\":\"Organization\",\"@id\":\"https:\/\/www.transcultures.com\/fr\/#organization\",\"name\":\"TransCultures\",\"url\":\"https:\/\/www.transcultures.com\/fr\/\",\"logo\":{\"@type\":\"ImageObject\",\"inLanguage\":\"FR-FR\",\"@id\":\"https:\/\/www.transcultures.com\/fr\/#\/schema\/logo\/image\/\",\"url\":\"https:\/\/www.transcultures.com\/wp-content\/uploads\/2015\/01\/TransCultures_Logo2.png\",\"contentUrl\":\"https:\/\/www.transcultures.com\/wp-content\/uploads\/2015\/01\/TransCultures_Logo2.png\",\"width\":347,\"height\":100,\"caption\":\"TransCultures\"},\"image\":{\"@id\":\"https:\/\/www.transcultures.com\/fr\/#\/schema\/logo\/image\/\"},\"sameAs\":[\"http:\/\/www.facebook.com\/TransCulturesLLC\",\"https:\/\/twitter.com\/TransCultures\"]}]}<\/script>\n<!-- \/ Yoast SEO plugin. -->","yoast_head_json":{"title":"Maroc Interpr\u00e9tariat Interpr\u00e8tes Conf\u00e9rence, Arabic, Fran\u00e7ais, English, Berber","description":"Maroc interpr\u00e9tariat: Services\u00a0Interpretation\u00a0interpr\u00e9tariat de conf\u00e9rence: France, Maroc, l\u2019interpr\u00e9tariat Paris, Marrakech, Casablanca, Rabat, Traduction","robots":{"index":"index","follow":"follow","max-snippet":"max-snippet:-1","max-image-preview":"max-image-preview:large","max-video-preview":"max-video-preview:-1"},"canonical":"https:\/\/www.transcultures.com\/fr\/maroc-interpretariat\/","og_locale":"fr_FR","og_type":"article","og_title":"Maroc Interpr\u00e9tariat Interpr\u00e8tes Conf\u00e9rence, Arabic, Fran\u00e7ais, English, Berber","og_description":"Maroc interpr\u00e9tariat: Services\u00a0Interpretation\u00a0interpr\u00e9tariat de conf\u00e9rence: France, Maroc, l\u2019interpr\u00e9tariat Paris, Marrakech, Casablanca, Rabat, Traduction","og_url":"https:\/\/www.transcultures.com\/fr\/maroc-interpretariat\/","og_site_name":"TransCultures","article_publisher":"http:\/\/www.facebook.com\/TransCulturesLLC","article_modified_time":"2021-05-06T02:03:55+00:00","og_image":[{"width":1170,"height":365,"url":"https:\/\/www.transcultures.com\/wp-content\/uploads\/2014\/07\/TransCultures_Interpretation_Services_Banner.png","type":"image\/png"}],"twitter_misc":{"Est. reading time":"1 minute"},"schema":{"@context":"https:\/\/schema.org","@graph":[{"@type":"WebPage","@id":"https:\/\/www.transcultures.com\/fr\/maroc-interpretariat\/","url":"https:\/\/www.transcultures.com\/fr\/maroc-interpretariat\/","name":"Maroc Interpr\u00e9tariat Interpr\u00e8tes Conf\u00e9rence, Arabic, Fran\u00e7ais, English, Berber","isPartOf":{"@id":"https:\/\/www.transcultures.com\/fr\/#website"},"datePublished":"2014-04-10T20:14:51+00:00","dateModified":"2021-05-06T02:03:55+00:00","description":"Maroc interpr\u00e9tariat: Services\u00a0Interpretation\u00a0interpr\u00e9tariat de conf\u00e9rence: France, Maroc, l\u2019interpr\u00e9tariat Paris, Marrakech, Casablanca, Rabat, Traduction","breadcrumb":{"@id":"https:\/\/www.transcultures.com\/fr\/maroc-interpretariat\/#breadcrumb"},"inLanguage":"FR-FR","potentialAction":[{"@type":"ReadAction","target":["https:\/\/www.transcultures.com\/fr\/maroc-interpretariat\/"]}]},{"@type":"BreadcrumbList","@id":"https:\/\/www.transcultures.com\/fr\/maroc-interpretariat\/#breadcrumb","itemListElement":[{"@type":"ListItem","position":1,"name":"Home","item":"https:\/\/www.transcultures.com\/fr\/"},{"@type":"ListItem","position":2,"name":"L\u2019interpr\u00e9tariat"}]},{"@type":"WebSite","@id":"https:\/\/www.transcultures.com\/fr\/#website","url":"https:\/\/www.transcultures.com\/fr\/","name":"TransCultures","description":"Translation Interpretation Formation Consulting Languages","publisher":{"@id":"https:\/\/www.transcultures.com\/fr\/#organization"},"potentialAction":[{"@type":"SearchAction","target":{"@type":"EntryPoint","urlTemplate":"https:\/\/www.transcultures.com\/fr\/?s={search_term_string}"},"query-input":"required name=search_term_string"}],"inLanguage":"FR-FR"},{"@type":"Organization","@id":"https:\/\/www.transcultures.com\/fr\/#organization","name":"TransCultures","url":"https:\/\/www.transcultures.com\/fr\/","logo":{"@type":"ImageObject","inLanguage":"FR-FR","@id":"https:\/\/www.transcultures.com\/fr\/#\/schema\/logo\/image\/","url":"https:\/\/www.transcultures.com\/wp-content\/uploads\/2015\/01\/TransCultures_Logo2.png","contentUrl":"https:\/\/www.transcultures.com\/wp-content\/uploads\/2015\/01\/TransCultures_Logo2.png","width":347,"height":100,"caption":"TransCultures"},"image":{"@id":"https:\/\/www.transcultures.com\/fr\/#\/schema\/logo\/image\/"},"sameAs":["http:\/\/www.facebook.com\/TransCulturesLLC","https:\/\/twitter.com\/TransCultures"]}]}},"_links":{"self":[{"href":"https:\/\/www.transcultures.com\/fr\/wp-json\/wp\/v2\/pages\/5495"}],"collection":[{"href":"https:\/\/www.transcultures.com\/fr\/wp-json\/wp\/v2\/pages"}],"about":[{"href":"https:\/\/www.transcultures.com\/fr\/wp-json\/wp\/v2\/types\/page"}],"author":[{"embeddable":true,"href":"https:\/\/www.transcultures.com\/fr\/wp-json\/wp\/v2\/users\/1"}],"replies":[{"embeddable":true,"href":"https:\/\/www.transcultures.com\/fr\/wp-json\/wp\/v2\/comments?post=5495"}],"version-history":[{"count":0,"href":"https:\/\/www.transcultures.com\/fr\/wp-json\/wp\/v2\/pages\/5495\/revisions"}],"wp:featuredmedia":[{"embeddable":true,"href":"https:\/\/www.transcultures.com\/fr\/wp-json\/wp\/v2\/media\/8375"}],"wp:attachment":[{"href":"https:\/\/www.transcultures.com\/fr\/wp-json\/wp\/v2\/media?parent=5495"}],"wp:term":[{"taxonomy":"category","embeddable":true,"href":"https:\/\/www.transcultures.com\/fr\/wp-json\/wp\/v2\/categories?post=5495"},{"taxonomy":"post_tag","embeddable":true,"href":"https:\/\/www.transcultures.com\/fr\/wp-json\/wp\/v2\/tags?post=5495"}],"curies":[{"name":"wp","href":"https:\/\/api.w.org\/{rel}","templated":true}]}}