{"id":5488,"date":"2014-04-10T18:28:21","date_gmt":"2014-04-10T18:28:21","guid":{"rendered":"https:\/\/www.transcultures.com\/?page_id=5488"},"modified":"2021-05-06T03:23:58","modified_gmt":"2021-05-06T03:23:58","slug":"traduction-maroc","status":"publish","type":"page","link":"https:\/\/www.transcultures.com\/fr\/paris-traduction\/traduction-maroc\/","title":{"rendered":"TRADUCTION CERTIFIEE"},"content":{"rendered":"\n<p>Une traduction certifi\u00e9e,&nbsp;\u00e9galement traduction jur\u00e9e ou&nbsp; asserment\u00e9e est habituellement demand\u00e9e par les organismes gouvernementaux, les cours de justice et les universit\u00e9s, tant pour des documents \u00e0 caract\u00e8re personnel que pour des documents officiels, tels que : certificats de naissance, de mariage et de d\u00e9c\u00e8s, actes de divorce, relev\u00e9s de notes, &#8230; TransCultures fournit la traduction certifi\u00e9e d\u2019une grande diversit\u00e9 de documents. Nous fournissons des traductions&nbsp;asserment\u00e9e dans plus de 140 langues, conform\u00e9ment aux r\u00e8gles gouvernementales. Pour plus de commodit\u00e9, des options de livraison r\u00e9guli\u00e8re et urgente sont disponibles. Notre traduction certifi\u00e9e est reconnue et utilis\u00e9e par :<\/p>\n\n\n\n<p>&#8211; Tous les offices gouvernementaux<br>&#8211; Les syst\u00e8mes judiciaires.<br>&#8211; Les services diplomatiques et leurs organismes repr\u00e9sentatifs (ambassades, consulats).<br>&#8211; Les \u00e9tablissements d\u2019enseignement et les conseils m\u00e9dicaux.<\/p>\n\n\n\n<h2>Langues<\/h2>\n\n\n<div class=\"wptb-table-container wptb-table-9887\"><div class=\"wptb-table-container-matrix\" id=\"wptb-table-id-9887\" data-wptb-version=\"1.4.8\" data-wptb-pro-status=\"false\"><table class=\"wptb-preview-table wptb-element-main-table_setting-9887 edit-active\" data-reconstraction=\"1\" style=\"border: 1px solid rgb(238, 238, 238);\" data-wptb-table-tds-sum-max-width=\"394\" data-wptb-cells-width-auto-count=\"3\" data-wptb-extra-styles=\"LyogRW50ZXIgeW91ciBjdXN0b20gQ1NTIHJ1bGVzIGhlcmUgKi8=\" role=\"table\" data-wptb-header-background-color=\"#00000000\" data-wptb-responsive-directives=\"eyJyZXNwb25zaXZlRW5hYmxlZCI6dHJ1ZSwicmVzcG9uc2l2ZU1vZGUiOiJhdXRvIiwicHJlc2VydmVSb3dDb2xvciI6ZmFsc2UsInJlbGF0aXZlV2lkdGgiOiJ3aW5kb3ciLCJoZWFkZXJGdWxseU1lcmdlZCI6ZmFsc2UsIm1vZGVPcHRpb25zIjp7ImF1dG8iOnsidG9wUm93QXNIZWFkZXIiOnsiZGVza3RvcCI6ZmFsc2UsInRhYmxldCI6dHJ1ZSwibW9iaWxlIjp0cnVlfSwicmVwZWF0TWVyZ2VkSGVhZGVyIjp7ImRlc2t0b3AiOnRydWUsInRhYmxldCI6dHJ1ZSwibW9iaWxlIjp0cnVlfSwic3RhdGljVG9wUm93Ijp7ImRlc2t0b3AiOmZhbHNlLCJ0YWJsZXQiOmZhbHNlLCJtb2JpbGUiOmZhbHNlfSwiY2VsbFN0YWNrRGlyZWN0aW9uIjp7ImRlc2t0b3AiOiJyb3ciLCJ0YWJsZXQiOiJjb2x1bW4iLCJtb2JpbGUiOiJyb3cifSwiY2VsbHNQZXJSb3ciOnsiZGVza3RvcCI6MSwidGFibGV0IjoxLCJtb2JpbGUiOjF9fX0sImJyZWFrcG9pbnRzIjp7ImRlc2t0b3AiOnsibmFtZSI6ImRlc2t0b3AiLCJ3aWR0aCI6MTAyNH0sInRhYmxldCI6eyJuYW1lIjoidGFibGV0Iiwid2lkdGgiOjcwMH0sIm1vYmlsZSI6eyJuYW1lIjoibW9iaWxlIiwid2lkdGgiOjMwMH19fQ==\" data-wptb-adaptive-table=\"0\" data-table-columns=\"3\"><tbody><tr class=\"wptb-row\" style=\"background-color: rgba(0, 0, 0, 0);\"><td class=\"wptb-cell\" data-y-index=\"0\" data-x-index=\"0\" style=\"border: 1px solid rgb(238, 238, 238);\" data-wptb-css-td-auto-width=\"true\" data-wptb-cell-vertical-alignment=\"top\"><div class=\"wptb-text-container wptb-ph-element wptb-element-text-1\"><div class=\"\" style=\"position: relative;\"><p>Afrikaans<br>Akan<br>Allemand<br>Arabe (tous les dialectes)<br>Arm&eacute;nien<br>Ashanti<br>Assamais<br>Az&eacute;ri<br>Bahasa<br>Bambara<br>Bandi<br>Basque<br>Belarusan<br>Bengali<br>Berb&egrave;re<br>Bhili<br>Bosnie<br>Bulgare<br>Birmans<br>Cambodgien<br>Catalan<br>Cantonais<br>Cobuano<br>Chinois (mandarin et cantonais<br>Chuvash<br>Cinghalais<br>Cor&eacute;en<br>Danois<br>Dari<br>Domari<br>Dutch<br>Edo<br>Espagnol<br>Estonien<br>&Eacute;thiopique<br>Ewe<br>Fanti<br>Farsi<br>Finnois<br>Fran&ccedil;ais<br>Fula<br>Fuzhou<br>Ga<br>Gan<br>Garifuna<br>Georgian<br>Allemand<br>Grebo<br><\/p><\/div><\/div><\/td><td class=\"wptb-cell\" data-y-index=\"0\" data-x-index=\"1\" style=\"border: 1px solid rgb(238, 238, 238);\" data-wptb-css-td-auto-width=\"true\" data-wptb-cell-vertical-alignment=\"top\"><div class=\"wptb-text-container wptb-ph-element wptb-element-text-2\"><div class=\"\" style=\"position: relative;\"><p><\/p><p><\/p><p>Grec<br>Gujarati<br>Cr&eacute;ole Ha&iuml;tien<br>Hakka<br>Haussa<br>H&eacute;breu<br>Hindi<br>Hoisanese<br>Hongrois<\/p><p>Igbo<br>Indon&eacute;sien<br>Italien<br>Japonais<br>Kannada<br>Kashmiri<br>Kazakh<br>Khandeshi<br>Khmer<br>Kinyarwanda<br>Kolami-Naiki<br>Kongo<br>Korean<br>Kunama<br>Kurde<br>Laotien<br>Letton<br>Lituanien<br>Mac&eacute;donien<br>Magyar<br>Maharati<br>Malgache<br>Malais<br>Malayalam<br>Mandarin<br>Mandingo<br>Marathi<br>Min<br>Mina<br>Mongol<br>Nama<br>Napolitain<br>N&eacute;palais<br>N&eacute;erlandais<br>Norv&eacute;gien<br>Occitan<br>Oriya<br>Ourdou<br>Pangasinan<br>Pachtou<br><\/p><\/div><\/div><\/td><td class=\"wptb-cell\" data-y-index=\"0\" data-x-index=\"2\" style=\"border: 1px solid rgb(238, 238, 238);\" data-wptb-css-td-auto-width=\"true\" data-wptb-cell-vertical-alignment=\"top\"><div class=\"wptb-text-container wptb-ph-element wptb-element-text-3\"><div class=\"\" style=\"position: relative;\"><p>Persan<br>Polonais<br>Portugais<br>Punjabi<\/p><p>Rajasthani<br>Romani<br>Roumain<br>Russe<br>Sango<br>Serbe<br>Shangainese<br>Shona<br>Siciliens<br>Sindhi<br>Sinhala<br>Slovaque<br>Slov&egrave;ne<br>Somali<br>Swahili<br>Su&eacute;dois<br>Tagalog<br>Ta&iuml;wanais<br>Tajik<br>Tamoul<br>Tatar<br>Tachlhit<br>Tch&egrave;que<br>Telugu<br>Tha&iuml;<br>Turc<br>Turkm&egrave;ne<br>Twi<br>Ukrainien<br>Umbundu<br>Uyghur<br>Uyghur<br>Ouzbek<br>Vietnamien<br>Wenzhou<br>Wolof<br>Wu<br>Xhosa<br>Xiang<br>Yi<br>Yiddish<br>Yoruba<br>Zulu<\/p><\/div><\/div><\/td><\/tr><\/tbody><\/table><\/div><\/div>\n\n\n\n\n<h3><span style=\"font-size: 18px;\"><em>Pour obtenir une estimation du travail \u00e0 fournir, veuillez contacter notre service de traduction: <\/em><\/span><\/h3>\n\n\n\n<p class=\"has-text-align-center\"><a href=\"mailto:translation@transcultures.com\">Translation@TransCultures.com<\/a><\/p>\n","protected":false},"excerpt":{"rendered":"<p>Une traduction certifi\u00e9e,&nbsp;\u00e9galement traduction jur\u00e9e ou&nbsp; asserment\u00e9e est habituellement demand\u00e9e par les organismes gouvernementaux, les cours de justice et les universit\u00e9s, tant pour des documents \u00e0 caract\u00e8re personnel que pour des documents officiels, tels que : certificats de naissance, de mariage et de d\u00e9c\u00e8s, actes de divorce, relev\u00e9s de notes, &#8230; TransCultures fournit la traduction &hellip;<\/p>\n<p class=\"read-more\"> <a class=\"\" href=\"https:\/\/www.transcultures.com\/fr\/paris-traduction\/traduction-maroc\/\"> <span class=\"screen-reader-text\">TRADUCTION CERTIFIEE<\/span> Read More \u00bb<\/a><\/p>\n","protected":false},"author":1,"featured_media":7738,"parent":5474,"menu_order":0,"comment_status":"closed","ping_status":"open","template":"","meta":{"site-sidebar-layout":"default","site-content-layout":"default","ast-global-header-display":"","ast-main-header-display":"","ast-hfb-above-header-display":"","ast-hfb-below-header-display":"","ast-hfb-mobile-header-display":"","site-post-title":"","ast-breadcrumbs-content":"","ast-featured-img":"","footer-sml-layout":"","theme-transparent-header-meta":"default","adv-header-id-meta":"","stick-header-meta":"default","header-above-stick-meta":"","header-main-stick-meta":"","header-below-stick-meta":""},"categories":[120],"tags":[],"yoast_head":"<!-- This site is optimized with the Yoast SEO plugin v20.2.1 - https:\/\/yoast.com\/wordpress\/plugins\/seo\/ -->\n<title>Traduction Maroc Traduction Asserment\u00e9e, Traduction Certifi\u00e9e, Traduction Jur\u00e9e, Traduction Officielle<\/title>\n<meta name=\"description\" content=\"Traduction Asserment\u00e9e Maroc, Traduction Certifi\u00e9e Maroc, Traduction Jur\u00e9e Maroc, Traduction Officielle Maroc, Traduction pour Green Card Lottery, Visa,\" \/>\n<meta name=\"robots\" content=\"index, follow, max-snippet:-1, max-image-preview:large, max-video-preview:-1\" \/>\n<link rel=\"canonical\" href=\"https:\/\/www.transcultures.com\/fr\/paris-traduction\/traduction-maroc\/\" \/>\n<meta property=\"og:locale\" content=\"fr_FR\" \/>\n<meta property=\"og:type\" content=\"article\" \/>\n<meta property=\"og:title\" content=\"Traduction Maroc Traduction Asserment\u00e9e, Traduction Certifi\u00e9e, Traduction Jur\u00e9e, Traduction Officielle\" \/>\n<meta property=\"og:description\" content=\"Traduction Asserment\u00e9e Maroc, Traduction Certifi\u00e9e Maroc, Traduction Jur\u00e9e Maroc, Traduction Officielle Maroc, Traduction pour Green Card Lottery, Visa,\" \/>\n<meta property=\"og:url\" content=\"https:\/\/www.transcultures.com\/fr\/paris-traduction\/traduction-maroc\/\" \/>\n<meta property=\"og:site_name\" content=\"TransCultures\" \/>\n<meta property=\"article:publisher\" content=\"http:\/\/www.facebook.com\/TransCulturesLLC\" \/>\n<meta property=\"article:modified_time\" content=\"2021-05-06T03:23:58+00:00\" \/>\n<meta property=\"og:image\" content=\"https:\/\/www.transcultures.com\/wp-content\/uploads\/2013\/09\/Immigration-Certified-Translation-Services.png\" \/>\n\t<meta property=\"og:image:width\" content=\"1170\" \/>\n\t<meta property=\"og:image:height\" content=\"365\" \/>\n\t<meta property=\"og:image:type\" content=\"image\/png\" \/>\n<meta name=\"twitter:label1\" content=\"Est. reading time\" \/>\n\t<meta name=\"twitter:data1\" content=\"1 minute\" \/>\n<script type=\"application\/ld+json\" class=\"yoast-schema-graph\">{\"@context\":\"https:\/\/schema.org\",\"@graph\":[{\"@type\":\"WebPage\",\"@id\":\"https:\/\/www.transcultures.com\/fr\/paris-traduction\/traduction-maroc\/\",\"url\":\"https:\/\/www.transcultures.com\/fr\/paris-traduction\/traduction-maroc\/\",\"name\":\"Traduction Maroc Traduction Asserment\u00e9e, Traduction Certifi\u00e9e, Traduction Jur\u00e9e, Traduction Officielle\",\"isPartOf\":{\"@id\":\"https:\/\/www.transcultures.com\/fr\/#website\"},\"datePublished\":\"2014-04-10T18:28:21+00:00\",\"dateModified\":\"2021-05-06T03:23:58+00:00\",\"description\":\"Traduction Asserment\u00e9e Maroc, Traduction Certifi\u00e9e Maroc, Traduction Jur\u00e9e Maroc, Traduction Officielle Maroc, Traduction pour Green Card Lottery, Visa,\",\"breadcrumb\":{\"@id\":\"https:\/\/www.transcultures.com\/fr\/paris-traduction\/traduction-maroc\/#breadcrumb\"},\"inLanguage\":\"FR-FR\",\"potentialAction\":[{\"@type\":\"ReadAction\",\"target\":[\"https:\/\/www.transcultures.com\/fr\/paris-traduction\/traduction-maroc\/\"]}]},{\"@type\":\"BreadcrumbList\",\"@id\":\"https:\/\/www.transcultures.com\/fr\/paris-traduction\/traduction-maroc\/#breadcrumb\",\"itemListElement\":[{\"@type\":\"ListItem\",\"position\":1,\"name\":\"Home\",\"item\":\"https:\/\/www.transcultures.com\/fr\/\"},{\"@type\":\"ListItem\",\"position\":2,\"name\":\"TRADUCTION\",\"item\":\"https:\/\/www.transcultures.com\/fr\/paris-traduction\/\"},{\"@type\":\"ListItem\",\"position\":3,\"name\":\"TRADUCTION CERTIFIEE\"}]},{\"@type\":\"WebSite\",\"@id\":\"https:\/\/www.transcultures.com\/fr\/#website\",\"url\":\"https:\/\/www.transcultures.com\/fr\/\",\"name\":\"TransCultures\",\"description\":\"Translation Interpretation Formation Consulting Languages\",\"publisher\":{\"@id\":\"https:\/\/www.transcultures.com\/fr\/#organization\"},\"potentialAction\":[{\"@type\":\"SearchAction\",\"target\":{\"@type\":\"EntryPoint\",\"urlTemplate\":\"https:\/\/www.transcultures.com\/fr\/?s={search_term_string}\"},\"query-input\":\"required name=search_term_string\"}],\"inLanguage\":\"FR-FR\"},{\"@type\":\"Organization\",\"@id\":\"https:\/\/www.transcultures.com\/fr\/#organization\",\"name\":\"TransCultures\",\"url\":\"https:\/\/www.transcultures.com\/fr\/\",\"logo\":{\"@type\":\"ImageObject\",\"inLanguage\":\"FR-FR\",\"@id\":\"https:\/\/www.transcultures.com\/fr\/#\/schema\/logo\/image\/\",\"url\":\"https:\/\/www.transcultures.com\/wp-content\/uploads\/2015\/01\/TransCultures_Logo2.png\",\"contentUrl\":\"https:\/\/www.transcultures.com\/wp-content\/uploads\/2015\/01\/TransCultures_Logo2.png\",\"width\":347,\"height\":100,\"caption\":\"TransCultures\"},\"image\":{\"@id\":\"https:\/\/www.transcultures.com\/fr\/#\/schema\/logo\/image\/\"},\"sameAs\":[\"http:\/\/www.facebook.com\/TransCulturesLLC\",\"https:\/\/twitter.com\/TransCultures\"]}]}<\/script>\n<!-- \/ Yoast SEO plugin. -->","yoast_head_json":{"title":"Traduction Maroc Traduction Asserment\u00e9e, Traduction Certifi\u00e9e, Traduction Jur\u00e9e, Traduction Officielle","description":"Traduction Asserment\u00e9e Maroc, Traduction Certifi\u00e9e Maroc, Traduction Jur\u00e9e Maroc, Traduction Officielle Maroc, Traduction pour Green Card Lottery, Visa,","robots":{"index":"index","follow":"follow","max-snippet":"max-snippet:-1","max-image-preview":"max-image-preview:large","max-video-preview":"max-video-preview:-1"},"canonical":"https:\/\/www.transcultures.com\/fr\/paris-traduction\/traduction-maroc\/","og_locale":"fr_FR","og_type":"article","og_title":"Traduction Maroc Traduction Asserment\u00e9e, Traduction Certifi\u00e9e, Traduction Jur\u00e9e, Traduction Officielle","og_description":"Traduction Asserment\u00e9e Maroc, Traduction Certifi\u00e9e Maroc, Traduction Jur\u00e9e Maroc, Traduction Officielle Maroc, Traduction pour Green Card Lottery, Visa,","og_url":"https:\/\/www.transcultures.com\/fr\/paris-traduction\/traduction-maroc\/","og_site_name":"TransCultures","article_publisher":"http:\/\/www.facebook.com\/TransCulturesLLC","article_modified_time":"2021-05-06T03:23:58+00:00","og_image":[{"width":1170,"height":365,"url":"https:\/\/www.transcultures.com\/wp-content\/uploads\/2013\/09\/Immigration-Certified-Translation-Services.png","type":"image\/png"}],"twitter_misc":{"Est. reading time":"1 minute"},"schema":{"@context":"https:\/\/schema.org","@graph":[{"@type":"WebPage","@id":"https:\/\/www.transcultures.com\/fr\/paris-traduction\/traduction-maroc\/","url":"https:\/\/www.transcultures.com\/fr\/paris-traduction\/traduction-maroc\/","name":"Traduction Maroc Traduction Asserment\u00e9e, Traduction Certifi\u00e9e, Traduction Jur\u00e9e, Traduction Officielle","isPartOf":{"@id":"https:\/\/www.transcultures.com\/fr\/#website"},"datePublished":"2014-04-10T18:28:21+00:00","dateModified":"2021-05-06T03:23:58+00:00","description":"Traduction Asserment\u00e9e Maroc, Traduction Certifi\u00e9e Maroc, Traduction Jur\u00e9e Maroc, Traduction Officielle Maroc, Traduction pour Green Card Lottery, Visa,","breadcrumb":{"@id":"https:\/\/www.transcultures.com\/fr\/paris-traduction\/traduction-maroc\/#breadcrumb"},"inLanguage":"FR-FR","potentialAction":[{"@type":"ReadAction","target":["https:\/\/www.transcultures.com\/fr\/paris-traduction\/traduction-maroc\/"]}]},{"@type":"BreadcrumbList","@id":"https:\/\/www.transcultures.com\/fr\/paris-traduction\/traduction-maroc\/#breadcrumb","itemListElement":[{"@type":"ListItem","position":1,"name":"Home","item":"https:\/\/www.transcultures.com\/fr\/"},{"@type":"ListItem","position":2,"name":"TRADUCTION","item":"https:\/\/www.transcultures.com\/fr\/paris-traduction\/"},{"@type":"ListItem","position":3,"name":"TRADUCTION CERTIFIEE"}]},{"@type":"WebSite","@id":"https:\/\/www.transcultures.com\/fr\/#website","url":"https:\/\/www.transcultures.com\/fr\/","name":"TransCultures","description":"Translation Interpretation Formation Consulting Languages","publisher":{"@id":"https:\/\/www.transcultures.com\/fr\/#organization"},"potentialAction":[{"@type":"SearchAction","target":{"@type":"EntryPoint","urlTemplate":"https:\/\/www.transcultures.com\/fr\/?s={search_term_string}"},"query-input":"required name=search_term_string"}],"inLanguage":"FR-FR"},{"@type":"Organization","@id":"https:\/\/www.transcultures.com\/fr\/#organization","name":"TransCultures","url":"https:\/\/www.transcultures.com\/fr\/","logo":{"@type":"ImageObject","inLanguage":"FR-FR","@id":"https:\/\/www.transcultures.com\/fr\/#\/schema\/logo\/image\/","url":"https:\/\/www.transcultures.com\/wp-content\/uploads\/2015\/01\/TransCultures_Logo2.png","contentUrl":"https:\/\/www.transcultures.com\/wp-content\/uploads\/2015\/01\/TransCultures_Logo2.png","width":347,"height":100,"caption":"TransCultures"},"image":{"@id":"https:\/\/www.transcultures.com\/fr\/#\/schema\/logo\/image\/"},"sameAs":["http:\/\/www.facebook.com\/TransCulturesLLC","https:\/\/twitter.com\/TransCultures"]}]}},"_links":{"self":[{"href":"https:\/\/www.transcultures.com\/fr\/wp-json\/wp\/v2\/pages\/5488"}],"collection":[{"href":"https:\/\/www.transcultures.com\/fr\/wp-json\/wp\/v2\/pages"}],"about":[{"href":"https:\/\/www.transcultures.com\/fr\/wp-json\/wp\/v2\/types\/page"}],"author":[{"embeddable":true,"href":"https:\/\/www.transcultures.com\/fr\/wp-json\/wp\/v2\/users\/1"}],"replies":[{"embeddable":true,"href":"https:\/\/www.transcultures.com\/fr\/wp-json\/wp\/v2\/comments?post=5488"}],"version-history":[{"count":0,"href":"https:\/\/www.transcultures.com\/fr\/wp-json\/wp\/v2\/pages\/5488\/revisions"}],"up":[{"embeddable":true,"href":"https:\/\/www.transcultures.com\/fr\/wp-json\/wp\/v2\/pages\/5474"}],"wp:featuredmedia":[{"embeddable":true,"href":"https:\/\/www.transcultures.com\/fr\/wp-json\/wp\/v2\/media\/7738"}],"wp:attachment":[{"href":"https:\/\/www.transcultures.com\/fr\/wp-json\/wp\/v2\/media?parent=5488"}],"wp:term":[{"taxonomy":"category","embeddable":true,"href":"https:\/\/www.transcultures.com\/fr\/wp-json\/wp\/v2\/categories?post=5488"},{"taxonomy":"post_tag","embeddable":true,"href":"https:\/\/www.transcultures.com\/fr\/wp-json\/wp\/v2\/tags?post=5488"}],"curies":[{"name":"wp","href":"https:\/\/api.w.org\/{rel}","templated":true}]}}