{"id":5480,"date":"2014-04-10T01:34:03","date_gmt":"2014-04-10T01:34:03","guid":{"rendered":"https:\/\/www.transcultures.com\/?page_id=5480"},"modified":"2021-05-06T03:18:21","modified_gmt":"2021-05-06T03:18:21","slug":"traduction-paris","status":"publish","type":"page","link":"https:\/\/www.transcultures.com\/fr\/paris-traduction\/traduction-paris\/","title":{"rendered":"Service De Traduction"},"content":{"rendered":"\n<p>L\u2019exercice de traduction implique plus qu\u2019une simple recherche dans un dictionnaire. Il est ici question d\u2019atteindre d&#8217;autres cultures, en adaptant son message \u00e0 celles &#8211; ci, et en s&#8217;assurant que ses nuances subtiles sont en r\u00e9sonance avec le message global adress\u00e9 aux march\u00e9s. En tant que d\u00e9couvreurs de solutions culturelles globales, les traducteurs de TransCultures travailleront \u00e0 vos c\u00f4t\u00e9s, afin de trouver un produit culturellement appropri\u00e9 au public que vous ciblez. Il garantiront ainsi \u00e0 votre organisation un rayonnement global et des r\u00e9sultats accrus. Nos traducteurs professionnels parlent plus de 140 langues. Ils disposent d\u2019une exp\u00e9rience \u00e9tendue et sont capables de traduire tous les types de document, depuis un simple certificat de naissance jusqu&#8217;aux notices techniques des diff\u00e9rentes industries, le tout de la mani\u00e8re la plus pertinente, la plus rapide et la moins couteuse qui soit. Chaque projet n\u00e9cessite la s\u00e9lection attentive d\u2019un traducteur ayant une solide exp\u00e9rience dans le domaine concern\u00e9 ; certains d\u2019entre eux, plus larges et ambitieux, pouvant requ\u00e9rir la participation de nombreux traducteurs et correcteurs.<\/p>\n\n\n\n<p>Notre processus rigoureux de traduction repose sur la r\u00e9vision syst\u00e9matique, par un second linguiste, du travail accompli, ce qui garantit un produit fini pertinent et de grande qualit\u00e9. En outre, la plupart de nos collaborateurs, en plus d\u2019\u00eatre des traducteurs certifi\u00e9s, poss\u00e8dent une qualification professionnelle dans d\u2019autres domaines, ce qui nous permet de r\u00e9pondre aux besoins sp\u00e9cifiques de nos clients dans les champs d\u2019activit\u00e9 suivants:<\/p>\n\n\n\n<h3><span style=\"font-size: 18px;\"><em>Pour obtenir une estimation du travail \u00e0 fournir, veuillez contacter notre service de traduction :<\/em><\/span><\/h3>\n\n\n\n<p class=\"has-text-align-center\"><a href=\"mailto:translation@transcultures.com\">Traduction@TransCultures.com<\/a><\/p>\n\n\n\n<p><\/p>\n","protected":false},"excerpt":{"rendered":"<p>L\u2019exercice de traduction implique plus qu\u2019une simple recherche dans un dictionnaire. Il est ici question d\u2019atteindre d&#8217;autres cultures, en adaptant son message \u00e0 celles &#8211; ci, et en s&#8217;assurant que ses nuances subtiles sont en r\u00e9sonance avec le message global adress\u00e9 aux march\u00e9s. En tant que d\u00e9couvreurs de solutions culturelles globales, les traducteurs de TransCultures &hellip;<\/p>\n<p class=\"read-more\"> <a class=\"\" href=\"https:\/\/www.transcultures.com\/fr\/paris-traduction\/traduction-paris\/\"> <span class=\"screen-reader-text\">Service De Traduction<\/span> Read More \u00bb<\/a><\/p>\n","protected":false},"author":1,"featured_media":7734,"parent":5474,"menu_order":0,"comment_status":"closed","ping_status":"open","template":"","meta":{"site-sidebar-layout":"default","site-content-layout":"default","ast-global-header-display":"","ast-main-header-display":"","ast-hfb-above-header-display":"","ast-hfb-below-header-display":"","ast-hfb-mobile-header-display":"","site-post-title":"","ast-breadcrumbs-content":"","ast-featured-img":"","footer-sml-layout":"","theme-transparent-header-meta":"default","adv-header-id-meta":"","stick-header-meta":"default","header-above-stick-meta":"","header-main-stick-meta":"","header-below-stick-meta":""},"categories":[120],"tags":[],"yoast_head":"<!-- This site is optimized with the Yoast SEO plugin v20.2.1 - https:\/\/yoast.com\/wordpress\/plugins\/seo\/ -->\n<title>Traduction\u00a0Paris<\/title>\n<meta name=\"description\" content=\"France Paris Traduction Technique :\u00a0 Traduction Documents, Traduction Site Web, 140 langues Anglais, Arabe, Espagnol, Fran\u00e7ais, English French Translation\" \/>\n<meta name=\"robots\" content=\"index, follow, max-snippet:-1, max-image-preview:large, max-video-preview:-1\" \/>\n<link rel=\"canonical\" href=\"https:\/\/www.transcultures.com\/fr\/paris-traduction\/traduction-paris\/\" \/>\n<meta property=\"og:locale\" content=\"fr_FR\" \/>\n<meta property=\"og:type\" content=\"article\" \/>\n<meta property=\"og:title\" content=\"Traduction\u00a0Paris\" \/>\n<meta property=\"og:description\" content=\"France Paris Traduction Technique :\u00a0 Traduction Documents, Traduction Site Web, 140 langues Anglais, Arabe, Espagnol, Fran\u00e7ais, English French Translation\" \/>\n<meta property=\"og:url\" content=\"https:\/\/www.transcultures.com\/fr\/paris-traduction\/traduction-paris\/\" \/>\n<meta property=\"og:site_name\" content=\"TransCultures\" \/>\n<meta property=\"article:publisher\" content=\"http:\/\/www.facebook.com\/TransCulturesLLC\" \/>\n<meta property=\"article:modified_time\" content=\"2021-05-06T03:18:21+00:00\" \/>\n<meta property=\"og:image\" content=\"https:\/\/www.transcultures.com\/wp-content\/uploads\/2013\/09\/TransCultures-Chicago-Translation.png\" \/>\n\t<meta property=\"og:image:width\" content=\"1170\" \/>\n\t<meta property=\"og:image:height\" content=\"365\" \/>\n\t<meta property=\"og:image:type\" content=\"image\/png\" \/>\n<meta name=\"twitter:label1\" content=\"Est. reading time\" \/>\n\t<meta name=\"twitter:data1\" content=\"2 minutes\" \/>\n<script type=\"application\/ld+json\" class=\"yoast-schema-graph\">{\"@context\":\"https:\/\/schema.org\",\"@graph\":[{\"@type\":\"WebPage\",\"@id\":\"https:\/\/www.transcultures.com\/fr\/paris-traduction\/traduction-paris\/\",\"url\":\"https:\/\/www.transcultures.com\/fr\/paris-traduction\/traduction-paris\/\",\"name\":\"Traduction\u00a0Paris\",\"isPartOf\":{\"@id\":\"https:\/\/www.transcultures.com\/fr\/#website\"},\"datePublished\":\"2014-04-10T01:34:03+00:00\",\"dateModified\":\"2021-05-06T03:18:21+00:00\",\"description\":\"France Paris Traduction Technique :\u00a0 Traduction Documents, Traduction Site Web, 140 langues Anglais, Arabe, Espagnol, Fran\u00e7ais, English French Translation\",\"breadcrumb\":{\"@id\":\"https:\/\/www.transcultures.com\/fr\/paris-traduction\/traduction-paris\/#breadcrumb\"},\"inLanguage\":\"FR-FR\",\"potentialAction\":[{\"@type\":\"ReadAction\",\"target\":[\"https:\/\/www.transcultures.com\/fr\/paris-traduction\/traduction-paris\/\"]}]},{\"@type\":\"BreadcrumbList\",\"@id\":\"https:\/\/www.transcultures.com\/fr\/paris-traduction\/traduction-paris\/#breadcrumb\",\"itemListElement\":[{\"@type\":\"ListItem\",\"position\":1,\"name\":\"Home\",\"item\":\"https:\/\/www.transcultures.com\/fr\/\"},{\"@type\":\"ListItem\",\"position\":2,\"name\":\"TRADUCTION\",\"item\":\"https:\/\/www.transcultures.com\/fr\/paris-traduction\/\"},{\"@type\":\"ListItem\",\"position\":3,\"name\":\"Service De Traduction\"}]},{\"@type\":\"WebSite\",\"@id\":\"https:\/\/www.transcultures.com\/fr\/#website\",\"url\":\"https:\/\/www.transcultures.com\/fr\/\",\"name\":\"TransCultures\",\"description\":\"Translation Interpretation Formation Consulting Languages\",\"publisher\":{\"@id\":\"https:\/\/www.transcultures.com\/fr\/#organization\"},\"potentialAction\":[{\"@type\":\"SearchAction\",\"target\":{\"@type\":\"EntryPoint\",\"urlTemplate\":\"https:\/\/www.transcultures.com\/fr\/?s={search_term_string}\"},\"query-input\":\"required name=search_term_string\"}],\"inLanguage\":\"FR-FR\"},{\"@type\":\"Organization\",\"@id\":\"https:\/\/www.transcultures.com\/fr\/#organization\",\"name\":\"TransCultures\",\"url\":\"https:\/\/www.transcultures.com\/fr\/\",\"logo\":{\"@type\":\"ImageObject\",\"inLanguage\":\"FR-FR\",\"@id\":\"https:\/\/www.transcultures.com\/fr\/#\/schema\/logo\/image\/\",\"url\":\"https:\/\/www.transcultures.com\/wp-content\/uploads\/2015\/01\/TransCultures_Logo2.png\",\"contentUrl\":\"https:\/\/www.transcultures.com\/wp-content\/uploads\/2015\/01\/TransCultures_Logo2.png\",\"width\":347,\"height\":100,\"caption\":\"TransCultures\"},\"image\":{\"@id\":\"https:\/\/www.transcultures.com\/fr\/#\/schema\/logo\/image\/\"},\"sameAs\":[\"http:\/\/www.facebook.com\/TransCulturesLLC\",\"https:\/\/twitter.com\/TransCultures\"]}]}<\/script>\n<!-- \/ Yoast SEO plugin. -->","yoast_head_json":{"title":"Traduction\u00a0Paris","description":"France Paris Traduction Technique :\u00a0 Traduction Documents, Traduction Site Web, 140 langues Anglais, Arabe, Espagnol, Fran\u00e7ais, English French Translation","robots":{"index":"index","follow":"follow","max-snippet":"max-snippet:-1","max-image-preview":"max-image-preview:large","max-video-preview":"max-video-preview:-1"},"canonical":"https:\/\/www.transcultures.com\/fr\/paris-traduction\/traduction-paris\/","og_locale":"fr_FR","og_type":"article","og_title":"Traduction\u00a0Paris","og_description":"France Paris Traduction Technique :\u00a0 Traduction Documents, Traduction Site Web, 140 langues Anglais, Arabe, Espagnol, Fran\u00e7ais, English French Translation","og_url":"https:\/\/www.transcultures.com\/fr\/paris-traduction\/traduction-paris\/","og_site_name":"TransCultures","article_publisher":"http:\/\/www.facebook.com\/TransCulturesLLC","article_modified_time":"2021-05-06T03:18:21+00:00","og_image":[{"width":1170,"height":365,"url":"https:\/\/www.transcultures.com\/wp-content\/uploads\/2013\/09\/TransCultures-Chicago-Translation.png","type":"image\/png"}],"twitter_misc":{"Est. reading time":"2 minutes"},"schema":{"@context":"https:\/\/schema.org","@graph":[{"@type":"WebPage","@id":"https:\/\/www.transcultures.com\/fr\/paris-traduction\/traduction-paris\/","url":"https:\/\/www.transcultures.com\/fr\/paris-traduction\/traduction-paris\/","name":"Traduction\u00a0Paris","isPartOf":{"@id":"https:\/\/www.transcultures.com\/fr\/#website"},"datePublished":"2014-04-10T01:34:03+00:00","dateModified":"2021-05-06T03:18:21+00:00","description":"France Paris Traduction Technique :\u00a0 Traduction Documents, Traduction Site Web, 140 langues Anglais, Arabe, Espagnol, Fran\u00e7ais, English French Translation","breadcrumb":{"@id":"https:\/\/www.transcultures.com\/fr\/paris-traduction\/traduction-paris\/#breadcrumb"},"inLanguage":"FR-FR","potentialAction":[{"@type":"ReadAction","target":["https:\/\/www.transcultures.com\/fr\/paris-traduction\/traduction-paris\/"]}]},{"@type":"BreadcrumbList","@id":"https:\/\/www.transcultures.com\/fr\/paris-traduction\/traduction-paris\/#breadcrumb","itemListElement":[{"@type":"ListItem","position":1,"name":"Home","item":"https:\/\/www.transcultures.com\/fr\/"},{"@type":"ListItem","position":2,"name":"TRADUCTION","item":"https:\/\/www.transcultures.com\/fr\/paris-traduction\/"},{"@type":"ListItem","position":3,"name":"Service De Traduction"}]},{"@type":"WebSite","@id":"https:\/\/www.transcultures.com\/fr\/#website","url":"https:\/\/www.transcultures.com\/fr\/","name":"TransCultures","description":"Translation Interpretation Formation Consulting Languages","publisher":{"@id":"https:\/\/www.transcultures.com\/fr\/#organization"},"potentialAction":[{"@type":"SearchAction","target":{"@type":"EntryPoint","urlTemplate":"https:\/\/www.transcultures.com\/fr\/?s={search_term_string}"},"query-input":"required name=search_term_string"}],"inLanguage":"FR-FR"},{"@type":"Organization","@id":"https:\/\/www.transcultures.com\/fr\/#organization","name":"TransCultures","url":"https:\/\/www.transcultures.com\/fr\/","logo":{"@type":"ImageObject","inLanguage":"FR-FR","@id":"https:\/\/www.transcultures.com\/fr\/#\/schema\/logo\/image\/","url":"https:\/\/www.transcultures.com\/wp-content\/uploads\/2015\/01\/TransCultures_Logo2.png","contentUrl":"https:\/\/www.transcultures.com\/wp-content\/uploads\/2015\/01\/TransCultures_Logo2.png","width":347,"height":100,"caption":"TransCultures"},"image":{"@id":"https:\/\/www.transcultures.com\/fr\/#\/schema\/logo\/image\/"},"sameAs":["http:\/\/www.facebook.com\/TransCulturesLLC","https:\/\/twitter.com\/TransCultures"]}]}},"_links":{"self":[{"href":"https:\/\/www.transcultures.com\/fr\/wp-json\/wp\/v2\/pages\/5480"}],"collection":[{"href":"https:\/\/www.transcultures.com\/fr\/wp-json\/wp\/v2\/pages"}],"about":[{"href":"https:\/\/www.transcultures.com\/fr\/wp-json\/wp\/v2\/types\/page"}],"author":[{"embeddable":true,"href":"https:\/\/www.transcultures.com\/fr\/wp-json\/wp\/v2\/users\/1"}],"replies":[{"embeddable":true,"href":"https:\/\/www.transcultures.com\/fr\/wp-json\/wp\/v2\/comments?post=5480"}],"version-history":[{"count":0,"href":"https:\/\/www.transcultures.com\/fr\/wp-json\/wp\/v2\/pages\/5480\/revisions"}],"up":[{"embeddable":true,"href":"https:\/\/www.transcultures.com\/fr\/wp-json\/wp\/v2\/pages\/5474"}],"wp:featuredmedia":[{"embeddable":true,"href":"https:\/\/www.transcultures.com\/fr\/wp-json\/wp\/v2\/media\/7734"}],"wp:attachment":[{"href":"https:\/\/www.transcultures.com\/fr\/wp-json\/wp\/v2\/media?parent=5480"}],"wp:term":[{"taxonomy":"category","embeddable":true,"href":"https:\/\/www.transcultures.com\/fr\/wp-json\/wp\/v2\/categories?post=5480"},{"taxonomy":"post_tag","embeddable":true,"href":"https:\/\/www.transcultures.com\/fr\/wp-json\/wp\/v2\/tags?post=5480"}],"curies":[{"name":"wp","href":"https:\/\/api.w.org\/{rel}","templated":true}]}}