{"id":5474,"date":"2014-04-09T21:51:21","date_gmt":"2014-04-09T21:51:21","guid":{"rendered":"https:\/\/www.transcultures.com\/?page_id=5474"},"modified":"2021-05-06T03:10:43","modified_gmt":"2021-05-06T03:10:43","slug":"paris-traduction","status":"publish","type":"page","link":"https:\/\/www.transcultures.com\/fr\/paris-traduction\/","title":{"rendered":"TRADUCTION"},"content":{"rendered":"<p>Parfois, le terme de traduction renvoie de mani\u00e8re impr\u00e9cise et \u00e0 l&#8217;interpr\u00e9tation, et \u00e0 la traduction. Or, la traduction transcrit le texte \u00e9crit d&#8217;une langue \u00e0 l&#8217;autre, alors que l&#8217;interpr\u00e9tation traite de la transmission orale et de sa transcription d&#8217;une langue \u00e0 une autre. Bien que les traducteurs et les interpr\u00e8tes travaillent sur le m\u00eame substrat de la langue, leur formation et leur exp\u00e9rience professionnelle peuvent diff\u00e9rer consid\u00e9rablement.<\/p>\n<p>A TransCultures, nous croyons que la traduction et l&#8217;interpr\u00e9tation ne sont jamais appropri\u00e9es, si elles se contentent de transcrire mot pour mot la langue originale. Voila pourquoi nos linguistes, issus de diff\u00e9rents pays, maitrisent parfaitement les r\u00e9f\u00e9rences culturelles auxquelles renvoient les langues qu&#8217;ils traduisent. Ceci permet de passer sans rupture d\u2019une langue \u00e0 une autre, tout en pr\u00e9servant le sens du message originel.<\/p>\n<h2>LANGUES<\/h2>\n<div class=\"wptb-table-container wptb-table-9887\"><div class=\"wptb-table-container-matrix\" id=\"wptb-table-id-9887\" data-wptb-version=\"1.4.8\" data-wptb-pro-status=\"false\"><table class=\"wptb-preview-table wptb-element-main-table_setting-9887 edit-active\" data-reconstraction=\"1\" style=\"border: 1px solid rgb(238, 238, 238);\" data-wptb-table-tds-sum-max-width=\"394\" data-wptb-cells-width-auto-count=\"3\" data-wptb-extra-styles=\"LyogRW50ZXIgeW91ciBjdXN0b20gQ1NTIHJ1bGVzIGhlcmUgKi8=\" role=\"table\" data-wptb-header-background-color=\"#00000000\" data-wptb-responsive-directives=\"eyJyZXNwb25zaXZlRW5hYmxlZCI6dHJ1ZSwicmVzcG9uc2l2ZU1vZGUiOiJhdXRvIiwicHJlc2VydmVSb3dDb2xvciI6ZmFsc2UsInJlbGF0aXZlV2lkdGgiOiJ3aW5kb3ciLCJoZWFkZXJGdWxseU1lcmdlZCI6ZmFsc2UsIm1vZGVPcHRpb25zIjp7ImF1dG8iOnsidG9wUm93QXNIZWFkZXIiOnsiZGVza3RvcCI6ZmFsc2UsInRhYmxldCI6dHJ1ZSwibW9iaWxlIjp0cnVlfSwicmVwZWF0TWVyZ2VkSGVhZGVyIjp7ImRlc2t0b3AiOnRydWUsInRhYmxldCI6dHJ1ZSwibW9iaWxlIjp0cnVlfSwic3RhdGljVG9wUm93Ijp7ImRlc2t0b3AiOmZhbHNlLCJ0YWJsZXQiOmZhbHNlLCJtb2JpbGUiOmZhbHNlfSwiY2VsbFN0YWNrRGlyZWN0aW9uIjp7ImRlc2t0b3AiOiJyb3ciLCJ0YWJsZXQiOiJjb2x1bW4iLCJtb2JpbGUiOiJyb3cifSwiY2VsbHNQZXJSb3ciOnsiZGVza3RvcCI6MSwidGFibGV0IjoxLCJtb2JpbGUiOjF9fX0sImJyZWFrcG9pbnRzIjp7ImRlc2t0b3AiOnsibmFtZSI6ImRlc2t0b3AiLCJ3aWR0aCI6MTAyNH0sInRhYmxldCI6eyJuYW1lIjoidGFibGV0Iiwid2lkdGgiOjcwMH0sIm1vYmlsZSI6eyJuYW1lIjoibW9iaWxlIiwid2lkdGgiOjMwMH19fQ==\" data-wptb-adaptive-table=\"0\" data-table-columns=\"3\"><tbody><tr class=\"wptb-row\" style=\"background-color: rgba(0, 0, 0, 0);\"><td class=\"wptb-cell\" data-y-index=\"0\" data-x-index=\"0\" style=\"border: 1px solid rgb(238, 238, 238);\" data-wptb-css-td-auto-width=\"true\" data-wptb-cell-vertical-alignment=\"top\"><div class=\"wptb-text-container wptb-ph-element wptb-element-text-1\"><div class=\"\" style=\"position: relative;\"><p>Afrikaans<br>Akan<br>Allemand<br>Arabe (tous les dialectes)<br>Arm&eacute;nien<br>Ashanti<br>Assamais<br>Az&eacute;ri<br>Bahasa<br>Bambara<br>Bandi<br>Basque<br>Belarusan<br>Bengali<br>Berb&egrave;re<br>Bhili<br>Bosnie<br>Bulgare<br>Birmans<br>Cambodgien<br>Catalan<br>Cantonais<br>Cobuano<br>Chinois (mandarin et cantonais<br>Chuvash<br>Cinghalais<br>Cor&eacute;en<br>Danois<br>Dari<br>Domari<br>Dutch<br>Edo<br>Espagnol<br>Estonien<br>&Eacute;thiopique<br>Ewe<br>Fanti<br>Farsi<br>Finnois<br>Fran&ccedil;ais<br>Fula<br>Fuzhou<br>Ga<br>Gan<br>Garifuna<br>Georgian<br>Allemand<br>Grebo<br><\/p><\/div><\/div><\/td><td class=\"wptb-cell\" data-y-index=\"0\" data-x-index=\"1\" style=\"border: 1px solid rgb(238, 238, 238);\" data-wptb-css-td-auto-width=\"true\" data-wptb-cell-vertical-alignment=\"top\"><div class=\"wptb-text-container wptb-ph-element wptb-element-text-2\"><div class=\"\" style=\"position: relative;\"><p><\/p><p><\/p><p>Grec<br>Gujarati<br>Cr&eacute;ole Ha&iuml;tien<br>Hakka<br>Haussa<br>H&eacute;breu<br>Hindi<br>Hoisanese<br>Hongrois<\/p><p>Igbo<br>Indon&eacute;sien<br>Italien<br>Japonais<br>Kannada<br>Kashmiri<br>Kazakh<br>Khandeshi<br>Khmer<br>Kinyarwanda<br>Kolami-Naiki<br>Kongo<br>Korean<br>Kunama<br>Kurde<br>Laotien<br>Letton<br>Lituanien<br>Mac&eacute;donien<br>Magyar<br>Maharati<br>Malgache<br>Malais<br>Malayalam<br>Mandarin<br>Mandingo<br>Marathi<br>Min<br>Mina<br>Mongol<br>Nama<br>Napolitain<br>N&eacute;palais<br>N&eacute;erlandais<br>Norv&eacute;gien<br>Occitan<br>Oriya<br>Ourdou<br>Pangasinan<br>Pachtou<br><\/p><\/div><\/div><\/td><td class=\"wptb-cell\" data-y-index=\"0\" data-x-index=\"2\" style=\"border: 1px solid rgb(238, 238, 238);\" data-wptb-css-td-auto-width=\"true\" data-wptb-cell-vertical-alignment=\"top\"><div class=\"wptb-text-container wptb-ph-element wptb-element-text-3\"><div class=\"\" style=\"position: relative;\"><p>Persan<br>Polonais<br>Portugais<br>Punjabi<\/p><p>Rajasthani<br>Romani<br>Roumain<br>Russe<br>Sango<br>Serbe<br>Shangainese<br>Shona<br>Siciliens<br>Sindhi<br>Sinhala<br>Slovaque<br>Slov&egrave;ne<br>Somali<br>Swahili<br>Su&eacute;dois<br>Tagalog<br>Ta&iuml;wanais<br>Tajik<br>Tamoul<br>Tatar<br>Tachlhit<br>Tch&egrave;que<br>Telugu<br>Tha&iuml;<br>Turc<br>Turkm&egrave;ne<br>Twi<br>Ukrainien<br>Umbundu<br>Uyghur<br>Uyghur<br>Ouzbek<br>Vietnamien<br>Wenzhou<br>Wolof<br>Wu<br>Xhosa<br>Xiang<br>Yi<br>Yiddish<br>Yoruba<br>Zulu<\/p><\/div><\/div><\/td><\/tr><\/tbody><\/table><\/div><\/div>\n\n<h2>SECTEURS D\u2019ACTIVIT\u00c9<\/h2>\n<div class=\"wptb-table-container wptb-table-9889\"><div class=\"wptb-table-container-matrix\" id=\"wptb-table-id-9889\" data-wptb-version=\"1.4.8\" data-wptb-pro-status=\"false\"><table class=\"wptb-preview-table wptb-element-main-table_setting-9889\" data-reconstraction=\"1\" style=\"border: 1px solid rgb(238, 238, 238);\" data-wptb-table-tds-sum-max-width=\"263\" data-wptb-cells-width-auto-count=\"2\" data-wptb-extra-styles=\"LyogRW50ZXIgeW91ciBjdXN0b20gQ1NTIHJ1bGVzIGhlcmUgKi8=\" role=\"table\" data-wptb-header-background-color=\"#00000000\" data-wptb-responsive-directives=\"eyJyZXNwb25zaXZlRW5hYmxlZCI6dHJ1ZSwicmVzcG9uc2l2ZU1vZGUiOiJhdXRvIiwicHJlc2VydmVSb3dDb2xvciI6ZmFsc2UsInJlbGF0aXZlV2lkdGgiOiJ3aW5kb3ciLCJoZWFkZXJGdWxseU1lcmdlZCI6ZmFsc2UsIm1vZGVPcHRpb25zIjp7ImF1dG8iOnsidG9wUm93QXNIZWFkZXIiOnsiZGVza3RvcCI6ZmFsc2UsInRhYmxldCI6dHJ1ZSwibW9iaWxlIjp0cnVlfSwicmVwZWF0TWVyZ2VkSGVhZGVyIjp7ImRlc2t0b3AiOnRydWUsInRhYmxldCI6dHJ1ZSwibW9iaWxlIjp0cnVlfSwic3RhdGljVG9wUm93Ijp7ImRlc2t0b3AiOmZhbHNlLCJ0YWJsZXQiOmZhbHNlLCJtb2JpbGUiOmZhbHNlfSwiY2VsbFN0YWNrRGlyZWN0aW9uIjp7ImRlc2t0b3AiOiJyb3ciLCJ0YWJsZXQiOiJjb2x1bW4iLCJtb2JpbGUiOiJyb3cifSwiY2VsbHNQZXJSb3ciOnsiZGVza3RvcCI6MSwidGFibGV0IjoxLCJtb2JpbGUiOjF9fX0sImJyZWFrcG9pbnRzIjp7ImRlc2t0b3AiOnsibmFtZSI6ImRlc2t0b3AiLCJ3aWR0aCI6MTAyNH0sInRhYmxldCI6eyJuYW1lIjoidGFibGV0Iiwid2lkdGgiOjcwMH0sIm1vYmlsZSI6eyJuYW1lIjoibW9iaWxlIiwid2lkdGgiOjMwMH19fQ==\" data-wptb-adaptive-table=\"0\" data-table-columns=\"2\"><tbody><tr class=\"wptb-row\" style=\"background-color: rgba(0, 0, 0, 0);\"><td class=\"wptb-cell\" data-y-index=\"0\" data-x-index=\"0\" style=\"border: 1px solid rgb(238, 238, 238);\" data-wptb-css-td-auto-width=\"true\" data-wptb-cell-vertical-alignment=\"top\"><div class=\"wptb-text-container wptb-ph-element wptb-element-text-1\"><div class=\"\" style=\"position: relative;\"><p>Agriculture<br>Appels d&rsquo;offres<br>Architecture<br>Arts<br>Assurance<br>Astronomie<br>Biologie<br>Botanique<br>Communications<br>Comptabilit&eacute;<br>Construction<br>Contrats<br>Copyright<br>Cosm&eacute;tiques<br>Criminologie<br>D&eacute;fense<br>D&eacute;mographie<br>D&eacute;veloppement International<br>Droit<br>Droit International<br>&Eacute;cologie<br>&Eacute;conomie<br>&Eacute;dition<br>&Eacute;ducation<br>&Eacute;lections<br>&Eacute;nergie Renouvelable<br>Entreprise<br>Etude de March&eacute;<br>Exploitation mini&egrave;re<\/p><p>Film<br><\/p><\/div><\/div><\/td><td class=\"wptb-cell\" data-y-index=\"0\" data-x-index=\"1\" style=\"border: 1px solid rgb(238, 238, 238);\" data-wptb-css-td-auto-width=\"true\" data-wptb-cell-vertical-alignment=\"top\"><div class=\"wptb-text-container wptb-ph-element wptb-element-text-2 edit-active\"><div class=\"\" style=\"position: relative;\"><p>Finances<br>Fusions &amp; Acquisitions<br>Gestion<br>Gestion des D&eacute;chets<br>Hospitalit&eacute;<br>Immigration<br>Informations<br>Ing&eacute;nierie<br>Litt&eacute;rature<br>Marketing<br>Marques d&eacute;pos&eacute;es<br>Media<br>P&eacute;trole et Gaz<br>Planification Urbaine<br>Produits Pharmaceutiques<br>Publicit&eacute;<br>Recherche<br>Relations Publiques<br>Science de l&rsquo;Alimentation<br>Sciences V&eacute;t&eacute;rinaires<br>Site Web<br>Services Bancaires<br>Soins de Sant&eacute;<br>Sp&eacute;cialit&eacute;s Culinaires<br>Sports<br>Technique<br>Technologie<br>Tourisme<br>Tourisme Equitable<\/p><\/div><\/div><\/td><\/tr><\/tbody><\/table><\/div><\/div>\n\n","protected":false},"excerpt":{"rendered":"<p>Parfois, le terme de traduction renvoie de mani\u00e8re impr\u00e9cise et \u00e0 l&#8217;interpr\u00e9tation, et \u00e0 la traduction. Or, la traduction transcrit le texte \u00e9crit d&#8217;une langue \u00e0 l&#8217;autre, alors que l&#8217;interpr\u00e9tation traite de la transmission orale et de sa transcription d&#8217;une langue \u00e0 une autre. Bien que les traducteurs et les interpr\u00e8tes travaillent sur le m\u00eame &hellip;<\/p>\n<p class=\"read-more\"> <a class=\"\" href=\"https:\/\/www.transcultures.com\/fr\/paris-traduction\/\"> <span class=\"screen-reader-text\">TRADUCTION<\/span> Read More \u00bb<\/a><\/p>\n","protected":false},"author":1,"featured_media":7729,"parent":0,"menu_order":0,"comment_status":"closed","ping_status":"open","template":"","meta":{"site-sidebar-layout":"default","site-content-layout":"default","ast-global-header-display":"","ast-main-header-display":"","ast-hfb-above-header-display":"","ast-hfb-below-header-display":"","ast-hfb-mobile-header-display":"","site-post-title":"","ast-breadcrumbs-content":"","ast-featured-img":"","footer-sml-layout":"","theme-transparent-header-meta":"default","adv-header-id-meta":"","stick-header-meta":"default","header-above-stick-meta":"","header-main-stick-meta":"","header-below-stick-meta":""},"categories":[120],"tags":[],"yoast_head":"<!-- This site is optimized with the Yoast SEO plugin v20.2.1 - https:\/\/yoast.com\/wordpress\/plugins\/seo\/ -->\n<title>TRADUCTION\u00a0<\/title>\n<meta name=\"description\" content=\"Traduction Asserment\u00e9 : France, Maroc, Canada, Algerie,Tunisie, \u00c9tats-Unis, Traduction pour dv lottery, \u00c9tats-Unis Traduction Certifi\u00e9e, Traduction Officielle.\" \/>\n<meta name=\"robots\" content=\"index, follow, max-snippet:-1, max-image-preview:large, max-video-preview:-1\" \/>\n<link rel=\"canonical\" href=\"https:\/\/www.transcultures.com\/fr\/paris-traduction\/\" \/>\n<meta property=\"og:locale\" content=\"fr_FR\" \/>\n<meta property=\"og:type\" content=\"article\" \/>\n<meta property=\"og:title\" content=\"TRADUCTION\u00a0\" \/>\n<meta property=\"og:description\" content=\"Traduction Asserment\u00e9 : France, Maroc, Canada, Algerie,Tunisie, \u00c9tats-Unis, Traduction pour dv lottery, \u00c9tats-Unis Traduction Certifi\u00e9e, Traduction Officielle.\" \/>\n<meta property=\"og:url\" content=\"https:\/\/www.transcultures.com\/fr\/paris-traduction\/\" \/>\n<meta property=\"og:site_name\" content=\"TransCultures\" \/>\n<meta property=\"article:publisher\" content=\"http:\/\/www.facebook.com\/TransCulturesLLC\" \/>\n<meta property=\"article:modified_time\" content=\"2021-05-06T03:10:43+00:00\" \/>\n<meta property=\"og:image\" content=\"https:\/\/www.transcultures.com\/wp-content\/uploads\/2013\/09\/Chicago-Translation-Interpretation.png\" \/>\n\t<meta property=\"og:image:width\" content=\"1170\" \/>\n\t<meta property=\"og:image:height\" content=\"365\" \/>\n\t<meta property=\"og:image:type\" content=\"image\/png\" \/>\n<meta name=\"twitter:label1\" content=\"Est. reading time\" \/>\n\t<meta name=\"twitter:data1\" content=\"1 minute\" \/>\n<script type=\"application\/ld+json\" class=\"yoast-schema-graph\">{\"@context\":\"https:\/\/schema.org\",\"@graph\":[{\"@type\":\"WebPage\",\"@id\":\"https:\/\/www.transcultures.com\/fr\/paris-traduction\/\",\"url\":\"https:\/\/www.transcultures.com\/fr\/paris-traduction\/\",\"name\":\"TRADUCTION\u00a0\",\"isPartOf\":{\"@id\":\"https:\/\/www.transcultures.com\/fr\/#website\"},\"datePublished\":\"2014-04-09T21:51:21+00:00\",\"dateModified\":\"2021-05-06T03:10:43+00:00\",\"description\":\"Traduction Asserment\u00e9 : France, Maroc, Canada, Algerie,Tunisie, \u00c9tats-Unis, Traduction pour dv lottery, \u00c9tats-Unis Traduction Certifi\u00e9e, Traduction Officielle.\",\"breadcrumb\":{\"@id\":\"https:\/\/www.transcultures.com\/fr\/paris-traduction\/#breadcrumb\"},\"inLanguage\":\"FR-FR\",\"potentialAction\":[{\"@type\":\"ReadAction\",\"target\":[\"https:\/\/www.transcultures.com\/fr\/paris-traduction\/\"]}]},{\"@type\":\"BreadcrumbList\",\"@id\":\"https:\/\/www.transcultures.com\/fr\/paris-traduction\/#breadcrumb\",\"itemListElement\":[{\"@type\":\"ListItem\",\"position\":1,\"name\":\"Home\",\"item\":\"https:\/\/www.transcultures.com\/fr\/\"},{\"@type\":\"ListItem\",\"position\":2,\"name\":\"TRADUCTION\"}]},{\"@type\":\"WebSite\",\"@id\":\"https:\/\/www.transcultures.com\/fr\/#website\",\"url\":\"https:\/\/www.transcultures.com\/fr\/\",\"name\":\"TransCultures\",\"description\":\"Translation Interpretation Formation Consulting Languages\",\"publisher\":{\"@id\":\"https:\/\/www.transcultures.com\/fr\/#organization\"},\"potentialAction\":[{\"@type\":\"SearchAction\",\"target\":{\"@type\":\"EntryPoint\",\"urlTemplate\":\"https:\/\/www.transcultures.com\/fr\/?s={search_term_string}\"},\"query-input\":\"required name=search_term_string\"}],\"inLanguage\":\"FR-FR\"},{\"@type\":\"Organization\",\"@id\":\"https:\/\/www.transcultures.com\/fr\/#organization\",\"name\":\"TransCultures\",\"url\":\"https:\/\/www.transcultures.com\/fr\/\",\"logo\":{\"@type\":\"ImageObject\",\"inLanguage\":\"FR-FR\",\"@id\":\"https:\/\/www.transcultures.com\/fr\/#\/schema\/logo\/image\/\",\"url\":\"https:\/\/www.transcultures.com\/wp-content\/uploads\/2015\/01\/TransCultures_Logo2.png\",\"contentUrl\":\"https:\/\/www.transcultures.com\/wp-content\/uploads\/2015\/01\/TransCultures_Logo2.png\",\"width\":347,\"height\":100,\"caption\":\"TransCultures\"},\"image\":{\"@id\":\"https:\/\/www.transcultures.com\/fr\/#\/schema\/logo\/image\/\"},\"sameAs\":[\"http:\/\/www.facebook.com\/TransCulturesLLC\",\"https:\/\/twitter.com\/TransCultures\"]}]}<\/script>\n<!-- \/ Yoast SEO plugin. -->","yoast_head_json":{"title":"TRADUCTION\u00a0","description":"Traduction Asserment\u00e9 : France, Maroc, Canada, Algerie,Tunisie, \u00c9tats-Unis, Traduction pour dv lottery, \u00c9tats-Unis Traduction Certifi\u00e9e, Traduction Officielle.","robots":{"index":"index","follow":"follow","max-snippet":"max-snippet:-1","max-image-preview":"max-image-preview:large","max-video-preview":"max-video-preview:-1"},"canonical":"https:\/\/www.transcultures.com\/fr\/paris-traduction\/","og_locale":"fr_FR","og_type":"article","og_title":"TRADUCTION\u00a0","og_description":"Traduction Asserment\u00e9 : France, Maroc, Canada, Algerie,Tunisie, \u00c9tats-Unis, Traduction pour dv lottery, \u00c9tats-Unis Traduction Certifi\u00e9e, Traduction Officielle.","og_url":"https:\/\/www.transcultures.com\/fr\/paris-traduction\/","og_site_name":"TransCultures","article_publisher":"http:\/\/www.facebook.com\/TransCulturesLLC","article_modified_time":"2021-05-06T03:10:43+00:00","og_image":[{"width":1170,"height":365,"url":"https:\/\/www.transcultures.com\/wp-content\/uploads\/2013\/09\/Chicago-Translation-Interpretation.png","type":"image\/png"}],"twitter_misc":{"Est. reading time":"1 minute"},"schema":{"@context":"https:\/\/schema.org","@graph":[{"@type":"WebPage","@id":"https:\/\/www.transcultures.com\/fr\/paris-traduction\/","url":"https:\/\/www.transcultures.com\/fr\/paris-traduction\/","name":"TRADUCTION\u00a0","isPartOf":{"@id":"https:\/\/www.transcultures.com\/fr\/#website"},"datePublished":"2014-04-09T21:51:21+00:00","dateModified":"2021-05-06T03:10:43+00:00","description":"Traduction Asserment\u00e9 : France, Maroc, Canada, Algerie,Tunisie, \u00c9tats-Unis, Traduction pour dv lottery, \u00c9tats-Unis Traduction Certifi\u00e9e, Traduction Officielle.","breadcrumb":{"@id":"https:\/\/www.transcultures.com\/fr\/paris-traduction\/#breadcrumb"},"inLanguage":"FR-FR","potentialAction":[{"@type":"ReadAction","target":["https:\/\/www.transcultures.com\/fr\/paris-traduction\/"]}]},{"@type":"BreadcrumbList","@id":"https:\/\/www.transcultures.com\/fr\/paris-traduction\/#breadcrumb","itemListElement":[{"@type":"ListItem","position":1,"name":"Home","item":"https:\/\/www.transcultures.com\/fr\/"},{"@type":"ListItem","position":2,"name":"TRADUCTION"}]},{"@type":"WebSite","@id":"https:\/\/www.transcultures.com\/fr\/#website","url":"https:\/\/www.transcultures.com\/fr\/","name":"TransCultures","description":"Translation Interpretation Formation Consulting Languages","publisher":{"@id":"https:\/\/www.transcultures.com\/fr\/#organization"},"potentialAction":[{"@type":"SearchAction","target":{"@type":"EntryPoint","urlTemplate":"https:\/\/www.transcultures.com\/fr\/?s={search_term_string}"},"query-input":"required name=search_term_string"}],"inLanguage":"FR-FR"},{"@type":"Organization","@id":"https:\/\/www.transcultures.com\/fr\/#organization","name":"TransCultures","url":"https:\/\/www.transcultures.com\/fr\/","logo":{"@type":"ImageObject","inLanguage":"FR-FR","@id":"https:\/\/www.transcultures.com\/fr\/#\/schema\/logo\/image\/","url":"https:\/\/www.transcultures.com\/wp-content\/uploads\/2015\/01\/TransCultures_Logo2.png","contentUrl":"https:\/\/www.transcultures.com\/wp-content\/uploads\/2015\/01\/TransCultures_Logo2.png","width":347,"height":100,"caption":"TransCultures"},"image":{"@id":"https:\/\/www.transcultures.com\/fr\/#\/schema\/logo\/image\/"},"sameAs":["http:\/\/www.facebook.com\/TransCulturesLLC","https:\/\/twitter.com\/TransCultures"]}]}},"_links":{"self":[{"href":"https:\/\/www.transcultures.com\/fr\/wp-json\/wp\/v2\/pages\/5474"}],"collection":[{"href":"https:\/\/www.transcultures.com\/fr\/wp-json\/wp\/v2\/pages"}],"about":[{"href":"https:\/\/www.transcultures.com\/fr\/wp-json\/wp\/v2\/types\/page"}],"author":[{"embeddable":true,"href":"https:\/\/www.transcultures.com\/fr\/wp-json\/wp\/v2\/users\/1"}],"replies":[{"embeddable":true,"href":"https:\/\/www.transcultures.com\/fr\/wp-json\/wp\/v2\/comments?post=5474"}],"version-history":[{"count":0,"href":"https:\/\/www.transcultures.com\/fr\/wp-json\/wp\/v2\/pages\/5474\/revisions"}],"wp:featuredmedia":[{"embeddable":true,"href":"https:\/\/www.transcultures.com\/fr\/wp-json\/wp\/v2\/media\/7729"}],"wp:attachment":[{"href":"https:\/\/www.transcultures.com\/fr\/wp-json\/wp\/v2\/media?parent=5474"}],"wp:term":[{"taxonomy":"category","embeddable":true,"href":"https:\/\/www.transcultures.com\/fr\/wp-json\/wp\/v2\/categories?post=5474"},{"taxonomy":"post_tag","embeddable":true,"href":"https:\/\/www.transcultures.com\/fr\/wp-json\/wp\/v2\/tags?post=5474"}],"curies":[{"name":"wp","href":"https:\/\/api.w.org\/{rel}","templated":true}]}}