{"id":5460,"date":"2014-04-09T19:46:40","date_gmt":"2014-04-09T19:46:40","guid":{"rendered":"https:\/\/www.transcultures.com\/?page_id=5460"},"modified":"2021-05-09T20:41:00","modified_gmt":"2021-05-09T20:41:00","slug":"transcultures","status":"publish","type":"page","link":"https:\/\/www.transcultures.com\/fr\/","title":{"rendered":"TransCultures"},"content":{"rendered":"\n<p>TransCultures&nbsp;est la premi\u00e8re soci\u00e9t\u00e9 au monde qui apporte des solutions globales sous forme de services linguistiques et culturels. Son<span id=\"result_box\" class=\"short_text\" lang=\"fr\"><span class=\"hps\"> si\u00e8ge social <span id=\"result_box\" class=\"short_text\" lang=\"fr\"><span class=\"hps\">est<\/span> <span class=\"hps\">aux Etats-Unis,<\/span><\/span><\/span><\/span> et elle est pr\u00e9sente en France et au Maroc. Les organisations et entreprises que TransCultures conseille dans ce sens appartiennent aussi bien au secteur public qu\u2019au secteur priv\u00e9.&nbsp; Gr\u00e2ce a ses quatre divisions ax\u00e9es sur la traduction et l&#8217;interpr\u00e9tation, l&#8217;\u00e9ducation, la formation et le consulting, TransCultures leur permet ainsi de relever les d\u00e9fis d&#8217;une \u00e9conomie mondiale multiculturelle, d\u2019un environnement politique de plus en plus complexe, &nbsp;et d\u2019un lieu de travail de plus en plus diversifi\u00e9.<\/p>\n\n\n\n<p>L\u2019\u00e9quipe de TransCultures, compos\u00e9e de traducteurs professionnels, d\u2019\u00e9ducateurs, de formateurs et de consultants, poss\u00e8de une exp\u00e9rience interdisciplinaire \u00e9prouv\u00e9e. Cet atout lui permet de trouver les solutions les mieux adapt\u00e9es aux probl\u00e8mes d\u2019ordre linguistique et culturel que rencontrent les entreprises mondiales, les agences gouvernementales et les ONG. Ainsi, les entreprises qui excellent sur le march\u00e9 mondial sont celles qui r\u00e9ussissent \u00e0 d\u00e9passer ces probl\u00e8mes, et \u00e0 r\u00e9aliser pleinement leur potentiel de r\u00e9ussite.<\/p>\n\n\n\n<p>Dans un environnement commercial multiculturel, TransCultures appara\u00eet comme un partenaire commercial incontournable, aussi bien pour les organisations (gouvernementales comme non gouvernementales) que pour les entreprises (publiques comme priv\u00e9es). Le souci des experts de renomm\u00e9e mondiale de TransCultures est d\u2019apporter une r\u00e9ponse personnalis\u00e9e aux besoins de celles &#8211; ci. Voila pourquoi ils s\u2019efforcent de rester \u00e0 la pointe de l\u2019innovation dans le secteur qui est le leur. Ce niveau de qualification et d\u2019expertise, conjugu\u00e9 \u00e0 une exp\u00e9rience multidisciplinaire \u00e9prouv\u00e9e et \u00e0 une direction \u00e9clair\u00e9e, expliquent les r\u00e9sultats obtenus par TransCultures.<\/p>\n\n\n\n<p>L\u2019\u00e9quipe d&#8217;experts de TransCultures est en mesure de g\u00e9rer n\u2019importe quel projet, sans se soucier ni de sa taille, ni de sa port\u00e9e, afin d\u2019aider les entreprises \u00e0 surmonter les obstacles linguistiques et culturels qu\u2019elles rencontrent, et par l\u00e0 m\u00eame \u00e0 r\u00e9aliser leur potentiel global. Dans ce but, elle recourt aux normes les plus exigeantes de conseil linguistique et culturel. C\u2019est \u00e0 ce prix que TransCultures maintient son leadership.<\/p>\n","protected":false},"excerpt":{"rendered":"<p>TransCultures&nbsp;est la premi\u00e8re soci\u00e9t\u00e9 au monde qui apporte des solutions globales sous forme de services linguistiques et culturels. Son si\u00e8ge social est aux Etats-Unis, et elle est pr\u00e9sente en France et au Maroc. Les organisations et entreprises que TransCultures conseille dans ce sens appartiennent aussi bien au secteur public qu\u2019au secteur priv\u00e9.&nbsp; Gr\u00e2ce a ses &hellip;<\/p>\n<p class=\"read-more\"> <a class=\"\" href=\"https:\/\/www.transcultures.com\/fr\/\"> <span class=\"screen-reader-text\">TransCultures<\/span> Read More \u00bb<\/a><\/p>\n","protected":false},"author":1,"featured_media":8687,"parent":0,"menu_order":0,"comment_status":"closed","ping_status":"closed","template":"","meta":{"site-sidebar-layout":"default","site-content-layout":"default","ast-global-header-display":"","ast-main-header-display":"","ast-hfb-above-header-display":"","ast-hfb-below-header-display":"","ast-hfb-mobile-header-display":"","site-post-title":"","ast-breadcrumbs-content":"","ast-featured-img":"","footer-sml-layout":"","theme-transparent-header-meta":"default","adv-header-id-meta":"","stick-header-meta":"default","header-above-stick-meta":"","header-main-stick-meta":"","header-below-stick-meta":""},"categories":[],"tags":[],"yoast_head":"<!-- This site is optimized with the Yoast SEO plugin v20.2.1 - https:\/\/yoast.com\/wordpress\/plugins\/seo\/ -->\n<title>Traduction | Interpr\u00e9tation | Formation<\/title>\n<meta name=\"description\" content=\"TransCultures France, Maroc, Traduction, Interpr\u00e9tation, Interpr\u00e8te Simultan\u00e9e France et Maroc Arabe, Anglais Fran\u00e7ais Berber Traduction de Conf\u00e9rence Maroc\" \/>\n<meta name=\"robots\" content=\"index, follow, max-snippet:-1, max-image-preview:large, max-video-preview:-1\" \/>\n<link rel=\"canonical\" href=\"https:\/\/www.transcultures.com\/fr\/\" \/>\n<meta property=\"og:locale\" content=\"fr_FR\" \/>\n<meta property=\"og:type\" content=\"article\" \/>\n<meta property=\"og:title\" content=\"Traduction | Interpr\u00e9tation | Formation\" \/>\n<meta property=\"og:description\" content=\"TransCultures France, Maroc, Traduction, Interpr\u00e9tation, Interpr\u00e8te Simultan\u00e9e France et Maroc Arabe, Anglais Fran\u00e7ais Berber Traduction de Conf\u00e9rence Maroc\" \/>\n<meta property=\"og:url\" content=\"https:\/\/www.transcultures.com\/fr\/\" \/>\n<meta property=\"og:site_name\" content=\"TransCultures\" \/>\n<meta property=\"article:publisher\" content=\"http:\/\/www.facebook.com\/TransCulturesLLC\" \/>\n<meta property=\"article:modified_time\" content=\"2021-05-09T20:41:00+00:00\" \/>\n<meta property=\"og:image\" content=\"https:\/\/www.transcultures.com\/wp-content\/uploads\/2013\/02\/TransCultures_Strategic_Partners_Banner_Sample_01.png\" \/>\n\t<meta property=\"og:image:width\" content=\"1170\" \/>\n\t<meta property=\"og:image:height\" content=\"365\" \/>\n\t<meta property=\"og:image:type\" content=\"image\/png\" \/>\n<meta name=\"twitter:label1\" content=\"Est. reading time\" \/>\n\t<meta name=\"twitter:data1\" content=\"2 minutes\" \/>\n<script type=\"application\/ld+json\" class=\"yoast-schema-graph\">{\"@context\":\"https:\/\/schema.org\",\"@graph\":[{\"@type\":\"WebPage\",\"@id\":\"https:\/\/www.transcultures.com\/fr\/\",\"url\":\"https:\/\/www.transcultures.com\/fr\/\",\"name\":\"Traduction | Interpr\u00e9tation | Formation\",\"isPartOf\":{\"@id\":\"https:\/\/www.transcultures.com\/fr\/#website\"},\"datePublished\":\"2014-04-09T19:46:40+00:00\",\"dateModified\":\"2021-05-09T20:41:00+00:00\",\"description\":\"TransCultures France, Maroc, Traduction, Interpr\u00e9tation, Interpr\u00e8te Simultan\u00e9e France et Maroc Arabe, Anglais Fran\u00e7ais Berber Traduction de Conf\u00e9rence Maroc\",\"breadcrumb\":{\"@id\":\"https:\/\/www.transcultures.com\/fr\/#breadcrumb\"},\"inLanguage\":\"FR-FR\",\"potentialAction\":[{\"@type\":\"ReadAction\",\"target\":[\"https:\/\/www.transcultures.com\/fr\/\"]}]},{\"@type\":\"BreadcrumbList\",\"@id\":\"https:\/\/www.transcultures.com\/fr\/#breadcrumb\",\"itemListElement\":[{\"@type\":\"ListItem\",\"position\":1,\"name\":\"Home\",\"item\":\"https:\/\/www.transcultures.com\/fr\/\"},{\"@type\":\"ListItem\",\"position\":2,\"name\":\"TransCultures\"}]},{\"@type\":\"WebSite\",\"@id\":\"https:\/\/www.transcultures.com\/fr\/#website\",\"url\":\"https:\/\/www.transcultures.com\/fr\/\",\"name\":\"TransCultures\",\"description\":\"Translation Interpretation Formation Consulting Languages\",\"publisher\":{\"@id\":\"https:\/\/www.transcultures.com\/fr\/#organization\"},\"potentialAction\":[{\"@type\":\"SearchAction\",\"target\":{\"@type\":\"EntryPoint\",\"urlTemplate\":\"https:\/\/www.transcultures.com\/fr\/?s={search_term_string}\"},\"query-input\":\"required name=search_term_string\"}],\"inLanguage\":\"FR-FR\"},{\"@type\":\"Organization\",\"@id\":\"https:\/\/www.transcultures.com\/fr\/#organization\",\"name\":\"TransCultures\",\"url\":\"https:\/\/www.transcultures.com\/fr\/\",\"logo\":{\"@type\":\"ImageObject\",\"inLanguage\":\"FR-FR\",\"@id\":\"https:\/\/www.transcultures.com\/fr\/#\/schema\/logo\/image\/\",\"url\":\"https:\/\/www.transcultures.com\/wp-content\/uploads\/2015\/01\/TransCultures_Logo2.png\",\"contentUrl\":\"https:\/\/www.transcultures.com\/wp-content\/uploads\/2015\/01\/TransCultures_Logo2.png\",\"width\":347,\"height\":100,\"caption\":\"TransCultures\"},\"image\":{\"@id\":\"https:\/\/www.transcultures.com\/fr\/#\/schema\/logo\/image\/\"},\"sameAs\":[\"http:\/\/www.facebook.com\/TransCulturesLLC\",\"https:\/\/twitter.com\/TransCultures\"]}]}<\/script>\n<!-- \/ Yoast SEO plugin. -->","yoast_head_json":{"title":"Traduction | Interpr\u00e9tation | Formation","description":"TransCultures France, Maroc, Traduction, Interpr\u00e9tation, Interpr\u00e8te Simultan\u00e9e France et Maroc Arabe, Anglais Fran\u00e7ais Berber Traduction de Conf\u00e9rence Maroc","robots":{"index":"index","follow":"follow","max-snippet":"max-snippet:-1","max-image-preview":"max-image-preview:large","max-video-preview":"max-video-preview:-1"},"canonical":"https:\/\/www.transcultures.com\/fr\/","og_locale":"fr_FR","og_type":"article","og_title":"Traduction | Interpr\u00e9tation | Formation","og_description":"TransCultures France, Maroc, Traduction, Interpr\u00e9tation, Interpr\u00e8te Simultan\u00e9e France et Maroc Arabe, Anglais Fran\u00e7ais Berber Traduction de Conf\u00e9rence Maroc","og_url":"https:\/\/www.transcultures.com\/fr\/","og_site_name":"TransCultures","article_publisher":"http:\/\/www.facebook.com\/TransCulturesLLC","article_modified_time":"2021-05-09T20:41:00+00:00","og_image":[{"width":1170,"height":365,"url":"https:\/\/www.transcultures.com\/wp-content\/uploads\/2013\/02\/TransCultures_Strategic_Partners_Banner_Sample_01.png","type":"image\/png"}],"twitter_misc":{"Est. reading time":"2 minutes"},"schema":{"@context":"https:\/\/schema.org","@graph":[{"@type":"WebPage","@id":"https:\/\/www.transcultures.com\/fr\/","url":"https:\/\/www.transcultures.com\/fr\/","name":"Traduction | Interpr\u00e9tation | Formation","isPartOf":{"@id":"https:\/\/www.transcultures.com\/fr\/#website"},"datePublished":"2014-04-09T19:46:40+00:00","dateModified":"2021-05-09T20:41:00+00:00","description":"TransCultures France, Maroc, Traduction, Interpr\u00e9tation, Interpr\u00e8te Simultan\u00e9e France et Maroc Arabe, Anglais Fran\u00e7ais Berber Traduction de Conf\u00e9rence Maroc","breadcrumb":{"@id":"https:\/\/www.transcultures.com\/fr\/#breadcrumb"},"inLanguage":"FR-FR","potentialAction":[{"@type":"ReadAction","target":["https:\/\/www.transcultures.com\/fr\/"]}]},{"@type":"BreadcrumbList","@id":"https:\/\/www.transcultures.com\/fr\/#breadcrumb","itemListElement":[{"@type":"ListItem","position":1,"name":"Home","item":"https:\/\/www.transcultures.com\/fr\/"},{"@type":"ListItem","position":2,"name":"TransCultures"}]},{"@type":"WebSite","@id":"https:\/\/www.transcultures.com\/fr\/#website","url":"https:\/\/www.transcultures.com\/fr\/","name":"TransCultures","description":"Translation Interpretation Formation Consulting Languages","publisher":{"@id":"https:\/\/www.transcultures.com\/fr\/#organization"},"potentialAction":[{"@type":"SearchAction","target":{"@type":"EntryPoint","urlTemplate":"https:\/\/www.transcultures.com\/fr\/?s={search_term_string}"},"query-input":"required name=search_term_string"}],"inLanguage":"FR-FR"},{"@type":"Organization","@id":"https:\/\/www.transcultures.com\/fr\/#organization","name":"TransCultures","url":"https:\/\/www.transcultures.com\/fr\/","logo":{"@type":"ImageObject","inLanguage":"FR-FR","@id":"https:\/\/www.transcultures.com\/fr\/#\/schema\/logo\/image\/","url":"https:\/\/www.transcultures.com\/wp-content\/uploads\/2015\/01\/TransCultures_Logo2.png","contentUrl":"https:\/\/www.transcultures.com\/wp-content\/uploads\/2015\/01\/TransCultures_Logo2.png","width":347,"height":100,"caption":"TransCultures"},"image":{"@id":"https:\/\/www.transcultures.com\/fr\/#\/schema\/logo\/image\/"},"sameAs":["http:\/\/www.facebook.com\/TransCulturesLLC","https:\/\/twitter.com\/TransCultures"]}]}},"_links":{"self":[{"href":"https:\/\/www.transcultures.com\/fr\/wp-json\/wp\/v2\/pages\/5460"}],"collection":[{"href":"https:\/\/www.transcultures.com\/fr\/wp-json\/wp\/v2\/pages"}],"about":[{"href":"https:\/\/www.transcultures.com\/fr\/wp-json\/wp\/v2\/types\/page"}],"author":[{"embeddable":true,"href":"https:\/\/www.transcultures.com\/fr\/wp-json\/wp\/v2\/users\/1"}],"replies":[{"embeddable":true,"href":"https:\/\/www.transcultures.com\/fr\/wp-json\/wp\/v2\/comments?post=5460"}],"version-history":[{"count":0,"href":"https:\/\/www.transcultures.com\/fr\/wp-json\/wp\/v2\/pages\/5460\/revisions"}],"wp:featuredmedia":[{"embeddable":true,"href":"https:\/\/www.transcultures.com\/fr\/wp-json\/wp\/v2\/media\/8687"}],"wp:attachment":[{"href":"https:\/\/www.transcultures.com\/fr\/wp-json\/wp\/v2\/media?parent=5460"}],"wp:term":[{"taxonomy":"category","embeddable":true,"href":"https:\/\/www.transcultures.com\/fr\/wp-json\/wp\/v2\/categories?post=5460"},{"taxonomy":"post_tag","embeddable":true,"href":"https:\/\/www.transcultures.com\/fr\/wp-json\/wp\/v2\/tags?post=5460"}],"curies":[{"name":"wp","href":"https:\/\/api.w.org\/{rel}","templated":true}]}}