{"id":5458,"date":"2013-06-22T14:13:48","date_gmt":"2013-06-22T14:13:48","guid":{"rendered":"https:\/\/www.transcultures.com\/?page_id=5458"},"modified":"2021-05-26T20:55:13","modified_gmt":"2021-05-26T20:55:13","slug":"france-traduction","status":"publish","type":"page","link":"https:\/\/www.transcultures.com\/fr\/france-traduction\/","title":{"rendered":"Traduction Maroc | Interpr\u00e9tation Maroc |Paris | Marrakech | Casablanca | Rabat"},"content":{"rendered":"\n<p><strong> Culture: [kylty\u0280]<\/strong>&nbsp; un mode de comportement humain qui int\u00e8gre les types de langage et de communication, de pens\u00e9e et d&#8217;action, d&#8217;attitude, de coutumes, de croyances, de valeurs et d&#8217;institutions propres \u00e0 des groupes sociaux, raciaux, ethniques et religieux.<\/p>\n\n\n\n<h3>TRANSCULTURES<\/h3>\n\n\n\n<p><strong>TRANSCULTURES: [t\u0280\u0251\u0303s-kylty\u0280]<\/strong> UNE D\u00c9MARCHE DE COMPR\u00c9HENSION ET DE D\u00c9VELOPPEMENT CULTURELS QUI D\u00c9PASSE LES FRONTI\u00c8RES DES NATIONS, LES RACES, LES GENRES ET LES CULTURES PROFESSIONNELLES. TRANSCULTURES TRANSCENDE LE CLOISONNEMENT DES TRADITIONS, DES LANGUES ET DES SYST\u00c8MES DE VALEURS, AFIN DE FAVORISER L&#8217;INNOVATION, LE D\u00c9VELOPPEMENT ET LA COMMUNICATION.<\/p>\n","protected":false},"excerpt":{"rendered":"<p>Culture: [kylty\u0280]&nbsp; un mode de comportement humain qui int\u00e8gre les types de langage et de communication, de pens\u00e9e et d&#8217;action, d&#8217;attitude, de coutumes, de croyances, de valeurs et d&#8217;institutions propres \u00e0 des groupes sociaux, raciaux, ethniques et religieux. TRANSCULTURES TRANSCULTURES: [t\u0280\u0251\u0303s-kylty\u0280] UNE D\u00c9MARCHE DE COMPR\u00c9HENSION ET DE D\u00c9VELOPPEMENT CULTURELS QUI D\u00c9PASSE LES FRONTI\u00c8RES DES NATIONS, &hellip;<\/p>\n<p class=\"read-more\"> <a class=\"\" href=\"https:\/\/www.transcultures.com\/fr\/france-traduction\/\"> <span class=\"screen-reader-text\">Traduction Maroc | Interpr\u00e9tation Maroc |Paris | Marrakech | Casablanca | Rabat<\/span> Read More \u00bb<\/a><\/p>\n","protected":false},"author":1,"featured_media":8687,"parent":0,"menu_order":0,"comment_status":"closed","ping_status":"open","template":"","meta":{"site-sidebar-layout":"default","site-content-layout":"default","ast-global-header-display":"","ast-main-header-display":"","ast-hfb-above-header-display":"","ast-hfb-below-header-display":"","ast-hfb-mobile-header-display":"","site-post-title":"","ast-breadcrumbs-content":"","ast-featured-img":"","footer-sml-layout":"","theme-transparent-header-meta":"default","adv-header-id-meta":"","stick-header-meta":"default","header-above-stick-meta":"","header-main-stick-meta":"","header-below-stick-meta":""},"categories":[],"tags":[],"yoast_head":"<!-- This site is optimized with the Yoast SEO plugin v20.2.1 - https:\/\/yoast.com\/wordpress\/plugins\/seo\/ -->\n<title>Traduction Maroc | Interpr\u00e9tation Maroc |Paris | Marrakech | Casablanca | Rabat &bull; TransCultures<\/title>\n<meta name=\"description\" content=\"Langues, langage, communication, L&#039;INNOVATION, LE D\u00c9VELOPPEMENT ET LA COMMUNICATION\" \/>\n<meta name=\"robots\" content=\"index, follow, max-snippet:-1, max-image-preview:large, max-video-preview:-1\" \/>\n<link rel=\"canonical\" href=\"https:\/\/www.transcultures.com\/fr\/france-traduction\/\" \/>\n<meta property=\"og:locale\" content=\"fr_FR\" \/>\n<meta property=\"og:type\" content=\"article\" \/>\n<meta property=\"og:title\" content=\"Traduction Maroc | Interpr\u00e9tation Maroc |Paris | Marrakech | Casablanca | Rabat &bull; TransCultures\" \/>\n<meta property=\"og:description\" content=\"Langues, langage, communication, L&#039;INNOVATION, LE D\u00c9VELOPPEMENT ET LA COMMUNICATION\" \/>\n<meta property=\"og:url\" content=\"https:\/\/www.transcultures.com\/fr\/france-traduction\/\" \/>\n<meta property=\"og:site_name\" content=\"TransCultures\" \/>\n<meta property=\"article:publisher\" content=\"http:\/\/www.facebook.com\/TransCulturesLLC\" \/>\n<meta property=\"article:modified_time\" content=\"2021-05-26T20:55:13+00:00\" \/>\n<meta property=\"og:image\" content=\"https:\/\/www.transcultures.com\/wp-content\/uploads\/2013\/02\/TransCultures_Strategic_Partners_Banner_Sample_01.png\" \/>\n\t<meta property=\"og:image:width\" content=\"1170\" \/>\n\t<meta property=\"og:image:height\" content=\"365\" \/>\n\t<meta property=\"og:image:type\" content=\"image\/png\" \/>\n<meta name=\"twitter:label1\" content=\"Est. reading time\" \/>\n\t<meta name=\"twitter:data1\" content=\"1 minute\" \/>\n<script type=\"application\/ld+json\" class=\"yoast-schema-graph\">{\"@context\":\"https:\/\/schema.org\",\"@graph\":[{\"@type\":\"WebPage\",\"@id\":\"https:\/\/www.transcultures.com\/fr\/france-traduction\/\",\"url\":\"https:\/\/www.transcultures.com\/fr\/france-traduction\/\",\"name\":\"Traduction Maroc | Interpr\u00e9tation Maroc |Paris | Marrakech | Casablanca | Rabat &bull; TransCultures\",\"isPartOf\":{\"@id\":\"https:\/\/www.transcultures.com\/fr\/#website\"},\"datePublished\":\"2013-06-22T14:13:48+00:00\",\"dateModified\":\"2021-05-26T20:55:13+00:00\",\"description\":\"Langues, langage, communication, L'INNOVATION, LE D\u00c9VELOPPEMENT ET LA COMMUNICATION\",\"breadcrumb\":{\"@id\":\"https:\/\/www.transcultures.com\/fr\/france-traduction\/#breadcrumb\"},\"inLanguage\":\"FR-FR\",\"potentialAction\":[{\"@type\":\"ReadAction\",\"target\":[\"https:\/\/www.transcultures.com\/fr\/france-traduction\/\"]}]},{\"@type\":\"BreadcrumbList\",\"@id\":\"https:\/\/www.transcultures.com\/fr\/france-traduction\/#breadcrumb\",\"itemListElement\":[{\"@type\":\"ListItem\",\"position\":1,\"name\":\"Home\",\"item\":\"https:\/\/www.transcultures.com\/fr\/\"},{\"@type\":\"ListItem\",\"position\":2,\"name\":\"Traduction Maroc | Interpr\u00e9tation Maroc |Paris | Marrakech | Casablanca | Rabat\"}]},{\"@type\":\"WebSite\",\"@id\":\"https:\/\/www.transcultures.com\/fr\/#website\",\"url\":\"https:\/\/www.transcultures.com\/fr\/\",\"name\":\"TransCultures\",\"description\":\"Translation Interpretation Formation Consulting Languages\",\"publisher\":{\"@id\":\"https:\/\/www.transcultures.com\/fr\/#organization\"},\"potentialAction\":[{\"@type\":\"SearchAction\",\"target\":{\"@type\":\"EntryPoint\",\"urlTemplate\":\"https:\/\/www.transcultures.com\/fr\/?s={search_term_string}\"},\"query-input\":\"required name=search_term_string\"}],\"inLanguage\":\"FR-FR\"},{\"@type\":\"Organization\",\"@id\":\"https:\/\/www.transcultures.com\/fr\/#organization\",\"name\":\"TransCultures\",\"url\":\"https:\/\/www.transcultures.com\/fr\/\",\"logo\":{\"@type\":\"ImageObject\",\"inLanguage\":\"FR-FR\",\"@id\":\"https:\/\/www.transcultures.com\/fr\/#\/schema\/logo\/image\/\",\"url\":\"https:\/\/www.transcultures.com\/wp-content\/uploads\/2015\/01\/TransCultures_Logo2.png\",\"contentUrl\":\"https:\/\/www.transcultures.com\/wp-content\/uploads\/2015\/01\/TransCultures_Logo2.png\",\"width\":347,\"height\":100,\"caption\":\"TransCultures\"},\"image\":{\"@id\":\"https:\/\/www.transcultures.com\/fr\/#\/schema\/logo\/image\/\"},\"sameAs\":[\"http:\/\/www.facebook.com\/TransCulturesLLC\",\"https:\/\/twitter.com\/TransCultures\"]}]}<\/script>\n<!-- \/ Yoast SEO plugin. -->","yoast_head_json":{"title":"Traduction Maroc | Interpr\u00e9tation Maroc |Paris | Marrakech | Casablanca | Rabat &bull; TransCultures","description":"Langues, langage, communication, L'INNOVATION, LE D\u00c9VELOPPEMENT ET LA COMMUNICATION","robots":{"index":"index","follow":"follow","max-snippet":"max-snippet:-1","max-image-preview":"max-image-preview:large","max-video-preview":"max-video-preview:-1"},"canonical":"https:\/\/www.transcultures.com\/fr\/france-traduction\/","og_locale":"fr_FR","og_type":"article","og_title":"Traduction Maroc | Interpr\u00e9tation Maroc |Paris | Marrakech | Casablanca | Rabat &bull; TransCultures","og_description":"Langues, langage, communication, L'INNOVATION, LE D\u00c9VELOPPEMENT ET LA COMMUNICATION","og_url":"https:\/\/www.transcultures.com\/fr\/france-traduction\/","og_site_name":"TransCultures","article_publisher":"http:\/\/www.facebook.com\/TransCulturesLLC","article_modified_time":"2021-05-26T20:55:13+00:00","og_image":[{"width":1170,"height":365,"url":"https:\/\/www.transcultures.com\/wp-content\/uploads\/2013\/02\/TransCultures_Strategic_Partners_Banner_Sample_01.png","type":"image\/png"}],"twitter_misc":{"Est. reading time":"1 minute"},"schema":{"@context":"https:\/\/schema.org","@graph":[{"@type":"WebPage","@id":"https:\/\/www.transcultures.com\/fr\/france-traduction\/","url":"https:\/\/www.transcultures.com\/fr\/france-traduction\/","name":"Traduction Maroc | Interpr\u00e9tation Maroc |Paris | Marrakech | Casablanca | Rabat &bull; TransCultures","isPartOf":{"@id":"https:\/\/www.transcultures.com\/fr\/#website"},"datePublished":"2013-06-22T14:13:48+00:00","dateModified":"2021-05-26T20:55:13+00:00","description":"Langues, langage, communication, L'INNOVATION, LE D\u00c9VELOPPEMENT ET LA COMMUNICATION","breadcrumb":{"@id":"https:\/\/www.transcultures.com\/fr\/france-traduction\/#breadcrumb"},"inLanguage":"FR-FR","potentialAction":[{"@type":"ReadAction","target":["https:\/\/www.transcultures.com\/fr\/france-traduction\/"]}]},{"@type":"BreadcrumbList","@id":"https:\/\/www.transcultures.com\/fr\/france-traduction\/#breadcrumb","itemListElement":[{"@type":"ListItem","position":1,"name":"Home","item":"https:\/\/www.transcultures.com\/fr\/"},{"@type":"ListItem","position":2,"name":"Traduction Maroc | Interpr\u00e9tation Maroc |Paris | Marrakech | Casablanca | Rabat"}]},{"@type":"WebSite","@id":"https:\/\/www.transcultures.com\/fr\/#website","url":"https:\/\/www.transcultures.com\/fr\/","name":"TransCultures","description":"Translation Interpretation Formation Consulting Languages","publisher":{"@id":"https:\/\/www.transcultures.com\/fr\/#organization"},"potentialAction":[{"@type":"SearchAction","target":{"@type":"EntryPoint","urlTemplate":"https:\/\/www.transcultures.com\/fr\/?s={search_term_string}"},"query-input":"required name=search_term_string"}],"inLanguage":"FR-FR"},{"@type":"Organization","@id":"https:\/\/www.transcultures.com\/fr\/#organization","name":"TransCultures","url":"https:\/\/www.transcultures.com\/fr\/","logo":{"@type":"ImageObject","inLanguage":"FR-FR","@id":"https:\/\/www.transcultures.com\/fr\/#\/schema\/logo\/image\/","url":"https:\/\/www.transcultures.com\/wp-content\/uploads\/2015\/01\/TransCultures_Logo2.png","contentUrl":"https:\/\/www.transcultures.com\/wp-content\/uploads\/2015\/01\/TransCultures_Logo2.png","width":347,"height":100,"caption":"TransCultures"},"image":{"@id":"https:\/\/www.transcultures.com\/fr\/#\/schema\/logo\/image\/"},"sameAs":["http:\/\/www.facebook.com\/TransCulturesLLC","https:\/\/twitter.com\/TransCultures"]}]}},"_links":{"self":[{"href":"https:\/\/www.transcultures.com\/fr\/wp-json\/wp\/v2\/pages\/5458"}],"collection":[{"href":"https:\/\/www.transcultures.com\/fr\/wp-json\/wp\/v2\/pages"}],"about":[{"href":"https:\/\/www.transcultures.com\/fr\/wp-json\/wp\/v2\/types\/page"}],"author":[{"embeddable":true,"href":"https:\/\/www.transcultures.com\/fr\/wp-json\/wp\/v2\/users\/1"}],"replies":[{"embeddable":true,"href":"https:\/\/www.transcultures.com\/fr\/wp-json\/wp\/v2\/comments?post=5458"}],"version-history":[{"count":2,"href":"https:\/\/www.transcultures.com\/fr\/wp-json\/wp\/v2\/pages\/5458\/revisions"}],"predecessor-version":[{"id":10049,"href":"https:\/\/www.transcultures.com\/fr\/wp-json\/wp\/v2\/pages\/5458\/revisions\/10049"}],"wp:featuredmedia":[{"embeddable":true,"href":"https:\/\/www.transcultures.com\/fr\/wp-json\/wp\/v2\/media\/8687"}],"wp:attachment":[{"href":"https:\/\/www.transcultures.com\/fr\/wp-json\/wp\/v2\/media?parent=5458"}],"wp:term":[{"taxonomy":"category","embeddable":true,"href":"https:\/\/www.transcultures.com\/fr\/wp-json\/wp\/v2\/categories?post=5458"},{"taxonomy":"post_tag","embeddable":true,"href":"https:\/\/www.transcultures.com\/fr\/wp-json\/wp\/v2\/tags?post=5458"}],"curies":[{"name":"wp","href":"https:\/\/api.w.org\/{rel}","templated":true}]}}