{"id":7842,"date":"2015-04-03T04:50:04","date_gmt":"2015-04-03T04:50:04","guid":{"rendered":"https:\/\/www.transcultures.com\/?page_id=7842"},"modified":"2021-05-09T18:04:23","modified_gmt":"2021-05-09T18:04:23","slug":"traduccion","status":"publish","type":"page","link":"https:\/\/www.transcultures.com\/es\/traduccion-e-interpretacion\/traduccion\/","title":{"rendered":"Traducci\u00f3n"},"content":{"rendered":"\n<p>Una traducci\u00f3n implica algo m\u00e1s que buscar palabras en un diccionario. Se trata de transformar mensajes para que estos puedan llegar a otras culturas, garantizando que los matices sutiles y el significado que se pretend\u00eda trasladar est\u00e9n ah\u00ed cuando dichos mensajes lleguen a las audiencias y mercados globales. Como parte de sus soluciones culturales a nivel global, los traductores de TransCultures trabajar\u00e1n con usted para adaptar sus materiales de modo que resulten culturalmente apropiados para el p\u00fablico objetivo al que se quiera dirigir. Esto mejorar\u00e1 la difusi\u00f3n de su alcance global y generar\u00e1 buenos resultados para su organizaci\u00f3n.<br>Nuestros traductores profesionales hablan m\u00e1s de 140 idiomas. Cuentan con una amplia experiencia en traducci\u00f3n y son capaces de traducir cualquier tipo de documento, desde un simple certificado de nacimiento a documentos t\u00e9cnicos en distintos sectores, de la forma m\u00e1s rigurosa, eficiente en tiempo y efectiva en coste. Para cada proyecto, nuestros jefes de proyecto seleccionan cuidadosamente un traductor con una s\u00f3lida formaci\u00f3n en la materia asignada. Algunos proyectos de gran envergadura pueden requerir varios traductores y correctores.<br>Nuestro proceso de edici\u00f3n es muy riguroso y exige una segunda revisi\u00f3n por otro ling\u00fcista para garantizar una traducci\u00f3n final precisa de alta calidad. Adem\u00e1s de ser traductores competentes, la mayor\u00eda de nuestros traductores tienen otros t\u00edtulos profesionales; esto nos permite atender las necesidades profesionales individualizadas de nuestros clientes en los siguientes campos:<br>PARA OBTENER UN PRESUPUESTO, POR FAVOR CONTACTE CON NUESTRO DEPARTAMENTO DE TRADUCCION:<br>Traduccion@TransCultures.com<\/p>\n","protected":false},"excerpt":{"rendered":"<p>Una traducci\u00f3n implica algo m\u00e1s que buscar palabras en un diccionario. Se trata de transformar mensajes para que estos puedan llegar a otras culturas, garantizando que los matices sutiles y el significado que se pretend\u00eda trasladar est\u00e9n ah\u00ed cuando dichos mensajes lleguen a las audiencias y mercados globales. Como parte de sus soluciones culturales a &hellip;<\/p>\n<p class=\"read-more\"> <a class=\"\" href=\"https:\/\/www.transcultures.com\/es\/traduccion-e-interpretacion\/traduccion\/\"> <span class=\"screen-reader-text\">Traducci\u00f3n<\/span> Read More \u00bb<\/a><\/p>\n","protected":false},"author":1,"featured_media":7735,"parent":7824,"menu_order":0,"comment_status":"closed","ping_status":"open","template":"","meta":{"site-sidebar-layout":"default","site-content-layout":"default","ast-global-header-display":"","ast-main-header-display":"","ast-hfb-above-header-display":"","ast-hfb-below-header-display":"","ast-hfb-mobile-header-display":"","site-post-title":"","ast-breadcrumbs-content":"","ast-featured-img":"","footer-sml-layout":"","theme-transparent-header-meta":"default","adv-header-id-meta":"","stick-header-meta":"default","header-above-stick-meta":"","header-main-stick-meta":"","header-below-stick-meta":""},"categories":[122],"tags":[],"yoast_head":"<!-- This site is optimized with the Yoast SEO plugin v20.2.1 - https:\/\/yoast.com\/wordpress\/plugins\/seo\/ -->\n<title>Traducci\u00f3n &bull; TransCulturas<\/title>\n<meta name=\"robots\" content=\"index, follow, max-snippet:-1, max-image-preview:large, max-video-preview:-1\" \/>\n<link rel=\"canonical\" href=\"https:\/\/www.transcultures.com\/es\/traduccion-e-interpretacion\/traduccion\/\" \/>\n<meta property=\"og:locale\" content=\"es_ES\" \/>\n<meta property=\"og:type\" content=\"article\" \/>\n<meta property=\"og:title\" content=\"Traducci\u00f3n &bull; TransCulturas\" \/>\n<meta property=\"og:description\" content=\"Una traducci\u00f3n implica algo m\u00e1s que buscar palabras en un diccionario. Se trata de transformar mensajes para que estos puedan llegar a otras culturas, garantizando que los matices sutiles y el significado que se pretend\u00eda trasladar est\u00e9n ah\u00ed cuando dichos mensajes lleguen a las audiencias y mercados globales. Como parte de sus soluciones culturales a &hellip; Traducci\u00f3n Read More \u00bb\" \/>\n<meta property=\"og:url\" content=\"https:\/\/www.transcultures.com\/es\/traduccion-e-interpretacion\/traduccion\/\" \/>\n<meta property=\"og:site_name\" content=\"TransCulturas\" \/>\n<meta property=\"article:publisher\" content=\"http:\/\/www.facebook.com\/TransCulturesLLC\" \/>\n<meta property=\"article:modified_time\" content=\"2021-05-09T18:04:23+00:00\" \/>\n<meta property=\"og:image\" content=\"https:\/\/www.transcultures.com\/wp-content\/uploads\/2013\/09\/TransCultures-Chicago-Translation.png\" \/>\n\t<meta property=\"og:image:width\" content=\"1170\" \/>\n\t<meta property=\"og:image:height\" content=\"365\" \/>\n\t<meta property=\"og:image:type\" content=\"image\/png\" \/>\n<meta name=\"twitter:label1\" content=\"Est. reading time\" \/>\n\t<meta name=\"twitter:data1\" content=\"2 minutes\" \/>\n<script type=\"application\/ld+json\" class=\"yoast-schema-graph\">{\"@context\":\"https:\/\/schema.org\",\"@graph\":[{\"@type\":\"WebPage\",\"@id\":\"https:\/\/www.transcultures.com\/es\/traduccion-e-interpretacion\/traduccion\/\",\"url\":\"https:\/\/www.transcultures.com\/es\/traduccion-e-interpretacion\/traduccion\/\",\"name\":\"Traducci\u00f3n &bull; TransCulturas\",\"isPartOf\":{\"@id\":\"https:\/\/www.transcultures.com\/es\/#website\"},\"datePublished\":\"2015-04-03T04:50:04+00:00\",\"dateModified\":\"2021-05-09T18:04:23+00:00\",\"breadcrumb\":{\"@id\":\"https:\/\/www.transcultures.com\/es\/traduccion-e-interpretacion\/traduccion\/#breadcrumb\"},\"inLanguage\":\"ES-ES\",\"potentialAction\":[{\"@type\":\"ReadAction\",\"target\":[\"https:\/\/www.transcultures.com\/es\/traduccion-e-interpretacion\/traduccion\/\"]}]},{\"@type\":\"BreadcrumbList\",\"@id\":\"https:\/\/www.transcultures.com\/es\/traduccion-e-interpretacion\/traduccion\/#breadcrumb\",\"itemListElement\":[{\"@type\":\"ListItem\",\"position\":1,\"name\":\"Home\",\"item\":\"https:\/\/www.transcultures.com\/es\/\"},{\"@type\":\"ListItem\",\"position\":2,\"name\":\"TRADUCCION E INTERPRETACION\",\"item\":\"https:\/\/www.transcultures.com\/es\/traduccion-e-interpretacion\/\"},{\"@type\":\"ListItem\",\"position\":3,\"name\":\"Traducci\u00f3n\"}]},{\"@type\":\"WebSite\",\"@id\":\"https:\/\/www.transcultures.com\/es\/#website\",\"url\":\"https:\/\/www.transcultures.com\/es\/\",\"name\":\"TransCulturas\",\"description\":\"Traduccion | Interpretatcion | Localizacion\",\"publisher\":{\"@id\":\"https:\/\/www.transcultures.com\/es\/#organization\"},\"potentialAction\":[{\"@type\":\"SearchAction\",\"target\":{\"@type\":\"EntryPoint\",\"urlTemplate\":\"https:\/\/www.transcultures.com\/es\/?s={search_term_string}\"},\"query-input\":\"required name=search_term_string\"}],\"inLanguage\":\"ES-ES\"},{\"@type\":\"Organization\",\"@id\":\"https:\/\/www.transcultures.com\/es\/#organization\",\"name\":\"TransCulturas\",\"url\":\"https:\/\/www.transcultures.com\/es\/\",\"logo\":{\"@type\":\"ImageObject\",\"inLanguage\":\"ES-ES\",\"@id\":\"https:\/\/www.transcultures.com\/es\/#\/schema\/logo\/image\/\",\"url\":\"https:\/\/www.transcultures.com\/wp-content\/uploads\/2015\/01\/TransCultures_Logo2.png\",\"contentUrl\":\"https:\/\/www.transcultures.com\/wp-content\/uploads\/2015\/01\/TransCultures_Logo2.png\",\"width\":347,\"height\":100,\"caption\":\"TransCulturas\"},\"image\":{\"@id\":\"https:\/\/www.transcultures.com\/es\/#\/schema\/logo\/image\/\"},\"sameAs\":[\"http:\/\/www.facebook.com\/TransCulturesLLC\",\"https:\/\/twitter.com\/TransCultures\"]}]}<\/script>\n<!-- \/ Yoast SEO plugin. -->","yoast_head_json":{"title":"Traducci\u00f3n &bull; TransCulturas","robots":{"index":"index","follow":"follow","max-snippet":"max-snippet:-1","max-image-preview":"max-image-preview:large","max-video-preview":"max-video-preview:-1"},"canonical":"https:\/\/www.transcultures.com\/es\/traduccion-e-interpretacion\/traduccion\/","og_locale":"es_ES","og_type":"article","og_title":"Traducci\u00f3n &bull; TransCulturas","og_description":"Una traducci\u00f3n implica algo m\u00e1s que buscar palabras en un diccionario. Se trata de transformar mensajes para que estos puedan llegar a otras culturas, garantizando que los matices sutiles y el significado que se pretend\u00eda trasladar est\u00e9n ah\u00ed cuando dichos mensajes lleguen a las audiencias y mercados globales. Como parte de sus soluciones culturales a &hellip; Traducci\u00f3n Read More \u00bb","og_url":"https:\/\/www.transcultures.com\/es\/traduccion-e-interpretacion\/traduccion\/","og_site_name":"TransCulturas","article_publisher":"http:\/\/www.facebook.com\/TransCulturesLLC","article_modified_time":"2021-05-09T18:04:23+00:00","og_image":[{"width":1170,"height":365,"url":"https:\/\/www.transcultures.com\/wp-content\/uploads\/2013\/09\/TransCultures-Chicago-Translation.png","type":"image\/png"}],"twitter_misc":{"Est. reading time":"2 minutes"},"schema":{"@context":"https:\/\/schema.org","@graph":[{"@type":"WebPage","@id":"https:\/\/www.transcultures.com\/es\/traduccion-e-interpretacion\/traduccion\/","url":"https:\/\/www.transcultures.com\/es\/traduccion-e-interpretacion\/traduccion\/","name":"Traducci\u00f3n &bull; TransCulturas","isPartOf":{"@id":"https:\/\/www.transcultures.com\/es\/#website"},"datePublished":"2015-04-03T04:50:04+00:00","dateModified":"2021-05-09T18:04:23+00:00","breadcrumb":{"@id":"https:\/\/www.transcultures.com\/es\/traduccion-e-interpretacion\/traduccion\/#breadcrumb"},"inLanguage":"ES-ES","potentialAction":[{"@type":"ReadAction","target":["https:\/\/www.transcultures.com\/es\/traduccion-e-interpretacion\/traduccion\/"]}]},{"@type":"BreadcrumbList","@id":"https:\/\/www.transcultures.com\/es\/traduccion-e-interpretacion\/traduccion\/#breadcrumb","itemListElement":[{"@type":"ListItem","position":1,"name":"Home","item":"https:\/\/www.transcultures.com\/es\/"},{"@type":"ListItem","position":2,"name":"TRADUCCION E INTERPRETACION","item":"https:\/\/www.transcultures.com\/es\/traduccion-e-interpretacion\/"},{"@type":"ListItem","position":3,"name":"Traducci\u00f3n"}]},{"@type":"WebSite","@id":"https:\/\/www.transcultures.com\/es\/#website","url":"https:\/\/www.transcultures.com\/es\/","name":"TransCulturas","description":"Traduccion | Interpretatcion | Localizacion","publisher":{"@id":"https:\/\/www.transcultures.com\/es\/#organization"},"potentialAction":[{"@type":"SearchAction","target":{"@type":"EntryPoint","urlTemplate":"https:\/\/www.transcultures.com\/es\/?s={search_term_string}"},"query-input":"required name=search_term_string"}],"inLanguage":"ES-ES"},{"@type":"Organization","@id":"https:\/\/www.transcultures.com\/es\/#organization","name":"TransCulturas","url":"https:\/\/www.transcultures.com\/es\/","logo":{"@type":"ImageObject","inLanguage":"ES-ES","@id":"https:\/\/www.transcultures.com\/es\/#\/schema\/logo\/image\/","url":"https:\/\/www.transcultures.com\/wp-content\/uploads\/2015\/01\/TransCultures_Logo2.png","contentUrl":"https:\/\/www.transcultures.com\/wp-content\/uploads\/2015\/01\/TransCultures_Logo2.png","width":347,"height":100,"caption":"TransCulturas"},"image":{"@id":"https:\/\/www.transcultures.com\/es\/#\/schema\/logo\/image\/"},"sameAs":["http:\/\/www.facebook.com\/TransCulturesLLC","https:\/\/twitter.com\/TransCultures"]}]}},"_links":{"self":[{"href":"https:\/\/www.transcultures.com\/es\/wp-json\/wp\/v2\/pages\/7842"}],"collection":[{"href":"https:\/\/www.transcultures.com\/es\/wp-json\/wp\/v2\/pages"}],"about":[{"href":"https:\/\/www.transcultures.com\/es\/wp-json\/wp\/v2\/types\/page"}],"author":[{"embeddable":true,"href":"https:\/\/www.transcultures.com\/es\/wp-json\/wp\/v2\/users\/1"}],"replies":[{"embeddable":true,"href":"https:\/\/www.transcultures.com\/es\/wp-json\/wp\/v2\/comments?post=7842"}],"version-history":[{"count":0,"href":"https:\/\/www.transcultures.com\/es\/wp-json\/wp\/v2\/pages\/7842\/revisions"}],"up":[{"embeddable":true,"href":"https:\/\/www.transcultures.com\/es\/wp-json\/wp\/v2\/pages\/7824"}],"wp:featuredmedia":[{"embeddable":true,"href":"https:\/\/www.transcultures.com\/es\/wp-json\/wp\/v2\/media\/7735"}],"wp:attachment":[{"href":"https:\/\/www.transcultures.com\/es\/wp-json\/wp\/v2\/media?parent=7842"}],"wp:term":[{"taxonomy":"category","embeddable":true,"href":"https:\/\/www.transcultures.com\/es\/wp-json\/wp\/v2\/categories?post=7842"},{"taxonomy":"post_tag","embeddable":true,"href":"https:\/\/www.transcultures.com\/es\/wp-json\/wp\/v2\/tags?post=7842"}],"curies":[{"name":"wp","href":"https:\/\/api.w.org\/{rel}","templated":true}]}}