{"id":7840,"date":"2015-04-03T04:49:45","date_gmt":"2015-04-03T04:49:45","guid":{"rendered":"https:\/\/www.transcultures.com\/?page_id=7840"},"modified":"2021-05-29T20:13:55","modified_gmt":"2021-05-29T20:13:55","slug":"transcripcion","status":"publish","type":"page","link":"https:\/\/www.transcultures.com\/es\/traduccion-e-interpretacion\/transcripcion\/","title":{"rendered":"Transcripci\u00f3n"},"content":{"rendered":"\n<p>TransCultures ofrece servicios de transcripci\u00f3n multiling\u00fce a clientes tanto en el sector p\u00fablico como en el privado. Nuestros transcriptores trabajan desde muchos archivos de audio tales como CD, v\u00eddeo, as\u00ed como archivos electr\u00f3nicos como MP3, grupos de enfoque, Title III, grabaciones anal\u00f3gicas en directo, monitoreo y todos los dem\u00e1s tipos de materiales de audio y video. Nuestros transcriptores trabajan con un grupo de ling\u00fcistas para garantizar el m\u00e1ximo trabajo de calidad al que nos comprometemos. TransCultures ofrece transcripciones en todos sus idiomas de trabajo as\u00ed como en los distintos campos de especializaci\u00f3n.<\/p>\n\n\n\n<p>PARA OBTENER UN PRESUPUESTO, POR FAVOR CONTACTE CON NUESTRO DEPARTAMENTO DE TRADUCCION:<br><a href=\"mailto:translation@transcultures.com\">Translation@TransCultures.com<\/a><\/p>\n","protected":false},"excerpt":{"rendered":"<p>TransCultures ofrece servicios de transcripci\u00f3n multiling\u00fce a clientes tanto en el sector p\u00fablico como en el privado. Nuestros transcriptores trabajan desde muchos archivos de audio tales como CD, v\u00eddeo, as\u00ed como archivos electr\u00f3nicos como MP3, grupos de enfoque, Title III, grabaciones anal\u00f3gicas en directo, monitoreo y todos los dem\u00e1s tipos de materiales de audio y &hellip;<\/p>\n<p class=\"read-more\"> <a class=\"\" href=\"https:\/\/www.transcultures.com\/es\/traduccion-e-interpretacion\/transcripcion\/\"> <span class=\"screen-reader-text\">Transcripci\u00f3n<\/span> Read More \u00bb<\/a><\/p>\n","protected":false},"author":1,"featured_media":8680,"parent":7824,"menu_order":0,"comment_status":"closed","ping_status":"open","template":"","meta":{"site-sidebar-layout":"default","site-content-layout":"default","ast-global-header-display":"","ast-main-header-display":"","ast-hfb-above-header-display":"","ast-hfb-below-header-display":"","ast-hfb-mobile-header-display":"","site-post-title":"","ast-breadcrumbs-content":"","ast-featured-img":"","footer-sml-layout":"","theme-transparent-header-meta":"default","adv-header-id-meta":"","stick-header-meta":"default","header-above-stick-meta":"","header-main-stick-meta":"","header-below-stick-meta":""},"categories":[122],"tags":[],"yoast_head":"<!-- This site is optimized with the Yoast SEO plugin v20.2.1 - https:\/\/yoast.com\/wordpress\/plugins\/seo\/ -->\n<title>Transcripci\u00f3n &bull; TransCulturas<\/title>\n<meta name=\"robots\" content=\"index, follow, max-snippet:-1, max-image-preview:large, max-video-preview:-1\" \/>\n<link rel=\"canonical\" href=\"https:\/\/www.transcultures.com\/es\/traduccion-e-interpretacion\/transcripcion\/\" \/>\n<meta property=\"og:locale\" content=\"es_ES\" \/>\n<meta property=\"og:type\" content=\"article\" \/>\n<meta property=\"og:title\" content=\"Transcripci\u00f3n &bull; TransCulturas\" \/>\n<meta property=\"og:description\" content=\"TransCultures ofrece servicios de transcripci\u00f3n multiling\u00fce a clientes tanto en el sector p\u00fablico como en el privado. Nuestros transcriptores trabajan desde muchos archivos de audio tales como CD, v\u00eddeo, as\u00ed como archivos electr\u00f3nicos como MP3, grupos de enfoque, Title III, grabaciones anal\u00f3gicas en directo, monitoreo y todos los dem\u00e1s tipos de materiales de audio y &hellip; Transcripci\u00f3n Read More \u00bb\" \/>\n<meta property=\"og:url\" content=\"https:\/\/www.transcultures.com\/es\/traduccion-e-interpretacion\/transcripcion\/\" \/>\n<meta property=\"og:site_name\" content=\"TransCulturas\" \/>\n<meta property=\"article:publisher\" content=\"http:\/\/www.facebook.com\/TransCulturesLLC\" \/>\n<meta property=\"article:modified_time\" content=\"2021-05-29T20:13:55+00:00\" \/>\n<meta property=\"og:image\" content=\"https:\/\/www.transcultures.com\/wp-content\/uploads\/2013\/02\/TransCultures_Transcription_Banner.png\" \/>\n\t<meta property=\"og:image:width\" content=\"1170\" \/>\n\t<meta property=\"og:image:height\" content=\"365\" \/>\n\t<meta property=\"og:image:type\" content=\"image\/png\" \/>\n<meta name=\"twitter:label1\" content=\"Est. reading time\" \/>\n\t<meta name=\"twitter:data1\" content=\"1 minute\" \/>\n<script type=\"application\/ld+json\" class=\"yoast-schema-graph\">{\"@context\":\"https:\/\/schema.org\",\"@graph\":[{\"@type\":\"WebPage\",\"@id\":\"https:\/\/www.transcultures.com\/es\/traduccion-e-interpretacion\/transcripcion\/\",\"url\":\"https:\/\/www.transcultures.com\/es\/traduccion-e-interpretacion\/transcripcion\/\",\"name\":\"Transcripci\u00f3n &bull; TransCulturas\",\"isPartOf\":{\"@id\":\"https:\/\/www.transcultures.com\/es\/#website\"},\"datePublished\":\"2015-04-03T04:49:45+00:00\",\"dateModified\":\"2021-05-29T20:13:55+00:00\",\"breadcrumb\":{\"@id\":\"https:\/\/www.transcultures.com\/es\/traduccion-e-interpretacion\/transcripcion\/#breadcrumb\"},\"inLanguage\":\"ES-ES\",\"potentialAction\":[{\"@type\":\"ReadAction\",\"target\":[\"https:\/\/www.transcultures.com\/es\/traduccion-e-interpretacion\/transcripcion\/\"]}]},{\"@type\":\"BreadcrumbList\",\"@id\":\"https:\/\/www.transcultures.com\/es\/traduccion-e-interpretacion\/transcripcion\/#breadcrumb\",\"itemListElement\":[{\"@type\":\"ListItem\",\"position\":1,\"name\":\"Home\",\"item\":\"https:\/\/www.transcultures.com\/es\/\"},{\"@type\":\"ListItem\",\"position\":2,\"name\":\"TRADUCCION E INTERPRETACION\",\"item\":\"https:\/\/www.transcultures.com\/es\/traduccion-e-interpretacion\/\"},{\"@type\":\"ListItem\",\"position\":3,\"name\":\"Transcripci\u00f3n\"}]},{\"@type\":\"WebSite\",\"@id\":\"https:\/\/www.transcultures.com\/es\/#website\",\"url\":\"https:\/\/www.transcultures.com\/es\/\",\"name\":\"TransCulturas\",\"description\":\"Traduccion | Interpretatcion | Localizacion\",\"publisher\":{\"@id\":\"https:\/\/www.transcultures.com\/es\/#organization\"},\"potentialAction\":[{\"@type\":\"SearchAction\",\"target\":{\"@type\":\"EntryPoint\",\"urlTemplate\":\"https:\/\/www.transcultures.com\/es\/?s={search_term_string}\"},\"query-input\":\"required name=search_term_string\"}],\"inLanguage\":\"ES-ES\"},{\"@type\":\"Organization\",\"@id\":\"https:\/\/www.transcultures.com\/es\/#organization\",\"name\":\"TransCulturas\",\"url\":\"https:\/\/www.transcultures.com\/es\/\",\"logo\":{\"@type\":\"ImageObject\",\"inLanguage\":\"ES-ES\",\"@id\":\"https:\/\/www.transcultures.com\/es\/#\/schema\/logo\/image\/\",\"url\":\"https:\/\/www.transcultures.com\/wp-content\/uploads\/2015\/01\/TransCultures_Logo2.png\",\"contentUrl\":\"https:\/\/www.transcultures.com\/wp-content\/uploads\/2015\/01\/TransCultures_Logo2.png\",\"width\":347,\"height\":100,\"caption\":\"TransCulturas\"},\"image\":{\"@id\":\"https:\/\/www.transcultures.com\/es\/#\/schema\/logo\/image\/\"},\"sameAs\":[\"http:\/\/www.facebook.com\/TransCulturesLLC\",\"https:\/\/twitter.com\/TransCultures\"]}]}<\/script>\n<!-- \/ Yoast SEO plugin. -->","yoast_head_json":{"title":"Transcripci\u00f3n &bull; TransCulturas","robots":{"index":"index","follow":"follow","max-snippet":"max-snippet:-1","max-image-preview":"max-image-preview:large","max-video-preview":"max-video-preview:-1"},"canonical":"https:\/\/www.transcultures.com\/es\/traduccion-e-interpretacion\/transcripcion\/","og_locale":"es_ES","og_type":"article","og_title":"Transcripci\u00f3n &bull; TransCulturas","og_description":"TransCultures ofrece servicios de transcripci\u00f3n multiling\u00fce a clientes tanto en el sector p\u00fablico como en el privado. Nuestros transcriptores trabajan desde muchos archivos de audio tales como CD, v\u00eddeo, as\u00ed como archivos electr\u00f3nicos como MP3, grupos de enfoque, Title III, grabaciones anal\u00f3gicas en directo, monitoreo y todos los dem\u00e1s tipos de materiales de audio y &hellip; Transcripci\u00f3n Read More \u00bb","og_url":"https:\/\/www.transcultures.com\/es\/traduccion-e-interpretacion\/transcripcion\/","og_site_name":"TransCulturas","article_publisher":"http:\/\/www.facebook.com\/TransCulturesLLC","article_modified_time":"2021-05-29T20:13:55+00:00","og_image":[{"width":1170,"height":365,"url":"https:\/\/www.transcultures.com\/wp-content\/uploads\/2013\/02\/TransCultures_Transcription_Banner.png","type":"image\/png"}],"twitter_misc":{"Est. reading time":"1 minute"},"schema":{"@context":"https:\/\/schema.org","@graph":[{"@type":"WebPage","@id":"https:\/\/www.transcultures.com\/es\/traduccion-e-interpretacion\/transcripcion\/","url":"https:\/\/www.transcultures.com\/es\/traduccion-e-interpretacion\/transcripcion\/","name":"Transcripci\u00f3n &bull; TransCulturas","isPartOf":{"@id":"https:\/\/www.transcultures.com\/es\/#website"},"datePublished":"2015-04-03T04:49:45+00:00","dateModified":"2021-05-29T20:13:55+00:00","breadcrumb":{"@id":"https:\/\/www.transcultures.com\/es\/traduccion-e-interpretacion\/transcripcion\/#breadcrumb"},"inLanguage":"ES-ES","potentialAction":[{"@type":"ReadAction","target":["https:\/\/www.transcultures.com\/es\/traduccion-e-interpretacion\/transcripcion\/"]}]},{"@type":"BreadcrumbList","@id":"https:\/\/www.transcultures.com\/es\/traduccion-e-interpretacion\/transcripcion\/#breadcrumb","itemListElement":[{"@type":"ListItem","position":1,"name":"Home","item":"https:\/\/www.transcultures.com\/es\/"},{"@type":"ListItem","position":2,"name":"TRADUCCION E INTERPRETACION","item":"https:\/\/www.transcultures.com\/es\/traduccion-e-interpretacion\/"},{"@type":"ListItem","position":3,"name":"Transcripci\u00f3n"}]},{"@type":"WebSite","@id":"https:\/\/www.transcultures.com\/es\/#website","url":"https:\/\/www.transcultures.com\/es\/","name":"TransCulturas","description":"Traduccion | Interpretatcion | Localizacion","publisher":{"@id":"https:\/\/www.transcultures.com\/es\/#organization"},"potentialAction":[{"@type":"SearchAction","target":{"@type":"EntryPoint","urlTemplate":"https:\/\/www.transcultures.com\/es\/?s={search_term_string}"},"query-input":"required name=search_term_string"}],"inLanguage":"ES-ES"},{"@type":"Organization","@id":"https:\/\/www.transcultures.com\/es\/#organization","name":"TransCulturas","url":"https:\/\/www.transcultures.com\/es\/","logo":{"@type":"ImageObject","inLanguage":"ES-ES","@id":"https:\/\/www.transcultures.com\/es\/#\/schema\/logo\/image\/","url":"https:\/\/www.transcultures.com\/wp-content\/uploads\/2015\/01\/TransCultures_Logo2.png","contentUrl":"https:\/\/www.transcultures.com\/wp-content\/uploads\/2015\/01\/TransCultures_Logo2.png","width":347,"height":100,"caption":"TransCulturas"},"image":{"@id":"https:\/\/www.transcultures.com\/es\/#\/schema\/logo\/image\/"},"sameAs":["http:\/\/www.facebook.com\/TransCulturesLLC","https:\/\/twitter.com\/TransCultures"]}]}},"_links":{"self":[{"href":"https:\/\/www.transcultures.com\/es\/wp-json\/wp\/v2\/pages\/7840"}],"collection":[{"href":"https:\/\/www.transcultures.com\/es\/wp-json\/wp\/v2\/pages"}],"about":[{"href":"https:\/\/www.transcultures.com\/es\/wp-json\/wp\/v2\/types\/page"}],"author":[{"embeddable":true,"href":"https:\/\/www.transcultures.com\/es\/wp-json\/wp\/v2\/users\/1"}],"replies":[{"embeddable":true,"href":"https:\/\/www.transcultures.com\/es\/wp-json\/wp\/v2\/comments?post=7840"}],"version-history":[{"count":1,"href":"https:\/\/www.transcultures.com\/es\/wp-json\/wp\/v2\/pages\/7840\/revisions"}],"predecessor-version":[{"id":10151,"href":"https:\/\/www.transcultures.com\/es\/wp-json\/wp\/v2\/pages\/7840\/revisions\/10151"}],"up":[{"embeddable":true,"href":"https:\/\/www.transcultures.com\/es\/wp-json\/wp\/v2\/pages\/7824"}],"wp:featuredmedia":[{"embeddable":true,"href":"https:\/\/www.transcultures.com\/es\/wp-json\/wp\/v2\/media\/8680"}],"wp:attachment":[{"href":"https:\/\/www.transcultures.com\/es\/wp-json\/wp\/v2\/media?parent=7840"}],"wp:term":[{"taxonomy":"category","embeddable":true,"href":"https:\/\/www.transcultures.com\/es\/wp-json\/wp\/v2\/categories?post=7840"},{"taxonomy":"post_tag","embeddable":true,"href":"https:\/\/www.transcultures.com\/es\/wp-json\/wp\/v2\/tags?post=7840"}],"curies":[{"name":"wp","href":"https:\/\/api.w.org\/{rel}","templated":true}]}}