{"id":7836,"date":"2015-04-03T04:49:05","date_gmt":"2015-04-03T04:49:05","guid":{"rendered":"https:\/\/www.transcultures.com\/?page_id=7836"},"modified":"2021-05-29T20:04:44","modified_gmt":"2021-05-29T20:04:44","slug":"localizacion","status":"publish","type":"page","link":"https:\/\/www.transcultures.com\/es\/traduccion-e-interpretacion\/localizacion\/","title":{"rendered":"Localizaci\u00f3n"},"content":{"rendered":"\n<p>La localizaci\u00f3n es el proceso de adaptaci\u00f3n ling\u00fc\u00edstica y cultural de productos, software, sitios web, videojuegos y aplicaciones. para regiones o regiones espec\u00edficas. Los servicios de localizaci\u00f3n de TransCultures brindan un enfoque completo para cualquier proyecto. La localizaci\u00f3n podr\u00eda comenzar desde la etapa de investigaci\u00f3n y desarrollo y continuar hasta el lanzamiento del producto para garantizar la consideraci\u00f3n de la cultura del consumidor global. A trav\u00e9s de los servicios de localizaci\u00f3n, TransCultures ayuda a los clientes a expandir su capital digital para llegar a los consumidores globales en muchos idiomas. Los servicios de localizaci\u00f3n de TransCultures ayudan a las organizaciones a crear y mantener informaci\u00f3n multiling\u00fce para respaldar las operaciones comerciales en todo el mundo. Nos esforzamos por ayudar a nuestros clientes a llevar sus productos y servicios a los mercados mundiales con mayor rapidez y menor costo. El proceso de localizaci\u00f3n del software y el sitio web de TransCultures incluye:<\/p>\n\n\n\n<p>&#8211; Identificaci\u00f3n de la estrategia de alcance global.<\/p>\n\n\n\n<p>&#8211; Abordar los problemas de los procesos comerciales asociados con las audiencias y los mercados objetivo.<\/p>\n\n\n\n<p>&#8211; Revisi\u00f3n del sitio web actual frente a las necesidades y expectativas del p\u00fablico objetivo.<\/p>\n\n\n\n<p>&#8211; Evaluar los requisitos de localizaci\u00f3n desde un punto de vista ling\u00fc\u00edstico, cultural, legal y terminol\u00f3gico.<\/p>\n\n\n\n<p>&#8211; Traducci\u00f3n del contenido web<\/p>\n\n\n\n<p>&#8211; Modificar im\u00e1genes y gr\u00e1ficos de sitios web que puedan tener connotaciones culturales negativas<\/p>\n\n\n\n<p>&#8211; Probar el sitio Beta con los par\u00e1metros establecidos durante la revisi\u00f3n inicial<\/p>\n\n\n\n<p>&#8211; Creaci\u00f3n de un marco para el futuro desarrollo y gesti\u00f3n de contenidos multiling\u00fces.<\/p>\n\n\n\n<p>TransCultures proporciona un enfoque completo para proyectos de localizaci\u00f3n, desde sitios web sencillos hasta productos y software sofisticados; permitiendo a nuestros clientes operar con \u00e9xito en todos los mercados del mundo.<\/p>\n","protected":false},"excerpt":{"rendered":"<p>La localizaci\u00f3n es el proceso de adaptaci\u00f3n ling\u00fc\u00edstica y cultural de productos, software, sitios web, videojuegos y aplicaciones. para regiones o regiones espec\u00edficas. Los servicios de localizaci\u00f3n de TransCultures brindan un enfoque completo para cualquier proyecto. La localizaci\u00f3n podr\u00eda comenzar desde la etapa de investigaci\u00f3n y desarrollo y continuar hasta el lanzamiento del producto para &hellip;<\/p>\n<p class=\"read-more\"> <a class=\"\" href=\"https:\/\/www.transcultures.com\/es\/traduccion-e-interpretacion\/localizacion\/\"> <span class=\"screen-reader-text\">Localizaci\u00f3n<\/span> Read More \u00bb<\/a><\/p>\n","protected":false},"author":1,"featured_media":7690,"parent":7824,"menu_order":0,"comment_status":"closed","ping_status":"open","template":"","meta":{"site-sidebar-layout":"default","site-content-layout":"default","ast-global-header-display":"","ast-main-header-display":"","ast-hfb-above-header-display":"","ast-hfb-below-header-display":"","ast-hfb-mobile-header-display":"","site-post-title":"","ast-breadcrumbs-content":"","ast-featured-img":"","footer-sml-layout":"","theme-transparent-header-meta":"default","adv-header-id-meta":"","stick-header-meta":"default","header-above-stick-meta":"","header-main-stick-meta":"","header-below-stick-meta":""},"categories":[],"tags":[],"yoast_head":"<!-- This site is optimized with the Yoast SEO plugin v20.2.1 - https:\/\/yoast.com\/wordpress\/plugins\/seo\/ -->\n<title>Localizaci\u00f3n &bull; TransCulturas<\/title>\n<meta name=\"robots\" content=\"index, follow, max-snippet:-1, max-image-preview:large, max-video-preview:-1\" \/>\n<link rel=\"canonical\" href=\"https:\/\/www.transcultures.com\/es\/traduccion-e-interpretacion\/localizacion\/\" \/>\n<meta property=\"og:locale\" content=\"es_ES\" \/>\n<meta property=\"og:type\" content=\"article\" \/>\n<meta property=\"og:title\" content=\"Localizaci\u00f3n &bull; TransCulturas\" \/>\n<meta property=\"og:description\" content=\"La localizaci\u00f3n es el proceso de adaptaci\u00f3n ling\u00fc\u00edstica y cultural de productos, software, sitios web, videojuegos y aplicaciones. para regiones o regiones espec\u00edficas. Los servicios de localizaci\u00f3n de TransCultures brindan un enfoque completo para cualquier proyecto. La localizaci\u00f3n podr\u00eda comenzar desde la etapa de investigaci\u00f3n y desarrollo y continuar hasta el lanzamiento del producto para &hellip; Localizaci\u00f3n Read More \u00bb\" \/>\n<meta property=\"og:url\" content=\"https:\/\/www.transcultures.com\/es\/traduccion-e-interpretacion\/localizacion\/\" \/>\n<meta property=\"og:site_name\" content=\"TransCulturas\" \/>\n<meta property=\"article:publisher\" content=\"http:\/\/www.facebook.com\/TransCulturesLLC\" \/>\n<meta property=\"article:modified_time\" content=\"2021-05-29T20:04:44+00:00\" \/>\n<meta property=\"og:image\" content=\"https:\/\/www.transcultures.com\/wp-content\/uploads\/2014\/04\/TransCultures-Localization-Services.png\" \/>\n\t<meta property=\"og:image:width\" content=\"1170\" \/>\n\t<meta property=\"og:image:height\" content=\"365\" \/>\n\t<meta property=\"og:image:type\" content=\"image\/png\" \/>\n<meta name=\"twitter:label1\" content=\"Est. reading time\" \/>\n\t<meta name=\"twitter:data1\" content=\"2 minutes\" \/>\n<script type=\"application\/ld+json\" class=\"yoast-schema-graph\">{\"@context\":\"https:\/\/schema.org\",\"@graph\":[{\"@type\":\"WebPage\",\"@id\":\"https:\/\/www.transcultures.com\/es\/traduccion-e-interpretacion\/localizacion\/\",\"url\":\"https:\/\/www.transcultures.com\/es\/traduccion-e-interpretacion\/localizacion\/\",\"name\":\"Localizaci\u00f3n &bull; TransCulturas\",\"isPartOf\":{\"@id\":\"https:\/\/www.transcultures.com\/es\/#website\"},\"datePublished\":\"2015-04-03T04:49:05+00:00\",\"dateModified\":\"2021-05-29T20:04:44+00:00\",\"breadcrumb\":{\"@id\":\"https:\/\/www.transcultures.com\/es\/traduccion-e-interpretacion\/localizacion\/#breadcrumb\"},\"inLanguage\":\"ES-ES\",\"potentialAction\":[{\"@type\":\"ReadAction\",\"target\":[\"https:\/\/www.transcultures.com\/es\/traduccion-e-interpretacion\/localizacion\/\"]}]},{\"@type\":\"BreadcrumbList\",\"@id\":\"https:\/\/www.transcultures.com\/es\/traduccion-e-interpretacion\/localizacion\/#breadcrumb\",\"itemListElement\":[{\"@type\":\"ListItem\",\"position\":1,\"name\":\"Home\",\"item\":\"https:\/\/www.transcultures.com\/es\/\"},{\"@type\":\"ListItem\",\"position\":2,\"name\":\"TRADUCCION E INTERPRETACION\",\"item\":\"https:\/\/www.transcultures.com\/es\/traduccion-e-interpretacion\/\"},{\"@type\":\"ListItem\",\"position\":3,\"name\":\"Localizaci\u00f3n\"}]},{\"@type\":\"WebSite\",\"@id\":\"https:\/\/www.transcultures.com\/es\/#website\",\"url\":\"https:\/\/www.transcultures.com\/es\/\",\"name\":\"TransCulturas\",\"description\":\"Traduccion | Interpretatcion | Localizacion\",\"publisher\":{\"@id\":\"https:\/\/www.transcultures.com\/es\/#organization\"},\"potentialAction\":[{\"@type\":\"SearchAction\",\"target\":{\"@type\":\"EntryPoint\",\"urlTemplate\":\"https:\/\/www.transcultures.com\/es\/?s={search_term_string}\"},\"query-input\":\"required name=search_term_string\"}],\"inLanguage\":\"ES-ES\"},{\"@type\":\"Organization\",\"@id\":\"https:\/\/www.transcultures.com\/es\/#organization\",\"name\":\"TransCulturas\",\"url\":\"https:\/\/www.transcultures.com\/es\/\",\"logo\":{\"@type\":\"ImageObject\",\"inLanguage\":\"ES-ES\",\"@id\":\"https:\/\/www.transcultures.com\/es\/#\/schema\/logo\/image\/\",\"url\":\"https:\/\/www.transcultures.com\/wp-content\/uploads\/2015\/01\/TransCultures_Logo2.png\",\"contentUrl\":\"https:\/\/www.transcultures.com\/wp-content\/uploads\/2015\/01\/TransCultures_Logo2.png\",\"width\":347,\"height\":100,\"caption\":\"TransCulturas\"},\"image\":{\"@id\":\"https:\/\/www.transcultures.com\/es\/#\/schema\/logo\/image\/\"},\"sameAs\":[\"http:\/\/www.facebook.com\/TransCulturesLLC\",\"https:\/\/twitter.com\/TransCultures\"]}]}<\/script>\n<!-- \/ Yoast SEO plugin. -->","yoast_head_json":{"title":"Localizaci\u00f3n &bull; TransCulturas","robots":{"index":"index","follow":"follow","max-snippet":"max-snippet:-1","max-image-preview":"max-image-preview:large","max-video-preview":"max-video-preview:-1"},"canonical":"https:\/\/www.transcultures.com\/es\/traduccion-e-interpretacion\/localizacion\/","og_locale":"es_ES","og_type":"article","og_title":"Localizaci\u00f3n &bull; TransCulturas","og_description":"La localizaci\u00f3n es el proceso de adaptaci\u00f3n ling\u00fc\u00edstica y cultural de productos, software, sitios web, videojuegos y aplicaciones. para regiones o regiones espec\u00edficas. Los servicios de localizaci\u00f3n de TransCultures brindan un enfoque completo para cualquier proyecto. La localizaci\u00f3n podr\u00eda comenzar desde la etapa de investigaci\u00f3n y desarrollo y continuar hasta el lanzamiento del producto para &hellip; Localizaci\u00f3n Read More \u00bb","og_url":"https:\/\/www.transcultures.com\/es\/traduccion-e-interpretacion\/localizacion\/","og_site_name":"TransCulturas","article_publisher":"http:\/\/www.facebook.com\/TransCulturesLLC","article_modified_time":"2021-05-29T20:04:44+00:00","og_image":[{"width":1170,"height":365,"url":"https:\/\/www.transcultures.com\/wp-content\/uploads\/2014\/04\/TransCultures-Localization-Services.png","type":"image\/png"}],"twitter_misc":{"Est. reading time":"2 minutes"},"schema":{"@context":"https:\/\/schema.org","@graph":[{"@type":"WebPage","@id":"https:\/\/www.transcultures.com\/es\/traduccion-e-interpretacion\/localizacion\/","url":"https:\/\/www.transcultures.com\/es\/traduccion-e-interpretacion\/localizacion\/","name":"Localizaci\u00f3n &bull; TransCulturas","isPartOf":{"@id":"https:\/\/www.transcultures.com\/es\/#website"},"datePublished":"2015-04-03T04:49:05+00:00","dateModified":"2021-05-29T20:04:44+00:00","breadcrumb":{"@id":"https:\/\/www.transcultures.com\/es\/traduccion-e-interpretacion\/localizacion\/#breadcrumb"},"inLanguage":"ES-ES","potentialAction":[{"@type":"ReadAction","target":["https:\/\/www.transcultures.com\/es\/traduccion-e-interpretacion\/localizacion\/"]}]},{"@type":"BreadcrumbList","@id":"https:\/\/www.transcultures.com\/es\/traduccion-e-interpretacion\/localizacion\/#breadcrumb","itemListElement":[{"@type":"ListItem","position":1,"name":"Home","item":"https:\/\/www.transcultures.com\/es\/"},{"@type":"ListItem","position":2,"name":"TRADUCCION E INTERPRETACION","item":"https:\/\/www.transcultures.com\/es\/traduccion-e-interpretacion\/"},{"@type":"ListItem","position":3,"name":"Localizaci\u00f3n"}]},{"@type":"WebSite","@id":"https:\/\/www.transcultures.com\/es\/#website","url":"https:\/\/www.transcultures.com\/es\/","name":"TransCulturas","description":"Traduccion | Interpretatcion | Localizacion","publisher":{"@id":"https:\/\/www.transcultures.com\/es\/#organization"},"potentialAction":[{"@type":"SearchAction","target":{"@type":"EntryPoint","urlTemplate":"https:\/\/www.transcultures.com\/es\/?s={search_term_string}"},"query-input":"required name=search_term_string"}],"inLanguage":"ES-ES"},{"@type":"Organization","@id":"https:\/\/www.transcultures.com\/es\/#organization","name":"TransCulturas","url":"https:\/\/www.transcultures.com\/es\/","logo":{"@type":"ImageObject","inLanguage":"ES-ES","@id":"https:\/\/www.transcultures.com\/es\/#\/schema\/logo\/image\/","url":"https:\/\/www.transcultures.com\/wp-content\/uploads\/2015\/01\/TransCultures_Logo2.png","contentUrl":"https:\/\/www.transcultures.com\/wp-content\/uploads\/2015\/01\/TransCultures_Logo2.png","width":347,"height":100,"caption":"TransCulturas"},"image":{"@id":"https:\/\/www.transcultures.com\/es\/#\/schema\/logo\/image\/"},"sameAs":["http:\/\/www.facebook.com\/TransCulturesLLC","https:\/\/twitter.com\/TransCultures"]}]}},"_links":{"self":[{"href":"https:\/\/www.transcultures.com\/es\/wp-json\/wp\/v2\/pages\/7836"}],"collection":[{"href":"https:\/\/www.transcultures.com\/es\/wp-json\/wp\/v2\/pages"}],"about":[{"href":"https:\/\/www.transcultures.com\/es\/wp-json\/wp\/v2\/types\/page"}],"author":[{"embeddable":true,"href":"https:\/\/www.transcultures.com\/es\/wp-json\/wp\/v2\/users\/1"}],"replies":[{"embeddable":true,"href":"https:\/\/www.transcultures.com\/es\/wp-json\/wp\/v2\/comments?post=7836"}],"version-history":[{"count":1,"href":"https:\/\/www.transcultures.com\/es\/wp-json\/wp\/v2\/pages\/7836\/revisions"}],"predecessor-version":[{"id":10148,"href":"https:\/\/www.transcultures.com\/es\/wp-json\/wp\/v2\/pages\/7836\/revisions\/10148"}],"up":[{"embeddable":true,"href":"https:\/\/www.transcultures.com\/es\/wp-json\/wp\/v2\/pages\/7824"}],"wp:featuredmedia":[{"embeddable":true,"href":"https:\/\/www.transcultures.com\/es\/wp-json\/wp\/v2\/media\/7690"}],"wp:attachment":[{"href":"https:\/\/www.transcultures.com\/es\/wp-json\/wp\/v2\/media?parent=7836"}],"wp:term":[{"taxonomy":"category","embeddable":true,"href":"https:\/\/www.transcultures.com\/es\/wp-json\/wp\/v2\/categories?post=7836"},{"taxonomy":"post_tag","embeddable":true,"href":"https:\/\/www.transcultures.com\/es\/wp-json\/wp\/v2\/tags?post=7836"}],"curies":[{"name":"wp","href":"https:\/\/api.w.org\/{rel}","templated":true}]}}