{"id":7834,"date":"2015-04-03T04:48:38","date_gmt":"2015-04-03T04:48:38","guid":{"rendered":"https:\/\/www.transcultures.com\/?page_id=7834"},"modified":"2021-05-29T19:45:40","modified_gmt":"2021-05-29T19:45:40","slug":"servicios-de-interpretacion-medica","status":"publish","type":"page","link":"https:\/\/www.transcultures.com\/es\/servicios-de-interpretacion\/servicios-de-interpretacion-medica\/","title":{"rendered":"Servicios de Interpretaci\u00f3n M\u00e9dica"},"content":{"rendered":"\n<p>El equipo de int\u00e9rpretes facultativos de TransCultures trabaja en estrecha colaboraci\u00f3n con profesionales sanitarios en diferentes entornos tales como hospitales, cl\u00ednicas, residencias de ancianos y otros centros de atenci\u00f3n m\u00e9dica para ayudarles a comunicarse con eficacia y precisi\u00f3n con los pacientes de distintos or\u00edgenes culturales y ling\u00fc\u00edsticos.<\/p>\n\n\n\n<p>La ley exige que todos los centros de salud y beneficiarios de los fondos federales proporcionen un acceso igualitario a dichos servicios de salud a los pacientes con un dominio limitado del ingl\u00e9s. TransCultures ofrece distintos servicios para ayudar a los hospitales, centros de salud y profesionales sanitarios a cumplir con la normativa federal; asegurando al mismo tiempo una comunicaci\u00f3n correcta entre los profesionales sanitarios y sus pacientes. La interpretaci\u00f3n en el sistema m\u00e9dico es clave para garantizar una comunicaci\u00f3n correcta en los servicios sanitarios, a su vez clave para ofrecer una excelente atenci\u00f3n al paciente.<\/p>\n\n\n\n<p>El compromiso de TransCultures de proporcionar el mismo acceso a los servicios sanitarios y facilitar la comunicaci\u00f3n entre los profesionales sanitarios y sus pacientes s\u00f3lo es comparable con nuestra dedicaci\u00f3n a trabajar con los ling\u00fcistas m\u00e1s competentes en el sector. Nuestro equipo de int\u00e9rpretes facultativos son nativos altamente cualificados en los idiomas que interpretan, han completado una extensa formaci\u00f3n en interpretaci\u00f3n en el \u00e1mbito sanitario, y muchos tienen carreras o experiencias profesionales en el campo de la medicina. Nuestros int\u00e9rpretes facultativos profesionales entienden plenamente la importancia de su papel como intermediarios ling\u00fc\u00edsticos y culturales: manteniendo la confidencialidad del paciente mientras que ofrecen los mejores servicios en la reducci\u00f3n de las diferencias culturales, as\u00ed como la superaci\u00f3n de las barreras ling\u00fc\u00edsticas entre los profesionales sanitarios y sus pacientes. TransCultures ofrece interpretaci\u00f3n y traducci\u00f3n en el \u00e1mbito sanitario como parte de sus programas de servicios a pacientes internacionales en los hospitales y centros de salud.<\/p>\n\n\n\n<p>PARA OBTENER UN PRESUPUESTO, POR FAVOR CONTACTE CON NUESTRO DEPARTAMENTO DE SERVICIOS DE INTERPRETACION:<br><a href=\"mailto:translation@transcultures.com\">Interpretation@TransCultures.com<\/a><\/p>\n","protected":false},"excerpt":{"rendered":"<p>El equipo de int\u00e9rpretes facultativos de TransCultures trabaja en estrecha colaboraci\u00f3n con profesionales sanitarios en diferentes entornos tales como hospitales, cl\u00ednicas, residencias de ancianos y otros centros de atenci\u00f3n m\u00e9dica para ayudarles a comunicarse con eficacia y precisi\u00f3n con los pacientes de distintos or\u00edgenes culturales y ling\u00fc\u00edsticos. La ley exige que todos los centros de &hellip;<\/p>\n<p class=\"read-more\"> <a class=\"\" href=\"https:\/\/www.transcultures.com\/es\/servicios-de-interpretacion\/servicios-de-interpretacion-medica\/\"> <span class=\"screen-reader-text\">Servicios de Interpretaci\u00f3n M\u00e9dica<\/span> Read More \u00bb<\/a><\/p>\n","protected":false},"author":1,"featured_media":7678,"parent":7828,"menu_order":0,"comment_status":"closed","ping_status":"open","template":"","meta":{"site-sidebar-layout":"default","site-content-layout":"default","ast-global-header-display":"","ast-main-header-display":"","ast-hfb-above-header-display":"","ast-hfb-below-header-display":"","ast-hfb-mobile-header-display":"","site-post-title":"","ast-breadcrumbs-content":"","ast-featured-img":"","footer-sml-layout":"","theme-transparent-header-meta":"default","adv-header-id-meta":"","stick-header-meta":"default","header-above-stick-meta":"","header-main-stick-meta":"","header-below-stick-meta":""},"categories":[123],"tags":[],"yoast_head":"<!-- This site is optimized with the Yoast SEO plugin v20.2.1 - https:\/\/yoast.com\/wordpress\/plugins\/seo\/ -->\n<title>Servicios de Interpretaci\u00f3n M\u00e9dica &bull; TransCulturas<\/title>\n<meta name=\"robots\" content=\"index, follow, max-snippet:-1, max-image-preview:large, max-video-preview:-1\" \/>\n<link rel=\"canonical\" href=\"https:\/\/www.transcultures.com\/es\/servicios-de-interpretacion\/servicios-de-interpretacion-medica\/\" \/>\n<meta property=\"og:locale\" content=\"es_ES\" \/>\n<meta property=\"og:type\" content=\"article\" \/>\n<meta property=\"og:title\" content=\"Servicios de Interpretaci\u00f3n M\u00e9dica &bull; TransCulturas\" \/>\n<meta property=\"og:description\" content=\"El equipo de int\u00e9rpretes facultativos de TransCultures trabaja en estrecha colaboraci\u00f3n con profesionales sanitarios en diferentes entornos tales como hospitales, cl\u00ednicas, residencias de ancianos y otros centros de atenci\u00f3n m\u00e9dica para ayudarles a comunicarse con eficacia y precisi\u00f3n con los pacientes de distintos or\u00edgenes culturales y ling\u00fc\u00edsticos. La ley exige que todos los centros de &hellip; Servicios de Interpretaci\u00f3n M\u00e9dica Read More \u00bb\" \/>\n<meta property=\"og:url\" content=\"https:\/\/www.transcultures.com\/es\/servicios-de-interpretacion\/servicios-de-interpretacion-medica\/\" \/>\n<meta property=\"og:site_name\" content=\"TransCulturas\" \/>\n<meta property=\"article:publisher\" content=\"http:\/\/www.facebook.com\/TransCulturesLLC\" \/>\n<meta property=\"article:modified_time\" content=\"2021-05-29T19:45:40+00:00\" \/>\n<meta property=\"og:image\" content=\"https:\/\/www.transcultures.com\/wp-content\/uploads\/2013\/09\/TransCultures-Medical-Interpretation.png\" \/>\n\t<meta property=\"og:image:width\" content=\"1170\" \/>\n\t<meta property=\"og:image:height\" content=\"365\" \/>\n\t<meta property=\"og:image:type\" content=\"image\/png\" \/>\n<meta name=\"twitter:label1\" content=\"Est. reading time\" \/>\n\t<meta name=\"twitter:data1\" content=\"2 minutes\" \/>\n<script type=\"application\/ld+json\" class=\"yoast-schema-graph\">{\"@context\":\"https:\/\/schema.org\",\"@graph\":[{\"@type\":\"WebPage\",\"@id\":\"https:\/\/www.transcultures.com\/es\/servicios-de-interpretacion\/servicios-de-interpretacion-medica\/\",\"url\":\"https:\/\/www.transcultures.com\/es\/servicios-de-interpretacion\/servicios-de-interpretacion-medica\/\",\"name\":\"Servicios de Interpretaci\u00f3n M\u00e9dica &bull; TransCulturas\",\"isPartOf\":{\"@id\":\"https:\/\/www.transcultures.com\/es\/#website\"},\"datePublished\":\"2015-04-03T04:48:38+00:00\",\"dateModified\":\"2021-05-29T19:45:40+00:00\",\"breadcrumb\":{\"@id\":\"https:\/\/www.transcultures.com\/es\/servicios-de-interpretacion\/servicios-de-interpretacion-medica\/#breadcrumb\"},\"inLanguage\":\"ES-ES\",\"potentialAction\":[{\"@type\":\"ReadAction\",\"target\":[\"https:\/\/www.transcultures.com\/es\/servicios-de-interpretacion\/servicios-de-interpretacion-medica\/\"]}]},{\"@type\":\"BreadcrumbList\",\"@id\":\"https:\/\/www.transcultures.com\/es\/servicios-de-interpretacion\/servicios-de-interpretacion-medica\/#breadcrumb\",\"itemListElement\":[{\"@type\":\"ListItem\",\"position\":1,\"name\":\"Home\",\"item\":\"https:\/\/www.transcultures.com\/es\/\"},{\"@type\":\"ListItem\",\"position\":2,\"name\":\"INTERPRETACI\u00d3N\",\"item\":\"https:\/\/www.transcultures.com\/es\/servicios-de-interpretacion\/\"},{\"@type\":\"ListItem\",\"position\":3,\"name\":\"Servicios de Interpretaci\u00f3n M\u00e9dica\"}]},{\"@type\":\"WebSite\",\"@id\":\"https:\/\/www.transcultures.com\/es\/#website\",\"url\":\"https:\/\/www.transcultures.com\/es\/\",\"name\":\"TransCulturas\",\"description\":\"Traduccion | Interpretatcion | Localizacion\",\"publisher\":{\"@id\":\"https:\/\/www.transcultures.com\/es\/#organization\"},\"potentialAction\":[{\"@type\":\"SearchAction\",\"target\":{\"@type\":\"EntryPoint\",\"urlTemplate\":\"https:\/\/www.transcultures.com\/es\/?s={search_term_string}\"},\"query-input\":\"required name=search_term_string\"}],\"inLanguage\":\"ES-ES\"},{\"@type\":\"Organization\",\"@id\":\"https:\/\/www.transcultures.com\/es\/#organization\",\"name\":\"TransCulturas\",\"url\":\"https:\/\/www.transcultures.com\/es\/\",\"logo\":{\"@type\":\"ImageObject\",\"inLanguage\":\"ES-ES\",\"@id\":\"https:\/\/www.transcultures.com\/es\/#\/schema\/logo\/image\/\",\"url\":\"https:\/\/www.transcultures.com\/wp-content\/uploads\/2015\/01\/TransCultures_Logo2.png\",\"contentUrl\":\"https:\/\/www.transcultures.com\/wp-content\/uploads\/2015\/01\/TransCultures_Logo2.png\",\"width\":347,\"height\":100,\"caption\":\"TransCulturas\"},\"image\":{\"@id\":\"https:\/\/www.transcultures.com\/es\/#\/schema\/logo\/image\/\"},\"sameAs\":[\"http:\/\/www.facebook.com\/TransCulturesLLC\",\"https:\/\/twitter.com\/TransCultures\"]}]}<\/script>\n<!-- \/ Yoast SEO plugin. -->","yoast_head_json":{"title":"Servicios de Interpretaci\u00f3n M\u00e9dica &bull; TransCulturas","robots":{"index":"index","follow":"follow","max-snippet":"max-snippet:-1","max-image-preview":"max-image-preview:large","max-video-preview":"max-video-preview:-1"},"canonical":"https:\/\/www.transcultures.com\/es\/servicios-de-interpretacion\/servicios-de-interpretacion-medica\/","og_locale":"es_ES","og_type":"article","og_title":"Servicios de Interpretaci\u00f3n M\u00e9dica &bull; TransCulturas","og_description":"El equipo de int\u00e9rpretes facultativos de TransCultures trabaja en estrecha colaboraci\u00f3n con profesionales sanitarios en diferentes entornos tales como hospitales, cl\u00ednicas, residencias de ancianos y otros centros de atenci\u00f3n m\u00e9dica para ayudarles a comunicarse con eficacia y precisi\u00f3n con los pacientes de distintos or\u00edgenes culturales y ling\u00fc\u00edsticos. La ley exige que todos los centros de &hellip; Servicios de Interpretaci\u00f3n M\u00e9dica Read More \u00bb","og_url":"https:\/\/www.transcultures.com\/es\/servicios-de-interpretacion\/servicios-de-interpretacion-medica\/","og_site_name":"TransCulturas","article_publisher":"http:\/\/www.facebook.com\/TransCulturesLLC","article_modified_time":"2021-05-29T19:45:40+00:00","og_image":[{"width":1170,"height":365,"url":"https:\/\/www.transcultures.com\/wp-content\/uploads\/2013\/09\/TransCultures-Medical-Interpretation.png","type":"image\/png"}],"twitter_misc":{"Est. reading time":"2 minutes"},"schema":{"@context":"https:\/\/schema.org","@graph":[{"@type":"WebPage","@id":"https:\/\/www.transcultures.com\/es\/servicios-de-interpretacion\/servicios-de-interpretacion-medica\/","url":"https:\/\/www.transcultures.com\/es\/servicios-de-interpretacion\/servicios-de-interpretacion-medica\/","name":"Servicios de Interpretaci\u00f3n M\u00e9dica &bull; TransCulturas","isPartOf":{"@id":"https:\/\/www.transcultures.com\/es\/#website"},"datePublished":"2015-04-03T04:48:38+00:00","dateModified":"2021-05-29T19:45:40+00:00","breadcrumb":{"@id":"https:\/\/www.transcultures.com\/es\/servicios-de-interpretacion\/servicios-de-interpretacion-medica\/#breadcrumb"},"inLanguage":"ES-ES","potentialAction":[{"@type":"ReadAction","target":["https:\/\/www.transcultures.com\/es\/servicios-de-interpretacion\/servicios-de-interpretacion-medica\/"]}]},{"@type":"BreadcrumbList","@id":"https:\/\/www.transcultures.com\/es\/servicios-de-interpretacion\/servicios-de-interpretacion-medica\/#breadcrumb","itemListElement":[{"@type":"ListItem","position":1,"name":"Home","item":"https:\/\/www.transcultures.com\/es\/"},{"@type":"ListItem","position":2,"name":"INTERPRETACI\u00d3N","item":"https:\/\/www.transcultures.com\/es\/servicios-de-interpretacion\/"},{"@type":"ListItem","position":3,"name":"Servicios de Interpretaci\u00f3n M\u00e9dica"}]},{"@type":"WebSite","@id":"https:\/\/www.transcultures.com\/es\/#website","url":"https:\/\/www.transcultures.com\/es\/","name":"TransCulturas","description":"Traduccion | Interpretatcion | Localizacion","publisher":{"@id":"https:\/\/www.transcultures.com\/es\/#organization"},"potentialAction":[{"@type":"SearchAction","target":{"@type":"EntryPoint","urlTemplate":"https:\/\/www.transcultures.com\/es\/?s={search_term_string}"},"query-input":"required name=search_term_string"}],"inLanguage":"ES-ES"},{"@type":"Organization","@id":"https:\/\/www.transcultures.com\/es\/#organization","name":"TransCulturas","url":"https:\/\/www.transcultures.com\/es\/","logo":{"@type":"ImageObject","inLanguage":"ES-ES","@id":"https:\/\/www.transcultures.com\/es\/#\/schema\/logo\/image\/","url":"https:\/\/www.transcultures.com\/wp-content\/uploads\/2015\/01\/TransCultures_Logo2.png","contentUrl":"https:\/\/www.transcultures.com\/wp-content\/uploads\/2015\/01\/TransCultures_Logo2.png","width":347,"height":100,"caption":"TransCulturas"},"image":{"@id":"https:\/\/www.transcultures.com\/es\/#\/schema\/logo\/image\/"},"sameAs":["http:\/\/www.facebook.com\/TransCulturesLLC","https:\/\/twitter.com\/TransCultures"]}]}},"_links":{"self":[{"href":"https:\/\/www.transcultures.com\/es\/wp-json\/wp\/v2\/pages\/7834"}],"collection":[{"href":"https:\/\/www.transcultures.com\/es\/wp-json\/wp\/v2\/pages"}],"about":[{"href":"https:\/\/www.transcultures.com\/es\/wp-json\/wp\/v2\/types\/page"}],"author":[{"embeddable":true,"href":"https:\/\/www.transcultures.com\/es\/wp-json\/wp\/v2\/users\/1"}],"replies":[{"embeddable":true,"href":"https:\/\/www.transcultures.com\/es\/wp-json\/wp\/v2\/comments?post=7834"}],"version-history":[{"count":1,"href":"https:\/\/www.transcultures.com\/es\/wp-json\/wp\/v2\/pages\/7834\/revisions"}],"predecessor-version":[{"id":10143,"href":"https:\/\/www.transcultures.com\/es\/wp-json\/wp\/v2\/pages\/7834\/revisions\/10143"}],"up":[{"embeddable":true,"href":"https:\/\/www.transcultures.com\/es\/wp-json\/wp\/v2\/pages\/7828"}],"wp:featuredmedia":[{"embeddable":true,"href":"https:\/\/www.transcultures.com\/es\/wp-json\/wp\/v2\/media\/7678"}],"wp:attachment":[{"href":"https:\/\/www.transcultures.com\/es\/wp-json\/wp\/v2\/media?parent=7834"}],"wp:term":[{"taxonomy":"category","embeddable":true,"href":"https:\/\/www.transcultures.com\/es\/wp-json\/wp\/v2\/categories?post=7834"},{"taxonomy":"post_tag","embeddable":true,"href":"https:\/\/www.transcultures.com\/es\/wp-json\/wp\/v2\/tags?post=7834"}],"curies":[{"name":"wp","href":"https:\/\/api.w.org\/{rel}","templated":true}]}}