{"id":7832,"date":"2015-04-03T04:48:21","date_gmt":"2015-04-03T04:48:21","guid":{"rendered":"https:\/\/www.transcultures.com\/?page_id=7832"},"modified":"2021-05-29T19:43:35","modified_gmt":"2021-05-29T19:43:35","slug":"interpretacion-servicios-legales","status":"publish","type":"page","link":"https:\/\/www.transcultures.com\/es\/servicios-de-interpretacion\/interpretacion-servicios-legales\/","title":{"rendered":"Interpretaci\u00f3n Servicios Legales"},"content":{"rendered":"\n<p>El equipo de int\u00e9rpretes jur\u00eddicos y judiciales de TransCultures son profesionales altamente cualificados que han completado una amplia formaci\u00f3n en interpretaci\u00f3n judicial. Esta formaci\u00f3n incluye la formaci\u00f3n y ex\u00e1menes en una gran variedad de t\u00e9cnicas de interpretaci\u00f3n, terminolog\u00eda judicial y el c\u00f3digo de conducta est\u00e1ndar del sector. Nuestros int\u00e9rpretes judiciales aportan al proceso judicial habilidades ling\u00fc\u00edsticas especializadas, imparcialidad y profesionalidad en el trato con todas las partes implicadas en los procesos judiciales.<\/p>\n\n\n\n<p>El uso de int\u00e9rpretes judiciales profesionalmente cualificados en procesos que involucren a personas de habla no inglesa y a personas con un dominio muy limitado del ingl\u00e9s, es vital para garantizar que la justicia se lleve a cabo de forma equitativa para todas las partes involucradas en acciones legales. La Ley de Int\u00e9rpretes Judiciales, 28 U.S.C. \u00a71827 establece las directrices para la corte e interpretaci\u00f3n judicial y establece el marco legal para nuestros int\u00e9rpretes.<\/p>\n\n\n\n<p>El equipo de int\u00e9rpretes en el \u00e1mbito judicial de TransCultures ofrece servicios profesionales en varios \u00e1mbitos, como la lectura de cargos, pruebas, mociones, conferencias previas al juicio, audiencias preliminares y administrativas, declaraciones, citas con abogados, y entrevistas con clientes. Nuestro equipo int\u00e9rpretes de tribunales desempe\u00f1a un papel clave en el proceso legal mediante la interpretaci\u00f3n de los acusados \/ litigantes y testigos con poco o ning\u00fan nivel de ingl\u00e9s y para aquellos que podr\u00edan sentir que su comprensi\u00f3n limitada del ingl\u00e9s podr\u00eda llevar a un acceso a la justicia no equitativo. La ley exige a los tribunales proporcionar servicios de interpretaci\u00f3n a todas las partes con limitados conocimientos de ingl\u00e9s con el fin de garantizar la igualdad de acceso a la justicia.<\/p>\n\n\n\n<p>PARA OBTENER UN PRESUPUESTO, POR FAVOR CONTACTE CON NUESTRO DEPARTAMENTO DE SERVICIOS DE INTERPRETACION:<br><a href=\"mailto:translation@transcultures.com\">Interpretation@TransCultures.com<\/a><\/p>\n","protected":false},"excerpt":{"rendered":"<p>El equipo de int\u00e9rpretes jur\u00eddicos y judiciales de TransCultures son profesionales altamente cualificados que han completado una amplia formaci\u00f3n en interpretaci\u00f3n judicial. Esta formaci\u00f3n incluye la formaci\u00f3n y ex\u00e1menes en una gran variedad de t\u00e9cnicas de interpretaci\u00f3n, terminolog\u00eda judicial y el c\u00f3digo de conducta est\u00e1ndar del sector. Nuestros int\u00e9rpretes judiciales aportan al proceso judicial habilidades &hellip;<\/p>\n<p class=\"read-more\"> <a class=\"\" href=\"https:\/\/www.transcultures.com\/es\/servicios-de-interpretacion\/interpretacion-servicios-legales\/\"> <span class=\"screen-reader-text\">Interpretaci\u00f3n Servicios Legales<\/span> Read More \u00bb<\/a><\/p>\n","protected":false},"author":1,"featured_media":7674,"parent":7828,"menu_order":0,"comment_status":"closed","ping_status":"open","template":"","meta":{"site-sidebar-layout":"default","site-content-layout":"default","ast-global-header-display":"","ast-main-header-display":"","ast-hfb-above-header-display":"","ast-hfb-below-header-display":"","ast-hfb-mobile-header-display":"","site-post-title":"","ast-breadcrumbs-content":"","ast-featured-img":"","footer-sml-layout":"","theme-transparent-header-meta":"default","adv-header-id-meta":"","stick-header-meta":"default","header-above-stick-meta":"","header-main-stick-meta":"","header-below-stick-meta":""},"categories":[123],"tags":[],"yoast_head":"<!-- This site is optimized with the Yoast SEO plugin v20.2.1 - https:\/\/yoast.com\/wordpress\/plugins\/seo\/ -->\n<title>Interpretaci\u00f3n Servicios Legales &bull; TransCulturas<\/title>\n<meta name=\"robots\" content=\"index, follow, max-snippet:-1, max-image-preview:large, max-video-preview:-1\" \/>\n<link rel=\"canonical\" href=\"https:\/\/www.transcultures.com\/es\/servicios-de-interpretacion\/interpretacion-servicios-legales\/\" \/>\n<meta property=\"og:locale\" content=\"es_ES\" \/>\n<meta property=\"og:type\" content=\"article\" \/>\n<meta property=\"og:title\" content=\"Interpretaci\u00f3n Servicios Legales &bull; TransCulturas\" \/>\n<meta property=\"og:description\" content=\"El equipo de int\u00e9rpretes jur\u00eddicos y judiciales de TransCultures son profesionales altamente cualificados que han completado una amplia formaci\u00f3n en interpretaci\u00f3n judicial. Esta formaci\u00f3n incluye la formaci\u00f3n y ex\u00e1menes en una gran variedad de t\u00e9cnicas de interpretaci\u00f3n, terminolog\u00eda judicial y el c\u00f3digo de conducta est\u00e1ndar del sector. Nuestros int\u00e9rpretes judiciales aportan al proceso judicial habilidades &hellip; Interpretaci\u00f3n Servicios Legales Read More \u00bb\" \/>\n<meta property=\"og:url\" content=\"https:\/\/www.transcultures.com\/es\/servicios-de-interpretacion\/interpretacion-servicios-legales\/\" \/>\n<meta property=\"og:site_name\" content=\"TransCulturas\" \/>\n<meta property=\"article:publisher\" content=\"http:\/\/www.facebook.com\/TransCulturesLLC\" \/>\n<meta property=\"article:modified_time\" content=\"2021-05-29T19:43:35+00:00\" \/>\n<meta property=\"og:image\" content=\"https:\/\/www.transcultures.com\/wp-content\/uploads\/2013\/09\/TransCultures-Legal-Interpretation.png\" \/>\n\t<meta property=\"og:image:width\" content=\"1170\" \/>\n\t<meta property=\"og:image:height\" content=\"365\" \/>\n\t<meta property=\"og:image:type\" content=\"image\/png\" \/>\n<meta name=\"twitter:label1\" content=\"Est. reading time\" \/>\n\t<meta name=\"twitter:data1\" content=\"2 minutes\" \/>\n<script type=\"application\/ld+json\" class=\"yoast-schema-graph\">{\"@context\":\"https:\/\/schema.org\",\"@graph\":[{\"@type\":\"WebPage\",\"@id\":\"https:\/\/www.transcultures.com\/es\/servicios-de-interpretacion\/interpretacion-servicios-legales\/\",\"url\":\"https:\/\/www.transcultures.com\/es\/servicios-de-interpretacion\/interpretacion-servicios-legales\/\",\"name\":\"Interpretaci\u00f3n Servicios Legales &bull; TransCulturas\",\"isPartOf\":{\"@id\":\"https:\/\/www.transcultures.com\/es\/#website\"},\"datePublished\":\"2015-04-03T04:48:21+00:00\",\"dateModified\":\"2021-05-29T19:43:35+00:00\",\"breadcrumb\":{\"@id\":\"https:\/\/www.transcultures.com\/es\/servicios-de-interpretacion\/interpretacion-servicios-legales\/#breadcrumb\"},\"inLanguage\":\"ES-ES\",\"potentialAction\":[{\"@type\":\"ReadAction\",\"target\":[\"https:\/\/www.transcultures.com\/es\/servicios-de-interpretacion\/interpretacion-servicios-legales\/\"]}]},{\"@type\":\"BreadcrumbList\",\"@id\":\"https:\/\/www.transcultures.com\/es\/servicios-de-interpretacion\/interpretacion-servicios-legales\/#breadcrumb\",\"itemListElement\":[{\"@type\":\"ListItem\",\"position\":1,\"name\":\"Home\",\"item\":\"https:\/\/www.transcultures.com\/es\/\"},{\"@type\":\"ListItem\",\"position\":2,\"name\":\"INTERPRETACI\u00d3N\",\"item\":\"https:\/\/www.transcultures.com\/es\/servicios-de-interpretacion\/\"},{\"@type\":\"ListItem\",\"position\":3,\"name\":\"Interpretaci\u00f3n Servicios Legales\"}]},{\"@type\":\"WebSite\",\"@id\":\"https:\/\/www.transcultures.com\/es\/#website\",\"url\":\"https:\/\/www.transcultures.com\/es\/\",\"name\":\"TransCulturas\",\"description\":\"Traduccion | Interpretatcion | Localizacion\",\"publisher\":{\"@id\":\"https:\/\/www.transcultures.com\/es\/#organization\"},\"potentialAction\":[{\"@type\":\"SearchAction\",\"target\":{\"@type\":\"EntryPoint\",\"urlTemplate\":\"https:\/\/www.transcultures.com\/es\/?s={search_term_string}\"},\"query-input\":\"required name=search_term_string\"}],\"inLanguage\":\"ES-ES\"},{\"@type\":\"Organization\",\"@id\":\"https:\/\/www.transcultures.com\/es\/#organization\",\"name\":\"TransCulturas\",\"url\":\"https:\/\/www.transcultures.com\/es\/\",\"logo\":{\"@type\":\"ImageObject\",\"inLanguage\":\"ES-ES\",\"@id\":\"https:\/\/www.transcultures.com\/es\/#\/schema\/logo\/image\/\",\"url\":\"https:\/\/www.transcultures.com\/wp-content\/uploads\/2015\/01\/TransCultures_Logo2.png\",\"contentUrl\":\"https:\/\/www.transcultures.com\/wp-content\/uploads\/2015\/01\/TransCultures_Logo2.png\",\"width\":347,\"height\":100,\"caption\":\"TransCulturas\"},\"image\":{\"@id\":\"https:\/\/www.transcultures.com\/es\/#\/schema\/logo\/image\/\"},\"sameAs\":[\"http:\/\/www.facebook.com\/TransCulturesLLC\",\"https:\/\/twitter.com\/TransCultures\"]}]}<\/script>\n<!-- \/ Yoast SEO plugin. -->","yoast_head_json":{"title":"Interpretaci\u00f3n Servicios Legales &bull; TransCulturas","robots":{"index":"index","follow":"follow","max-snippet":"max-snippet:-1","max-image-preview":"max-image-preview:large","max-video-preview":"max-video-preview:-1"},"canonical":"https:\/\/www.transcultures.com\/es\/servicios-de-interpretacion\/interpretacion-servicios-legales\/","og_locale":"es_ES","og_type":"article","og_title":"Interpretaci\u00f3n Servicios Legales &bull; TransCulturas","og_description":"El equipo de int\u00e9rpretes jur\u00eddicos y judiciales de TransCultures son profesionales altamente cualificados que han completado una amplia formaci\u00f3n en interpretaci\u00f3n judicial. Esta formaci\u00f3n incluye la formaci\u00f3n y ex\u00e1menes en una gran variedad de t\u00e9cnicas de interpretaci\u00f3n, terminolog\u00eda judicial y el c\u00f3digo de conducta est\u00e1ndar del sector. Nuestros int\u00e9rpretes judiciales aportan al proceso judicial habilidades &hellip; Interpretaci\u00f3n Servicios Legales Read More \u00bb","og_url":"https:\/\/www.transcultures.com\/es\/servicios-de-interpretacion\/interpretacion-servicios-legales\/","og_site_name":"TransCulturas","article_publisher":"http:\/\/www.facebook.com\/TransCulturesLLC","article_modified_time":"2021-05-29T19:43:35+00:00","og_image":[{"width":1170,"height":365,"url":"https:\/\/www.transcultures.com\/wp-content\/uploads\/2013\/09\/TransCultures-Legal-Interpretation.png","type":"image\/png"}],"twitter_misc":{"Est. reading time":"2 minutes"},"schema":{"@context":"https:\/\/schema.org","@graph":[{"@type":"WebPage","@id":"https:\/\/www.transcultures.com\/es\/servicios-de-interpretacion\/interpretacion-servicios-legales\/","url":"https:\/\/www.transcultures.com\/es\/servicios-de-interpretacion\/interpretacion-servicios-legales\/","name":"Interpretaci\u00f3n Servicios Legales &bull; TransCulturas","isPartOf":{"@id":"https:\/\/www.transcultures.com\/es\/#website"},"datePublished":"2015-04-03T04:48:21+00:00","dateModified":"2021-05-29T19:43:35+00:00","breadcrumb":{"@id":"https:\/\/www.transcultures.com\/es\/servicios-de-interpretacion\/interpretacion-servicios-legales\/#breadcrumb"},"inLanguage":"ES-ES","potentialAction":[{"@type":"ReadAction","target":["https:\/\/www.transcultures.com\/es\/servicios-de-interpretacion\/interpretacion-servicios-legales\/"]}]},{"@type":"BreadcrumbList","@id":"https:\/\/www.transcultures.com\/es\/servicios-de-interpretacion\/interpretacion-servicios-legales\/#breadcrumb","itemListElement":[{"@type":"ListItem","position":1,"name":"Home","item":"https:\/\/www.transcultures.com\/es\/"},{"@type":"ListItem","position":2,"name":"INTERPRETACI\u00d3N","item":"https:\/\/www.transcultures.com\/es\/servicios-de-interpretacion\/"},{"@type":"ListItem","position":3,"name":"Interpretaci\u00f3n Servicios Legales"}]},{"@type":"WebSite","@id":"https:\/\/www.transcultures.com\/es\/#website","url":"https:\/\/www.transcultures.com\/es\/","name":"TransCulturas","description":"Traduccion | Interpretatcion | Localizacion","publisher":{"@id":"https:\/\/www.transcultures.com\/es\/#organization"},"potentialAction":[{"@type":"SearchAction","target":{"@type":"EntryPoint","urlTemplate":"https:\/\/www.transcultures.com\/es\/?s={search_term_string}"},"query-input":"required name=search_term_string"}],"inLanguage":"ES-ES"},{"@type":"Organization","@id":"https:\/\/www.transcultures.com\/es\/#organization","name":"TransCulturas","url":"https:\/\/www.transcultures.com\/es\/","logo":{"@type":"ImageObject","inLanguage":"ES-ES","@id":"https:\/\/www.transcultures.com\/es\/#\/schema\/logo\/image\/","url":"https:\/\/www.transcultures.com\/wp-content\/uploads\/2015\/01\/TransCultures_Logo2.png","contentUrl":"https:\/\/www.transcultures.com\/wp-content\/uploads\/2015\/01\/TransCultures_Logo2.png","width":347,"height":100,"caption":"TransCulturas"},"image":{"@id":"https:\/\/www.transcultures.com\/es\/#\/schema\/logo\/image\/"},"sameAs":["http:\/\/www.facebook.com\/TransCulturesLLC","https:\/\/twitter.com\/TransCultures"]}]}},"_links":{"self":[{"href":"https:\/\/www.transcultures.com\/es\/wp-json\/wp\/v2\/pages\/7832"}],"collection":[{"href":"https:\/\/www.transcultures.com\/es\/wp-json\/wp\/v2\/pages"}],"about":[{"href":"https:\/\/www.transcultures.com\/es\/wp-json\/wp\/v2\/types\/page"}],"author":[{"embeddable":true,"href":"https:\/\/www.transcultures.com\/es\/wp-json\/wp\/v2\/users\/1"}],"replies":[{"embeddable":true,"href":"https:\/\/www.transcultures.com\/es\/wp-json\/wp\/v2\/comments?post=7832"}],"version-history":[{"count":1,"href":"https:\/\/www.transcultures.com\/es\/wp-json\/wp\/v2\/pages\/7832\/revisions"}],"predecessor-version":[{"id":10142,"href":"https:\/\/www.transcultures.com\/es\/wp-json\/wp\/v2\/pages\/7832\/revisions\/10142"}],"up":[{"embeddable":true,"href":"https:\/\/www.transcultures.com\/es\/wp-json\/wp\/v2\/pages\/7828"}],"wp:featuredmedia":[{"embeddable":true,"href":"https:\/\/www.transcultures.com\/es\/wp-json\/wp\/v2\/media\/7674"}],"wp:attachment":[{"href":"https:\/\/www.transcultures.com\/es\/wp-json\/wp\/v2\/media?parent=7832"}],"wp:term":[{"taxonomy":"category","embeddable":true,"href":"https:\/\/www.transcultures.com\/es\/wp-json\/wp\/v2\/categories?post=7832"},{"taxonomy":"post_tag","embeddable":true,"href":"https:\/\/www.transcultures.com\/es\/wp-json\/wp\/v2\/tags?post=7832"}],"curies":[{"name":"wp","href":"https:\/\/api.w.org\/{rel}","templated":true}]}}