{"id":7828,"date":"2015-04-03T04:47:31","date_gmt":"2015-04-03T04:47:31","guid":{"rendered":"https:\/\/www.transcultures.com\/?page_id=7828"},"modified":"2021-05-09T17:48:27","modified_gmt":"2021-05-09T17:48:27","slug":"servicios-de-interpretacion","status":"publish","type":"page","link":"https:\/\/www.transcultures.com\/es\/servicios-de-interpretacion\/","title":{"rendered":"INTERPRETACI\u00d3N"},"content":{"rendered":"\n<p>La interpretaci\u00f3n consiste en transmitir un mensaje de una lengua a otra oralmente. Adem\u00e1s de las habilidades ling\u00fc\u00edsticas, la interpretaci\u00f3n exige un profundo conocimiento de las referencias culturales para poder interpretar con precisi\u00f3n el significado y llegar al p\u00fablico objetivo, transmitir los matices culturales y facilitar la comunicaci\u00f3n.<br>El departamento de servicios de interpretaci\u00f3n TransCultures ofrece int\u00e9rpretes experimentados que hablan m\u00e1s de 140 idiomas y han interpretado de forma profesional en distintos escenarios tales como conferencias, tribunales, hospitales y grupos de enfoque. Usando una gran variedad de t\u00e9cnicas de interpretaci\u00f3n, nuestros servicios de interpretaci\u00f3n est\u00e1n dise\u00f1ados para ofrecer soluciones a cualquier tipo de solicitud de interpretaci\u00f3n consecutiva o simult\u00e1nea. Para dar cabida a la creciente demanda de nuestros clientes, TransCultures ofrece una gama completa de servicios de interpretaci\u00f3n que incluye interpretaci\u00f3n en el lugar, interpretaci\u00f3n telef\u00f3nica e interpretaci\u00f3n por v\u00eddeo, que puede ser muy \u00fatil en los casos de habla de idiomas peculiares donde el int\u00e9rprete tal vez no est\u00e9 disponible localmente.<\/p>\n\n\n\n<p>PARA OBTENER UN PRESUPUESTO, POR FAVOR CONTACTE CON NUESTRO DEPARTAMENTO DE SERVICIOS DE INTERPRETACION:<br>Interpretation@TransCultures.com<\/p>\n","protected":false},"excerpt":{"rendered":"<p>La interpretaci\u00f3n consiste en transmitir un mensaje de una lengua a otra oralmente. Adem\u00e1s de las habilidades ling\u00fc\u00edsticas, la interpretaci\u00f3n exige un profundo conocimiento de las referencias culturales para poder interpretar con precisi\u00f3n el significado y llegar al p\u00fablico objetivo, transmitir los matices culturales y facilitar la comunicaci\u00f3n.El departamento de servicios de interpretaci\u00f3n TransCultures ofrece &hellip;<\/p>\n<p class=\"read-more\"> <a class=\"\" href=\"https:\/\/www.transcultures.com\/es\/servicios-de-interpretacion\/\"> <span class=\"screen-reader-text\">INTERPRETACI\u00d3N<\/span> Read More \u00bb<\/a><\/p>\n","protected":false},"author":1,"featured_media":8376,"parent":0,"menu_order":0,"comment_status":"closed","ping_status":"open","template":"","meta":{"site-sidebar-layout":"default","site-content-layout":"default","ast-global-header-display":"","ast-main-header-display":"","ast-hfb-above-header-display":"","ast-hfb-below-header-display":"","ast-hfb-mobile-header-display":"","site-post-title":"","ast-breadcrumbs-content":"","ast-featured-img":"","footer-sml-layout":"","theme-transparent-header-meta":"default","adv-header-id-meta":"","stick-header-meta":"default","header-above-stick-meta":"","header-main-stick-meta":"","header-below-stick-meta":""},"categories":[123],"tags":[],"yoast_head":"<!-- This site is optimized with the Yoast SEO plugin v20.2.1 - https:\/\/yoast.com\/wordpress\/plugins\/seo\/ -->\n<title>INTERPRETACI\u00d3N &bull; TransCulturas<\/title>\n<meta name=\"robots\" content=\"index, follow, max-snippet:-1, max-image-preview:large, max-video-preview:-1\" \/>\n<link rel=\"canonical\" href=\"https:\/\/www.transcultures.com\/es\/servicios-de-interpretacion\/\" \/>\n<meta property=\"og:locale\" content=\"es_ES\" \/>\n<meta property=\"og:type\" content=\"article\" \/>\n<meta property=\"og:title\" content=\"INTERPRETACI\u00d3N &bull; TransCulturas\" \/>\n<meta property=\"og:description\" content=\"La interpretaci\u00f3n consiste en transmitir un mensaje de una lengua a otra oralmente. Adem\u00e1s de las habilidades ling\u00fc\u00edsticas, la interpretaci\u00f3n exige un profundo conocimiento de las referencias culturales para poder interpretar con precisi\u00f3n el significado y llegar al p\u00fablico objetivo, transmitir los matices culturales y facilitar la comunicaci\u00f3n.El departamento de servicios de interpretaci\u00f3n TransCultures ofrece &hellip; INTERPRETACI\u00d3N Read More \u00bb\" \/>\n<meta property=\"og:url\" content=\"https:\/\/www.transcultures.com\/es\/servicios-de-interpretacion\/\" \/>\n<meta property=\"og:site_name\" content=\"TransCulturas\" \/>\n<meta property=\"article:publisher\" content=\"http:\/\/www.facebook.com\/TransCulturesLLC\" \/>\n<meta property=\"article:modified_time\" content=\"2021-05-09T17:48:27+00:00\" \/>\n<meta property=\"og:image\" content=\"https:\/\/www.transcultures.com\/wp-content\/uploads\/2014\/07\/TransCultures_Interpretation_Services_Banner.png\" \/>\n\t<meta property=\"og:image:width\" content=\"1170\" \/>\n\t<meta property=\"og:image:height\" content=\"365\" \/>\n\t<meta property=\"og:image:type\" content=\"image\/png\" \/>\n<meta name=\"twitter:label1\" content=\"Est. reading time\" \/>\n\t<meta name=\"twitter:data1\" content=\"1 minute\" \/>\n<script type=\"application\/ld+json\" class=\"yoast-schema-graph\">{\"@context\":\"https:\/\/schema.org\",\"@graph\":[{\"@type\":\"WebPage\",\"@id\":\"https:\/\/www.transcultures.com\/es\/servicios-de-interpretacion\/\",\"url\":\"https:\/\/www.transcultures.com\/es\/servicios-de-interpretacion\/\",\"name\":\"INTERPRETACI\u00d3N &bull; TransCulturas\",\"isPartOf\":{\"@id\":\"https:\/\/www.transcultures.com\/es\/#website\"},\"datePublished\":\"2015-04-03T04:47:31+00:00\",\"dateModified\":\"2021-05-09T17:48:27+00:00\",\"breadcrumb\":{\"@id\":\"https:\/\/www.transcultures.com\/es\/servicios-de-interpretacion\/#breadcrumb\"},\"inLanguage\":\"ES-ES\",\"potentialAction\":[{\"@type\":\"ReadAction\",\"target\":[\"https:\/\/www.transcultures.com\/es\/servicios-de-interpretacion\/\"]}]},{\"@type\":\"BreadcrumbList\",\"@id\":\"https:\/\/www.transcultures.com\/es\/servicios-de-interpretacion\/#breadcrumb\",\"itemListElement\":[{\"@type\":\"ListItem\",\"position\":1,\"name\":\"Home\",\"item\":\"https:\/\/www.transcultures.com\/es\/\"},{\"@type\":\"ListItem\",\"position\":2,\"name\":\"INTERPRETACI\u00d3N\"}]},{\"@type\":\"WebSite\",\"@id\":\"https:\/\/www.transcultures.com\/es\/#website\",\"url\":\"https:\/\/www.transcultures.com\/es\/\",\"name\":\"TransCulturas\",\"description\":\"Traduccion | Interpretatcion | Localizacion\",\"publisher\":{\"@id\":\"https:\/\/www.transcultures.com\/es\/#organization\"},\"potentialAction\":[{\"@type\":\"SearchAction\",\"target\":{\"@type\":\"EntryPoint\",\"urlTemplate\":\"https:\/\/www.transcultures.com\/es\/?s={search_term_string}\"},\"query-input\":\"required name=search_term_string\"}],\"inLanguage\":\"ES-ES\"},{\"@type\":\"Organization\",\"@id\":\"https:\/\/www.transcultures.com\/es\/#organization\",\"name\":\"TransCulturas\",\"url\":\"https:\/\/www.transcultures.com\/es\/\",\"logo\":{\"@type\":\"ImageObject\",\"inLanguage\":\"ES-ES\",\"@id\":\"https:\/\/www.transcultures.com\/es\/#\/schema\/logo\/image\/\",\"url\":\"https:\/\/www.transcultures.com\/wp-content\/uploads\/2015\/01\/TransCultures_Logo2.png\",\"contentUrl\":\"https:\/\/www.transcultures.com\/wp-content\/uploads\/2015\/01\/TransCultures_Logo2.png\",\"width\":347,\"height\":100,\"caption\":\"TransCulturas\"},\"image\":{\"@id\":\"https:\/\/www.transcultures.com\/es\/#\/schema\/logo\/image\/\"},\"sameAs\":[\"http:\/\/www.facebook.com\/TransCulturesLLC\",\"https:\/\/twitter.com\/TransCultures\"]}]}<\/script>\n<!-- \/ Yoast SEO plugin. -->","yoast_head_json":{"title":"INTERPRETACI\u00d3N &bull; TransCulturas","robots":{"index":"index","follow":"follow","max-snippet":"max-snippet:-1","max-image-preview":"max-image-preview:large","max-video-preview":"max-video-preview:-1"},"canonical":"https:\/\/www.transcultures.com\/es\/servicios-de-interpretacion\/","og_locale":"es_ES","og_type":"article","og_title":"INTERPRETACI\u00d3N &bull; TransCulturas","og_description":"La interpretaci\u00f3n consiste en transmitir un mensaje de una lengua a otra oralmente. Adem\u00e1s de las habilidades ling\u00fc\u00edsticas, la interpretaci\u00f3n exige un profundo conocimiento de las referencias culturales para poder interpretar con precisi\u00f3n el significado y llegar al p\u00fablico objetivo, transmitir los matices culturales y facilitar la comunicaci\u00f3n.El departamento de servicios de interpretaci\u00f3n TransCultures ofrece &hellip; INTERPRETACI\u00d3N Read More \u00bb","og_url":"https:\/\/www.transcultures.com\/es\/servicios-de-interpretacion\/","og_site_name":"TransCulturas","article_publisher":"http:\/\/www.facebook.com\/TransCulturesLLC","article_modified_time":"2021-05-09T17:48:27+00:00","og_image":[{"width":1170,"height":365,"url":"https:\/\/www.transcultures.com\/wp-content\/uploads\/2014\/07\/TransCultures_Interpretation_Services_Banner.png","type":"image\/png"}],"twitter_misc":{"Est. reading time":"1 minute"},"schema":{"@context":"https:\/\/schema.org","@graph":[{"@type":"WebPage","@id":"https:\/\/www.transcultures.com\/es\/servicios-de-interpretacion\/","url":"https:\/\/www.transcultures.com\/es\/servicios-de-interpretacion\/","name":"INTERPRETACI\u00d3N &bull; TransCulturas","isPartOf":{"@id":"https:\/\/www.transcultures.com\/es\/#website"},"datePublished":"2015-04-03T04:47:31+00:00","dateModified":"2021-05-09T17:48:27+00:00","breadcrumb":{"@id":"https:\/\/www.transcultures.com\/es\/servicios-de-interpretacion\/#breadcrumb"},"inLanguage":"ES-ES","potentialAction":[{"@type":"ReadAction","target":["https:\/\/www.transcultures.com\/es\/servicios-de-interpretacion\/"]}]},{"@type":"BreadcrumbList","@id":"https:\/\/www.transcultures.com\/es\/servicios-de-interpretacion\/#breadcrumb","itemListElement":[{"@type":"ListItem","position":1,"name":"Home","item":"https:\/\/www.transcultures.com\/es\/"},{"@type":"ListItem","position":2,"name":"INTERPRETACI\u00d3N"}]},{"@type":"WebSite","@id":"https:\/\/www.transcultures.com\/es\/#website","url":"https:\/\/www.transcultures.com\/es\/","name":"TransCulturas","description":"Traduccion | Interpretatcion | Localizacion","publisher":{"@id":"https:\/\/www.transcultures.com\/es\/#organization"},"potentialAction":[{"@type":"SearchAction","target":{"@type":"EntryPoint","urlTemplate":"https:\/\/www.transcultures.com\/es\/?s={search_term_string}"},"query-input":"required name=search_term_string"}],"inLanguage":"ES-ES"},{"@type":"Organization","@id":"https:\/\/www.transcultures.com\/es\/#organization","name":"TransCulturas","url":"https:\/\/www.transcultures.com\/es\/","logo":{"@type":"ImageObject","inLanguage":"ES-ES","@id":"https:\/\/www.transcultures.com\/es\/#\/schema\/logo\/image\/","url":"https:\/\/www.transcultures.com\/wp-content\/uploads\/2015\/01\/TransCultures_Logo2.png","contentUrl":"https:\/\/www.transcultures.com\/wp-content\/uploads\/2015\/01\/TransCultures_Logo2.png","width":347,"height":100,"caption":"TransCulturas"},"image":{"@id":"https:\/\/www.transcultures.com\/es\/#\/schema\/logo\/image\/"},"sameAs":["http:\/\/www.facebook.com\/TransCulturesLLC","https:\/\/twitter.com\/TransCultures"]}]}},"_links":{"self":[{"href":"https:\/\/www.transcultures.com\/es\/wp-json\/wp\/v2\/pages\/7828"}],"collection":[{"href":"https:\/\/www.transcultures.com\/es\/wp-json\/wp\/v2\/pages"}],"about":[{"href":"https:\/\/www.transcultures.com\/es\/wp-json\/wp\/v2\/types\/page"}],"author":[{"embeddable":true,"href":"https:\/\/www.transcultures.com\/es\/wp-json\/wp\/v2\/users\/1"}],"replies":[{"embeddable":true,"href":"https:\/\/www.transcultures.com\/es\/wp-json\/wp\/v2\/comments?post=7828"}],"version-history":[{"count":0,"href":"https:\/\/www.transcultures.com\/es\/wp-json\/wp\/v2\/pages\/7828\/revisions"}],"wp:featuredmedia":[{"embeddable":true,"href":"https:\/\/www.transcultures.com\/es\/wp-json\/wp\/v2\/media\/8376"}],"wp:attachment":[{"href":"https:\/\/www.transcultures.com\/es\/wp-json\/wp\/v2\/media?parent=7828"}],"wp:term":[{"taxonomy":"category","embeddable":true,"href":"https:\/\/www.transcultures.com\/es\/wp-json\/wp\/v2\/categories?post=7828"},{"taxonomy":"post_tag","embeddable":true,"href":"https:\/\/www.transcultures.com\/es\/wp-json\/wp\/v2\/tags?post=7828"}],"curies":[{"name":"wp","href":"https:\/\/api.w.org\/{rel}","templated":true}]}}