{"id":7824,"date":"2013-09-19T15:47:26","date_gmt":"2013-09-19T15:47:26","guid":{"rendered":"https:\/\/www.transcultures.com\/?page_id=7824"},"modified":"2021-05-09T18:01:16","modified_gmt":"2021-05-09T18:01:16","slug":"traduccion-e-interpretacion","status":"publish","type":"page","link":"https:\/\/www.transcultures.com\/es\/traduccion-e-interpretacion\/","title":{"rendered":"TRADUCCION E INTERPRETACION"},"content":{"rendered":"\n<p>A veces, el t\u00e9rmino traducci\u00f3n se utiliza para referirse tanto a la interpretaci\u00f3n como a la traducci\u00f3n. La traducci\u00f3n se encarga de traducir textos escritos de un idioma a otro, mientras que la interpretaci\u00f3n se ocupa de trasladar oralmente el significado de un idioma a otro. Mientras que tanto traductores como int\u00e9rpretes trabajan con los idiomas, su formaci\u00f3n y experiencia profesional puede variar enormemente<br>En TransCultures, realmente creemos que la Traducci\u00f3n e Interpretaci\u00f3n nunca son exactas si se limitan a repetir cada palabra del idioma original en otro idioma. Nuestros ling\u00fcistas nativos est\u00e1n especializados en las referencias culturales de los idiomas que traducen. Esto permite una transici\u00f3n fluida desde el idioma de origen al idioma objetivo, preservando al mismo tiempo el significado original del mensaje destinado a transmitir.<br>TransCultures ofrece una amplia gama de idiomas y servicios relacionados con la cultura para empresas que operan en los mercados globales. Nuestros servicios incluyen la traducci\u00f3n, localizaci\u00f3n, gesti\u00f3n de proyectos, gesti\u00f3n de la terminolog\u00eda, desarrollo y gesti\u00f3n de contenidos multiling\u00fces y maquetaci\u00f3n multiling\u00fce en m\u00e1s de 140 idiomas y en distintos campos.<\/p>\n\n\n\n<p><strong>IDIOMAS<\/strong><\/p>\n\n\n\n<div class=\"wptb-table-container wptb-table-9751\"><div class=\"wptb-table-container-matrix\" id=\"wptb-table-id-9751\" data-wptb-version=\"1.4.8\" data-wptb-pro-status=\"false\"><table class=\"wptb-preview-table wptb-element-main-table_setting-9751\" data-reconstraction=\"1\" style=\"border: 0px solid rgb(238, 238, 238);\" data-wptb-table-tds-sum-max-width=\"394\" data-wptb-cells-width-auto-count=\"3\" data-wptb-extra-styles=\"LyogRW50ZXIgeW91ciBjdXN0b20gQ1NTIHJ1bGVzIGhlcmUgKi8=\" role=\"table\" data-wptb-responsive-directives=\"eyJyZXNwb25zaXZlRW5hYmxlZCI6dHJ1ZSwicmVzcG9uc2l2ZU1vZGUiOiJhdXRvIiwicHJlc2VydmVSb3dDb2xvciI6ZmFsc2UsInJlbGF0aXZlV2lkdGgiOiJ3aW5kb3ciLCJoZWFkZXJGdWxseU1lcmdlZCI6ZmFsc2UsIm1vZGVPcHRpb25zIjp7ImF1dG8iOnsidG9wUm93QXNIZWFkZXIiOnsiZGVza3RvcCI6ZmFsc2UsInRhYmxldCI6dHJ1ZSwibW9iaWxlIjp0cnVlfSwicmVwZWF0TWVyZ2VkSGVhZGVyIjp7ImRlc2t0b3AiOnRydWUsInRhYmxldCI6dHJ1ZSwibW9iaWxlIjp0cnVlfSwic3RhdGljVG9wUm93Ijp7ImRlc2t0b3AiOmZhbHNlLCJ0YWJsZXQiOmZhbHNlLCJtb2JpbGUiOmZhbHNlfSwiY2VsbFN0YWNrRGlyZWN0aW9uIjp7ImRlc2t0b3AiOiJyb3ciLCJ0YWJsZXQiOiJjb2x1bW4iLCJtb2JpbGUiOiJyb3cifSwiY2VsbHNQZXJSb3ciOnsiZGVza3RvcCI6MSwidGFibGV0IjoxLCJtb2JpbGUiOjF9fX0sImJyZWFrcG9pbnRzIjp7ImRlc2t0b3AiOnsibmFtZSI6ImRlc2t0b3AiLCJ3aWR0aCI6MTAyNH0sInRhYmxldCI6eyJuYW1lIjoidGFibGV0Iiwid2lkdGgiOjcwMH0sIm1vYmlsZSI6eyJuYW1lIjoibW9iaWxlIiwid2lkdGgiOjMwMH19fQ==\" data-wptb-adaptive-table=\"0\" data-table-columns=\"3\" data-wptb-even-row-background-color=\"#00000000\" data-wptb-odd-row-background-color=\"#00000000\" data-wptb-header-background-color=\"#00000000\"><tbody><tr class=\"wptb-row\" style=\"background-color: rgba(0, 0, 0, 0);\"><td class=\"wptb-cell\" data-y-index=\"0\" data-x-index=\"0\" style=\"border: 1px solid rgb(238, 238, 238);\" data-wptb-css-td-auto-width=\"true\" data-wptb-cell-vertical-alignment=\"top\"><div class=\"wptb-text-container wptb-ph-element wptb-element-text-1\"><div class=\"\" style=\"position: relative;\"><p>Afrikaans<br>Akan<br>Amharic<br>Arabic (All dialects)<br>Armenian<br>Ashanti<br>Assamese<br>Assyrian<br>Azeri<br>Bahasa<br>Bambara<br>Bandi<br>Basque<br>Belarusan<br>Bengali<br>Berber<br>Bhili<br>Bosnian<br>Bulgarian<br>Burmese<br>Cambodian<br>Catalan<br>Cantonese<br>Cebuano<br>Chinese (Mandarin and Cantonese)<br>Chuvash<br>Croatian<br>Czech<br>Danish<br>Dari<br>Domari<br>Dutch<br>Edo<br>Estonian<br>Ethiopic<br>Ewe<br>Fanti<br>Farsi<br>Finnish<br>French<br>Fula<br>Fuzhou<br>Ga<br>Gan<br>Garifuna<br>Georgian<br>German<br>Grebo<\/p><\/div><\/div><\/td><td class=\"wptb-cell\" data-y-index=\"0\" data-x-index=\"1\" style=\"border: 1px solid rgb(238, 238, 238);\" data-wptb-css-td-auto-width=\"true\" data-wptb-cell-vertical-alignment=\"top\"><div class=\"wptb-text-container wptb-ph-element wptb-element-text-2\"><div class=\"\" style=\"position: relative;\"><p>Greek<br>Gujarati<br>Haitian Creole<br>Hakka<br>Hausa<br>Hebrew<br>Hindi<br>Hoisanese<br>Hungarian<br>Icelandic<br>Igbo<br>Indonesian<br>Italian<br>Japanese<br>Kannada<br>Kashmiri<br>Kazakh<br>Khandeshi<br>Khmer<br>Kinyarwanda<br>Kolami-Naiki<br>Kongo<br>Korean<br>Kunama<br>Kurdish<br>Laotian<br>Latvian<br>Lithuanian<br>Macedonian<br>Magyar<br>Maharati<br>Malagasy<br>Malay<br>Malayalam<br>Mandarin<br>Mandingo<br>Marathi<br>Min<br>Mina<br>Mongolian<br>Nama<br>Neapolitan<br>Nepali<br>Norwegian<br>Occitan<br>Oriya<br>Pangasinan<br>Pashto<\/p><\/div><\/div><\/td><td class=\"wptb-cell\" data-y-index=\"0\" data-x-index=\"2\" style=\"border: 1px solid rgb(238, 238, 238);\" data-wptb-css-td-auto-width=\"true\" data-wptb-cell-vertical-alignment=\"top\"><div class=\"wptb-text-container wptb-ph-element wptb-element-text-3 edit-active\"><div class=\"\" style=\"position: relative;\"><p>Persian<br>Polish<br>Portuguese<br>Punjabi<br>Rajasthani<br>Romani<br>Romanian<br>Russian<br>Sango<br>Serbian<br>Shangainese<br>Shona<br>Sicilian<br>Sindhi<br>Sinhala<br>Slovak<br>Slovenian<br>Somali<br>Soninke<br>Spanish<br>Swahili<br>Swedish<br>Tagalog<br>Taiwanese<br>Tajik<br>Tamil<br>Tatar<br>Telugu<br>Thai<br>Turkish<br>Turkmen<br>Twi<br>Ukrainian<br>Umbundu<br>Urdu<br>Uyghur<br>Uzbek<br>Vietnamese<br>Wenzhou<br>Wolof<br>Wu<br>Xhosa<br>Xiang<br>Yi<br>Yiddish<br>Yoruba<br>Zulu<\/p><\/div><\/div><\/td><\/tr><\/tbody><\/table><\/div><\/div>\n\n\n\n\n<p><strong>CAMPOS<\/strong><\/p>\n\n\n\n<div class=\"wptb-table-container wptb-table-9755\"><div class=\"wptb-table-container-matrix\" id=\"wptb-table-id-9755\" data-wptb-version=\"1.4.8\" data-wptb-pro-status=\"false\"><table class=\"wptb-preview-table wptb-element-main-table_setting-9755 edit-active\" data-reconstraction=\"1\" style=\"border: 0px solid rgb(238, 238, 238);\" data-wptb-table-tds-sum-max-width=\"263\" data-wptb-cells-width-auto-count=\"2\" data-wptb-extra-styles=\"LyogRW50ZXIgeW91ciBjdXN0b20gQ1NTIHJ1bGVzIGhlcmUgKi8=\" role=\"table\" data-wptb-header-background-color=\"#00000000\" data-table-columns=\"2\" data-wptb-table-alignment=\"center\"><tbody><tr class=\"wptb-row\" style=\"background-color: rgba(0, 0, 0, 0);\"><td class=\"wptb-cell\" data-y-index=\"0\" data-x-index=\"0\" style=\"border: 1px solid rgb(238, 238, 238);\" data-wptb-css-td-auto-width=\"true\" data-wptb-cell-vertical-alignment=\"top\"><div class=\"wptb-text-container wptb-ph-element wptb-element-text-1\"><div class=\"\" style=\"position: relative;\"><p>Accounting<br>Advertising<br>Agriculture<br>Architecture<br>Art<br>Astronomy<br>Automotive<br>Aviation<br>Banking<br>Behavioral Science<br>Biology<br>Botany<br>Business<br>Chemistry<br>Communications<br>Computing<br>Construction<br>Contracts<br>Copyrights<br>Cosmetics<br>Criminology<br>Culinary<br>Defense<br>Demography<br>Dentistry<br>Ecology<br>Economics<br>Education<br>Energy<br>Engineering<br>Film<br>Finance<br>Food science<br>Healthcare<br>Hospitality<br>Humanities<br><\/p><p>Immigration<br><\/p><p><\/p><p><\/p><\/div><\/div><\/td><td class=\"wptb-cell\" data-y-index=\"0\" data-x-index=\"1\" style=\"border: 1px solid rgb(238, 238, 238);\" data-wptb-css-td-auto-width=\"true\" data-wptb-cell-vertical-alignment=\"top\"><div class=\"wptb-text-container wptb-ph-element wptb-element-text-2\"><div class=\"\" style=\"position: relative;\"><p>Information Technology<br>Insurance<br>International Develop.<br>International Law<br>International Relations<br>Law<br>Law enforcement<br>Literature<\/p><p>Management<br>Marketing<br>Market Research<br>Media<br>Medicine<br>Mergers &amp; Acquisitions<br>Military Sciences<br>Mining<br>Oil &amp; gas<br>Patents<br>Pharmaceuticals<br>Physics<br>Politics<br>Psychology<br>Publishing<br>Research<br>Social Sciences<br>Sports<br>Technology<br>Technical<br>Telecommunications<br>Tourism<br>Trademarks<br>Transportation<br>Urban Planning<br>Veterinary Sciences<br>Waste Management<br>World Religions<br>Zoology<br><\/p><\/div><\/div><\/td><\/tr><\/tbody><\/table><\/div><\/div>\n\n\n\n\n<div class=\"wp-block-image\"><figure class=\"aligncenter\"><a href=\"#\"><img decoding=\"async\" loading=\"lazy\" width=\"300\" height=\"73\" src=\"http:\/\/www.transcultures.com\/wp-content\/uploads\/2013\/09\/blue-logo-300x73.jpg\" alt=\"blue-logo\" class=\"wp-image-7113\" srcset=\"https:\/\/www.transcultures.com\/wp-content\/uploads\/2013\/09\/blue-logo-300x73.jpg 300w, https:\/\/www.transcultures.com\/wp-content\/uploads\/2013\/09\/blue-logo.jpg 414w\" sizes=\"(max-width: 300px) 100vw, 300px\" \/><\/a><\/figure><\/div>\n","protected":false},"excerpt":{"rendered":"<p>A veces, el t\u00e9rmino traducci\u00f3n se utiliza para referirse tanto a la interpretaci\u00f3n como a la traducci\u00f3n. La traducci\u00f3n se encarga de traducir textos escritos de un idioma a otro, mientras que la interpretaci\u00f3n se ocupa de trasladar oralmente el significado de un idioma a otro. Mientras que tanto traductores como int\u00e9rpretes trabajan con los &hellip;<\/p>\n<p class=\"read-more\"> <a class=\"\" href=\"https:\/\/www.transcultures.com\/es\/traduccion-e-interpretacion\/\"> <span class=\"screen-reader-text\">TRADUCCION E INTERPRETACION<\/span> Read More \u00bb<\/a><\/p>\n","protected":false},"author":1,"featured_media":7730,"parent":0,"menu_order":0,"comment_status":"closed","ping_status":"open","template":"","meta":{"site-sidebar-layout":"default","site-content-layout":"default","ast-global-header-display":"","ast-main-header-display":"","ast-hfb-above-header-display":"","ast-hfb-below-header-display":"","ast-hfb-mobile-header-display":"","site-post-title":"","ast-breadcrumbs-content":"","ast-featured-img":"","footer-sml-layout":"","theme-transparent-header-meta":"default","adv-header-id-meta":"","stick-header-meta":"default","header-above-stick-meta":"","header-main-stick-meta":"","header-below-stick-meta":""},"categories":[122],"tags":[],"yoast_head":"<!-- This site is optimized with the Yoast SEO plugin v20.2.1 - https:\/\/yoast.com\/wordpress\/plugins\/seo\/ -->\n<title>TRADUCCION E INTERPRETACION\u00a0<\/title>\n<meta name=\"description\" content=\"TransCultures provides translation and interpretation in Chicago, around the World. Arabic Translation, Arabic interpretation, Legal interpretation, Medical\" \/>\n<meta name=\"robots\" content=\"index, follow, max-snippet:-1, max-image-preview:large, max-video-preview:-1\" \/>\n<link rel=\"canonical\" href=\"https:\/\/www.transcultures.com\/es\/traduccion-e-interpretacion\/\" \/>\n<meta property=\"og:locale\" content=\"es_ES\" \/>\n<meta property=\"og:type\" content=\"article\" \/>\n<meta property=\"og:title\" content=\"TRADUCCION E INTERPRETACION\u00a0\" \/>\n<meta property=\"og:description\" content=\"TransCultures provides translation and interpretation in Chicago, around the World. Arabic Translation, Arabic interpretation, Legal interpretation, Medical\" \/>\n<meta property=\"og:url\" content=\"https:\/\/www.transcultures.com\/es\/traduccion-e-interpretacion\/\" \/>\n<meta property=\"og:site_name\" content=\"TransCulturas\" \/>\n<meta property=\"article:publisher\" content=\"http:\/\/www.facebook.com\/TransCulturesLLC\" \/>\n<meta property=\"article:modified_time\" content=\"2021-05-09T18:01:16+00:00\" \/>\n<meta property=\"og:image\" content=\"https:\/\/www.transcultures.com\/wp-content\/uploads\/2013\/09\/Chicago-Translation-Interpretation.png\" \/>\n\t<meta property=\"og:image:width\" content=\"1170\" \/>\n\t<meta property=\"og:image:height\" content=\"365\" \/>\n\t<meta property=\"og:image:type\" content=\"image\/png\" \/>\n<meta name=\"twitter:label1\" content=\"Est. reading time\" \/>\n\t<meta name=\"twitter:data1\" content=\"2 minutes\" \/>\n<script type=\"application\/ld+json\" class=\"yoast-schema-graph\">{\"@context\":\"https:\/\/schema.org\",\"@graph\":[{\"@type\":\"WebPage\",\"@id\":\"https:\/\/www.transcultures.com\/es\/traduccion-e-interpretacion\/\",\"url\":\"https:\/\/www.transcultures.com\/es\/traduccion-e-interpretacion\/\",\"name\":\"TRADUCCION E INTERPRETACION\u00a0\",\"isPartOf\":{\"@id\":\"https:\/\/www.transcultures.com\/es\/#website\"},\"datePublished\":\"2013-09-19T15:47:26+00:00\",\"dateModified\":\"2021-05-09T18:01:16+00:00\",\"description\":\"TransCultures provides translation and interpretation in Chicago, around the World. Arabic Translation, Arabic interpretation, Legal interpretation, Medical\",\"breadcrumb\":{\"@id\":\"https:\/\/www.transcultures.com\/es\/traduccion-e-interpretacion\/#breadcrumb\"},\"inLanguage\":\"ES-ES\",\"potentialAction\":[{\"@type\":\"ReadAction\",\"target\":[\"https:\/\/www.transcultures.com\/es\/traduccion-e-interpretacion\/\"]}]},{\"@type\":\"BreadcrumbList\",\"@id\":\"https:\/\/www.transcultures.com\/es\/traduccion-e-interpretacion\/#breadcrumb\",\"itemListElement\":[{\"@type\":\"ListItem\",\"position\":1,\"name\":\"Home\",\"item\":\"https:\/\/www.transcultures.com\/es\/\"},{\"@type\":\"ListItem\",\"position\":2,\"name\":\"TRADUCCION E INTERPRETACION\"}]},{\"@type\":\"WebSite\",\"@id\":\"https:\/\/www.transcultures.com\/es\/#website\",\"url\":\"https:\/\/www.transcultures.com\/es\/\",\"name\":\"TransCulturas\",\"description\":\"Traduccion | Interpretatcion | Localizacion\",\"publisher\":{\"@id\":\"https:\/\/www.transcultures.com\/es\/#organization\"},\"potentialAction\":[{\"@type\":\"SearchAction\",\"target\":{\"@type\":\"EntryPoint\",\"urlTemplate\":\"https:\/\/www.transcultures.com\/es\/?s={search_term_string}\"},\"query-input\":\"required name=search_term_string\"}],\"inLanguage\":\"ES-ES\"},{\"@type\":\"Organization\",\"@id\":\"https:\/\/www.transcultures.com\/es\/#organization\",\"name\":\"TransCulturas\",\"url\":\"https:\/\/www.transcultures.com\/es\/\",\"logo\":{\"@type\":\"ImageObject\",\"inLanguage\":\"ES-ES\",\"@id\":\"https:\/\/www.transcultures.com\/es\/#\/schema\/logo\/image\/\",\"url\":\"https:\/\/www.transcultures.com\/wp-content\/uploads\/2015\/01\/TransCultures_Logo2.png\",\"contentUrl\":\"https:\/\/www.transcultures.com\/wp-content\/uploads\/2015\/01\/TransCultures_Logo2.png\",\"width\":347,\"height\":100,\"caption\":\"TransCulturas\"},\"image\":{\"@id\":\"https:\/\/www.transcultures.com\/es\/#\/schema\/logo\/image\/\"},\"sameAs\":[\"http:\/\/www.facebook.com\/TransCulturesLLC\",\"https:\/\/twitter.com\/TransCultures\"]}]}<\/script>\n<!-- \/ Yoast SEO plugin. -->","yoast_head_json":{"title":"TRADUCCION E INTERPRETACION\u00a0","description":"TransCultures provides translation and interpretation in Chicago, around the World. Arabic Translation, Arabic interpretation, Legal interpretation, Medical","robots":{"index":"index","follow":"follow","max-snippet":"max-snippet:-1","max-image-preview":"max-image-preview:large","max-video-preview":"max-video-preview:-1"},"canonical":"https:\/\/www.transcultures.com\/es\/traduccion-e-interpretacion\/","og_locale":"es_ES","og_type":"article","og_title":"TRADUCCION E INTERPRETACION\u00a0","og_description":"TransCultures provides translation and interpretation in Chicago, around the World. Arabic Translation, Arabic interpretation, Legal interpretation, Medical","og_url":"https:\/\/www.transcultures.com\/es\/traduccion-e-interpretacion\/","og_site_name":"TransCulturas","article_publisher":"http:\/\/www.facebook.com\/TransCulturesLLC","article_modified_time":"2021-05-09T18:01:16+00:00","og_image":[{"width":1170,"height":365,"url":"https:\/\/www.transcultures.com\/wp-content\/uploads\/2013\/09\/Chicago-Translation-Interpretation.png","type":"image\/png"}],"twitter_misc":{"Est. reading time":"2 minutes"},"schema":{"@context":"https:\/\/schema.org","@graph":[{"@type":"WebPage","@id":"https:\/\/www.transcultures.com\/es\/traduccion-e-interpretacion\/","url":"https:\/\/www.transcultures.com\/es\/traduccion-e-interpretacion\/","name":"TRADUCCION E INTERPRETACION\u00a0","isPartOf":{"@id":"https:\/\/www.transcultures.com\/es\/#website"},"datePublished":"2013-09-19T15:47:26+00:00","dateModified":"2021-05-09T18:01:16+00:00","description":"TransCultures provides translation and interpretation in Chicago, around the World. Arabic Translation, Arabic interpretation, Legal interpretation, Medical","breadcrumb":{"@id":"https:\/\/www.transcultures.com\/es\/traduccion-e-interpretacion\/#breadcrumb"},"inLanguage":"ES-ES","potentialAction":[{"@type":"ReadAction","target":["https:\/\/www.transcultures.com\/es\/traduccion-e-interpretacion\/"]}]},{"@type":"BreadcrumbList","@id":"https:\/\/www.transcultures.com\/es\/traduccion-e-interpretacion\/#breadcrumb","itemListElement":[{"@type":"ListItem","position":1,"name":"Home","item":"https:\/\/www.transcultures.com\/es\/"},{"@type":"ListItem","position":2,"name":"TRADUCCION E INTERPRETACION"}]},{"@type":"WebSite","@id":"https:\/\/www.transcultures.com\/es\/#website","url":"https:\/\/www.transcultures.com\/es\/","name":"TransCulturas","description":"Traduccion | Interpretatcion | Localizacion","publisher":{"@id":"https:\/\/www.transcultures.com\/es\/#organization"},"potentialAction":[{"@type":"SearchAction","target":{"@type":"EntryPoint","urlTemplate":"https:\/\/www.transcultures.com\/es\/?s={search_term_string}"},"query-input":"required name=search_term_string"}],"inLanguage":"ES-ES"},{"@type":"Organization","@id":"https:\/\/www.transcultures.com\/es\/#organization","name":"TransCulturas","url":"https:\/\/www.transcultures.com\/es\/","logo":{"@type":"ImageObject","inLanguage":"ES-ES","@id":"https:\/\/www.transcultures.com\/es\/#\/schema\/logo\/image\/","url":"https:\/\/www.transcultures.com\/wp-content\/uploads\/2015\/01\/TransCultures_Logo2.png","contentUrl":"https:\/\/www.transcultures.com\/wp-content\/uploads\/2015\/01\/TransCultures_Logo2.png","width":347,"height":100,"caption":"TransCulturas"},"image":{"@id":"https:\/\/www.transcultures.com\/es\/#\/schema\/logo\/image\/"},"sameAs":["http:\/\/www.facebook.com\/TransCulturesLLC","https:\/\/twitter.com\/TransCultures"]}]}},"_links":{"self":[{"href":"https:\/\/www.transcultures.com\/es\/wp-json\/wp\/v2\/pages\/7824"}],"collection":[{"href":"https:\/\/www.transcultures.com\/es\/wp-json\/wp\/v2\/pages"}],"about":[{"href":"https:\/\/www.transcultures.com\/es\/wp-json\/wp\/v2\/types\/page"}],"author":[{"embeddable":true,"href":"https:\/\/www.transcultures.com\/es\/wp-json\/wp\/v2\/users\/1"}],"replies":[{"embeddable":true,"href":"https:\/\/www.transcultures.com\/es\/wp-json\/wp\/v2\/comments?post=7824"}],"version-history":[{"count":0,"href":"https:\/\/www.transcultures.com\/es\/wp-json\/wp\/v2\/pages\/7824\/revisions"}],"wp:featuredmedia":[{"embeddable":true,"href":"https:\/\/www.transcultures.com\/es\/wp-json\/wp\/v2\/media\/7730"}],"wp:attachment":[{"href":"https:\/\/www.transcultures.com\/es\/wp-json\/wp\/v2\/media?parent=7824"}],"wp:term":[{"taxonomy":"category","embeddable":true,"href":"https:\/\/www.transcultures.com\/es\/wp-json\/wp\/v2\/categories?post=7824"},{"taxonomy":"post_tag","embeddable":true,"href":"https:\/\/www.transcultures.com\/es\/wp-json\/wp\/v2\/tags?post=7824"}],"curies":[{"name":"wp","href":"https:\/\/api.w.org\/{rel}","templated":true}]}}