{"id":7820,"date":"2015-04-03T04:45:58","date_gmt":"2015-04-03T04:45:58","guid":{"rendered":"https:\/\/www.transcultures.com\/?page_id=7820"},"modified":"2021-05-10T23:22:08","modified_gmt":"2021-05-10T23:22:08","slug":"pacientes-internacionales","status":"publish","type":"page","link":"https:\/\/www.transcultures.com\/es\/pacientes-internacionales\/","title":{"rendered":"Servicios Para Pacientes Internacionales"},"content":{"rendered":"\n<p>TransCultures trabaja en estrecha colaboraci\u00f3n con los centros de salud de todo el mundo para desarrollar programas globales para el paciente. Ofrecemos una variedad de soluciones para satisfacer las crecientes necesidades de los hospitales y centros de salud para atraer pacientes internacionales y desarrollar una atenci\u00f3n exitosa para el paciente internacional. Tener en cuenta la cultura es clave para el \u00e9xito de los programas para pacientes internacionales. Los servicios para pacientes internacionales son soluciones hechas a medida por los principales centros de salud a trav\u00e9s de una amplia gama de servicios que incluyen:<\/p>\n\n\n\n<p>&#8211; El desarrollo del programa<\/p>\n\n\n\n<p>&#8211; Estrategia de marketing global<\/p>\n\n\n\n<p>&#8211; Apoyo a conferencias globales sobre salud<\/p>\n\n\n\n<p>&#8211; La formaci\u00f3n de personal intercultural<\/p>\n\n\n\n<p>&#8211; Servicios de traducci\u00f3n e interpretaci\u00f3n<\/p>\n\n\n\n<p>TransCultures dise\u00f1a e implementa soluciones para atender espec\u00edficamente las necesidades crecientes de los hospitales y otros profesionales sanitarios en el desarrollo de un programa exitoso para el paciente internacional. Ofrecemos talleres y soluciones que los profesionales de salud y las instalaciones necesitan para satisfacer la creciente demanda del sector.<\/p>\n\n\n\n<p><strong>COMPETENCIA CULTURAL PARA LA ATENCION MEDICA<\/strong><\/p>\n\n\n\n<p>Competencia Cultural en la atenci\u00f3n sanitaria es un taller de formaci\u00f3n para profesionales sanitarios dise\u00f1ado para cumplir con las normas del Departamento de Salud y Servicios Humanos (HHS) de CLAS (Formaci\u00f3n de servicios cultural y ling\u00fc\u00edsticamente apropiados), y sirve como un desarrollo profesional y un taller de educaci\u00f3n continua para los profesionales sanitarios. La competencia cultural es clave en los centros de salud y para que los profesionales puedan tratar a pacientes de diversas culturas. TransCultures forma a profesionales sanitarios sobre los Est\u00e1ndares Nacionales para los servicios cultural y ling\u00fc\u00edsticamente apropiados en la asistencia sanitaria, adem\u00e1s de una comunicaci\u00f3n cultural en los centros sanitarios. Los talleres de competencia cultural se proponen como un medio para corregir las desigualdades que actualmente existen en la prestaci\u00f3n de servicios sanitarios y para que estos servicios respondan mejor a las distintas necesidades de los pacientes. Los talleres de formaci\u00f3n cultural para profesionales sanitarios incluyen todas las culturas sin limitarse a un grupo poblacional en particular. Sin embargo, est\u00e1n especialmente dise\u00f1ados para atender las necesidades de los grupos raciales, \u00e9tnicos y ling\u00fc\u00edsticos que experimentan un acceso desigual a los servicios sanitarios. Por \u00faltimo, los talleres de competencia cultural para los profesionales sanitarios contribuyen a la eliminaci\u00f3n de las disparidades raciales y \u00e9tnicas y mejoran la salud de todos los pacientes, a la vez que proporcionan un servicio culturalmente competente al paciente.<\/p>\n\n\n\n<p>TransCultures trabaja en estrecha colaboraci\u00f3n con los profesionales sanitarios y su personal form\u00e1ndoles para cumplir con las directrices federales, mientras desarrollan una competencia cultural, y unas habilidades de comunicaci\u00f3n cultural para tratar mejor a los distintos pacientes.<\/p>\n","protected":false},"excerpt":{"rendered":"<p>TransCultures trabaja en estrecha colaboraci\u00f3n con los centros de salud de todo el mundo para desarrollar programas globales para el paciente. Ofrecemos una variedad de soluciones para satisfacer las crecientes necesidades de los hospitales y centros de salud para atraer pacientes internacionales y desarrollar una atenci\u00f3n exitosa para el paciente internacional. Tener en cuenta la &hellip;<\/p>\n<p class=\"read-more\"> <a class=\"\" href=\"https:\/\/www.transcultures.com\/es\/pacientes-internacionales\/\"> <span class=\"screen-reader-text\">Servicios Para Pacientes Internacionales<\/span> Read More \u00bb<\/a><\/p>\n","protected":false},"author":1,"featured_media":7665,"parent":0,"menu_order":0,"comment_status":"closed","ping_status":"open","template":"","meta":{"site-sidebar-layout":"default","site-content-layout":"default","ast-global-header-display":"","ast-main-header-display":"","ast-hfb-above-header-display":"","ast-hfb-below-header-display":"","ast-hfb-mobile-header-display":"","site-post-title":"","ast-breadcrumbs-content":"","ast-featured-img":"","footer-sml-layout":"","theme-transparent-header-meta":"default","adv-header-id-meta":"","stick-header-meta":"default","header-above-stick-meta":"","header-main-stick-meta":"","header-below-stick-meta":""},"categories":[110],"tags":[],"yoast_head":"<!-- This site is optimized with the Yoast SEO plugin v20.2.1 - https:\/\/yoast.com\/wordpress\/plugins\/seo\/ -->\n<title>Servicios Para Pacientes Internacionales &bull; TransCulturas<\/title>\n<meta name=\"description\" content=\"El Servicio Paciente Internacional son soluciones para los hospitales desarrollo de programa del servicio de paciente internationales.\" \/>\n<meta name=\"robots\" content=\"index, follow, max-snippet:-1, max-image-preview:large, max-video-preview:-1\" \/>\n<link rel=\"canonical\" href=\"https:\/\/www.transcultures.com\/es\/pacientes-internacionales\/\" \/>\n<meta property=\"og:locale\" content=\"es_ES\" \/>\n<meta property=\"og:type\" content=\"article\" \/>\n<meta property=\"og:title\" content=\"Servicios Para Pacientes Internacionales &bull; TransCulturas\" \/>\n<meta property=\"og:description\" content=\"El Servicio Paciente Internacional son soluciones para los hospitales desarrollo de programa del servicio de paciente internationales.\" \/>\n<meta property=\"og:url\" content=\"https:\/\/www.transcultures.com\/es\/pacientes-internacionales\/\" \/>\n<meta property=\"og:site_name\" content=\"TransCulturas\" \/>\n<meta property=\"article:publisher\" content=\"http:\/\/www.facebook.com\/TransCulturesLLC\" \/>\n<meta property=\"article:modified_time\" content=\"2021-05-10T23:22:08+00:00\" \/>\n<meta property=\"og:image\" content=\"https:\/\/www.transcultures.com\/wp-content\/uploads\/2013\/09\/TransCultures-International-Patient-Services.png\" \/>\n\t<meta property=\"og:image:width\" content=\"1170\" \/>\n\t<meta property=\"og:image:height\" content=\"365\" \/>\n\t<meta property=\"og:image:type\" content=\"image\/png\" \/>\n<meta name=\"twitter:label1\" content=\"Est. reading time\" \/>\n\t<meta name=\"twitter:data1\" content=\"2 minutes\" \/>\n<script type=\"application\/ld+json\" class=\"yoast-schema-graph\">{\"@context\":\"https:\/\/schema.org\",\"@graph\":[{\"@type\":\"WebPage\",\"@id\":\"https:\/\/www.transcultures.com\/es\/pacientes-internacionales\/\",\"url\":\"https:\/\/www.transcultures.com\/es\/pacientes-internacionales\/\",\"name\":\"Servicios Para Pacientes Internacionales &bull; TransCulturas\",\"isPartOf\":{\"@id\":\"https:\/\/www.transcultures.com\/es\/#website\"},\"datePublished\":\"2015-04-03T04:45:58+00:00\",\"dateModified\":\"2021-05-10T23:22:08+00:00\",\"description\":\"El Servicio Paciente Internacional son soluciones para los hospitales desarrollo de programa del servicio de paciente internationales.\",\"breadcrumb\":{\"@id\":\"https:\/\/www.transcultures.com\/es\/pacientes-internacionales\/#breadcrumb\"},\"inLanguage\":\"ES-ES\",\"potentialAction\":[{\"@type\":\"ReadAction\",\"target\":[\"https:\/\/www.transcultures.com\/es\/pacientes-internacionales\/\"]}]},{\"@type\":\"BreadcrumbList\",\"@id\":\"https:\/\/www.transcultures.com\/es\/pacientes-internacionales\/#breadcrumb\",\"itemListElement\":[{\"@type\":\"ListItem\",\"position\":1,\"name\":\"Home\",\"item\":\"https:\/\/www.transcultures.com\/es\/\"},{\"@type\":\"ListItem\",\"position\":2,\"name\":\"Servicios Para Pacientes Internacionales\"}]},{\"@type\":\"WebSite\",\"@id\":\"https:\/\/www.transcultures.com\/es\/#website\",\"url\":\"https:\/\/www.transcultures.com\/es\/\",\"name\":\"TransCulturas\",\"description\":\"Traduccion | Interpretatcion | Localizacion\",\"publisher\":{\"@id\":\"https:\/\/www.transcultures.com\/es\/#organization\"},\"potentialAction\":[{\"@type\":\"SearchAction\",\"target\":{\"@type\":\"EntryPoint\",\"urlTemplate\":\"https:\/\/www.transcultures.com\/es\/?s={search_term_string}\"},\"query-input\":\"required name=search_term_string\"}],\"inLanguage\":\"ES-ES\"},{\"@type\":\"Organization\",\"@id\":\"https:\/\/www.transcultures.com\/es\/#organization\",\"name\":\"TransCulturas\",\"url\":\"https:\/\/www.transcultures.com\/es\/\",\"logo\":{\"@type\":\"ImageObject\",\"inLanguage\":\"ES-ES\",\"@id\":\"https:\/\/www.transcultures.com\/es\/#\/schema\/logo\/image\/\",\"url\":\"https:\/\/www.transcultures.com\/wp-content\/uploads\/2015\/01\/TransCultures_Logo2.png\",\"contentUrl\":\"https:\/\/www.transcultures.com\/wp-content\/uploads\/2015\/01\/TransCultures_Logo2.png\",\"width\":347,\"height\":100,\"caption\":\"TransCulturas\"},\"image\":{\"@id\":\"https:\/\/www.transcultures.com\/es\/#\/schema\/logo\/image\/\"},\"sameAs\":[\"http:\/\/www.facebook.com\/TransCulturesLLC\",\"https:\/\/twitter.com\/TransCultures\"]}]}<\/script>\n<!-- \/ Yoast SEO plugin. -->","yoast_head_json":{"title":"Servicios Para Pacientes Internacionales &bull; TransCulturas","description":"El Servicio Paciente Internacional son soluciones para los hospitales desarrollo de programa del servicio de paciente internationales.","robots":{"index":"index","follow":"follow","max-snippet":"max-snippet:-1","max-image-preview":"max-image-preview:large","max-video-preview":"max-video-preview:-1"},"canonical":"https:\/\/www.transcultures.com\/es\/pacientes-internacionales\/","og_locale":"es_ES","og_type":"article","og_title":"Servicios Para Pacientes Internacionales &bull; TransCulturas","og_description":"El Servicio Paciente Internacional son soluciones para los hospitales desarrollo de programa del servicio de paciente internationales.","og_url":"https:\/\/www.transcultures.com\/es\/pacientes-internacionales\/","og_site_name":"TransCulturas","article_publisher":"http:\/\/www.facebook.com\/TransCulturesLLC","article_modified_time":"2021-05-10T23:22:08+00:00","og_image":[{"width":1170,"height":365,"url":"https:\/\/www.transcultures.com\/wp-content\/uploads\/2013\/09\/TransCultures-International-Patient-Services.png","type":"image\/png"}],"twitter_misc":{"Est. reading time":"2 minutes"},"schema":{"@context":"https:\/\/schema.org","@graph":[{"@type":"WebPage","@id":"https:\/\/www.transcultures.com\/es\/pacientes-internacionales\/","url":"https:\/\/www.transcultures.com\/es\/pacientes-internacionales\/","name":"Servicios Para Pacientes Internacionales &bull; TransCulturas","isPartOf":{"@id":"https:\/\/www.transcultures.com\/es\/#website"},"datePublished":"2015-04-03T04:45:58+00:00","dateModified":"2021-05-10T23:22:08+00:00","description":"El Servicio Paciente Internacional son soluciones para los hospitales desarrollo de programa del servicio de paciente internationales.","breadcrumb":{"@id":"https:\/\/www.transcultures.com\/es\/pacientes-internacionales\/#breadcrumb"},"inLanguage":"ES-ES","potentialAction":[{"@type":"ReadAction","target":["https:\/\/www.transcultures.com\/es\/pacientes-internacionales\/"]}]},{"@type":"BreadcrumbList","@id":"https:\/\/www.transcultures.com\/es\/pacientes-internacionales\/#breadcrumb","itemListElement":[{"@type":"ListItem","position":1,"name":"Home","item":"https:\/\/www.transcultures.com\/es\/"},{"@type":"ListItem","position":2,"name":"Servicios Para Pacientes Internacionales"}]},{"@type":"WebSite","@id":"https:\/\/www.transcultures.com\/es\/#website","url":"https:\/\/www.transcultures.com\/es\/","name":"TransCulturas","description":"Traduccion | Interpretatcion | Localizacion","publisher":{"@id":"https:\/\/www.transcultures.com\/es\/#organization"},"potentialAction":[{"@type":"SearchAction","target":{"@type":"EntryPoint","urlTemplate":"https:\/\/www.transcultures.com\/es\/?s={search_term_string}"},"query-input":"required name=search_term_string"}],"inLanguage":"ES-ES"},{"@type":"Organization","@id":"https:\/\/www.transcultures.com\/es\/#organization","name":"TransCulturas","url":"https:\/\/www.transcultures.com\/es\/","logo":{"@type":"ImageObject","inLanguage":"ES-ES","@id":"https:\/\/www.transcultures.com\/es\/#\/schema\/logo\/image\/","url":"https:\/\/www.transcultures.com\/wp-content\/uploads\/2015\/01\/TransCultures_Logo2.png","contentUrl":"https:\/\/www.transcultures.com\/wp-content\/uploads\/2015\/01\/TransCultures_Logo2.png","width":347,"height":100,"caption":"TransCulturas"},"image":{"@id":"https:\/\/www.transcultures.com\/es\/#\/schema\/logo\/image\/"},"sameAs":["http:\/\/www.facebook.com\/TransCulturesLLC","https:\/\/twitter.com\/TransCultures"]}]}},"_links":{"self":[{"href":"https:\/\/www.transcultures.com\/es\/wp-json\/wp\/v2\/pages\/7820"}],"collection":[{"href":"https:\/\/www.transcultures.com\/es\/wp-json\/wp\/v2\/pages"}],"about":[{"href":"https:\/\/www.transcultures.com\/es\/wp-json\/wp\/v2\/types\/page"}],"author":[{"embeddable":true,"href":"https:\/\/www.transcultures.com\/es\/wp-json\/wp\/v2\/users\/1"}],"replies":[{"embeddable":true,"href":"https:\/\/www.transcultures.com\/es\/wp-json\/wp\/v2\/comments?post=7820"}],"version-history":[{"count":2,"href":"https:\/\/www.transcultures.com\/es\/wp-json\/wp\/v2\/pages\/7820\/revisions"}],"predecessor-version":[{"id":10022,"href":"https:\/\/www.transcultures.com\/es\/wp-json\/wp\/v2\/pages\/7820\/revisions\/10022"}],"wp:featuredmedia":[{"embeddable":true,"href":"https:\/\/www.transcultures.com\/es\/wp-json\/wp\/v2\/media\/7665"}],"wp:attachment":[{"href":"https:\/\/www.transcultures.com\/es\/wp-json\/wp\/v2\/media?parent=7820"}],"wp:term":[{"taxonomy":"category","embeddable":true,"href":"https:\/\/www.transcultures.com\/es\/wp-json\/wp\/v2\/categories?post=7820"},{"taxonomy":"post_tag","embeddable":true,"href":"https:\/\/www.transcultures.com\/es\/wp-json\/wp\/v2\/tags?post=7820"}],"curies":[{"name":"wp","href":"https:\/\/api.w.org\/{rel}","templated":true}]}}