{"id":7818,"date":"2015-04-03T04:45:46","date_gmt":"2015-04-03T04:45:46","guid":{"rendered":"https:\/\/www.transcultures.com\/?page_id=7818"},"modified":"2021-05-10T02:06:07","modified_gmt":"2021-05-10T02:06:07","slug":"formacion-intercultual","status":"publish","type":"page","link":"https:\/\/www.transcultures.com\/es\/formacion-intercultual\/","title":{"rendered":"Formacion Intercultual"},"content":{"rendered":"\n<p>Las culturas tienen un gran impacto en los valores, la comunicaci\u00f3n y la interacci\u00f3n. Con el fin de desarrollar las capacidades necesarias para una comunicaci\u00f3n intercultural acertada, los programas interculturales de TransCultures est\u00e1n dise\u00f1ados para proporcionar a altos funcionarios y empleados de la administraci\u00f3n una visi\u00f3n general de las normas culturales y para que puedan responder a preguntas sobre la vida en un determinado pa\u00eds o en una regi\u00f3n espec\u00edfica del mundo. Nuestros talleres de formaci\u00f3n est\u00e1n dise\u00f1ados para profundizar en la comprensi\u00f3n de los aspectos sociales, pol\u00edticos, econ\u00f3micos e hist\u00f3ricos que han creado valores, comportamientos y culturas empresariales y pol\u00edticas en pa\u00edses o regiones espec\u00edficas. La formaci\u00f3n intercultural proporciona a los estudiantes una comprensi\u00f3n de los factores clave que influyen en la interacci\u00f3n y comunicaci\u00f3n con personas procedentes de otras culturas. Esta formaci\u00f3n permite una mejor comprensi\u00f3n del entorno econ\u00f3mico y pol\u00edtico y puede ayudar a mejorar considerablemente la interacci\u00f3n empresarial.<\/p>\n\n\n\n<p>TransCultures dise\u00f1a programas de formaci\u00f3n intercultural para empresas y funcionarios del estado con el fin de ayudarles a hacer frente a los desaf\u00edos cada vez m\u00e1s importantes de trabajar con diferentes culturas dentro de sus \u00e1reas empresariales, de la diplomacia y de la comunicaci\u00f3n. Nuestra formaci\u00f3n ayuda al personal, altos funcionarios y empleados de la administraci\u00f3n a interactuar con los clientes y crea perspectivas sobre otras culturas de manera eficaz y respetuosa. Nuestros mentores culturales altamente cualificados ense\u00f1an a trav\u00e9s de talleres interculturales insitos en todo el mundo para organizaciones de los sectores p\u00fablico y privado. Nuestra formaci\u00f3n intercultural est\u00e1 dise\u00f1ada para lograr los objetivos de las organizaciones y cubrir sus necesidades. Adem\u00e1s, pueden adaptarse a un pa\u00eds concreto o a una regi\u00f3n (por ejemplo, Oriente Medio, el sudeste asi\u00e1tico, Am\u00e9rica Latina). Nuestros asistentes en los talleres desarrollan una comprensi\u00f3n profunda y un conocimiento de las diferencias y semejanzas entre sus culturas y la cultura del anfitri\u00f3n que pueden ayudarle a gestionar la empresa e interactuar con soltura con otras culturas.<\/p>\n","protected":false},"excerpt":{"rendered":"<p>Las culturas tienen un gran impacto en los valores, la comunicaci\u00f3n y la interacci\u00f3n. Con el fin de desarrollar las capacidades necesarias para una comunicaci\u00f3n intercultural acertada, los programas interculturales de TransCultures est\u00e1n dise\u00f1ados para proporcionar a altos funcionarios y empleados de la administraci\u00f3n una visi\u00f3n general de las normas culturales y para que puedan &hellip;<\/p>\n<p class=\"read-more\"> <a class=\"\" href=\"https:\/\/www.transcultures.com\/es\/formacion-intercultual\/\"> <span class=\"screen-reader-text\">Formacion Intercultual<\/span> Read More \u00bb<\/a><\/p>\n","protected":false},"author":1,"featured_media":7703,"parent":0,"menu_order":0,"comment_status":"closed","ping_status":"open","template":"","meta":{"site-sidebar-layout":"default","site-content-layout":"default","ast-global-header-display":"","ast-main-header-display":"","ast-hfb-above-header-display":"","ast-hfb-below-header-display":"","ast-hfb-mobile-header-display":"","site-post-title":"","ast-breadcrumbs-content":"","ast-featured-img":"","footer-sml-layout":"","theme-transparent-header-meta":"default","adv-header-id-meta":"","stick-header-meta":"default","header-above-stick-meta":"","header-main-stick-meta":"","header-below-stick-meta":""},"categories":[110],"tags":[],"yoast_head":"<!-- This site is optimized with the Yoast SEO plugin v20.2.1 - https:\/\/yoast.com\/wordpress\/plugins\/seo\/ -->\n<title>Formacion Intercultual &bull; TransCulturas<\/title>\n<meta name=\"description\" content=\"Formacion Intercultual para empresas y funcionarios del estado con el fin de ayudarles trabajar con diferentes culturas.\" \/>\n<meta name=\"robots\" content=\"index, follow, max-snippet:-1, max-image-preview:large, max-video-preview:-1\" \/>\n<link rel=\"canonical\" href=\"https:\/\/www.transcultures.com\/es\/formacion-intercultual\/\" \/>\n<meta property=\"og:locale\" content=\"es_ES\" \/>\n<meta property=\"og:type\" content=\"article\" \/>\n<meta property=\"og:title\" content=\"Formacion Intercultual &bull; TransCulturas\" \/>\n<meta property=\"og:description\" content=\"Formacion Intercultual para empresas y funcionarios del estado con el fin de ayudarles trabajar con diferentes culturas.\" \/>\n<meta property=\"og:url\" content=\"https:\/\/www.transcultures.com\/es\/formacion-intercultual\/\" \/>\n<meta property=\"og:site_name\" content=\"TransCulturas\" \/>\n<meta property=\"article:publisher\" content=\"http:\/\/www.facebook.com\/TransCulturesLLC\" \/>\n<meta property=\"article:modified_time\" content=\"2021-05-10T02:06:07+00:00\" \/>\n<meta property=\"og:image\" content=\"https:\/\/www.transcultures.com\/wp-content\/uploads\/2013\/09\/TransCultures-Cross-Cultural-Training1.png\" \/>\n\t<meta property=\"og:image:width\" content=\"1170\" \/>\n\t<meta property=\"og:image:height\" content=\"365\" \/>\n\t<meta property=\"og:image:type\" content=\"image\/png\" \/>\n<meta name=\"twitter:label1\" content=\"Est. reading time\" \/>\n\t<meta name=\"twitter:data1\" content=\"2 minutes\" \/>\n<script type=\"application\/ld+json\" class=\"yoast-schema-graph\">{\"@context\":\"https:\/\/schema.org\",\"@graph\":[{\"@type\":\"WebPage\",\"@id\":\"https:\/\/www.transcultures.com\/es\/formacion-intercultual\/\",\"url\":\"https:\/\/www.transcultures.com\/es\/formacion-intercultual\/\",\"name\":\"Formacion Intercultual &bull; TransCulturas\",\"isPartOf\":{\"@id\":\"https:\/\/www.transcultures.com\/es\/#website\"},\"datePublished\":\"2015-04-03T04:45:46+00:00\",\"dateModified\":\"2021-05-10T02:06:07+00:00\",\"description\":\"Formacion Intercultual para empresas y funcionarios del estado con el fin de ayudarles trabajar con diferentes culturas.\",\"breadcrumb\":{\"@id\":\"https:\/\/www.transcultures.com\/es\/formacion-intercultual\/#breadcrumb\"},\"inLanguage\":\"ES-ES\",\"potentialAction\":[{\"@type\":\"ReadAction\",\"target\":[\"https:\/\/www.transcultures.com\/es\/formacion-intercultual\/\"]}]},{\"@type\":\"BreadcrumbList\",\"@id\":\"https:\/\/www.transcultures.com\/es\/formacion-intercultual\/#breadcrumb\",\"itemListElement\":[{\"@type\":\"ListItem\",\"position\":1,\"name\":\"Home\",\"item\":\"https:\/\/www.transcultures.com\/es\/\"},{\"@type\":\"ListItem\",\"position\":2,\"name\":\"Formacion Intercultual\"}]},{\"@type\":\"WebSite\",\"@id\":\"https:\/\/www.transcultures.com\/es\/#website\",\"url\":\"https:\/\/www.transcultures.com\/es\/\",\"name\":\"TransCulturas\",\"description\":\"Traduccion | Interpretatcion | Localizacion\",\"publisher\":{\"@id\":\"https:\/\/www.transcultures.com\/es\/#organization\"},\"potentialAction\":[{\"@type\":\"SearchAction\",\"target\":{\"@type\":\"EntryPoint\",\"urlTemplate\":\"https:\/\/www.transcultures.com\/es\/?s={search_term_string}\"},\"query-input\":\"required name=search_term_string\"}],\"inLanguage\":\"ES-ES\"},{\"@type\":\"Organization\",\"@id\":\"https:\/\/www.transcultures.com\/es\/#organization\",\"name\":\"TransCulturas\",\"url\":\"https:\/\/www.transcultures.com\/es\/\",\"logo\":{\"@type\":\"ImageObject\",\"inLanguage\":\"ES-ES\",\"@id\":\"https:\/\/www.transcultures.com\/es\/#\/schema\/logo\/image\/\",\"url\":\"https:\/\/www.transcultures.com\/wp-content\/uploads\/2015\/01\/TransCultures_Logo2.png\",\"contentUrl\":\"https:\/\/www.transcultures.com\/wp-content\/uploads\/2015\/01\/TransCultures_Logo2.png\",\"width\":347,\"height\":100,\"caption\":\"TransCulturas\"},\"image\":{\"@id\":\"https:\/\/www.transcultures.com\/es\/#\/schema\/logo\/image\/\"},\"sameAs\":[\"http:\/\/www.facebook.com\/TransCulturesLLC\",\"https:\/\/twitter.com\/TransCultures\"]}]}<\/script>\n<!-- \/ Yoast SEO plugin. -->","yoast_head_json":{"title":"Formacion Intercultual &bull; TransCulturas","description":"Formacion Intercultual para empresas y funcionarios del estado con el fin de ayudarles trabajar con diferentes culturas.","robots":{"index":"index","follow":"follow","max-snippet":"max-snippet:-1","max-image-preview":"max-image-preview:large","max-video-preview":"max-video-preview:-1"},"canonical":"https:\/\/www.transcultures.com\/es\/formacion-intercultual\/","og_locale":"es_ES","og_type":"article","og_title":"Formacion Intercultual &bull; TransCulturas","og_description":"Formacion Intercultual para empresas y funcionarios del estado con el fin de ayudarles trabajar con diferentes culturas.","og_url":"https:\/\/www.transcultures.com\/es\/formacion-intercultual\/","og_site_name":"TransCulturas","article_publisher":"http:\/\/www.facebook.com\/TransCulturesLLC","article_modified_time":"2021-05-10T02:06:07+00:00","og_image":[{"width":1170,"height":365,"url":"https:\/\/www.transcultures.com\/wp-content\/uploads\/2013\/09\/TransCultures-Cross-Cultural-Training1.png","type":"image\/png"}],"twitter_misc":{"Est. reading time":"2 minutes"},"schema":{"@context":"https:\/\/schema.org","@graph":[{"@type":"WebPage","@id":"https:\/\/www.transcultures.com\/es\/formacion-intercultual\/","url":"https:\/\/www.transcultures.com\/es\/formacion-intercultual\/","name":"Formacion Intercultual &bull; TransCulturas","isPartOf":{"@id":"https:\/\/www.transcultures.com\/es\/#website"},"datePublished":"2015-04-03T04:45:46+00:00","dateModified":"2021-05-10T02:06:07+00:00","description":"Formacion Intercultual para empresas y funcionarios del estado con el fin de ayudarles trabajar con diferentes culturas.","breadcrumb":{"@id":"https:\/\/www.transcultures.com\/es\/formacion-intercultual\/#breadcrumb"},"inLanguage":"ES-ES","potentialAction":[{"@type":"ReadAction","target":["https:\/\/www.transcultures.com\/es\/formacion-intercultual\/"]}]},{"@type":"BreadcrumbList","@id":"https:\/\/www.transcultures.com\/es\/formacion-intercultual\/#breadcrumb","itemListElement":[{"@type":"ListItem","position":1,"name":"Home","item":"https:\/\/www.transcultures.com\/es\/"},{"@type":"ListItem","position":2,"name":"Formacion Intercultual"}]},{"@type":"WebSite","@id":"https:\/\/www.transcultures.com\/es\/#website","url":"https:\/\/www.transcultures.com\/es\/","name":"TransCulturas","description":"Traduccion | Interpretatcion | Localizacion","publisher":{"@id":"https:\/\/www.transcultures.com\/es\/#organization"},"potentialAction":[{"@type":"SearchAction","target":{"@type":"EntryPoint","urlTemplate":"https:\/\/www.transcultures.com\/es\/?s={search_term_string}"},"query-input":"required name=search_term_string"}],"inLanguage":"ES-ES"},{"@type":"Organization","@id":"https:\/\/www.transcultures.com\/es\/#organization","name":"TransCulturas","url":"https:\/\/www.transcultures.com\/es\/","logo":{"@type":"ImageObject","inLanguage":"ES-ES","@id":"https:\/\/www.transcultures.com\/es\/#\/schema\/logo\/image\/","url":"https:\/\/www.transcultures.com\/wp-content\/uploads\/2015\/01\/TransCultures_Logo2.png","contentUrl":"https:\/\/www.transcultures.com\/wp-content\/uploads\/2015\/01\/TransCultures_Logo2.png","width":347,"height":100,"caption":"TransCulturas"},"image":{"@id":"https:\/\/www.transcultures.com\/es\/#\/schema\/logo\/image\/"},"sameAs":["http:\/\/www.facebook.com\/TransCulturesLLC","https:\/\/twitter.com\/TransCultures"]}]}},"_links":{"self":[{"href":"https:\/\/www.transcultures.com\/es\/wp-json\/wp\/v2\/pages\/7818"}],"collection":[{"href":"https:\/\/www.transcultures.com\/es\/wp-json\/wp\/v2\/pages"}],"about":[{"href":"https:\/\/www.transcultures.com\/es\/wp-json\/wp\/v2\/types\/page"}],"author":[{"embeddable":true,"href":"https:\/\/www.transcultures.com\/es\/wp-json\/wp\/v2\/users\/1"}],"replies":[{"embeddable":true,"href":"https:\/\/www.transcultures.com\/es\/wp-json\/wp\/v2\/comments?post=7818"}],"version-history":[{"count":2,"href":"https:\/\/www.transcultures.com\/es\/wp-json\/wp\/v2\/pages\/7818\/revisions"}],"predecessor-version":[{"id":10020,"href":"https:\/\/www.transcultures.com\/es\/wp-json\/wp\/v2\/pages\/7818\/revisions\/10020"}],"wp:featuredmedia":[{"embeddable":true,"href":"https:\/\/www.transcultures.com\/es\/wp-json\/wp\/v2\/media\/7703"}],"wp:attachment":[{"href":"https:\/\/www.transcultures.com\/es\/wp-json\/wp\/v2\/media?parent=7818"}],"wp:term":[{"taxonomy":"category","embeddable":true,"href":"https:\/\/www.transcultures.com\/es\/wp-json\/wp\/v2\/categories?post=7818"},{"taxonomy":"post_tag","embeddable":true,"href":"https:\/\/www.transcultures.com\/es\/wp-json\/wp\/v2\/tags?post=7818"}],"curies":[{"name":"wp","href":"https:\/\/api.w.org\/{rel}","templated":true}]}}