{"id":7816,"date":"2013-02-20T17:32:26","date_gmt":"2013-02-20T17:32:26","guid":{"rendered":"https:\/\/www.transcultures.com\/?page_id=7816"},"modified":"2021-05-29T20:32:23","modified_gmt":"2021-05-29T20:32:23","slug":"programas-de-formacion-cultural","status":"publish","type":"page","link":"https:\/\/www.transcultures.com\/es\/programas-de-formacion-cultural\/","title":{"rendered":"PROGRAMAS DE FORMACION CULTURAL"},"content":{"rendered":"\n<h3>Cultural Training Programs<\/h3>\n\n\n\n<p>TransCultures ofrece una gran variedad de programas de formaci\u00f3n cultural a clientes de diversos sectores. Nuestros programas de formaci\u00f3n cultural ayudan a los expatriados y ejecutivos que est\u00e1n viajando o interactuando con clientes extranjeros a aprovechar los matices culturales e interactuar con respeto con personas de otras culturas. La formaci\u00f3n cultural es una herramienta esencial que permite a los profesionales profundizar en su conocimiento y mejorar su interacci\u00f3n con el p\u00fablico extranjero. Tanto si intenta destacar en diplomacia, vender a un nuevo cliente o tratar a nuevos pacientes, los programas culturales de TransCultures le ayudar\u00e1n a alcanzar sus metas. Nuestros programas de formaci\u00f3n ayudan a las organizaciones a entender y hacer uso de las perspectivas culturales, a interactuar de manera respetuosa con un p\u00fablico extranjero y a comunicarse con eficacia para alcanzar mejores resultados e innovar. Nuestros programas de formaci\u00f3n cultural est\u00e1n personalizados para encajar con las necesidades de nuestros clientes en los distintos sectores.<\/p>\n\n\n\n<div class=\"wp-block-image\"><figure class=\"aligncenter\"><a href=\"http:\/\/www.transcultures.com\/wp-content\/uploads\/2013\/09\/orange-logo.jpg\"><img decoding=\"async\" loading=\"lazy\" width=\"300\" height=\"73\" src=\"http:\/\/www.transcultures.com\/wp-content\/uploads\/2013\/09\/orange-logo-300x73.jpg\" alt=\"orange-logo\" class=\"wp-image-5168\" srcset=\"https:\/\/www.transcultures.com\/wp-content\/uploads\/2013\/09\/orange-logo-300x73.jpg 300w, https:\/\/www.transcultures.com\/wp-content\/uploads\/2013\/09\/orange-logo.jpg 414w\" sizes=\"(max-width: 300px) 100vw, 300px\" \/><\/a><\/figure><\/div>\n","protected":false},"excerpt":{"rendered":"<p>Cultural Training Programs TransCultures ofrece una gran variedad de programas de formaci\u00f3n cultural a clientes de diversos sectores. Nuestros programas de formaci\u00f3n cultural ayudan a los expatriados y ejecutivos que est\u00e1n viajando o interactuando con clientes extranjeros a aprovechar los matices culturales e interactuar con respeto con personas de otras culturas. La formaci\u00f3n cultural es &hellip;<\/p>\n<p class=\"read-more\"> <a class=\"\" href=\"https:\/\/www.transcultures.com\/es\/programas-de-formacion-cultural\/\"> <span class=\"screen-reader-text\">PROGRAMAS DE FORMACION CULTURAL<\/span> Read More \u00bb<\/a><\/p>\n","protected":false},"author":1,"featured_media":7698,"parent":0,"menu_order":0,"comment_status":"closed","ping_status":"open","template":"","meta":{"site-sidebar-layout":"default","site-content-layout":"default","ast-global-header-display":"","ast-main-header-display":"","ast-hfb-above-header-display":"","ast-hfb-below-header-display":"","ast-hfb-mobile-header-display":"","site-post-title":"","ast-breadcrumbs-content":"","ast-featured-img":"","footer-sml-layout":"","theme-transparent-header-meta":"default","adv-header-id-meta":"","stick-header-meta":"default","header-above-stick-meta":"","header-main-stick-meta":"","header-below-stick-meta":""},"categories":[110],"tags":[],"yoast_head":"<!-- This site is optimized with the Yoast SEO plugin v20.2.1 - https:\/\/yoast.com\/wordpress\/plugins\/seo\/ -->\n<title>Cultural Training<\/title>\n<meta name=\"description\" content=\"Cultural Training: TranCultures leading companies provides cross Cultural Training on communication, cultural competency, Business, healthcare, hospitality\" \/>\n<meta name=\"robots\" content=\"index, follow, max-snippet:-1, max-image-preview:large, max-video-preview:-1\" \/>\n<link rel=\"canonical\" href=\"https:\/\/www.transcultures.com\/es\/programas-de-formacion-cultural\/\" \/>\n<meta property=\"og:locale\" content=\"es_ES\" \/>\n<meta property=\"og:type\" content=\"article\" \/>\n<meta property=\"og:title\" content=\"Cultural Training\" \/>\n<meta property=\"og:description\" content=\"Cultural Training: TranCultures leading companies provides cross Cultural Training on communication, cultural competency, Business, healthcare, hospitality\" \/>\n<meta property=\"og:url\" content=\"https:\/\/www.transcultures.com\/es\/programas-de-formacion-cultural\/\" \/>\n<meta property=\"og:site_name\" content=\"TransCulturas\" \/>\n<meta property=\"article:publisher\" content=\"http:\/\/www.facebook.com\/TransCulturesLLC\" \/>\n<meta property=\"article:modified_time\" content=\"2021-05-29T20:32:23+00:00\" \/>\n<meta property=\"og:image\" content=\"https:\/\/www.transcultures.com\/wp-content\/uploads\/2013\/09\/TransCultures-Cross-Cultural-Training.png\" \/>\n\t<meta property=\"og:image:width\" content=\"1170\" \/>\n\t<meta property=\"og:image:height\" content=\"365\" \/>\n\t<meta property=\"og:image:type\" content=\"image\/png\" \/>\n<meta name=\"twitter:label1\" content=\"Est. reading time\" \/>\n\t<meta name=\"twitter:data1\" content=\"1 minute\" \/>\n<script type=\"application\/ld+json\" class=\"yoast-schema-graph\">{\"@context\":\"https:\/\/schema.org\",\"@graph\":[{\"@type\":\"WebPage\",\"@id\":\"https:\/\/www.transcultures.com\/es\/programas-de-formacion-cultural\/\",\"url\":\"https:\/\/www.transcultures.com\/es\/programas-de-formacion-cultural\/\",\"name\":\"Cultural Training\",\"isPartOf\":{\"@id\":\"https:\/\/www.transcultures.com\/es\/#website\"},\"datePublished\":\"2013-02-20T17:32:26+00:00\",\"dateModified\":\"2021-05-29T20:32:23+00:00\",\"description\":\"Cultural Training: TranCultures leading companies provides cross Cultural Training on communication, cultural competency, Business, healthcare, hospitality\",\"breadcrumb\":{\"@id\":\"https:\/\/www.transcultures.com\/es\/programas-de-formacion-cultural\/#breadcrumb\"},\"inLanguage\":\"ES-ES\",\"potentialAction\":[{\"@type\":\"ReadAction\",\"target\":[\"https:\/\/www.transcultures.com\/es\/programas-de-formacion-cultural\/\"]}]},{\"@type\":\"BreadcrumbList\",\"@id\":\"https:\/\/www.transcultures.com\/es\/programas-de-formacion-cultural\/#breadcrumb\",\"itemListElement\":[{\"@type\":\"ListItem\",\"position\":1,\"name\":\"Home\",\"item\":\"https:\/\/www.transcultures.com\/es\/\"},{\"@type\":\"ListItem\",\"position\":2,\"name\":\"PROGRAMAS DE FORMACION CULTURAL\"}]},{\"@type\":\"WebSite\",\"@id\":\"https:\/\/www.transcultures.com\/es\/#website\",\"url\":\"https:\/\/www.transcultures.com\/es\/\",\"name\":\"TransCulturas\",\"description\":\"Traduccion | Interpretatcion | Localizacion\",\"publisher\":{\"@id\":\"https:\/\/www.transcultures.com\/es\/#organization\"},\"potentialAction\":[{\"@type\":\"SearchAction\",\"target\":{\"@type\":\"EntryPoint\",\"urlTemplate\":\"https:\/\/www.transcultures.com\/es\/?s={search_term_string}\"},\"query-input\":\"required name=search_term_string\"}],\"inLanguage\":\"ES-ES\"},{\"@type\":\"Organization\",\"@id\":\"https:\/\/www.transcultures.com\/es\/#organization\",\"name\":\"TransCulturas\",\"url\":\"https:\/\/www.transcultures.com\/es\/\",\"logo\":{\"@type\":\"ImageObject\",\"inLanguage\":\"ES-ES\",\"@id\":\"https:\/\/www.transcultures.com\/es\/#\/schema\/logo\/image\/\",\"url\":\"https:\/\/www.transcultures.com\/wp-content\/uploads\/2015\/01\/TransCultures_Logo2.png\",\"contentUrl\":\"https:\/\/www.transcultures.com\/wp-content\/uploads\/2015\/01\/TransCultures_Logo2.png\",\"width\":347,\"height\":100,\"caption\":\"TransCulturas\"},\"image\":{\"@id\":\"https:\/\/www.transcultures.com\/es\/#\/schema\/logo\/image\/\"},\"sameAs\":[\"http:\/\/www.facebook.com\/TransCulturesLLC\",\"https:\/\/twitter.com\/TransCultures\"]}]}<\/script>\n<!-- \/ Yoast SEO plugin. -->","yoast_head_json":{"title":"Cultural Training","description":"Cultural Training: TranCultures leading companies provides cross Cultural Training on communication, cultural competency, Business, healthcare, hospitality","robots":{"index":"index","follow":"follow","max-snippet":"max-snippet:-1","max-image-preview":"max-image-preview:large","max-video-preview":"max-video-preview:-1"},"canonical":"https:\/\/www.transcultures.com\/es\/programas-de-formacion-cultural\/","og_locale":"es_ES","og_type":"article","og_title":"Cultural Training","og_description":"Cultural Training: TranCultures leading companies provides cross Cultural Training on communication, cultural competency, Business, healthcare, hospitality","og_url":"https:\/\/www.transcultures.com\/es\/programas-de-formacion-cultural\/","og_site_name":"TransCulturas","article_publisher":"http:\/\/www.facebook.com\/TransCulturesLLC","article_modified_time":"2021-05-29T20:32:23+00:00","og_image":[{"width":1170,"height":365,"url":"https:\/\/www.transcultures.com\/wp-content\/uploads\/2013\/09\/TransCultures-Cross-Cultural-Training.png","type":"image\/png"}],"twitter_misc":{"Est. reading time":"1 minute"},"schema":{"@context":"https:\/\/schema.org","@graph":[{"@type":"WebPage","@id":"https:\/\/www.transcultures.com\/es\/programas-de-formacion-cultural\/","url":"https:\/\/www.transcultures.com\/es\/programas-de-formacion-cultural\/","name":"Cultural Training","isPartOf":{"@id":"https:\/\/www.transcultures.com\/es\/#website"},"datePublished":"2013-02-20T17:32:26+00:00","dateModified":"2021-05-29T20:32:23+00:00","description":"Cultural Training: TranCultures leading companies provides cross Cultural Training on communication, cultural competency, Business, healthcare, hospitality","breadcrumb":{"@id":"https:\/\/www.transcultures.com\/es\/programas-de-formacion-cultural\/#breadcrumb"},"inLanguage":"ES-ES","potentialAction":[{"@type":"ReadAction","target":["https:\/\/www.transcultures.com\/es\/programas-de-formacion-cultural\/"]}]},{"@type":"BreadcrumbList","@id":"https:\/\/www.transcultures.com\/es\/programas-de-formacion-cultural\/#breadcrumb","itemListElement":[{"@type":"ListItem","position":1,"name":"Home","item":"https:\/\/www.transcultures.com\/es\/"},{"@type":"ListItem","position":2,"name":"PROGRAMAS DE FORMACION CULTURAL"}]},{"@type":"WebSite","@id":"https:\/\/www.transcultures.com\/es\/#website","url":"https:\/\/www.transcultures.com\/es\/","name":"TransCulturas","description":"Traduccion | Interpretatcion | Localizacion","publisher":{"@id":"https:\/\/www.transcultures.com\/es\/#organization"},"potentialAction":[{"@type":"SearchAction","target":{"@type":"EntryPoint","urlTemplate":"https:\/\/www.transcultures.com\/es\/?s={search_term_string}"},"query-input":"required name=search_term_string"}],"inLanguage":"ES-ES"},{"@type":"Organization","@id":"https:\/\/www.transcultures.com\/es\/#organization","name":"TransCulturas","url":"https:\/\/www.transcultures.com\/es\/","logo":{"@type":"ImageObject","inLanguage":"ES-ES","@id":"https:\/\/www.transcultures.com\/es\/#\/schema\/logo\/image\/","url":"https:\/\/www.transcultures.com\/wp-content\/uploads\/2015\/01\/TransCultures_Logo2.png","contentUrl":"https:\/\/www.transcultures.com\/wp-content\/uploads\/2015\/01\/TransCultures_Logo2.png","width":347,"height":100,"caption":"TransCulturas"},"image":{"@id":"https:\/\/www.transcultures.com\/es\/#\/schema\/logo\/image\/"},"sameAs":["http:\/\/www.facebook.com\/TransCulturesLLC","https:\/\/twitter.com\/TransCultures"]}]}},"_links":{"self":[{"href":"https:\/\/www.transcultures.com\/es\/wp-json\/wp\/v2\/pages\/7816"}],"collection":[{"href":"https:\/\/www.transcultures.com\/es\/wp-json\/wp\/v2\/pages"}],"about":[{"href":"https:\/\/www.transcultures.com\/es\/wp-json\/wp\/v2\/types\/page"}],"author":[{"embeddable":true,"href":"https:\/\/www.transcultures.com\/es\/wp-json\/wp\/v2\/users\/1"}],"replies":[{"embeddable":true,"href":"https:\/\/www.transcultures.com\/es\/wp-json\/wp\/v2\/comments?post=7816"}],"version-history":[{"count":1,"href":"https:\/\/www.transcultures.com\/es\/wp-json\/wp\/v2\/pages\/7816\/revisions"}],"predecessor-version":[{"id":10164,"href":"https:\/\/www.transcultures.com\/es\/wp-json\/wp\/v2\/pages\/7816\/revisions\/10164"}],"wp:featuredmedia":[{"embeddable":true,"href":"https:\/\/www.transcultures.com\/es\/wp-json\/wp\/v2\/media\/7698"}],"wp:attachment":[{"href":"https:\/\/www.transcultures.com\/es\/wp-json\/wp\/v2\/media?parent=7816"}],"wp:term":[{"taxonomy":"category","embeddable":true,"href":"https:\/\/www.transcultures.com\/es\/wp-json\/wp\/v2\/categories?post=7816"},{"taxonomy":"post_tag","embeddable":true,"href":"https:\/\/www.transcultures.com\/es\/wp-json\/wp\/v2\/tags?post=7816"}],"curies":[{"name":"wp","href":"https:\/\/api.w.org\/{rel}","templated":true}]}}