{"id":7814,"date":"2015-04-03T04:45:12","date_gmt":"2015-04-03T04:45:12","guid":{"rendered":"https:\/\/www.transcultures.com\/?page_id=7814"},"modified":"2015-05-01T17:46:25","modified_gmt":"2015-05-01T17:46:25","slug":"condiciones-de-uso","status":"publish","type":"page","link":"https:\/\/www.transcultures.com\/es\/condiciones-de-uso\/","title":{"rendered":"Terms of Use"},"content":{"rendered":"<p>[holo_full_width_section background_color=&#8221;#ffffff&#8221;]<\/p>\n<p>Por favor, lea los siguientes t\u00e9rminos y condiciones cuidadosamente. A las personas que visitan este sitio y su software relacionado se les pide aceptar estos t\u00e9rminos y condiciones. TransCultrures LLC se reserva el derecho de modificar o alterar este sitio web o cualquier contenido en \u00e9l, a su discreci\u00f3n y sin previo aviso y en cualquier momento.<\/p>\n<p><strong>Uso del Contenido<\/strong><\/p>\n<p>El sitio web TransCultrures LLC y todos los recursos basados en la web propiedad de TransCultrures LLC, est\u00e1n destinados a usarse de forma exclusiva para fines informativos y personales (no comerciales).<\/p>\n<p>&#8220;El contenido&#8221;, como objetivo de estos T\u00e9rminos y Condiciones, incluye pero no se limita a todas las fotograf\u00edas, im\u00e1genes, tablas, gr\u00e1ficos, ilustraciones, textos, audio, video, art\u00edculos y archivos descargables. Todo el contenido en este sitio web pertenece o esta controlado por TransCultrures LLC o cualquier otra parte acreditada con dicha pertenencia as\u00ed como el proveedor de dicho contenido o de otros materiales. Todo el contenido en TransCultrures LLC.com est\u00e1 protegido por los derechos de autor como un trabajo colectivo de conformidad con las leyes de Estados Unidos, convenciones internacionales y otras leyes de derechos de autor.<\/p>\n<p>Existen peque\u00f1as partes de contenido que se pueden descargar y guardar, incluyendo cualquier contenido que el sitio web ofrezca impl\u00edcitamente o anuncie disponible para su descarga, s\u00f3lo para uso personal. No se le concede permiso para guardar o almacenar porciones significativas o grandes de contenidos de este sitio sin autorizaci\u00f3n expresa por escrito de TransCultrures LLC, o para cualquier uso distinto al uso personal y no comercial.<\/p>\n<p>Usted no puede modificar, distribuir, transmitir, publicar, copiar, reproducir, exhibir, autorizar, crear trabajos derivados, transferir, difundir en cualquier medio de comunicaci\u00f3n, o de cualquier manera explotar cualquiera de los contenidos, materiales o software, de forma completa o parcial<\/p>\n<p><strong>Renuncia y Responsabilidad<\/strong><\/p>\n<p>Al utilizar este sitio, usted se compromete a utilizar el sitio y todos los servicios y el software incluidos en \u00e9l bajo su responsabilidad. Ni TransCultrures LLC ni ninguna parte involucrada en la producci\u00f3n, la creaci\u00f3n o el desarrollo del sitio web ser\u00e1n responsables de ninguna p\u00e9rdida directa, especial, indirecta, como consecuencia de, accidental, p\u00e9rdida o da\u00f1os derivados de la utilizaci\u00f3n de este sitio o de los servicios o software conectados a la misma, o de cualquier sitio web o servicio externo vinculados a este sitio. Esto incluye pero no se limita a la p\u00e9rdida o da\u00f1os de los datos, beneficios, uso o bienes. TransCultrures LLC no garantiza que la funcionalidad del sitio web estar\u00e1 libre de errores, sin interrupci\u00f3n, o que el sitio o el servidor que aloja el mismo estar\u00e1 libre de virus u otros elementos lesivos en todo momento.<\/p>\n<p>Toda la informaci\u00f3n y contenido de TransCultrures LLC o de un tercero se proporciona en este sitio &#8220;tal cual&#8221;. No hacemos ninguna representaci\u00f3n ni garant\u00eda de ning\u00fan tipo, expresa o impl\u00edcita, acerca de la disponibilidad, fiabilidad, integridad, idoneidad, o la precisi\u00f3n con respecto a la p\u00e1gina web o la informaci\u00f3n, los servicios, el software o los v\u00eddeos relacionados y gr\u00e1ficos en la p\u00e1gina web.<\/p>\n<p>Aunque hacemos todo lo posible para mantener la funcionalidad de este sitio y los sistemas que proporcionan un funcionamiento correcto, no asumimos ninguna responsabilidad por el sitio web o cualquiera de los servicios o software internos no disponibles debido a problemas t\u00e9cnicos fuera de nuestro control. Asimismo, no seremos responsables por cualquier inconveniencia, p\u00e9rdida o da\u00f1os que resulten de estas cuestiones t\u00e9cnicas.<\/p>\n<p><strong>Enlaces externos<\/strong><\/p>\n<p>Los enlaces a los proveedores de terceras partes o enlaces externos son proporcionados por TransCultrures LLC como una conveniencia a los usuarios de este sitio y su software y materiales relacionados. La presencia de dichos enlaces no representa ni implica que TransCultrures LLC respalda los materiales, productos, o puntos de vista que se encuentran dentro de ellos. Asimismo, TransCultrures LLC no garantiza el acceso a todos los sitios o lugares externos, ni es responsable de la exactitud o la fiabilidad del contenido, software, materiales o en estos lugares externos.<\/p>\n<p><strong>Legislaci\u00f3n vigente<\/strong><\/p>\n<p>El sitio web TransCultrures LLC esta controlado por TransCultrures LLC desde su sede en Chicago, IL. Todas las controversias o reclamaciones relacionadas con asuntos sobre el acceso o uso de este sitio web se regir\u00e1n por la ley federal de EE.UU. o las leyes del estado de Illinois. Al utilizar este sitio y su software relacionado, usted se compromete a enmarcar todos los asuntos legales en estas jurisdicciones.<\/p>\n<p><strong>Las marcas comerciales y derechos de autor<\/strong><\/p>\n<p>Todas las marcas comerciales, marcas de servicio y logotipos (colectivamente denominadas &#8220;Marcas&#8221;) que aparecen en el sitio web TransCultrures LLC y todo el software relacionado son propiedad exclusiva de, TransCultures LLC, u otras partes. Todo el contenido utilizado que no pertenezca a TransCultrures LLC se basa en el permiso exclusivo concedido a TransCultrures LLC para tal uso. Todos los derechos sobre estos materiales pertenecen a los respectivos propietarios. Nada de lo publicado en el sitio web TransCultrures LLC debe ser interpretado como una concesi\u00f3n de derecho de uso o autorizaci\u00f3n de la marca registrada sin el permiso previo por escrito de la parte a la que pertenece la marca registrada.<\/p>\n<p><strong>Uso ilegal<\/strong><\/p>\n<p>No se podr\u00e1 acceder, utilizar o descargar contenido, software, productos o materiales contenidos en el sitio TransCultrures LLC o su software relacionado en violaci\u00f3n de las leyes o reglamentos de los Estados Unidos, o en violaci\u00f3n de cualquier ley o regulaci\u00f3n aplicable. No puede acceder, utilizar o descargar cualquiera de tales informaciones o contenidos que puedan da\u00f1ar, deteriorar, o deshabilitar el sitio TransCultrures LLC o cualquiera de su software relacionado. Asimismo no intente obtener acceso no autorizado a cualquier parte de este sitio web, su software o servicios relacionados, o cualquier base de datos o red que pertenezca a TransCultrures LLC, a trav\u00e9s de la extracci\u00f3n de contrase\u00f1as, pirater\u00eda, o cualquier otro medio.<\/p>\n<p>[\/holo_full_width_section]<\/p>\n","protected":false},"excerpt":{"rendered":"<p>[holo_full_width_section background_color=&#8221;#ffffff&#8221;] Por favor, lea los siguientes t\u00e9rminos y condiciones cuidadosamente. A las personas que visitan este sitio y su software relacionado se les pide aceptar estos t\u00e9rminos y condiciones. TransCultrures LLC se reserva el derecho de modificar o alterar este sitio web o cualquier contenido en \u00e9l, a su discreci\u00f3n y sin previo aviso &hellip;<\/p>\n<p class=\"read-more\"> <a class=\"\" href=\"https:\/\/www.transcultures.com\/es\/condiciones-de-uso\/\"> <span class=\"screen-reader-text\">Terms of Use<\/span> Read More \u00bb<\/a><\/p>\n","protected":false},"author":1,"featured_media":0,"parent":0,"menu_order":0,"comment_status":"closed","ping_status":"open","template":"","meta":{"site-sidebar-layout":"default","site-content-layout":"default","ast-global-header-display":"","ast-main-header-display":"","ast-hfb-above-header-display":"","ast-hfb-below-header-display":"","ast-hfb-mobile-header-display":"","site-post-title":"","ast-breadcrumbs-content":"","ast-featured-img":"","footer-sml-layout":"","theme-transparent-header-meta":"default","adv-header-id-meta":"","stick-header-meta":"","header-above-stick-meta":"","header-main-stick-meta":"","header-below-stick-meta":""},"categories":[],"tags":[],"yoast_head":"<!-- This site is optimized with the Yoast SEO plugin v20.2.1 - https:\/\/yoast.com\/wordpress\/plugins\/seo\/ -->\n<title>CONDICIONES DE USO<\/title>\n<meta name=\"robots\" content=\"index, follow, max-snippet:-1, max-image-preview:large, max-video-preview:-1\" \/>\n<link rel=\"canonical\" href=\"https:\/\/www.transcultures.com\/es\/condiciones-de-uso\/\" \/>\n<meta property=\"og:locale\" content=\"es_ES\" \/>\n<meta property=\"og:type\" content=\"article\" \/>\n<meta property=\"og:title\" content=\"CONDICIONES DE USO\" \/>\n<meta property=\"og:description\" content=\"[holo_full_width_section background_color=&#8221;#ffffff&#8221;] Por favor, lea los siguientes t\u00e9rminos y condiciones cuidadosamente. A las personas que visitan este sitio y su software relacionado se les pide aceptar estos t\u00e9rminos y condiciones. TransCultrures LLC se reserva el derecho de modificar o alterar este sitio web o cualquier contenido en \u00e9l, a su discreci\u00f3n y sin previo aviso &hellip; Terms of Use Read More \u00bb\" \/>\n<meta property=\"og:url\" content=\"https:\/\/www.transcultures.com\/es\/condiciones-de-uso\/\" \/>\n<meta property=\"og:site_name\" content=\"TransCulturas\" \/>\n<meta property=\"article:publisher\" content=\"http:\/\/www.facebook.com\/TransCulturesLLC\" \/>\n<meta property=\"article:modified_time\" content=\"2015-05-01T17:46:25+00:00\" \/>\n<meta name=\"twitter:label1\" content=\"Est. reading time\" \/>\n\t<meta name=\"twitter:data1\" content=\"5 minutes\" \/>\n<script type=\"application\/ld+json\" class=\"yoast-schema-graph\">{\"@context\":\"https:\/\/schema.org\",\"@graph\":[{\"@type\":\"WebPage\",\"@id\":\"https:\/\/www.transcultures.com\/es\/condiciones-de-uso\/\",\"url\":\"https:\/\/www.transcultures.com\/es\/condiciones-de-uso\/\",\"name\":\"CONDICIONES DE USO\",\"isPartOf\":{\"@id\":\"https:\/\/www.transcultures.com\/es\/#website\"},\"datePublished\":\"2015-04-03T04:45:12+00:00\",\"dateModified\":\"2015-05-01T17:46:25+00:00\",\"breadcrumb\":{\"@id\":\"https:\/\/www.transcultures.com\/es\/condiciones-de-uso\/#breadcrumb\"},\"inLanguage\":\"ES-ES\",\"potentialAction\":[{\"@type\":\"ReadAction\",\"target\":[\"https:\/\/www.transcultures.com\/es\/condiciones-de-uso\/\"]}]},{\"@type\":\"BreadcrumbList\",\"@id\":\"https:\/\/www.transcultures.com\/es\/condiciones-de-uso\/#breadcrumb\",\"itemListElement\":[{\"@type\":\"ListItem\",\"position\":1,\"name\":\"Home\",\"item\":\"https:\/\/www.transcultures.com\/es\/\"},{\"@type\":\"ListItem\",\"position\":2,\"name\":\"Terms of Use\"}]},{\"@type\":\"WebSite\",\"@id\":\"https:\/\/www.transcultures.com\/es\/#website\",\"url\":\"https:\/\/www.transcultures.com\/es\/\",\"name\":\"TransCulturas\",\"description\":\"Traduccion | Interpretatcion | Localizacion\",\"publisher\":{\"@id\":\"https:\/\/www.transcultures.com\/es\/#organization\"},\"potentialAction\":[{\"@type\":\"SearchAction\",\"target\":{\"@type\":\"EntryPoint\",\"urlTemplate\":\"https:\/\/www.transcultures.com\/es\/?s={search_term_string}\"},\"query-input\":\"required name=search_term_string\"}],\"inLanguage\":\"ES-ES\"},{\"@type\":\"Organization\",\"@id\":\"https:\/\/www.transcultures.com\/es\/#organization\",\"name\":\"TransCulturas\",\"url\":\"https:\/\/www.transcultures.com\/es\/\",\"logo\":{\"@type\":\"ImageObject\",\"inLanguage\":\"ES-ES\",\"@id\":\"https:\/\/www.transcultures.com\/es\/#\/schema\/logo\/image\/\",\"url\":\"https:\/\/www.transcultures.com\/wp-content\/uploads\/2015\/01\/TransCultures_Logo2.png\",\"contentUrl\":\"https:\/\/www.transcultures.com\/wp-content\/uploads\/2015\/01\/TransCultures_Logo2.png\",\"width\":347,\"height\":100,\"caption\":\"TransCulturas\"},\"image\":{\"@id\":\"https:\/\/www.transcultures.com\/es\/#\/schema\/logo\/image\/\"},\"sameAs\":[\"http:\/\/www.facebook.com\/TransCulturesLLC\",\"https:\/\/twitter.com\/TransCultures\"]}]}<\/script>\n<!-- \/ Yoast SEO plugin. -->","yoast_head_json":{"title":"CONDICIONES DE USO","robots":{"index":"index","follow":"follow","max-snippet":"max-snippet:-1","max-image-preview":"max-image-preview:large","max-video-preview":"max-video-preview:-1"},"canonical":"https:\/\/www.transcultures.com\/es\/condiciones-de-uso\/","og_locale":"es_ES","og_type":"article","og_title":"CONDICIONES DE USO","og_description":"[holo_full_width_section background_color=&#8221;#ffffff&#8221;] Por favor, lea los siguientes t\u00e9rminos y condiciones cuidadosamente. A las personas que visitan este sitio y su software relacionado se les pide aceptar estos t\u00e9rminos y condiciones. TransCultrures LLC se reserva el derecho de modificar o alterar este sitio web o cualquier contenido en \u00e9l, a su discreci\u00f3n y sin previo aviso &hellip; Terms of Use Read More \u00bb","og_url":"https:\/\/www.transcultures.com\/es\/condiciones-de-uso\/","og_site_name":"TransCulturas","article_publisher":"http:\/\/www.facebook.com\/TransCulturesLLC","article_modified_time":"2015-05-01T17:46:25+00:00","twitter_misc":{"Est. reading time":"5 minutes"},"schema":{"@context":"https:\/\/schema.org","@graph":[{"@type":"WebPage","@id":"https:\/\/www.transcultures.com\/es\/condiciones-de-uso\/","url":"https:\/\/www.transcultures.com\/es\/condiciones-de-uso\/","name":"CONDICIONES DE USO","isPartOf":{"@id":"https:\/\/www.transcultures.com\/es\/#website"},"datePublished":"2015-04-03T04:45:12+00:00","dateModified":"2015-05-01T17:46:25+00:00","breadcrumb":{"@id":"https:\/\/www.transcultures.com\/es\/condiciones-de-uso\/#breadcrumb"},"inLanguage":"ES-ES","potentialAction":[{"@type":"ReadAction","target":["https:\/\/www.transcultures.com\/es\/condiciones-de-uso\/"]}]},{"@type":"BreadcrumbList","@id":"https:\/\/www.transcultures.com\/es\/condiciones-de-uso\/#breadcrumb","itemListElement":[{"@type":"ListItem","position":1,"name":"Home","item":"https:\/\/www.transcultures.com\/es\/"},{"@type":"ListItem","position":2,"name":"Terms of Use"}]},{"@type":"WebSite","@id":"https:\/\/www.transcultures.com\/es\/#website","url":"https:\/\/www.transcultures.com\/es\/","name":"TransCulturas","description":"Traduccion | Interpretatcion | Localizacion","publisher":{"@id":"https:\/\/www.transcultures.com\/es\/#organization"},"potentialAction":[{"@type":"SearchAction","target":{"@type":"EntryPoint","urlTemplate":"https:\/\/www.transcultures.com\/es\/?s={search_term_string}"},"query-input":"required name=search_term_string"}],"inLanguage":"ES-ES"},{"@type":"Organization","@id":"https:\/\/www.transcultures.com\/es\/#organization","name":"TransCulturas","url":"https:\/\/www.transcultures.com\/es\/","logo":{"@type":"ImageObject","inLanguage":"ES-ES","@id":"https:\/\/www.transcultures.com\/es\/#\/schema\/logo\/image\/","url":"https:\/\/www.transcultures.com\/wp-content\/uploads\/2015\/01\/TransCultures_Logo2.png","contentUrl":"https:\/\/www.transcultures.com\/wp-content\/uploads\/2015\/01\/TransCultures_Logo2.png","width":347,"height":100,"caption":"TransCulturas"},"image":{"@id":"https:\/\/www.transcultures.com\/es\/#\/schema\/logo\/image\/"},"sameAs":["http:\/\/www.facebook.com\/TransCulturesLLC","https:\/\/twitter.com\/TransCultures"]}]}},"_links":{"self":[{"href":"https:\/\/www.transcultures.com\/es\/wp-json\/wp\/v2\/pages\/7814"}],"collection":[{"href":"https:\/\/www.transcultures.com\/es\/wp-json\/wp\/v2\/pages"}],"about":[{"href":"https:\/\/www.transcultures.com\/es\/wp-json\/wp\/v2\/types\/page"}],"author":[{"embeddable":true,"href":"https:\/\/www.transcultures.com\/es\/wp-json\/wp\/v2\/users\/1"}],"replies":[{"embeddable":true,"href":"https:\/\/www.transcultures.com\/es\/wp-json\/wp\/v2\/comments?post=7814"}],"version-history":[{"count":0,"href":"https:\/\/www.transcultures.com\/es\/wp-json\/wp\/v2\/pages\/7814\/revisions"}],"wp:attachment":[{"href":"https:\/\/www.transcultures.com\/es\/wp-json\/wp\/v2\/media?parent=7814"}],"wp:term":[{"taxonomy":"category","embeddable":true,"href":"https:\/\/www.transcultures.com\/es\/wp-json\/wp\/v2\/categories?post=7814"},{"taxonomy":"post_tag","embeddable":true,"href":"https:\/\/www.transcultures.com\/es\/wp-json\/wp\/v2\/tags?post=7814"}],"curies":[{"name":"wp","href":"https:\/\/api.w.org\/{rel}","templated":true}]}}