{"id":7793,"date":"2013-02-20T19:40:40","date_gmt":"2013-02-20T19:40:40","guid":{"rendered":"https:\/\/www.transcultures.com\/?page_id=7793"},"modified":"2021-05-29T20:29:33","modified_gmt":"2021-05-29T20:29:33","slug":"prueba-de-conocimiento-de-idiomas","status":"publish","type":"page","link":"https:\/\/www.transcultures.com\/es\/prueba-de-conocimiento-de-idiomas\/","title":{"rendered":"PRUEBA DE CONOCIMIENTO DE IDIOMAS"},"content":{"rendered":"\n<p>TransCultures ofrece una prueba de conocimiento de idiomas para empresas, organizaciones sin \u00e1nimo de lucro y agencias gubernamentales de todo el mundo. Como consecuencia del creciente nivel del comercio internacional, la actividad econ\u00f3mica, la interacci\u00f3n diplom\u00e1tica y la integraci\u00f3n pol\u00edtica, ha aumentado notablemente la necesidad de una prueba minuciosa y objetiva para los profesionales internacionales multiling\u00fces. TransCultures dise\u00f1a y supervisa la prueba de conocimiento del idioma en m\u00e1s de 100 idiomas. Nuestras pruebas garantizan que los empleados poseen las aptitudes requeridas para el idioma extranjero y realizan tareas relacionadas con dicho idioma de manera competente. Aquellos profesionales que interact\u00faan rec\u00edprocamente en un idioma extranjero con socios en los negocios y socios internacionales, necesitan unas aptitudes ling\u00fc\u00edsticas espec\u00edficas del sector para comunicarse correctamente y con precisi\u00f3n en el entorno empresarial. Las pruebas de idiomas de TransCultures cumplen los est\u00e1ndares nacionales e internacionales para instituciones acad\u00e9micas, empresas y el gobierno, como por ejemplo el Consejo americano para la ense\u00f1anza de lenguas extranjeras (ACTFL, sus siglas en ingl\u00e9s) y el Instituto americano de Idiomas de Defensa (DLI, sus siglas en ingl\u00e9s). Desarrollamos y adaptamos constantemente nuestras pruebas para estar en la vanguardia de los sectores, as\u00ed como para dar respuesta a las necesidades crecientes de nuestros clientes.&nbsp;<\/p>\n\n\n\n<p><strong>La prueba de conocimiento de idiomas proporciona las siguientes ventajas:&nbsp;<\/strong><\/p>\n\n\n\n<p>\u2022 Ofrece a los empresarios la oportunidad de evaluar de manera precisa las habilidades de su personal para adaptarlas a las necesidades de la organizaci\u00f3n.&nbsp;<\/p>\n\n\n\n<p>\u2022 Ayuda a los empresarios a crear est\u00e1ndares para la contrataci\u00f3n, evaluaci\u00f3n y descripci\u00f3n de las funciones.&nbsp;<\/p>\n\n\n\n<p>\u2022 Crea la infraestructura a trav\u00e9s de la cual se monitorea y consigue la mejora del nivel de conocimiento del idioma.&nbsp;<\/p>\n\n\n\n<p>\u2022 Proporciona un lugar preciso para las instituciones de formaci\u00f3n ling\u00fc\u00edstica a la hora de preparar las clases de idiomas oportunas que cubran las necesidades de la empresa.\u00a0<\/p>\n","protected":false},"excerpt":{"rendered":"<p>TransCultures ofrece una prueba de conocimiento de idiomas para empresas, organizaciones sin \u00e1nimo de lucro y agencias gubernamentales de todo el mundo. Como consecuencia del creciente nivel del comercio internacional, la actividad econ\u00f3mica, la interacci\u00f3n diplom\u00e1tica y la integraci\u00f3n pol\u00edtica, ha aumentado notablemente la necesidad de una prueba minuciosa y objetiva para los profesionales internacionales &hellip;<\/p>\n<p class=\"read-more\"> <a class=\"\" href=\"https:\/\/www.transcultures.com\/es\/prueba-de-conocimiento-de-idiomas\/\"> <span class=\"screen-reader-text\">PRUEBA DE CONOCIMIENTO DE IDIOMAS<\/span> Read More \u00bb<\/a><\/p>\n","protected":false},"author":1,"featured_media":7707,"parent":0,"menu_order":0,"comment_status":"closed","ping_status":"open","template":"","meta":{"site-sidebar-layout":"default","site-content-layout":"default","ast-global-header-display":"","ast-main-header-display":"","ast-hfb-above-header-display":"","ast-hfb-below-header-display":"","ast-hfb-mobile-header-display":"","site-post-title":"","ast-breadcrumbs-content":"","ast-featured-img":"","footer-sml-layout":"","theme-transparent-header-meta":"default","adv-header-id-meta":"","stick-header-meta":"default","header-above-stick-meta":"","header-main-stick-meta":"","header-below-stick-meta":""},"categories":[109],"tags":[],"yoast_head":"<!-- This site is optimized with the Yoast SEO plugin v20.2.1 - https:\/\/yoast.com\/wordpress\/plugins\/seo\/ -->\n<title>Language Proficiency Testing<\/title>\n<meta name=\"description\" content=\"Language Proficiency Testing helps employers and organization test the fluency of their current or potential employees in a foreign languages.\" \/>\n<meta name=\"robots\" content=\"index, follow, max-snippet:-1, max-image-preview:large, max-video-preview:-1\" \/>\n<link rel=\"canonical\" href=\"https:\/\/www.transcultures.com\/es\/prueba-de-conocimiento-de-idiomas\/\" \/>\n<meta property=\"og:locale\" content=\"es_ES\" \/>\n<meta property=\"og:type\" content=\"article\" \/>\n<meta property=\"og:title\" content=\"Language Proficiency Testing\" \/>\n<meta property=\"og:description\" content=\"Language Proficiency Testing helps employers and organization test the fluency of their current or potential employees in a foreign languages.\" \/>\n<meta property=\"og:url\" content=\"https:\/\/www.transcultures.com\/es\/prueba-de-conocimiento-de-idiomas\/\" \/>\n<meta property=\"og:site_name\" content=\"TransCulturas\" \/>\n<meta property=\"article:publisher\" content=\"http:\/\/www.facebook.com\/TransCulturesLLC\" \/>\n<meta property=\"article:modified_time\" content=\"2021-05-29T20:29:33+00:00\" \/>\n<meta property=\"og:image\" content=\"https:\/\/www.transcultures.com\/wp-content\/uploads\/2013\/09\/TransCultures-Language-ProficiencyTesting.png\" \/>\n\t<meta property=\"og:image:width\" content=\"1170\" \/>\n\t<meta property=\"og:image:height\" content=\"365\" \/>\n\t<meta property=\"og:image:type\" content=\"image\/png\" \/>\n<meta name=\"twitter:label1\" content=\"Est. reading time\" \/>\n\t<meta name=\"twitter:data1\" content=\"2 minutes\" \/>\n<script type=\"application\/ld+json\" class=\"yoast-schema-graph\">{\"@context\":\"https:\/\/schema.org\",\"@graph\":[{\"@type\":\"WebPage\",\"@id\":\"https:\/\/www.transcultures.com\/es\/prueba-de-conocimiento-de-idiomas\/\",\"url\":\"https:\/\/www.transcultures.com\/es\/prueba-de-conocimiento-de-idiomas\/\",\"name\":\"Language Proficiency Testing\",\"isPartOf\":{\"@id\":\"https:\/\/www.transcultures.com\/es\/#website\"},\"datePublished\":\"2013-02-20T19:40:40+00:00\",\"dateModified\":\"2021-05-29T20:29:33+00:00\",\"description\":\"Language Proficiency Testing helps employers and organization test the fluency of their current or potential employees in a foreign languages.\",\"breadcrumb\":{\"@id\":\"https:\/\/www.transcultures.com\/es\/prueba-de-conocimiento-de-idiomas\/#breadcrumb\"},\"inLanguage\":\"ES-ES\",\"potentialAction\":[{\"@type\":\"ReadAction\",\"target\":[\"https:\/\/www.transcultures.com\/es\/prueba-de-conocimiento-de-idiomas\/\"]}]},{\"@type\":\"BreadcrumbList\",\"@id\":\"https:\/\/www.transcultures.com\/es\/prueba-de-conocimiento-de-idiomas\/#breadcrumb\",\"itemListElement\":[{\"@type\":\"ListItem\",\"position\":1,\"name\":\"Home\",\"item\":\"https:\/\/www.transcultures.com\/es\/\"},{\"@type\":\"ListItem\",\"position\":2,\"name\":\"PRUEBA DE CONOCIMIENTO DE IDIOMAS\"}]},{\"@type\":\"WebSite\",\"@id\":\"https:\/\/www.transcultures.com\/es\/#website\",\"url\":\"https:\/\/www.transcultures.com\/es\/\",\"name\":\"TransCulturas\",\"description\":\"Traduccion | Interpretatcion | Localizacion\",\"publisher\":{\"@id\":\"https:\/\/www.transcultures.com\/es\/#organization\"},\"potentialAction\":[{\"@type\":\"SearchAction\",\"target\":{\"@type\":\"EntryPoint\",\"urlTemplate\":\"https:\/\/www.transcultures.com\/es\/?s={search_term_string}\"},\"query-input\":\"required name=search_term_string\"}],\"inLanguage\":\"ES-ES\"},{\"@type\":\"Organization\",\"@id\":\"https:\/\/www.transcultures.com\/es\/#organization\",\"name\":\"TransCulturas\",\"url\":\"https:\/\/www.transcultures.com\/es\/\",\"logo\":{\"@type\":\"ImageObject\",\"inLanguage\":\"ES-ES\",\"@id\":\"https:\/\/www.transcultures.com\/es\/#\/schema\/logo\/image\/\",\"url\":\"https:\/\/www.transcultures.com\/wp-content\/uploads\/2015\/01\/TransCultures_Logo2.png\",\"contentUrl\":\"https:\/\/www.transcultures.com\/wp-content\/uploads\/2015\/01\/TransCultures_Logo2.png\",\"width\":347,\"height\":100,\"caption\":\"TransCulturas\"},\"image\":{\"@id\":\"https:\/\/www.transcultures.com\/es\/#\/schema\/logo\/image\/\"},\"sameAs\":[\"http:\/\/www.facebook.com\/TransCulturesLLC\",\"https:\/\/twitter.com\/TransCultures\"]}]}<\/script>\n<!-- \/ Yoast SEO plugin. -->","yoast_head_json":{"title":"Language Proficiency Testing","description":"Language Proficiency Testing helps employers and organization test the fluency of their current or potential employees in a foreign languages.","robots":{"index":"index","follow":"follow","max-snippet":"max-snippet:-1","max-image-preview":"max-image-preview:large","max-video-preview":"max-video-preview:-1"},"canonical":"https:\/\/www.transcultures.com\/es\/prueba-de-conocimiento-de-idiomas\/","og_locale":"es_ES","og_type":"article","og_title":"Language Proficiency Testing","og_description":"Language Proficiency Testing helps employers and organization test the fluency of their current or potential employees in a foreign languages.","og_url":"https:\/\/www.transcultures.com\/es\/prueba-de-conocimiento-de-idiomas\/","og_site_name":"TransCulturas","article_publisher":"http:\/\/www.facebook.com\/TransCulturesLLC","article_modified_time":"2021-05-29T20:29:33+00:00","og_image":[{"width":1170,"height":365,"url":"https:\/\/www.transcultures.com\/wp-content\/uploads\/2013\/09\/TransCultures-Language-ProficiencyTesting.png","type":"image\/png"}],"twitter_misc":{"Est. reading time":"2 minutes"},"schema":{"@context":"https:\/\/schema.org","@graph":[{"@type":"WebPage","@id":"https:\/\/www.transcultures.com\/es\/prueba-de-conocimiento-de-idiomas\/","url":"https:\/\/www.transcultures.com\/es\/prueba-de-conocimiento-de-idiomas\/","name":"Language Proficiency Testing","isPartOf":{"@id":"https:\/\/www.transcultures.com\/es\/#website"},"datePublished":"2013-02-20T19:40:40+00:00","dateModified":"2021-05-29T20:29:33+00:00","description":"Language Proficiency Testing helps employers and organization test the fluency of their current or potential employees in a foreign languages.","breadcrumb":{"@id":"https:\/\/www.transcultures.com\/es\/prueba-de-conocimiento-de-idiomas\/#breadcrumb"},"inLanguage":"ES-ES","potentialAction":[{"@type":"ReadAction","target":["https:\/\/www.transcultures.com\/es\/prueba-de-conocimiento-de-idiomas\/"]}]},{"@type":"BreadcrumbList","@id":"https:\/\/www.transcultures.com\/es\/prueba-de-conocimiento-de-idiomas\/#breadcrumb","itemListElement":[{"@type":"ListItem","position":1,"name":"Home","item":"https:\/\/www.transcultures.com\/es\/"},{"@type":"ListItem","position":2,"name":"PRUEBA DE CONOCIMIENTO DE IDIOMAS"}]},{"@type":"WebSite","@id":"https:\/\/www.transcultures.com\/es\/#website","url":"https:\/\/www.transcultures.com\/es\/","name":"TransCulturas","description":"Traduccion | Interpretatcion | Localizacion","publisher":{"@id":"https:\/\/www.transcultures.com\/es\/#organization"},"potentialAction":[{"@type":"SearchAction","target":{"@type":"EntryPoint","urlTemplate":"https:\/\/www.transcultures.com\/es\/?s={search_term_string}"},"query-input":"required name=search_term_string"}],"inLanguage":"ES-ES"},{"@type":"Organization","@id":"https:\/\/www.transcultures.com\/es\/#organization","name":"TransCulturas","url":"https:\/\/www.transcultures.com\/es\/","logo":{"@type":"ImageObject","inLanguage":"ES-ES","@id":"https:\/\/www.transcultures.com\/es\/#\/schema\/logo\/image\/","url":"https:\/\/www.transcultures.com\/wp-content\/uploads\/2015\/01\/TransCultures_Logo2.png","contentUrl":"https:\/\/www.transcultures.com\/wp-content\/uploads\/2015\/01\/TransCultures_Logo2.png","width":347,"height":100,"caption":"TransCulturas"},"image":{"@id":"https:\/\/www.transcultures.com\/es\/#\/schema\/logo\/image\/"},"sameAs":["http:\/\/www.facebook.com\/TransCulturesLLC","https:\/\/twitter.com\/TransCultures"]}]}},"_links":{"self":[{"href":"https:\/\/www.transcultures.com\/es\/wp-json\/wp\/v2\/pages\/7793"}],"collection":[{"href":"https:\/\/www.transcultures.com\/es\/wp-json\/wp\/v2\/pages"}],"about":[{"href":"https:\/\/www.transcultures.com\/es\/wp-json\/wp\/v2\/types\/page"}],"author":[{"embeddable":true,"href":"https:\/\/www.transcultures.com\/es\/wp-json\/wp\/v2\/users\/1"}],"replies":[{"embeddable":true,"href":"https:\/\/www.transcultures.com\/es\/wp-json\/wp\/v2\/comments?post=7793"}],"version-history":[{"count":1,"href":"https:\/\/www.transcultures.com\/es\/wp-json\/wp\/v2\/pages\/7793\/revisions"}],"predecessor-version":[{"id":10162,"href":"https:\/\/www.transcultures.com\/es\/wp-json\/wp\/v2\/pages\/7793\/revisions\/10162"}],"wp:featuredmedia":[{"embeddable":true,"href":"https:\/\/www.transcultures.com\/es\/wp-json\/wp\/v2\/media\/7707"}],"wp:attachment":[{"href":"https:\/\/www.transcultures.com\/es\/wp-json\/wp\/v2\/media?parent=7793"}],"wp:term":[{"taxonomy":"category","embeddable":true,"href":"https:\/\/www.transcultures.com\/es\/wp-json\/wp\/v2\/categories?post=7793"},{"taxonomy":"post_tag","embeddable":true,"href":"https:\/\/www.transcultures.com\/es\/wp-json\/wp\/v2\/tags?post=7793"}],"curies":[{"name":"wp","href":"https:\/\/api.w.org\/{rel}","templated":true}]}}