{"id":7788,"date":"2013-02-20T17:03:53","date_gmt":"2013-02-20T17:03:53","guid":{"rendered":"https:\/\/www.transcultures.com\/?page_id=7788"},"modified":"2021-05-29T20:19:55","modified_gmt":"2021-05-29T20:19:55","slug":"educacion","status":"publish","type":"page","link":"https:\/\/www.transcultures.com\/es\/educacion\/","title":{"rendered":"Educaci\u00f3n"},"content":{"rendered":"\n<p>TransCultures ofrece una gran variedad de servicios educativos para cubrir la creciente demanda en la ense\u00f1anza de idiomas extranjeros. Nuestros servicios est\u00e1n dise\u00f1ados para responder a las necesidades de nuestros clientes y as\u00ed llegar hasta un p\u00fablico y unos consumidores globales y superar los desaf\u00edos de la econom\u00eda global. Nuestra secci\u00f3n educativa desarrolla programas de idiomas y personaliza planes de estudios para ayudar a las instituciones que ofrecen este tipo de iniciativas y a sus estudiantes a alcanzar las metas en el aprendizaje de un idioma. Los programas de inmersi\u00f3n total proporcionan a los profesionales la oportunidad de aprender un idioma a trav\u00e9s de una inmersi\u00f3n cultural viviendo en el pa\u00eds de origen. Nuestra prueba de conocimiento de idiomas permite a las organizaciones evaluar las habilidades ling\u00fc\u00edsticas tanto de los empleados actuales como futuros para tomar decisiones bien fundamentadas.\u00a0<\/p>\n\n\n\n<div class=\"wp-block-image\"><figure class=\"aligncenter\"><a href=\"http:\/\/www.transcultures.com\/wp-content\/uploads\/2013\/09\/green-logo.jpg\"><img decoding=\"async\" loading=\"lazy\" width=\"300\" height=\"73\" src=\"http:\/\/www.transcultures.com\/wp-content\/uploads\/2013\/09\/green-logo-300x73.jpg\" alt=\"green-logo\" class=\"wp-image-7116\" srcset=\"https:\/\/www.transcultures.com\/wp-content\/uploads\/2013\/09\/green-logo-300x73.jpg 300w, https:\/\/www.transcultures.com\/wp-content\/uploads\/2013\/09\/green-logo.jpg 414w\" sizes=\"(max-width: 300px) 100vw, 300px\" \/><\/a><\/figure><\/div>\n","protected":false},"excerpt":{"rendered":"<p>TransCultures ofrece una gran variedad de servicios educativos para cubrir la creciente demanda en la ense\u00f1anza de idiomas extranjeros. Nuestros servicios est\u00e1n dise\u00f1ados para responder a las necesidades de nuestros clientes y as\u00ed llegar hasta un p\u00fablico y unos consumidores globales y superar los desaf\u00edos de la econom\u00eda global. Nuestra secci\u00f3n educativa desarrolla programas de &hellip;<\/p>\n<p class=\"read-more\"> <a class=\"\" href=\"https:\/\/www.transcultures.com\/es\/educacion\/\"> <span class=\"screen-reader-text\">Educaci\u00f3n<\/span> Read More \u00bb<\/a><\/p>\n","protected":false},"author":1,"featured_media":9834,"parent":0,"menu_order":0,"comment_status":"closed","ping_status":"open","template":"","meta":{"site-sidebar-layout":"default","site-content-layout":"default","ast-global-header-display":"","ast-main-header-display":"","ast-hfb-above-header-display":"","ast-hfb-below-header-display":"","ast-hfb-mobile-header-display":"","site-post-title":"","ast-breadcrumbs-content":"","ast-featured-img":"","footer-sml-layout":"","theme-transparent-header-meta":"default","adv-header-id-meta":"","stick-header-meta":"default","header-above-stick-meta":"","header-main-stick-meta":"","header-below-stick-meta":""},"categories":[109],"tags":[],"yoast_head":"<!-- This site is optimized with the Yoast SEO plugin v20.2.1 - https:\/\/yoast.com\/wordpress\/plugins\/seo\/ -->\n<title>Language Education<\/title>\n<meta name=\"description\" content=\"TransCultures offers language programs in Arabic, English, USA, Language Programs in France, Language Programs in Spain, Arabic Language programs TOFEL\" \/>\n<meta name=\"robots\" content=\"index, follow, max-snippet:-1, max-image-preview:large, max-video-preview:-1\" \/>\n<link rel=\"canonical\" href=\"https:\/\/www.transcultures.com\/es\/educacion\/\" \/>\n<meta property=\"og:locale\" content=\"es_ES\" \/>\n<meta property=\"og:type\" content=\"article\" \/>\n<meta property=\"og:title\" content=\"Language Education\" \/>\n<meta property=\"og:description\" content=\"TransCultures offers language programs in Arabic, English, USA, Language Programs in France, Language Programs in Spain, Arabic Language programs TOFEL\" \/>\n<meta property=\"og:url\" content=\"https:\/\/www.transcultures.com\/es\/educacion\/\" \/>\n<meta property=\"og:site_name\" content=\"TransCulturas\" \/>\n<meta property=\"article:publisher\" content=\"http:\/\/www.facebook.com\/TransCulturesLLC\" \/>\n<meta property=\"article:modified_time\" content=\"2021-05-29T20:19:55+00:00\" \/>\n<meta property=\"og:image\" content=\"https:\/\/www.transcultures.com\/wp-content\/uploads\/2021\/04\/education-banner1.jpg\" \/>\n\t<meta property=\"og:image:width\" content=\"588\" \/>\n\t<meta property=\"og:image:height\" content=\"280\" \/>\n\t<meta property=\"og:image:type\" content=\"image\/jpeg\" \/>\n<meta name=\"twitter:label1\" content=\"Est. reading time\" \/>\n\t<meta name=\"twitter:data1\" content=\"1 minute\" \/>\n<script type=\"application\/ld+json\" class=\"yoast-schema-graph\">{\"@context\":\"https:\/\/schema.org\",\"@graph\":[{\"@type\":\"WebPage\",\"@id\":\"https:\/\/www.transcultures.com\/es\/educacion\/\",\"url\":\"https:\/\/www.transcultures.com\/es\/educacion\/\",\"name\":\"Language Education\",\"isPartOf\":{\"@id\":\"https:\/\/www.transcultures.com\/es\/#website\"},\"datePublished\":\"2013-02-20T17:03:53+00:00\",\"dateModified\":\"2021-05-29T20:19:55+00:00\",\"description\":\"TransCultures offers language programs in Arabic, English, USA, Language Programs in France, Language Programs in Spain, Arabic Language programs TOFEL\",\"breadcrumb\":{\"@id\":\"https:\/\/www.transcultures.com\/es\/educacion\/#breadcrumb\"},\"inLanguage\":\"ES-ES\",\"potentialAction\":[{\"@type\":\"ReadAction\",\"target\":[\"https:\/\/www.transcultures.com\/es\/educacion\/\"]}]},{\"@type\":\"BreadcrumbList\",\"@id\":\"https:\/\/www.transcultures.com\/es\/educacion\/#breadcrumb\",\"itemListElement\":[{\"@type\":\"ListItem\",\"position\":1,\"name\":\"Home\",\"item\":\"https:\/\/www.transcultures.com\/es\/\"},{\"@type\":\"ListItem\",\"position\":2,\"name\":\"Educaci\u00f3n\"}]},{\"@type\":\"WebSite\",\"@id\":\"https:\/\/www.transcultures.com\/es\/#website\",\"url\":\"https:\/\/www.transcultures.com\/es\/\",\"name\":\"TransCulturas\",\"description\":\"Traduccion | Interpretatcion | Localizacion\",\"publisher\":{\"@id\":\"https:\/\/www.transcultures.com\/es\/#organization\"},\"potentialAction\":[{\"@type\":\"SearchAction\",\"target\":{\"@type\":\"EntryPoint\",\"urlTemplate\":\"https:\/\/www.transcultures.com\/es\/?s={search_term_string}\"},\"query-input\":\"required name=search_term_string\"}],\"inLanguage\":\"ES-ES\"},{\"@type\":\"Organization\",\"@id\":\"https:\/\/www.transcultures.com\/es\/#organization\",\"name\":\"TransCulturas\",\"url\":\"https:\/\/www.transcultures.com\/es\/\",\"logo\":{\"@type\":\"ImageObject\",\"inLanguage\":\"ES-ES\",\"@id\":\"https:\/\/www.transcultures.com\/es\/#\/schema\/logo\/image\/\",\"url\":\"https:\/\/www.transcultures.com\/wp-content\/uploads\/2015\/01\/TransCultures_Logo2.png\",\"contentUrl\":\"https:\/\/www.transcultures.com\/wp-content\/uploads\/2015\/01\/TransCultures_Logo2.png\",\"width\":347,\"height\":100,\"caption\":\"TransCulturas\"},\"image\":{\"@id\":\"https:\/\/www.transcultures.com\/es\/#\/schema\/logo\/image\/\"},\"sameAs\":[\"http:\/\/www.facebook.com\/TransCulturesLLC\",\"https:\/\/twitter.com\/TransCultures\"]}]}<\/script>\n<!-- \/ Yoast SEO plugin. -->","yoast_head_json":{"title":"Language Education","description":"TransCultures offers language programs in Arabic, English, USA, Language Programs in France, Language Programs in Spain, Arabic Language programs TOFEL","robots":{"index":"index","follow":"follow","max-snippet":"max-snippet:-1","max-image-preview":"max-image-preview:large","max-video-preview":"max-video-preview:-1"},"canonical":"https:\/\/www.transcultures.com\/es\/educacion\/","og_locale":"es_ES","og_type":"article","og_title":"Language Education","og_description":"TransCultures offers language programs in Arabic, English, USA, Language Programs in France, Language Programs in Spain, Arabic Language programs TOFEL","og_url":"https:\/\/www.transcultures.com\/es\/educacion\/","og_site_name":"TransCulturas","article_publisher":"http:\/\/www.facebook.com\/TransCulturesLLC","article_modified_time":"2021-05-29T20:19:55+00:00","og_image":[{"width":588,"height":280,"url":"https:\/\/www.transcultures.com\/wp-content\/uploads\/2021\/04\/education-banner1.jpg","type":"image\/jpeg"}],"twitter_misc":{"Est. reading time":"1 minute"},"schema":{"@context":"https:\/\/schema.org","@graph":[{"@type":"WebPage","@id":"https:\/\/www.transcultures.com\/es\/educacion\/","url":"https:\/\/www.transcultures.com\/es\/educacion\/","name":"Language Education","isPartOf":{"@id":"https:\/\/www.transcultures.com\/es\/#website"},"datePublished":"2013-02-20T17:03:53+00:00","dateModified":"2021-05-29T20:19:55+00:00","description":"TransCultures offers language programs in Arabic, English, USA, Language Programs in France, Language Programs in Spain, Arabic Language programs TOFEL","breadcrumb":{"@id":"https:\/\/www.transcultures.com\/es\/educacion\/#breadcrumb"},"inLanguage":"ES-ES","potentialAction":[{"@type":"ReadAction","target":["https:\/\/www.transcultures.com\/es\/educacion\/"]}]},{"@type":"BreadcrumbList","@id":"https:\/\/www.transcultures.com\/es\/educacion\/#breadcrumb","itemListElement":[{"@type":"ListItem","position":1,"name":"Home","item":"https:\/\/www.transcultures.com\/es\/"},{"@type":"ListItem","position":2,"name":"Educaci\u00f3n"}]},{"@type":"WebSite","@id":"https:\/\/www.transcultures.com\/es\/#website","url":"https:\/\/www.transcultures.com\/es\/","name":"TransCulturas","description":"Traduccion | Interpretatcion | Localizacion","publisher":{"@id":"https:\/\/www.transcultures.com\/es\/#organization"},"potentialAction":[{"@type":"SearchAction","target":{"@type":"EntryPoint","urlTemplate":"https:\/\/www.transcultures.com\/es\/?s={search_term_string}"},"query-input":"required name=search_term_string"}],"inLanguage":"ES-ES"},{"@type":"Organization","@id":"https:\/\/www.transcultures.com\/es\/#organization","name":"TransCulturas","url":"https:\/\/www.transcultures.com\/es\/","logo":{"@type":"ImageObject","inLanguage":"ES-ES","@id":"https:\/\/www.transcultures.com\/es\/#\/schema\/logo\/image\/","url":"https:\/\/www.transcultures.com\/wp-content\/uploads\/2015\/01\/TransCultures_Logo2.png","contentUrl":"https:\/\/www.transcultures.com\/wp-content\/uploads\/2015\/01\/TransCultures_Logo2.png","width":347,"height":100,"caption":"TransCulturas"},"image":{"@id":"https:\/\/www.transcultures.com\/es\/#\/schema\/logo\/image\/"},"sameAs":["http:\/\/www.facebook.com\/TransCulturesLLC","https:\/\/twitter.com\/TransCultures"]}]}},"_links":{"self":[{"href":"https:\/\/www.transcultures.com\/es\/wp-json\/wp\/v2\/pages\/7788"}],"collection":[{"href":"https:\/\/www.transcultures.com\/es\/wp-json\/wp\/v2\/pages"}],"about":[{"href":"https:\/\/www.transcultures.com\/es\/wp-json\/wp\/v2\/types\/page"}],"author":[{"embeddable":true,"href":"https:\/\/www.transcultures.com\/es\/wp-json\/wp\/v2\/users\/1"}],"replies":[{"embeddable":true,"href":"https:\/\/www.transcultures.com\/es\/wp-json\/wp\/v2\/comments?post=7788"}],"version-history":[{"count":3,"href":"https:\/\/www.transcultures.com\/es\/wp-json\/wp\/v2\/pages\/7788\/revisions"}],"predecessor-version":[{"id":10155,"href":"https:\/\/www.transcultures.com\/es\/wp-json\/wp\/v2\/pages\/7788\/revisions\/10155"}],"wp:featuredmedia":[{"embeddable":true,"href":"https:\/\/www.transcultures.com\/es\/wp-json\/wp\/v2\/media\/9834"}],"wp:attachment":[{"href":"https:\/\/www.transcultures.com\/es\/wp-json\/wp\/v2\/media?parent=7788"}],"wp:term":[{"taxonomy":"category","embeddable":true,"href":"https:\/\/www.transcultures.com\/es\/wp-json\/wp\/v2\/categories?post=7788"},{"taxonomy":"post_tag","embeddable":true,"href":"https:\/\/www.transcultures.com\/es\/wp-json\/wp\/v2\/tags?post=7788"}],"curies":[{"name":"wp","href":"https:\/\/api.w.org\/{rel}","templated":true}]}}