{"id":7768,"date":"2013-02-20T17:46:57","date_gmt":"2013-02-20T17:46:57","guid":{"rendered":"https:\/\/www.transcultures.com\/consulting-2\/cultural-consulting\/"},"modified":"2021-05-29T20:38:11","modified_gmt":"2021-05-29T20:38:11","slug":"asesoria-cultural","status":"publish","type":"page","link":"https:\/\/www.transcultures.com\/es\/asesoria-cultural\/","title":{"rendered":"ASESORIA CULTURAL"},"content":{"rendered":"\n<p>Gracias a un equipo de expertos en derecho internacional, negocios, ciencias pol\u00edticas, administraci\u00f3n p\u00fablica, antropolog\u00eda, psicolog\u00eda y otras muchas disciplinas, TransCultures aconseja y ayuda a organizaciones y a responsables pol\u00edticos en las cuestiones clave en todo mundo y les orienta para superar los desaf\u00edos culturales y ling\u00fc\u00edsticos a los que puedan enfrentarse. Nuestro equipo de asesores cuenta con a\u00f1os de experiencia en asesor\u00eda interdisciplinar en instituciones acad\u00e9micas, en el sector p\u00fablico y el mundo empresarial. Las soluciones culturales y ling\u00fc\u00edsticas est\u00e1n dise\u00f1adas para cubrir las necesidades de las empresas y agencias gubernamentales en el mundo entero y convierten a TransCultures en un l\u00edder a nivel global, a la vanguardia de recursos para soluciones ling\u00fc\u00edsticas y culturales, y en un socio de confianza para muchas organizaciones l\u00edderes. Nuestros asesores altamente cualificados estudian sus necesidades de organizaci\u00f3n y personalizan las soluciones para alcanzar sus metas y lograr unos resultados excelentes.&nbsp;<\/p>\n\n\n\n<h2><strong>DIPLOMACIA PUBLICA<\/strong><\/h2>\n\n\n\n<p>Gracias a un grupo de expertos en la materia, con una amplia experiencia en idiomas y otros campos multidisciplinares, TransCultures idea programas de diplomacia p\u00fablica para cubrir las necesidades de nuestros patrocinadores a la hora de comunicarse con un p\u00fablico extranjero y establecer un di\u00e1logo que est\u00e1 pensado para formar, informar e influir en la opini\u00f3n p\u00fablica en distinto campos. Nuestros programas van desde conferencias y seminarios hasta campa\u00f1as de fortalecimiento de la reputaci\u00f3n. La extensa red global de TransCultures nos permite crear exitosas campa\u00f1as sin importar el tama\u00f1o o alcance en cualquier parte del mundo con el prop\u00f3sito de llegar hasta los corazones y las mentes de diferentes p\u00fablicos del mundo.&nbsp;<\/p>\n","protected":false},"excerpt":{"rendered":"<p>Gracias a un equipo de expertos en derecho internacional, negocios, ciencias pol\u00edticas, administraci\u00f3n p\u00fablica, antropolog\u00eda, psicolog\u00eda y otras muchas disciplinas, TransCultures aconseja y ayuda a organizaciones y a responsables pol\u00edticos en las cuestiones clave en todo mundo y les orienta para superar los desaf\u00edos culturales y ling\u00fc\u00edsticos a los que puedan enfrentarse. Nuestro equipo de &hellip;<\/p>\n<p class=\"read-more\"> <a class=\"\" href=\"https:\/\/www.transcultures.com\/es\/asesoria-cultural\/\"> <span class=\"screen-reader-text\">ASESORIA CULTURAL<\/span> Read More \u00bb<\/a><\/p>\n","protected":false},"author":1,"featured_media":7716,"parent":0,"menu_order":0,"comment_status":"closed","ping_status":"open","template":"","meta":{"site-sidebar-layout":"default","site-content-layout":"default","ast-global-header-display":"","ast-main-header-display":"","ast-hfb-above-header-display":"","ast-hfb-below-header-display":"","ast-hfb-mobile-header-display":"","site-post-title":"","ast-breadcrumbs-content":"","ast-featured-img":"","footer-sml-layout":"","theme-transparent-header-meta":"default","adv-header-id-meta":"","stick-header-meta":"default","header-above-stick-meta":"","header-main-stick-meta":"","header-below-stick-meta":""},"categories":[113],"tags":[],"yoast_head":"<!-- This site is optimized with the Yoast SEO plugin v20.2.1 - https:\/\/yoast.com\/wordpress\/plugins\/seo\/ -->\n<title>Cultural Consulting<\/title>\n<meta name=\"description\" content=\"Cultural Consulting Services for companies, non-for-profits and public sector employees help organization better understand and communicate with global audiences.\u00a0\" \/>\n<meta name=\"robots\" content=\"index, follow, max-snippet:-1, max-image-preview:large, max-video-preview:-1\" \/>\n<link rel=\"canonical\" href=\"https:\/\/www.transcultures.com\/es\/asesoria-cultural\/\" \/>\n<meta property=\"og:locale\" content=\"es_ES\" \/>\n<meta property=\"og:type\" content=\"article\" \/>\n<meta property=\"og:title\" content=\"Cultural Consulting\" \/>\n<meta property=\"og:description\" content=\"Cultural Consulting Services for companies, non-for-profits and public sector employees help organization better understand and communicate with global audiences.\u00a0\" \/>\n<meta property=\"og:url\" content=\"https:\/\/www.transcultures.com\/es\/asesoria-cultural\/\" \/>\n<meta property=\"og:site_name\" content=\"TransCulturas\" \/>\n<meta property=\"article:publisher\" content=\"http:\/\/www.facebook.com\/TransCulturesLLC\" \/>\n<meta property=\"article:modified_time\" content=\"2021-05-29T20:38:11+00:00\" \/>\n<meta property=\"og:image\" content=\"https:\/\/www.transcultures.com\/wp-content\/uploads\/2013\/09\/Cultural-Consulting-PR-Public-Relations.png\" \/>\n\t<meta property=\"og:image:width\" content=\"1170\" \/>\n\t<meta property=\"og:image:height\" content=\"365\" \/>\n\t<meta property=\"og:image:type\" content=\"image\/png\" \/>\n<meta name=\"twitter:label1\" content=\"Est. reading time\" \/>\n\t<meta name=\"twitter:data1\" content=\"2 minutes\" \/>\n<script type=\"application\/ld+json\" class=\"yoast-schema-graph\">{\"@context\":\"https:\/\/schema.org\",\"@graph\":[{\"@type\":\"WebPage\",\"@id\":\"https:\/\/www.transcultures.com\/es\/asesoria-cultural\/\",\"url\":\"https:\/\/www.transcultures.com\/es\/asesoria-cultural\/\",\"name\":\"Cultural Consulting\",\"isPartOf\":{\"@id\":\"https:\/\/www.transcultures.com\/es\/#website\"},\"datePublished\":\"2013-02-20T17:46:57+00:00\",\"dateModified\":\"2021-05-29T20:38:11+00:00\",\"description\":\"Cultural Consulting Services for companies, non-for-profits and public sector employees help organization better understand and communicate with global audiences.\u00a0\",\"breadcrumb\":{\"@id\":\"https:\/\/www.transcultures.com\/es\/asesoria-cultural\/#breadcrumb\"},\"inLanguage\":\"ES-ES\",\"potentialAction\":[{\"@type\":\"ReadAction\",\"target\":[\"https:\/\/www.transcultures.com\/es\/asesoria-cultural\/\"]}]},{\"@type\":\"BreadcrumbList\",\"@id\":\"https:\/\/www.transcultures.com\/es\/asesoria-cultural\/#breadcrumb\",\"itemListElement\":[{\"@type\":\"ListItem\",\"position\":1,\"name\":\"Home\",\"item\":\"https:\/\/www.transcultures.com\/es\/\"},{\"@type\":\"ListItem\",\"position\":2,\"name\":\"ASESORIA CULTURAL\"}]},{\"@type\":\"WebSite\",\"@id\":\"https:\/\/www.transcultures.com\/es\/#website\",\"url\":\"https:\/\/www.transcultures.com\/es\/\",\"name\":\"TransCulturas\",\"description\":\"Traduccion | Interpretatcion | Localizacion\",\"publisher\":{\"@id\":\"https:\/\/www.transcultures.com\/es\/#organization\"},\"potentialAction\":[{\"@type\":\"SearchAction\",\"target\":{\"@type\":\"EntryPoint\",\"urlTemplate\":\"https:\/\/www.transcultures.com\/es\/?s={search_term_string}\"},\"query-input\":\"required name=search_term_string\"}],\"inLanguage\":\"ES-ES\"},{\"@type\":\"Organization\",\"@id\":\"https:\/\/www.transcultures.com\/es\/#organization\",\"name\":\"TransCulturas\",\"url\":\"https:\/\/www.transcultures.com\/es\/\",\"logo\":{\"@type\":\"ImageObject\",\"inLanguage\":\"ES-ES\",\"@id\":\"https:\/\/www.transcultures.com\/es\/#\/schema\/logo\/image\/\",\"url\":\"https:\/\/www.transcultures.com\/wp-content\/uploads\/2015\/01\/TransCultures_Logo2.png\",\"contentUrl\":\"https:\/\/www.transcultures.com\/wp-content\/uploads\/2015\/01\/TransCultures_Logo2.png\",\"width\":347,\"height\":100,\"caption\":\"TransCulturas\"},\"image\":{\"@id\":\"https:\/\/www.transcultures.com\/es\/#\/schema\/logo\/image\/\"},\"sameAs\":[\"http:\/\/www.facebook.com\/TransCulturesLLC\",\"https:\/\/twitter.com\/TransCultures\"]}]}<\/script>\n<!-- \/ Yoast SEO plugin. -->","yoast_head_json":{"title":"Cultural Consulting","description":"Cultural Consulting Services for companies, non-for-profits and public sector employees help organization better understand and communicate with global audiences.\u00a0","robots":{"index":"index","follow":"follow","max-snippet":"max-snippet:-1","max-image-preview":"max-image-preview:large","max-video-preview":"max-video-preview:-1"},"canonical":"https:\/\/www.transcultures.com\/es\/asesoria-cultural\/","og_locale":"es_ES","og_type":"article","og_title":"Cultural Consulting","og_description":"Cultural Consulting Services for companies, non-for-profits and public sector employees help organization better understand and communicate with global audiences.\u00a0","og_url":"https:\/\/www.transcultures.com\/es\/asesoria-cultural\/","og_site_name":"TransCulturas","article_publisher":"http:\/\/www.facebook.com\/TransCulturesLLC","article_modified_time":"2021-05-29T20:38:11+00:00","og_image":[{"width":1170,"height":365,"url":"https:\/\/www.transcultures.com\/wp-content\/uploads\/2013\/09\/Cultural-Consulting-PR-Public-Relations.png","type":"image\/png"}],"twitter_misc":{"Est. reading time":"2 minutes"},"schema":{"@context":"https:\/\/schema.org","@graph":[{"@type":"WebPage","@id":"https:\/\/www.transcultures.com\/es\/asesoria-cultural\/","url":"https:\/\/www.transcultures.com\/es\/asesoria-cultural\/","name":"Cultural Consulting","isPartOf":{"@id":"https:\/\/www.transcultures.com\/es\/#website"},"datePublished":"2013-02-20T17:46:57+00:00","dateModified":"2021-05-29T20:38:11+00:00","description":"Cultural Consulting Services for companies, non-for-profits and public sector employees help organization better understand and communicate with global audiences.\u00a0","breadcrumb":{"@id":"https:\/\/www.transcultures.com\/es\/asesoria-cultural\/#breadcrumb"},"inLanguage":"ES-ES","potentialAction":[{"@type":"ReadAction","target":["https:\/\/www.transcultures.com\/es\/asesoria-cultural\/"]}]},{"@type":"BreadcrumbList","@id":"https:\/\/www.transcultures.com\/es\/asesoria-cultural\/#breadcrumb","itemListElement":[{"@type":"ListItem","position":1,"name":"Home","item":"https:\/\/www.transcultures.com\/es\/"},{"@type":"ListItem","position":2,"name":"ASESORIA CULTURAL"}]},{"@type":"WebSite","@id":"https:\/\/www.transcultures.com\/es\/#website","url":"https:\/\/www.transcultures.com\/es\/","name":"TransCulturas","description":"Traduccion | Interpretatcion | Localizacion","publisher":{"@id":"https:\/\/www.transcultures.com\/es\/#organization"},"potentialAction":[{"@type":"SearchAction","target":{"@type":"EntryPoint","urlTemplate":"https:\/\/www.transcultures.com\/es\/?s={search_term_string}"},"query-input":"required name=search_term_string"}],"inLanguage":"ES-ES"},{"@type":"Organization","@id":"https:\/\/www.transcultures.com\/es\/#organization","name":"TransCulturas","url":"https:\/\/www.transcultures.com\/es\/","logo":{"@type":"ImageObject","inLanguage":"ES-ES","@id":"https:\/\/www.transcultures.com\/es\/#\/schema\/logo\/image\/","url":"https:\/\/www.transcultures.com\/wp-content\/uploads\/2015\/01\/TransCultures_Logo2.png","contentUrl":"https:\/\/www.transcultures.com\/wp-content\/uploads\/2015\/01\/TransCultures_Logo2.png","width":347,"height":100,"caption":"TransCulturas"},"image":{"@id":"https:\/\/www.transcultures.com\/es\/#\/schema\/logo\/image\/"},"sameAs":["http:\/\/www.facebook.com\/TransCulturesLLC","https:\/\/twitter.com\/TransCultures"]}]}},"_links":{"self":[{"href":"https:\/\/www.transcultures.com\/es\/wp-json\/wp\/v2\/pages\/7768"}],"collection":[{"href":"https:\/\/www.transcultures.com\/es\/wp-json\/wp\/v2\/pages"}],"about":[{"href":"https:\/\/www.transcultures.com\/es\/wp-json\/wp\/v2\/types\/page"}],"author":[{"embeddable":true,"href":"https:\/\/www.transcultures.com\/es\/wp-json\/wp\/v2\/users\/1"}],"replies":[{"embeddable":true,"href":"https:\/\/www.transcultures.com\/es\/wp-json\/wp\/v2\/comments?post=7768"}],"version-history":[{"count":1,"href":"https:\/\/www.transcultures.com\/es\/wp-json\/wp\/v2\/pages\/7768\/revisions"}],"predecessor-version":[{"id":10168,"href":"https:\/\/www.transcultures.com\/es\/wp-json\/wp\/v2\/pages\/7768\/revisions\/10168"}],"wp:featuredmedia":[{"embeddable":true,"href":"https:\/\/www.transcultures.com\/es\/wp-json\/wp\/v2\/media\/7716"}],"wp:attachment":[{"href":"https:\/\/www.transcultures.com\/es\/wp-json\/wp\/v2\/media?parent=7768"}],"wp:term":[{"taxonomy":"category","embeddable":true,"href":"https:\/\/www.transcultures.com\/es\/wp-json\/wp\/v2\/categories?post=7768"},{"taxonomy":"post_tag","embeddable":true,"href":"https:\/\/www.transcultures.com\/es\/wp-json\/wp\/v2\/tags?post=7768"}],"curies":[{"name":"wp","href":"https:\/\/api.w.org\/{rel}","templated":true}]}}