{"id":7624,"date":"2013-06-22T14:13:48","date_gmt":"2013-06-22T14:13:48","guid":{"rendered":"https:\/\/www.transcultures.com\/?page_id=7624"},"modified":"2021-05-09T17:42:23","modified_gmt":"2021-05-09T17:42:23","slug":"global","status":"publish","type":"page","link":"https:\/\/www.transcultures.com\/es\/global\/","title":{"rendered":"TransCultures| Agencia de traducci\u00f3n l\u00edder|TRADUCCION E INTERPRETACION"},"content":{"rendered":"\n<h4>&nbsp;<\/h4>\n\n\n\n<h4>Cultura<\/h4>\n\n\n\n<p><strong>Cultura: \\k\u0259l-ch\u0259r\\:<\/strong>&nbsp; un conjunto de patrones integrados sobre el comportamiento humano que incluyen m\u00e9todos de comunicaci\u00f3n, idiomas, pensamientos, acciones, costumbres, creencias, valores, actitudes e instituciones de distintos grupos raciales, \u00e9tnicos, religiosos y sociales.<\/p>\n\n\n\n<h3>TRANSCULTURAS<\/h3>\n\n\n\n<p><strong>TRANSCULTURES: \\TRANZ-K\u018fL-CH\u018fRZ\\:<\/strong> UN ASPECTO SOBRE LA INTELIGENCIA CULTURAL Y EL DESARROLLO QUE TRANSCIEDE LAS FRONTERAS DE NACIONES TRADICIONALES, RAZAS, GENEROS Y CULTURAS PROFESIONALES. TRANSCULTURES SUPERA EL AISLAMIENTO DE LAS TRADICIONES, IDIOMAS, Y CONCEPCION DE VALORES PARA AMPLIAR LA INNOVACI\u00d3N, DESARROLLO Y COMUNICACI\u00d3N.<\/p>\n","protected":false},"excerpt":{"rendered":"<p>&nbsp; Cultura Cultura: \\k\u0259l-ch\u0259r\\:&nbsp; un conjunto de patrones integrados sobre el comportamiento humano que incluyen m\u00e9todos de comunicaci\u00f3n, idiomas, pensamientos, acciones, costumbres, creencias, valores, actitudes e instituciones de distintos grupos raciales, \u00e9tnicos, religiosos y sociales. TRANSCULTURAS TRANSCULTURES: \\TRANZ-K\u018fL-CH\u018fRZ\\: UN ASPECTO SOBRE LA INTELIGENCIA CULTURAL Y EL DESARROLLO QUE TRANSCIEDE LAS FRONTERAS DE NACIONES TRADICIONALES, RAZAS, &hellip;<\/p>\n<p class=\"read-more\"> <a class=\"\" href=\"https:\/\/www.transcultures.com\/es\/global\/\"> <span class=\"screen-reader-text\">TransCultures| Agencia de traducci\u00f3n l\u00edder|TRADUCCION E INTERPRETACION<\/span> Read More \u00bb<\/a><\/p>\n","protected":false},"author":1,"featured_media":8688,"parent":0,"menu_order":0,"comment_status":"closed","ping_status":"open","template":"","meta":{"site-sidebar-layout":"default","site-content-layout":"default","ast-global-header-display":"","ast-main-header-display":"","ast-hfb-above-header-display":"","ast-hfb-below-header-display":"","ast-hfb-mobile-header-display":"","site-post-title":"","ast-breadcrumbs-content":"","ast-featured-img":"","footer-sml-layout":"","theme-transparent-header-meta":"default","adv-header-id-meta":"","stick-header-meta":"default","header-above-stick-meta":"","header-main-stick-meta":"","header-below-stick-meta":""},"categories":[],"tags":[],"yoast_head":"<!-- This site is optimized with the Yoast SEO plugin v20.2.1 - https:\/\/yoast.com\/wordpress\/plugins\/seo\/ -->\n<title>IDIOMAS | soluciones culturales y ling\u00fc\u00edsticas | TRADUCCION E INTERPRETACION<\/title>\n<meta name=\"description\" content=\"TransCultures es la compa\u00f1\u00eda l\u00edder en soluciones culturales y ling\u00fc\u00edsticas\" \/>\n<meta name=\"robots\" content=\"index, follow, max-snippet:-1, max-image-preview:large, max-video-preview:-1\" \/>\n<link rel=\"canonical\" href=\"https:\/\/www.transcultures.com\/es\/global\/\" \/>\n<meta property=\"og:locale\" content=\"es_ES\" \/>\n<meta property=\"og:type\" content=\"article\" \/>\n<meta property=\"og:title\" content=\"IDIOMAS | soluciones culturales y ling\u00fc\u00edsticas | TRADUCCION E INTERPRETACION\" \/>\n<meta property=\"og:description\" content=\"TransCultures es la compa\u00f1\u00eda l\u00edder en soluciones culturales y ling\u00fc\u00edsticas\" \/>\n<meta property=\"og:url\" content=\"https:\/\/www.transcultures.com\/es\/global\/\" \/>\n<meta property=\"og:site_name\" content=\"TransCulturas\" \/>\n<meta property=\"article:publisher\" content=\"http:\/\/www.facebook.com\/TransCulturesLLC\" \/>\n<meta property=\"article:modified_time\" content=\"2021-05-09T17:42:23+00:00\" \/>\n<meta property=\"og:image\" content=\"https:\/\/www.transcultures.com\/wp-content\/uploads\/2013\/02\/TransCultures_Strategic_Partners_Banner_Sample_01.png\" \/>\n\t<meta property=\"og:image:width\" content=\"1170\" \/>\n\t<meta property=\"og:image:height\" content=\"365\" \/>\n\t<meta property=\"og:image:type\" content=\"image\/png\" \/>\n<meta name=\"twitter:label1\" content=\"Est. reading time\" \/>\n\t<meta name=\"twitter:data1\" content=\"1 minute\" \/>\n<script type=\"application\/ld+json\" class=\"yoast-schema-graph\">{\"@context\":\"https:\/\/schema.org\",\"@graph\":[{\"@type\":\"WebPage\",\"@id\":\"https:\/\/www.transcultures.com\/es\/global\/\",\"url\":\"https:\/\/www.transcultures.com\/es\/global\/\",\"name\":\"IDIOMAS | soluciones culturales y ling\u00fc\u00edsticas | TRADUCCION E INTERPRETACION\",\"isPartOf\":{\"@id\":\"https:\/\/www.transcultures.com\/es\/#website\"},\"datePublished\":\"2013-06-22T14:13:48+00:00\",\"dateModified\":\"2021-05-09T17:42:23+00:00\",\"description\":\"TransCultures es la compa\u00f1\u00eda l\u00edder en soluciones culturales y ling\u00fc\u00edsticas\",\"breadcrumb\":{\"@id\":\"https:\/\/www.transcultures.com\/es\/global\/#breadcrumb\"},\"inLanguage\":\"ES-ES\",\"potentialAction\":[{\"@type\":\"ReadAction\",\"target\":[\"https:\/\/www.transcultures.com\/es\/global\/\"]}]},{\"@type\":\"BreadcrumbList\",\"@id\":\"https:\/\/www.transcultures.com\/es\/global\/#breadcrumb\",\"itemListElement\":[{\"@type\":\"ListItem\",\"position\":1,\"name\":\"Home\",\"item\":\"https:\/\/www.transcultures.com\/es\/\"},{\"@type\":\"ListItem\",\"position\":2,\"name\":\"TransCultures| Agencia de traducci\u00f3n l\u00edder|TRADUCCION E INTERPRETACION\"}]},{\"@type\":\"WebSite\",\"@id\":\"https:\/\/www.transcultures.com\/es\/#website\",\"url\":\"https:\/\/www.transcultures.com\/es\/\",\"name\":\"TransCulturas\",\"description\":\"Traduccion | Interpretatcion | Localizacion\",\"publisher\":{\"@id\":\"https:\/\/www.transcultures.com\/es\/#organization\"},\"potentialAction\":[{\"@type\":\"SearchAction\",\"target\":{\"@type\":\"EntryPoint\",\"urlTemplate\":\"https:\/\/www.transcultures.com\/es\/?s={search_term_string}\"},\"query-input\":\"required name=search_term_string\"}],\"inLanguage\":\"ES-ES\"},{\"@type\":\"Organization\",\"@id\":\"https:\/\/www.transcultures.com\/es\/#organization\",\"name\":\"TransCulturas\",\"url\":\"https:\/\/www.transcultures.com\/es\/\",\"logo\":{\"@type\":\"ImageObject\",\"inLanguage\":\"ES-ES\",\"@id\":\"https:\/\/www.transcultures.com\/es\/#\/schema\/logo\/image\/\",\"url\":\"https:\/\/www.transcultures.com\/wp-content\/uploads\/2015\/01\/TransCultures_Logo2.png\",\"contentUrl\":\"https:\/\/www.transcultures.com\/wp-content\/uploads\/2015\/01\/TransCultures_Logo2.png\",\"width\":347,\"height\":100,\"caption\":\"TransCulturas\"},\"image\":{\"@id\":\"https:\/\/www.transcultures.com\/es\/#\/schema\/logo\/image\/\"},\"sameAs\":[\"http:\/\/www.facebook.com\/TransCulturesLLC\",\"https:\/\/twitter.com\/TransCultures\"]}]}<\/script>\n<!-- \/ Yoast SEO plugin. -->","yoast_head_json":{"title":"IDIOMAS | soluciones culturales y ling\u00fc\u00edsticas | TRADUCCION E INTERPRETACION","description":"TransCultures es la compa\u00f1\u00eda l\u00edder en soluciones culturales y ling\u00fc\u00edsticas","robots":{"index":"index","follow":"follow","max-snippet":"max-snippet:-1","max-image-preview":"max-image-preview:large","max-video-preview":"max-video-preview:-1"},"canonical":"https:\/\/www.transcultures.com\/es\/global\/","og_locale":"es_ES","og_type":"article","og_title":"IDIOMAS | soluciones culturales y ling\u00fc\u00edsticas | TRADUCCION E INTERPRETACION","og_description":"TransCultures es la compa\u00f1\u00eda l\u00edder en soluciones culturales y ling\u00fc\u00edsticas","og_url":"https:\/\/www.transcultures.com\/es\/global\/","og_site_name":"TransCulturas","article_publisher":"http:\/\/www.facebook.com\/TransCulturesLLC","article_modified_time":"2021-05-09T17:42:23+00:00","og_image":[{"width":1170,"height":365,"url":"https:\/\/www.transcultures.com\/wp-content\/uploads\/2013\/02\/TransCultures_Strategic_Partners_Banner_Sample_01.png","type":"image\/png"}],"twitter_misc":{"Est. reading time":"1 minute"},"schema":{"@context":"https:\/\/schema.org","@graph":[{"@type":"WebPage","@id":"https:\/\/www.transcultures.com\/es\/global\/","url":"https:\/\/www.transcultures.com\/es\/global\/","name":"IDIOMAS | soluciones culturales y ling\u00fc\u00edsticas | TRADUCCION E INTERPRETACION","isPartOf":{"@id":"https:\/\/www.transcultures.com\/es\/#website"},"datePublished":"2013-06-22T14:13:48+00:00","dateModified":"2021-05-09T17:42:23+00:00","description":"TransCultures es la compa\u00f1\u00eda l\u00edder en soluciones culturales y ling\u00fc\u00edsticas","breadcrumb":{"@id":"https:\/\/www.transcultures.com\/es\/global\/#breadcrumb"},"inLanguage":"ES-ES","potentialAction":[{"@type":"ReadAction","target":["https:\/\/www.transcultures.com\/es\/global\/"]}]},{"@type":"BreadcrumbList","@id":"https:\/\/www.transcultures.com\/es\/global\/#breadcrumb","itemListElement":[{"@type":"ListItem","position":1,"name":"Home","item":"https:\/\/www.transcultures.com\/es\/"},{"@type":"ListItem","position":2,"name":"TransCultures| Agencia de traducci\u00f3n l\u00edder|TRADUCCION E INTERPRETACION"}]},{"@type":"WebSite","@id":"https:\/\/www.transcultures.com\/es\/#website","url":"https:\/\/www.transcultures.com\/es\/","name":"TransCulturas","description":"Traduccion | Interpretatcion | Localizacion","publisher":{"@id":"https:\/\/www.transcultures.com\/es\/#organization"},"potentialAction":[{"@type":"SearchAction","target":{"@type":"EntryPoint","urlTemplate":"https:\/\/www.transcultures.com\/es\/?s={search_term_string}"},"query-input":"required name=search_term_string"}],"inLanguage":"ES-ES"},{"@type":"Organization","@id":"https:\/\/www.transcultures.com\/es\/#organization","name":"TransCulturas","url":"https:\/\/www.transcultures.com\/es\/","logo":{"@type":"ImageObject","inLanguage":"ES-ES","@id":"https:\/\/www.transcultures.com\/es\/#\/schema\/logo\/image\/","url":"https:\/\/www.transcultures.com\/wp-content\/uploads\/2015\/01\/TransCultures_Logo2.png","contentUrl":"https:\/\/www.transcultures.com\/wp-content\/uploads\/2015\/01\/TransCultures_Logo2.png","width":347,"height":100,"caption":"TransCulturas"},"image":{"@id":"https:\/\/www.transcultures.com\/es\/#\/schema\/logo\/image\/"},"sameAs":["http:\/\/www.facebook.com\/TransCulturesLLC","https:\/\/twitter.com\/TransCultures"]}]}},"_links":{"self":[{"href":"https:\/\/www.transcultures.com\/es\/wp-json\/wp\/v2\/pages\/7624"}],"collection":[{"href":"https:\/\/www.transcultures.com\/es\/wp-json\/wp\/v2\/pages"}],"about":[{"href":"https:\/\/www.transcultures.com\/es\/wp-json\/wp\/v2\/types\/page"}],"author":[{"embeddable":true,"href":"https:\/\/www.transcultures.com\/es\/wp-json\/wp\/v2\/users\/1"}],"replies":[{"embeddable":true,"href":"https:\/\/www.transcultures.com\/es\/wp-json\/wp\/v2\/comments?post=7624"}],"version-history":[{"count":0,"href":"https:\/\/www.transcultures.com\/es\/wp-json\/wp\/v2\/pages\/7624\/revisions"}],"wp:featuredmedia":[{"embeddable":true,"href":"https:\/\/www.transcultures.com\/es\/wp-json\/wp\/v2\/media\/8688"}],"wp:attachment":[{"href":"https:\/\/www.transcultures.com\/es\/wp-json\/wp\/v2\/media?parent=7624"}],"wp:term":[{"taxonomy":"category","embeddable":true,"href":"https:\/\/www.transcultures.com\/es\/wp-json\/wp\/v2\/categories?post=7624"},{"taxonomy":"post_tag","embeddable":true,"href":"https:\/\/www.transcultures.com\/es\/wp-json\/wp\/v2\/tags?post=7624"}],"curies":[{"name":"wp","href":"https:\/\/api.w.org\/{rel}","templated":true}]}}