{"id":6900,"date":"2013-02-07T20:12:24","date_gmt":"2013-02-07T20:12:24","guid":{"rendered":"http:\/\/TransCultures.com\/?page_id=6900"},"modified":"2021-05-09T17:45:29","modified_gmt":"2021-05-09T17:45:29","slug":"about-transcultures","status":"publish","type":"page","link":"https:\/\/www.transcultures.com\/es\/","title":{"rendered":"TransCulturas"},"content":{"rendered":"\n<h2>Acerca de TransCulturas<\/h2>\n\n\n\n<p>TransCultures es la compa\u00f1\u00eda l\u00edder en soluciones culturales y ling\u00fc\u00edsticas a nivel mundial. Con Sede en Chicago y presencia en Europa, Oriente Medio y el Norte de \u00c1frica, TransCultures ofrece servicios globales, culturales y ling\u00fc\u00edsticos a trav\u00e9s de cuatro \u00e1reas especializadas en Traducci\u00f3n e Interpretaci\u00f3n, Educaci\u00f3n, Formaci\u00f3n y Consultor\u00eda. Las soluciones culturales y ling\u00fc\u00edsticas en TransCultures se personalizan tanto para individuos como para clientes en el sector p\u00fablico y privado. Nuestras soluciones culturales y ling\u00fc\u00edsticas ayudan a nuestros clientes a afrontar los retos de una econom\u00eda global multicultural, entorno pol\u00edtico y lugar de trabajo diversificado<\/p>\n\n\n\n<p>Nuestro equipo de profesionales traductores, interpretes, mentores, formadores, comerciales y consultores, aportan a\u00f1os de experiencia interdisciplinaria probada en la creaci\u00f3n de soluciones para empresas globales, organismos gubernamentales y ONG, con el objetivo de ayudarles a alcanzar su m\u00e1ximo potencial para el \u00e9xito y sobresalir en el Mercado global actual, competitivo y multicultural.<\/p>\n\n\n\n<p>Utilizando las \u00faltimas innovaciones en este campo junto con las tecnolog\u00edas m\u00e1s avanzadas de la globalizaci\u00f3n y un equipo de expertos a nivel mundial, TransCultures aporta soluciones dirigidas a satisfacer las necesidades individuales de nuestros clientes en diversos sectores. Al adaptar las soluciones a los retos espec\u00edficos que presentan las organizaciones, TransCultures aprovecha los avances tecnol\u00f3gicos para mejorar la calidad del flujo del trabajo global y reducir los costes. Esto hace de TransCultures un socio esencial para lograr la excelencia mundial en el entorno empresarial multicultural actual. Utilizando las \u00faltimas tecnolog\u00edas a trav\u00e9s de un equipo de expertos a nivel mundial, TransCultures est\u00e1 posicionada para ayudar a obtener resultados innovadores. Nuestro valor se encuentra en la mezcla de experiencia tecnol\u00f3gica, experiencia multidisciplinar probada y un liderazgo de pensamiento definido.<\/p>\n\n\n\n<p>Con un compromiso de ayudar a las organizaciones a superar las barreras culturales y alcanzar su potencial global; y como compa\u00f1\u00eda global en soluciones culturales y ling\u00fc\u00edsticas, utilizando las \u00faltimas tecnolog\u00edas en traducci\u00f3n, TransCultures puede gestionar cualquier proyecto independientemente de su tama\u00f1o o competencia. Como n\u00famero uno en este campo, nuestro objetivo es establecer altos est\u00e1ndares en los sectores de consultor\u00eda ling\u00fc\u00edstica y cultural y guiar a las organizaciones para que \u00e9stas superen las barreras ling\u00fc\u00edsticas y culturales y puedan llegar a los consumidores globales en todas las culturas.<\/p>\n","protected":false},"excerpt":{"rendered":"<p>Acerca de TransCulturas TransCultures es la compa\u00f1\u00eda l\u00edder en soluciones culturales y ling\u00fc\u00edsticas a nivel mundial. Con Sede en Chicago y presencia en Europa, Oriente Medio y el Norte de \u00c1frica, TransCultures ofrece servicios globales, culturales y ling\u00fc\u00edsticos a trav\u00e9s de cuatro \u00e1reas especializadas en Traducci\u00f3n e Interpretaci\u00f3n, Educaci\u00f3n, Formaci\u00f3n y Consultor\u00eda. Las soluciones culturales &hellip;<\/p>\n<p class=\"read-more\"> <a class=\"\" href=\"https:\/\/www.transcultures.com\/es\/\"> <span class=\"screen-reader-text\">TransCulturas<\/span> Read More \u00bb<\/a><\/p>\n","protected":false},"author":1,"featured_media":8688,"parent":0,"menu_order":0,"comment_status":"closed","ping_status":"closed","template":"","meta":{"site-sidebar-layout":"default","site-content-layout":"default","ast-global-header-display":"","ast-main-header-display":"","ast-hfb-above-header-display":"","ast-hfb-below-header-display":"","ast-hfb-mobile-header-display":"","site-post-title":"","ast-breadcrumbs-content":"","ast-featured-img":"","footer-sml-layout":"","theme-transparent-header-meta":"default","adv-header-id-meta":"","stick-header-meta":"default","header-above-stick-meta":"","header-main-stick-meta":"","header-below-stick-meta":""},"categories":[],"tags":[],"yoast_head":"<!-- This site is optimized with the Yoast SEO plugin v20.2.1 - https:\/\/yoast.com\/wordpress\/plugins\/seo\/ -->\n<title>TransCultures<\/title>\n<meta name=\"description\" content=\"TransCultures provides language translation Chicago interpretation services Chicago to global clients in Chicago with a presence in France, UK, &amp; Morocco\" \/>\n<meta name=\"robots\" content=\"index, follow, max-snippet:-1, max-image-preview:large, max-video-preview:-1\" \/>\n<link rel=\"canonical\" href=\"https:\/\/www.transcultures.com\/es\/\" \/>\n<meta property=\"og:locale\" content=\"es_ES\" \/>\n<meta property=\"og:type\" content=\"article\" \/>\n<meta property=\"og:title\" content=\"TransCultures\" \/>\n<meta property=\"og:description\" content=\"TransCultures provides language translation Chicago interpretation services Chicago to global clients in Chicago with a presence in France, UK, &amp; Morocco\" \/>\n<meta property=\"og:url\" content=\"https:\/\/www.transcultures.com\/es\/\" \/>\n<meta property=\"og:site_name\" content=\"TransCulturas\" \/>\n<meta property=\"article:publisher\" content=\"http:\/\/www.facebook.com\/TransCulturesLLC\" \/>\n<meta property=\"article:modified_time\" content=\"2021-05-09T17:45:29+00:00\" \/>\n<meta property=\"og:image\" content=\"https:\/\/www.transcultures.com\/wp-content\/uploads\/2013\/02\/TransCultures_Strategic_Partners_Banner_Sample_01.png\" \/>\n\t<meta property=\"og:image:width\" content=\"1170\" \/>\n\t<meta property=\"og:image:height\" content=\"365\" \/>\n\t<meta property=\"og:image:type\" content=\"image\/png\" \/>\n<meta name=\"twitter:label1\" content=\"Est. reading time\" \/>\n\t<meta name=\"twitter:data1\" content=\"2 minutes\" \/>\n<script type=\"application\/ld+json\" class=\"yoast-schema-graph\">{\"@context\":\"https:\/\/schema.org\",\"@graph\":[{\"@type\":\"WebPage\",\"@id\":\"https:\/\/www.transcultures.com\/es\/\",\"url\":\"https:\/\/www.transcultures.com\/es\/\",\"name\":\"TransCultures\",\"isPartOf\":{\"@id\":\"https:\/\/www.transcultures.com\/es\/#website\"},\"datePublished\":\"2013-02-07T20:12:24+00:00\",\"dateModified\":\"2021-05-09T17:45:29+00:00\",\"description\":\"TransCultures provides language translation Chicago interpretation services Chicago to global clients in Chicago with a presence in France, UK, & Morocco\",\"breadcrumb\":{\"@id\":\"https:\/\/www.transcultures.com\/es\/#breadcrumb\"},\"inLanguage\":\"ES-ES\",\"potentialAction\":[{\"@type\":\"ReadAction\",\"target\":[\"https:\/\/www.transcultures.com\/es\/\"]}]},{\"@type\":\"BreadcrumbList\",\"@id\":\"https:\/\/www.transcultures.com\/es\/#breadcrumb\",\"itemListElement\":[{\"@type\":\"ListItem\",\"position\":1,\"name\":\"Home\",\"item\":\"https:\/\/www.transcultures.com\/es\/\"},{\"@type\":\"ListItem\",\"position\":2,\"name\":\"TransCulturas\"}]},{\"@type\":\"WebSite\",\"@id\":\"https:\/\/www.transcultures.com\/es\/#website\",\"url\":\"https:\/\/www.transcultures.com\/es\/\",\"name\":\"TransCulturas\",\"description\":\"Traduccion | Interpretatcion | Localizacion\",\"publisher\":{\"@id\":\"https:\/\/www.transcultures.com\/es\/#organization\"},\"potentialAction\":[{\"@type\":\"SearchAction\",\"target\":{\"@type\":\"EntryPoint\",\"urlTemplate\":\"https:\/\/www.transcultures.com\/es\/?s={search_term_string}\"},\"query-input\":\"required name=search_term_string\"}],\"inLanguage\":\"ES-ES\"},{\"@type\":\"Organization\",\"@id\":\"https:\/\/www.transcultures.com\/es\/#organization\",\"name\":\"TransCulturas\",\"url\":\"https:\/\/www.transcultures.com\/es\/\",\"logo\":{\"@type\":\"ImageObject\",\"inLanguage\":\"ES-ES\",\"@id\":\"https:\/\/www.transcultures.com\/es\/#\/schema\/logo\/image\/\",\"url\":\"https:\/\/www.transcultures.com\/wp-content\/uploads\/2015\/01\/TransCultures_Logo2.png\",\"contentUrl\":\"https:\/\/www.transcultures.com\/wp-content\/uploads\/2015\/01\/TransCultures_Logo2.png\",\"width\":347,\"height\":100,\"caption\":\"TransCulturas\"},\"image\":{\"@id\":\"https:\/\/www.transcultures.com\/es\/#\/schema\/logo\/image\/\"},\"sameAs\":[\"http:\/\/www.facebook.com\/TransCulturesLLC\",\"https:\/\/twitter.com\/TransCultures\"]}]}<\/script>\n<!-- \/ Yoast SEO plugin. -->","yoast_head_json":{"title":"TransCultures","description":"TransCultures provides language translation Chicago interpretation services Chicago to global clients in Chicago with a presence in France, UK, & Morocco","robots":{"index":"index","follow":"follow","max-snippet":"max-snippet:-1","max-image-preview":"max-image-preview:large","max-video-preview":"max-video-preview:-1"},"canonical":"https:\/\/www.transcultures.com\/es\/","og_locale":"es_ES","og_type":"article","og_title":"TransCultures","og_description":"TransCultures provides language translation Chicago interpretation services Chicago to global clients in Chicago with a presence in France, UK, & Morocco","og_url":"https:\/\/www.transcultures.com\/es\/","og_site_name":"TransCulturas","article_publisher":"http:\/\/www.facebook.com\/TransCulturesLLC","article_modified_time":"2021-05-09T17:45:29+00:00","og_image":[{"width":1170,"height":365,"url":"https:\/\/www.transcultures.com\/wp-content\/uploads\/2013\/02\/TransCultures_Strategic_Partners_Banner_Sample_01.png","type":"image\/png"}],"twitter_misc":{"Est. reading time":"2 minutes"},"schema":{"@context":"https:\/\/schema.org","@graph":[{"@type":"WebPage","@id":"https:\/\/www.transcultures.com\/es\/","url":"https:\/\/www.transcultures.com\/es\/","name":"TransCultures","isPartOf":{"@id":"https:\/\/www.transcultures.com\/es\/#website"},"datePublished":"2013-02-07T20:12:24+00:00","dateModified":"2021-05-09T17:45:29+00:00","description":"TransCultures provides language translation Chicago interpretation services Chicago to global clients in Chicago with a presence in France, UK, & Morocco","breadcrumb":{"@id":"https:\/\/www.transcultures.com\/es\/#breadcrumb"},"inLanguage":"ES-ES","potentialAction":[{"@type":"ReadAction","target":["https:\/\/www.transcultures.com\/es\/"]}]},{"@type":"BreadcrumbList","@id":"https:\/\/www.transcultures.com\/es\/#breadcrumb","itemListElement":[{"@type":"ListItem","position":1,"name":"Home","item":"https:\/\/www.transcultures.com\/es\/"},{"@type":"ListItem","position":2,"name":"TransCulturas"}]},{"@type":"WebSite","@id":"https:\/\/www.transcultures.com\/es\/#website","url":"https:\/\/www.transcultures.com\/es\/","name":"TransCulturas","description":"Traduccion | Interpretatcion | Localizacion","publisher":{"@id":"https:\/\/www.transcultures.com\/es\/#organization"},"potentialAction":[{"@type":"SearchAction","target":{"@type":"EntryPoint","urlTemplate":"https:\/\/www.transcultures.com\/es\/?s={search_term_string}"},"query-input":"required name=search_term_string"}],"inLanguage":"ES-ES"},{"@type":"Organization","@id":"https:\/\/www.transcultures.com\/es\/#organization","name":"TransCulturas","url":"https:\/\/www.transcultures.com\/es\/","logo":{"@type":"ImageObject","inLanguage":"ES-ES","@id":"https:\/\/www.transcultures.com\/es\/#\/schema\/logo\/image\/","url":"https:\/\/www.transcultures.com\/wp-content\/uploads\/2015\/01\/TransCultures_Logo2.png","contentUrl":"https:\/\/www.transcultures.com\/wp-content\/uploads\/2015\/01\/TransCultures_Logo2.png","width":347,"height":100,"caption":"TransCulturas"},"image":{"@id":"https:\/\/www.transcultures.com\/es\/#\/schema\/logo\/image\/"},"sameAs":["http:\/\/www.facebook.com\/TransCulturesLLC","https:\/\/twitter.com\/TransCultures"]}]}},"_links":{"self":[{"href":"https:\/\/www.transcultures.com\/es\/wp-json\/wp\/v2\/pages\/6900"}],"collection":[{"href":"https:\/\/www.transcultures.com\/es\/wp-json\/wp\/v2\/pages"}],"about":[{"href":"https:\/\/www.transcultures.com\/es\/wp-json\/wp\/v2\/types\/page"}],"author":[{"embeddable":true,"href":"https:\/\/www.transcultures.com\/es\/wp-json\/wp\/v2\/users\/1"}],"replies":[{"embeddable":true,"href":"https:\/\/www.transcultures.com\/es\/wp-json\/wp\/v2\/comments?post=6900"}],"version-history":[{"count":0,"href":"https:\/\/www.transcultures.com\/es\/wp-json\/wp\/v2\/pages\/6900\/revisions"}],"wp:featuredmedia":[{"embeddable":true,"href":"https:\/\/www.transcultures.com\/es\/wp-json\/wp\/v2\/media\/8688"}],"wp:attachment":[{"href":"https:\/\/www.transcultures.com\/es\/wp-json\/wp\/v2\/media?parent=6900"}],"wp:term":[{"taxonomy":"category","embeddable":true,"href":"https:\/\/www.transcultures.com\/es\/wp-json\/wp\/v2\/categories?post=6900"},{"taxonomy":"post_tag","embeddable":true,"href":"https:\/\/www.transcultures.com\/es\/wp-json\/wp\/v2\/tags?post=6900"}],"curies":[{"name":"wp","href":"https:\/\/api.w.org\/{rel}","templated":true}]}}